{"id":2702,"date":"2021-02-12T19:47:06","date_gmt":"2021-02-12T19:47:06","guid":{"rendered":"http:\/\/conex-casting.com\/?page_id=2702"},"modified":"2021-10-23T07:49:36","modified_gmt":"2021-10-23T07:49:36","slug":"abrazaderas-de-union","status":"publish","type":"page","link":"https:\/\/conex-casting.com\/es\/abrazaderas-de-union\/","title":{"rendered":"Abrazaderas de uni\u00f3n"},"content":{"rendered":"<p style=\"text-align: center;\"><span style=\"text-decoration: underline; color: #800000;\"><span style=\"font-size: 18pt;\"><strong> Abrazaderas de uni\u00f3n<\/strong><\/span><\/span><\/p>\n<p style=\"text-align: center;\"><a class=\"maxbutton-1 maxbutton maxbutton-product-page-button open-popup-modal\"><span class=\"mb-text\">Consigue una cotizaci\u00f3n<\/span><\/a><\/p>\n<p style=\"text-align: justify;\">Hechas de aleaci\u00f3n de bronce de aluminio de alta calidad, son abrazaderas de forma especial y sirven principalmente como sujetacables. Fabricado mediante fundici\u00f3n en arena fina con material de bronce al silicio.<\/p>\n<table style=\"border-collapse: collapse; width: 100%;\" border=\"0\">\n<tbody>\n<tr>\n<td style=\"width: 50%;\"><img loading=\"lazy\" decoding=\"async\" class=\"aligncenter wp-image-2704 size-full\" title=\"Abrazaderas de uni\u00f3n\" src=\"http:\/\/conex-casting.com\/wp-content\/uploads\/2019\/02\/Bonding-Clamps-02.jpg\" alt=\"Abrazaderas de uni\u00f3n\" width=\"300\" height=\"300\" srcset=\"https:\/\/conex-casting.com\/wp-content\/uploads\/2019\/02\/Bonding-Clamps-02.jpg 350w, https:\/\/conex-casting.com\/wp-content\/uploads\/2019\/02\/Bonding-Clamps-02-150x150.jpg 150w, https:\/\/conex-casting.com\/wp-content\/uploads\/2019\/02\/Bonding-Clamps-02-300x300.jpg 300w\" sizes=\"auto, (max-width: 300px) 100vw, 300px\" \/><\/td>\n<td style=\"width: 50%;\"><img loading=\"lazy\" decoding=\"async\" class=\"aligncenter wp-image-2703 size-full\" title=\"Abrazaderas de uni\u00f3n\" src=\"http:\/\/conex-casting.com\/wp-content\/uploads\/2019\/02\/Bonding-Clamps-01.jpg\" alt=\"Abrazaderas de uni\u00f3n\" width=\"300\" height=\"300\" srcset=\"https:\/\/conex-casting.com\/wp-content\/uploads\/2019\/02\/Bonding-Clamps-01.jpg 350w, https:\/\/conex-casting.com\/wp-content\/uploads\/2019\/02\/Bonding-Clamps-01-150x150.jpg 150w, https:\/\/conex-casting.com\/wp-content\/uploads\/2019\/02\/Bonding-Clamps-01-300x300.jpg 300w\" sizes=\"auto, (max-width: 300px) 100vw, 300px\" \/><\/td>\n<\/tr>\n<\/tbody>\n<\/table>\n","protected":false},"excerpt":{"rendered":"<p>Abrazaderas de uni\u00f3n Consigue una cotizaci\u00f3n Hechas de aleaci\u00f3n de bronce de aluminio de alta calidad, son abrazaderas de forma especial y sirven principalmente como sujetacables. Fabricado mediante fundici\u00f3n en arena fina con material de bronce al silicio.<\/p>\n","protected":false},"author":1,"featured_media":0,"parent":0,"menu_order":0,"comment_status":"closed","ping_status":"closed","template":"","meta":{"_joinchat":[],"footnotes":""},"class_list":["post-2702","page","type-page","status-publish","hentry"],"_links":{"self":[{"href":"https:\/\/conex-casting.com\/es\/wp-json\/wp\/v2\/pages\/2702","targetHints":{"allow":["GET"]}}],"collection":[{"href":"https:\/\/conex-casting.com\/es\/wp-json\/wp\/v2\/pages"}],"about":[{"href":"https:\/\/conex-casting.com\/es\/wp-json\/wp\/v2\/types\/page"}],"author":[{"embeddable":true,"href":"https:\/\/conex-casting.com\/es\/wp-json\/wp\/v2\/users\/1"}],"replies":[{"embeddable":true,"href":"https:\/\/conex-casting.com\/es\/wp-json\/wp\/v2\/comments?post=2702"}],"version-history":[{"count":4,"href":"https:\/\/conex-casting.com\/es\/wp-json\/wp\/v2\/pages\/2702\/revisions"}],"predecessor-version":[{"id":6117,"href":"https:\/\/conex-casting.com\/es\/wp-json\/wp\/v2\/pages\/2702\/revisions\/6117"}],"wp:attachment":[{"href":"https:\/\/conex-casting.com\/es\/wp-json\/wp\/v2\/media?parent=2702"}],"curies":[{"name":"wp","href":"https:\/\/api.w.org\/{rel}","templated":true}]}}