{"id":2706,"date":"2021-02-12T19:52:19","date_gmt":"2021-02-12T19:52:19","guid":{"rendered":"http:\/\/conex-casting.com\/?page_id=2706"},"modified":"2021-10-23T07:53:35","modified_gmt":"2021-10-23T07:53:35","slug":"fundicion-centrifuga-de-laton","status":"publish","type":"page","link":"https:\/\/conex-casting.com\/es\/fundicion-centrifuga-de-laton\/","title":{"rendered":"Fundici\u00f3n centr\u00edfuga de lat\u00f3n"},"content":{"rendered":"\n<p style=\"text-align: center;\"><span style=\"text-decoration: underline; color: #800000;\"><span style=\"font-size: 18pt;\"><strong>Fundici\u00f3n centr\u00edfuga de lat\u00f3n<\/strong><\/span><\/span><\/p>\n<p style=\"text-align: center;\"><a class=\"maxbutton-1 maxbutton maxbutton-product-page-button open-popup-modal\"><span class=\"mb-text\">Consigue una cotizaci\u00f3n<\/span><\/a><\/p>\n<p style=\"text-align: justify;\">Piezas de fundici\u00f3n centr\u00edfuga de lat\u00f3n, manguito, casquillo, casquillo de cojinete, adecuado para aplicaciones de alta carga y baja velocidad. La funda de cobre de los productos puede tener diferentes especificaciones y tama\u00f1os. Podr\u00edamos hacer cualquier art\u00edculo similar a este de acuerdo con sus requisitos, se utilizar\u00e1 en m\u00e1quinas extruidas de pl\u00e1sticos. La caracter\u00edstica ser\u00e1 una superficie lisa, libre de porosidad por orificios, resistente al desgaste y de larga duraci\u00f3n.<\/p>\n<table style=\"border-collapse: collapse; width: 100%;\">\n<tbody>\n<tr>\n<td style=\"width: 16.4367%;\"><strong>Material<\/strong><\/td>\n<td style=\"width: 2.98852%; text-align: center;\">:<\/td>\n<td style=\"width: 80.5747%;\">cobre y otras aleaciones no ferrosas.<\/td>\n<\/tr>\n<tr>\n<td style=\"width: 16.4367%;\"><strong>Tama\u00f1os (mm)<\/strong><\/td>\n<td style=\"width: 2.98852%; text-align: center;\">:<\/td>\n<td style=\"width: 80.5747%;\">de acuerdo a tu demanda<\/td>\n<\/tr>\n<tr>\n<td style=\"width: 16.4367%;\"><strong>Tolerance<\/strong><\/td>\n<td style=\"width: 2.98852%; text-align: center;\">:<\/td>\n<td style=\"width: 80.5747%;\">0.01-1mm.<\/td>\n<\/tr>\n<\/tbody>\n<\/table>\n<table style=\"border-collapse: collapse; width: 100%;\">\n<tbody>\n<tr>\n<td style=\"width: 33.3333%;\"><img loading=\"lazy\" decoding=\"async\" class=\"aligncenter wp-image-2810 size-full\" title=\"Fundici\u00f3n centr\u00edfuga de lat\u00f3n\" src=\"http:\/\/conex-casting.com\/wp-content\/uploads\/2019\/04\/Centrifugal-Casting-02.jpg\" alt=\"Fundici\u00f3n centr\u00edfuga de lat\u00f3n\" width=\"250\" height=\"250\" srcset=\"https:\/\/conex-casting.com\/wp-content\/uploads\/2019\/04\/Centrifugal-Casting-02.jpg 250w, https:\/\/conex-casting.com\/wp-content\/uploads\/2019\/04\/Centrifugal-Casting-02-150x150.jpg 150w\" sizes=\"auto, (max-width: 250px) 100vw, 250px\" \/><\/td>\n<td style=\"width: 33.3333%;\"><img loading=\"lazy\" decoding=\"async\" class=\"aligncenter wp-image-2809 size-full\" title=\"Fundici\u00f3n centr\u00edfuga de lat\u00f3n\" src=\"http:\/\/conex-casting.com\/wp-content\/uploads\/2019\/03\/Centrifugal-Casting-01.jpg\" alt=\"Fundici\u00f3n centr\u00edfuga de lat\u00f3n\" width=\"250\" height=\"250\" srcset=\"https:\/\/conex-casting.com\/wp-content\/uploads\/2019\/03\/Centrifugal-Casting-01.jpg 250w, https:\/\/conex-casting.com\/wp-content\/uploads\/2019\/03\/Centrifugal-Casting-01-150x150.jpg 150w\" sizes=\"auto, (max-width: 250px) 100vw, 250px\" \/><\/td>\n<td style=\"width: 33.3333%;\"><img loading=\"lazy\" decoding=\"async\" class=\"aligncenter wp-image-2707 size-full\" title=\"Fundici\u00f3n centr\u00edfuga de lat\u00f3n\" src=\"http:\/\/conex-casting.com\/wp-content\/uploads\/2020\/08\/Brass-Centrifugal-Casting-002.jpg\" alt=\"Fundici\u00f3n centr\u00edfuga de lat\u00f3n\" width=\"250\" height=\"250\" srcset=\"https:\/\/conex-casting.com\/wp-content\/uploads\/2020\/08\/Brass-Centrifugal-Casting-002.jpg 250w, https:\/\/conex-casting.com\/wp-content\/uploads\/2020\/08\/Brass-Centrifugal-Casting-002-150x150.jpg 150w\" sizes=\"auto, (max-width: 250px) 100vw, 250px\" \/><\/td>\n<\/tr>\n<\/tbody>\n<\/table>\n","protected":false},"excerpt":{"rendered":"<p>Fundici\u00f3n centr\u00edfuga de lat\u00f3n Consigue una cotizaci\u00f3n Piezas de fundici\u00f3n centr\u00edfuga de lat\u00f3n, manguito, casquillo, casquillo de cojinete, adecuado para aplicaciones de alta carga y baja velocidad. La funda de cobre de los productos puede tener diferentes especificaciones y tama\u00f1os. Podr\u00edamos hacer cualquier art\u00edculo similar a este de acuerdo con sus requisitos, se utilizar\u00e1 en [&hellip;]<\/p>\n","protected":false},"author":1,"featured_media":0,"parent":0,"menu_order":0,"comment_status":"closed","ping_status":"closed","template":"","meta":{"_joinchat":[],"footnotes":""},"class_list":["post-2706","page","type-page","status-publish","hentry"],"_links":{"self":[{"href":"https:\/\/conex-casting.com\/es\/wp-json\/wp\/v2\/pages\/2706","targetHints":{"allow":["GET"]}}],"collection":[{"href":"https:\/\/conex-casting.com\/es\/wp-json\/wp\/v2\/pages"}],"about":[{"href":"https:\/\/conex-casting.com\/es\/wp-json\/wp\/v2\/types\/page"}],"author":[{"embeddable":true,"href":"https:\/\/conex-casting.com\/es\/wp-json\/wp\/v2\/users\/1"}],"replies":[{"embeddable":true,"href":"https:\/\/conex-casting.com\/es\/wp-json\/wp\/v2\/comments?post=2706"}],"version-history":[{"count":4,"href":"https:\/\/conex-casting.com\/es\/wp-json\/wp\/v2\/pages\/2706\/revisions"}],"predecessor-version":[{"id":6135,"href":"https:\/\/conex-casting.com\/es\/wp-json\/wp\/v2\/pages\/2706\/revisions\/6135"}],"wp:attachment":[{"href":"https:\/\/conex-casting.com\/es\/wp-json\/wp\/v2\/media?parent=2706"}],"curies":[{"name":"wp","href":"https:\/\/api.w.org\/{rel}","templated":true}]}}