{"id":2709,"date":"2021-02-12T19:58:44","date_gmt":"2021-02-12T19:58:44","guid":{"rendered":"http:\/\/conex-casting.com\/?page_id=2709"},"modified":"2021-10-23T07:55:38","modified_gmt":"2021-10-23T07:55:38","slug":"fundicion-de-inversion-de-laton","status":"publish","type":"page","link":"https:\/\/conex-casting.com\/es\/fundicion-de-inversion-de-laton\/","title":{"rendered":"Fundici\u00f3n de inversi\u00f3n de lat\u00f3n"},"content":{"rendered":"<p style=\"text-align: center;\"><span style=\"text-decoration: underline; color: #800000;\"><span style=\"font-size: 18pt;\"><strong>Fundici\u00f3n de inversi\u00f3n de lat\u00f3n<\/strong><\/span><\/span><\/p>\n<p style=\"text-align: center;\"><a class=\"maxbutton-1 maxbutton maxbutton-product-page-button open-popup-modal\"><span class=\"mb-text\">Consigue una cotizaci\u00f3n<\/span><\/a><\/p>\n<table style=\"border-collapse: collapse; width: 100%;\" border=\"0\">\n<tbody>\n<tr>\n<td style=\"width: 33.3333%;\"><img loading=\"lazy\" decoding=\"async\" class=\"aligncenter wp-image-2710 size-full\" title=\"Fundici\u00f3n de inversi\u00f3n de lat\u00f3n\" src=\"http:\/\/conex-casting.com\/wp-content\/uploads\/2019\/02\/Brass-Investment-Casting-01-1.jpg\" alt=\"Fundici\u00f3n de inversi\u00f3n de lat\u00f3n\" width=\"250\" height=\"250\" srcset=\"https:\/\/conex-casting.com\/wp-content\/uploads\/2019\/02\/Brass-Investment-Casting-01-1.jpg 250w, https:\/\/conex-casting.com\/wp-content\/uploads\/2019\/02\/Brass-Investment-Casting-01-1-150x150.jpg 150w\" sizes=\"auto, (max-width: 250px) 100vw, 250px\" \/><\/td>\n<td style=\"width: 33.3333%;\"><img loading=\"lazy\" decoding=\"async\" class=\"aligncenter wp-image-2711 size-full\" title=\"Fundici\u00f3n de inversi\u00f3n de lat\u00f3n\" src=\"http:\/\/conex-casting.com\/wp-content\/uploads\/2019\/02\/Brass-Investment-Casting-02.jpg\" alt=\"Fundici\u00f3n de inversi\u00f3n de lat\u00f3n\" width=\"250\" height=\"250\" srcset=\"https:\/\/conex-casting.com\/wp-content\/uploads\/2019\/02\/Brass-Investment-Casting-02.jpg 250w, https:\/\/conex-casting.com\/wp-content\/uploads\/2019\/02\/Brass-Investment-Casting-02-150x150.jpg 150w\" sizes=\"auto, (max-width: 250px) 100vw, 250px\" \/><\/td>\n<td style=\"width: 33.3333%;\"><img loading=\"lazy\" decoding=\"async\" class=\"aligncenter wp-image-2712 size-full\" title=\"Fundici\u00f3n de inversi\u00f3n de lat\u00f3n\" src=\"http:\/\/conex-casting.com\/wp-content\/uploads\/2019\/02\/Brass-Investment-Casting-03.jpg\" alt=\"Fundici\u00f3n de inversi\u00f3n de lat\u00f3n\" width=\"250\" height=\"250\" srcset=\"https:\/\/conex-casting.com\/wp-content\/uploads\/2019\/02\/Brass-Investment-Casting-03.jpg 250w, https:\/\/conex-casting.com\/wp-content\/uploads\/2019\/02\/Brass-Investment-Casting-03-150x150.jpg 150w\" sizes=\"auto, (max-width: 250px) 100vw, 250px\" \/><\/td>\n<\/tr>\n<\/tbody>\n<\/table>\n<p style=\"text-align: justify;\">Conex es un fabricante y exportador l\u00edder de productos de fundici\u00f3n por inversi\u00f3n de lat\u00f3n de su fundici\u00f3n en Jamnagar, India. Nuestros productos de lat\u00f3n de fundici\u00f3n de inversi\u00f3n var\u00edan desde unos pocos gramos hasta veinte kilogramos. Los grados de fundici\u00f3n de inversi\u00f3n de lat\u00f3n son las piezas de fundici\u00f3n de inversi\u00f3n de lat\u00f3n amarillo, las piezas de fundici\u00f3n de inversi\u00f3n de lat\u00f3n rojo y las piezas de fundici\u00f3n de inversi\u00f3n de lat\u00f3n de silicio.<\/p>\n<p style=\"text-align: justify;\">Las piezas de fundici\u00f3n de lat\u00f3n se utilizan en una amplia variedad de industrias como v\u00e1lvulas, bombas \/ tecnolog\u00eda de fluidos, accesorios de calderas, ingenier\u00eda general, plantas de energ\u00eda, aire acondicionado y refrigeraci\u00f3n, piezas de ferrocarriles, herramientas petroqu\u00edmicas, dentales y m\u00e9dicas, fontaner\u00eda, aeroespacial, automotriz, el\u00e9ctrica. , Construcci\u00f3n, Miner\u00eda y muchas otras industrias.<\/p>\n<p><strong>Ventajas de la fundici\u00f3n de inversi\u00f3n de lat\u00f3n:<\/strong><\/p>\n<ul>\n<li>Se pueden fundir piezas intrincadas de dimensiones muy complejas<\/li>\n<li>Excelente acabado superficial<\/li>\n<li>Alta precisi\u00f3n dimensional<\/li>\n<\/ul>\n<p><strong>Los distintos grados de lat\u00f3n utilizados son:<\/strong><\/p>\n<ul>\n<li>C85200 \/ CDA 852 Aleaciones de lat\u00f3n amarillo<\/li>\n<li>C85700 \/ CDA 857 Aleaciones de lat\u00f3n amarillo<\/li>\n<\/ul>\n","protected":false},"excerpt":{"rendered":"<p>Fundici\u00f3n de inversi\u00f3n de lat\u00f3n Consigue una cotizaci\u00f3n Conex es un fabricante y exportador l\u00edder de productos de fundici\u00f3n por inversi\u00f3n de lat\u00f3n de su fundici\u00f3n en Jamnagar, India. Nuestros productos de lat\u00f3n de fundici\u00f3n de inversi\u00f3n var\u00edan desde unos pocos gramos hasta veinte kilogramos. Los grados de fundici\u00f3n de inversi\u00f3n de lat\u00f3n son las [&hellip;]<\/p>\n","protected":false},"author":1,"featured_media":0,"parent":0,"menu_order":0,"comment_status":"closed","ping_status":"closed","template":"","meta":{"_joinchat":[],"footnotes":""},"class_list":["post-2709","page","type-page","status-publish","hentry"],"_links":{"self":[{"href":"https:\/\/conex-casting.com\/es\/wp-json\/wp\/v2\/pages\/2709","targetHints":{"allow":["GET"]}}],"collection":[{"href":"https:\/\/conex-casting.com\/es\/wp-json\/wp\/v2\/pages"}],"about":[{"href":"https:\/\/conex-casting.com\/es\/wp-json\/wp\/v2\/types\/page"}],"author":[{"embeddable":true,"href":"https:\/\/conex-casting.com\/es\/wp-json\/wp\/v2\/users\/1"}],"replies":[{"embeddable":true,"href":"https:\/\/conex-casting.com\/es\/wp-json\/wp\/v2\/comments?post=2709"}],"version-history":[{"count":4,"href":"https:\/\/conex-casting.com\/es\/wp-json\/wp\/v2\/pages\/2709\/revisions"}],"predecessor-version":[{"id":6144,"href":"https:\/\/conex-casting.com\/es\/wp-json\/wp\/v2\/pages\/2709\/revisions\/6144"}],"wp:attachment":[{"href":"https:\/\/conex-casting.com\/es\/wp-json\/wp\/v2\/media?parent=2709"}],"curies":[{"name":"wp","href":"https:\/\/api.w.org\/{rel}","templated":true}]}}