{"id":2718,"date":"2021-02-12T20:13:23","date_gmt":"2021-02-12T20:13:23","guid":{"rendered":"http:\/\/conex-casting.com\/?page_id=2718"},"modified":"2021-10-23T07:51:59","modified_gmt":"2021-10-23T07:51:59","slug":"bujes-de-bronce","status":"publish","type":"page","link":"https:\/\/conex-casting.com\/es\/bujes-de-bronce\/","title":{"rendered":"Bujes de bronce"},"content":{"rendered":"<p style=\"text-align: center;\"><span style=\"text-decoration: underline; color: #800000;\"><span style=\"font-size: 18pt;\"><strong>Bujes de bronce<\/strong><\/span><\/span><\/p>\n<p style=\"text-align: center;\"><a class=\"maxbutton-1 maxbutton maxbutton-product-page-button open-popup-modal\"><span class=\"mb-text\">Consigue una cotizaci\u00f3n<\/span><\/a><\/p>\n<p style=\"text-align: justify;\">Los bujes de bronce son principalmente una parte cil\u00edndrica hueca similar a los tubos delgados que act\u00faa como un soporte del eje. Los bujes de bronce se utilizan para reducir la fricci\u00f3n entre dos superficies desliz\u00e1ndose entre s\u00ed.<\/p>\n<p style=\"text-align: justify;\">Los bujes de bronce fundido son mucho m\u00e1s fuertes, m\u00e1s duraderos y m\u00e1s resistentes a las fuerzas de compresi\u00f3n, lo que los hace ideales para usarse en aplicaciones industriales de alta carga, baja velocidad y servicio pesado como:<\/p>\n<ul>\n<li>Sistemas de suspensi\u00f3n y frenos para camiones<\/li>\n<li>Motores de la tierra<\/li>\n<li>Tractores<\/li>\n<li>Trituradoras rotativas<\/li>\n<\/ul>\n<p style=\"text-align: justify;\">Los bujes de bronce pueden ser lisos, ranurados o bridados. La brida est\u00e1 dise\u00f1ada para ayudar a montar y colocar el buje de bronce.<\/p>\n<p style=\"text-align: justify;\">Los bujes de bronce fabricados por nosotros est\u00e1n hechos de bronce de manganeso C86300, bronce de esta\u00f1o con plomo C93200 y material de bronce de aluminio C95400.<\/p>\n<p style=\"text-align: justify;\">Los bujes de bronce se pueden fabricar en varios tama\u00f1os donde el di\u00e1metro interior var\u00eda de 0.2362 \u201d[6 mm] a 3.937\u201d [100 mm] y la longitud var\u00eda de 0.2362 \u201d[6 mm] a 4.7244\u201d [120 mm].<\/p>\n<p><strong>Las ventajas de los bujes de bronce son :<\/strong><\/p>\n<ul>\n<li>Ellas resisten efectivamente los golpes, impactos, desgaste y corrosi\u00f3n.<\/li>\n<li>Pueden usarse a altas temperaturas sin da\u00f1arse<\/li>\n<\/ul>\n<table style=\"border-collapse: collapse; width: 100%;\" border=\"0\">\n<tbody>\n<tr>\n<td style=\"width: 50%;\"><img loading=\"lazy\" decoding=\"async\" class=\"aligncenter wp-image-2719 size-full\" title=\"Bujes de bronce\" src=\"http:\/\/conex-casting.com\/wp-content\/uploads\/2019\/02\/Bronze-Bushings-001.jpg\" alt=\"Bujes de bronce\" width=\"300\" height=\"300\" srcset=\"https:\/\/conex-casting.com\/wp-content\/uploads\/2019\/02\/Bronze-Bushings-001.jpg 300w, https:\/\/conex-casting.com\/wp-content\/uploads\/2019\/02\/Bronze-Bushings-001-150x150.jpg 150w\" sizes=\"auto, (max-width: 300px) 100vw, 300px\" \/><\/td>\n<td style=\"width: 50%;\"><img loading=\"lazy\" decoding=\"async\" class=\"aligncenter wp-image-2720 size-full\" title=\"Bujes de bronce\" src=\"http:\/\/conex-casting.com\/wp-content\/uploads\/2019\/02\/Bronze-Bushings-002.jpg\" alt=\"Bujes de bronce\" width=\"300\" height=\"300\" srcset=\"https:\/\/conex-casting.com\/wp-content\/uploads\/2019\/02\/Bronze-Bushings-002.jpg 300w, https:\/\/conex-casting.com\/wp-content\/uploads\/2019\/02\/Bronze-Bushings-002-150x150.jpg 150w\" sizes=\"auto, (max-width: 300px) 100vw, 300px\" \/><\/td>\n<\/tr>\n<\/tbody>\n<\/table>\n","protected":false},"excerpt":{"rendered":"<p>Bujes de bronce Consigue una cotizaci\u00f3n Los bujes de bronce son principalmente una parte cil\u00edndrica hueca similar a los tubos delgados que act\u00faa como un soporte del eje. Los bujes de bronce se utilizan para reducir la fricci\u00f3n entre dos superficies desliz\u00e1ndose entre s\u00ed. Los bujes de bronce fundido son mucho m\u00e1s fuertes, m\u00e1s duraderos [&hellip;]<\/p>\n","protected":false},"author":1,"featured_media":0,"parent":0,"menu_order":0,"comment_status":"closed","ping_status":"closed","template":"","meta":{"_joinchat":[],"footnotes":""},"class_list":["post-2718","page","type-page","status-publish","hentry"],"_links":{"self":[{"href":"https:\/\/conex-casting.com\/es\/wp-json\/wp\/v2\/pages\/2718","targetHints":{"allow":["GET"]}}],"collection":[{"href":"https:\/\/conex-casting.com\/es\/wp-json\/wp\/v2\/pages"}],"about":[{"href":"https:\/\/conex-casting.com\/es\/wp-json\/wp\/v2\/types\/page"}],"author":[{"embeddable":true,"href":"https:\/\/conex-casting.com\/es\/wp-json\/wp\/v2\/users\/1"}],"replies":[{"embeddable":true,"href":"https:\/\/conex-casting.com\/es\/wp-json\/wp\/v2\/comments?post=2718"}],"version-history":[{"count":4,"href":"https:\/\/conex-casting.com\/es\/wp-json\/wp\/v2\/pages\/2718\/revisions"}],"predecessor-version":[{"id":6128,"href":"https:\/\/conex-casting.com\/es\/wp-json\/wp\/v2\/pages\/2718\/revisions\/6128"}],"wp:attachment":[{"href":"https:\/\/conex-casting.com\/es\/wp-json\/wp\/v2\/media?parent=2718"}],"curies":[{"name":"wp","href":"https:\/\/api.w.org\/{rel}","templated":true}]}}