{"id":2740,"date":"2021-02-13T15:28:16","date_gmt":"2021-02-13T15:28:16","guid":{"rendered":"http:\/\/conex-casting.com\/?page_id=2740"},"modified":"2021-10-23T07:52:53","modified_gmt":"2021-10-23T07:52:53","slug":"bridas-de-bronce","status":"publish","type":"page","link":"https:\/\/conex-casting.com\/es\/bridas-de-bronce\/","title":{"rendered":"Bridas de bronce"},"content":{"rendered":"<p style=\"text-align: center;\"><span style=\"text-decoration: underline; font-size: 18pt; color: #800000;\"><strong>Bridas de bronce<\/strong><\/span><\/p>\n<p style=\"text-align: center;\"><a class=\"maxbutton-1 maxbutton maxbutton-product-page-button open-popup-modal\"><span class=\"mb-text\">Consigue una cotizaci\u00f3n<\/span><\/a><\/p>\n<p style=\"text-align: justify;\">Somos fabricantes de bridas de bronce con rosca NPT de bridas de bronce de piezas fundidas que cumplen con ASTM B62, UNS Alloy C83600 o LG2. Ofrecemos varias roscas en nuestras bridas principalmente NPT, pero tambi\u00e9n se pueden ofrecer otras roscas c\u00f3nicas de tuber\u00eda y BSP BSPT. Dimensiones de la brida Las dimensiones de la brida de la tuber\u00eda con brida de bronce se ajustan a ASME B16.24.<\/p>\n<p><strong>Tipos :<\/strong>&nbsp;Brida ciega y brida de piso roscada<\/p>\n<p><strong>Size :<\/strong>&nbsp;1\/2&#8243; 3\/4&#8243; 1&#8243; 11\/4&#8243; 11\/2&#8243; 2&#8243; 3&#8243; 4&#8243;<\/p>\n<table style=\"border-collapse: collapse; width: 100%;\" border=\"0\">\n<tbody>\n<tr>\n<td style=\"width: 50%;\"><img loading=\"lazy\" decoding=\"async\" class=\"aligncenter wp-image-2741 size-full\" title=\"Bridas de bronce\" src=\"http:\/\/conex-casting.com\/wp-content\/uploads\/2019\/02\/Bronze-Flanges-01.jpg\" alt=\"Bridas de bronce\" width=\"300\" height=\"300\" srcset=\"https:\/\/conex-casting.com\/wp-content\/uploads\/2019\/02\/Bronze-Flanges-01.jpg 300w, https:\/\/conex-casting.com\/wp-content\/uploads\/2019\/02\/Bronze-Flanges-01-150x150.jpg 150w\" sizes=\"auto, (max-width: 300px) 100vw, 300px\" \/><\/td>\n<td style=\"width: 50%;\"><img loading=\"lazy\" decoding=\"async\" class=\"aligncenter wp-image-2742 size-full\" title=\"Bridas de bronce\" src=\"http:\/\/conex-casting.com\/wp-content\/uploads\/2019\/02\/Bronze-Flanges-02.jpg\" alt=\"Bridas de bronce\" width=\"300\" height=\"300\" srcset=\"https:\/\/conex-casting.com\/wp-content\/uploads\/2019\/02\/Bronze-Flanges-02.jpg 300w, https:\/\/conex-casting.com\/wp-content\/uploads\/2019\/02\/Bronze-Flanges-02-150x150.jpg 150w\" sizes=\"auto, (max-width: 300px) 100vw, 300px\" \/><\/td>\n<\/tr>\n<\/tbody>\n<\/table>\n","protected":false},"excerpt":{"rendered":"<p>Bridas de bronce Consigue una cotizaci\u00f3n Somos fabricantes de bridas de bronce con rosca NPT de bridas de bronce de piezas fundidas que cumplen con ASTM B62, UNS Alloy C83600 o LG2. Ofrecemos varias roscas en nuestras bridas principalmente NPT, pero tambi\u00e9n se pueden ofrecer otras roscas c\u00f3nicas de tuber\u00eda y BSP BSPT. Dimensiones de [&hellip;]<\/p>\n","protected":false},"author":1,"featured_media":0,"parent":0,"menu_order":0,"comment_status":"closed","ping_status":"closed","template":"","meta":{"_joinchat":[],"footnotes":""},"class_list":["post-2740","page","type-page","status-publish","hentry"],"_links":{"self":[{"href":"https:\/\/conex-casting.com\/es\/wp-json\/wp\/v2\/pages\/2740","targetHints":{"allow":["GET"]}}],"collection":[{"href":"https:\/\/conex-casting.com\/es\/wp-json\/wp\/v2\/pages"}],"about":[{"href":"https:\/\/conex-casting.com\/es\/wp-json\/wp\/v2\/types\/page"}],"author":[{"embeddable":true,"href":"https:\/\/conex-casting.com\/es\/wp-json\/wp\/v2\/users\/1"}],"replies":[{"embeddable":true,"href":"https:\/\/conex-casting.com\/es\/wp-json\/wp\/v2\/comments?post=2740"}],"version-history":[{"count":4,"href":"https:\/\/conex-casting.com\/es\/wp-json\/wp\/v2\/pages\/2740\/revisions"}],"predecessor-version":[{"id":6134,"href":"https:\/\/conex-casting.com\/es\/wp-json\/wp\/v2\/pages\/2740\/revisions\/6134"}],"wp:attachment":[{"href":"https:\/\/conex-casting.com\/es\/wp-json\/wp\/v2\/media?parent=2740"}],"curies":[{"name":"wp","href":"https:\/\/api.w.org\/{rel}","templated":true}]}}