{"id":2744,"date":"2021-02-13T15:31:24","date_gmt":"2021-02-13T15:31:24","guid":{"rendered":"http:\/\/conex-casting.com\/?page_id=2744"},"modified":"2021-10-23T07:49:11","modified_gmt":"2021-10-23T07:49:11","slug":"abrazaderas-de-tubo-de-tierra-de-bronce","status":"publish","type":"page","link":"https:\/\/conex-casting.com\/es\/abrazaderas-de-tubo-de-tierra-de-bronce\/","title":{"rendered":"Abrazaderas de tubo de tierra de bronce"},"content":{"rendered":"<p style=\"text-align: center;\"><span style=\"text-decoration: underline;\"><span style=\"color: #800000; font-size: 18pt;\"><strong>Abrazaderas de tubo de tierra de bronce<\/strong><\/span><\/span><\/p>\n<p style=\"text-align: justify;\">Hecho de bronce de alta resistencia a trav\u00e9s de fundici\u00f3n fina en arena. Las abrazaderas de tuber\u00eda est\u00e1n disponibles para varios tama\u00f1os de tuber\u00eda desde \u00bd \u201d- 1\u201d hasta 4 \u201d-6\u201d. Se puede utilizar para tama\u00f1os de cable que van desde el # 2 AWG al # 10AWG.<\/p>\n<p style=\"text-align: center;\"><a class=\"maxbutton-1 maxbutton maxbutton-product-page-button open-popup-modal\"><span class=\"mb-text\">Consigue una cotizaci\u00f3n<\/span><\/a><\/p>\n<table style=\"border-collapse: collapse; width: 100%;\" border=\"0\">\n<tbody>\n<tr>\n<td style=\"width: 50%;\"><img loading=\"lazy\" decoding=\"async\" class=\"aligncenter wp-image-2745 size-medium\" title=\"Abrazaderas de tubo de tierra de bronce\" src=\"http:\/\/conex-casting.com\/wp-content\/uploads\/2019\/02\/ground-pipe-clamps-03-300x300.jpg\" alt=\"Abrazaderas de tubo de tierra de bronce\" width=\"300\" height=\"300\" srcset=\"https:\/\/conex-casting.com\/wp-content\/uploads\/2019\/02\/ground-pipe-clamps-03-300x300.jpg 300w, https:\/\/conex-casting.com\/wp-content\/uploads\/2019\/02\/ground-pipe-clamps-03-150x150.jpg 150w, https:\/\/conex-casting.com\/wp-content\/uploads\/2019\/02\/ground-pipe-clamps-03.jpg 350w\" sizes=\"auto, (max-width: 300px) 100vw, 300px\" \/><\/td>\n<td style=\"width: 50%;\"><img loading=\"lazy\" decoding=\"async\" class=\"aligncenter wp-image-2746 size-medium\" title=\"Abrazaderas de tubo de tierra de bronce\" src=\"http:\/\/conex-casting.com\/wp-content\/uploads\/2019\/02\/ground-pipe-clamps-01-e1549347793984-300x300.jpg\" alt=\"Abrazaderas de tubo de tierra de bronce\" width=\"300\" height=\"300\" srcset=\"https:\/\/conex-casting.com\/wp-content\/uploads\/2019\/02\/ground-pipe-clamps-01-e1549347793984-300x300.jpg 300w, https:\/\/conex-casting.com\/wp-content\/uploads\/2019\/02\/ground-pipe-clamps-01-e1549347793984-150x150.jpg 150w, https:\/\/conex-casting.com\/wp-content\/uploads\/2019\/02\/ground-pipe-clamps-01-e1549347793984.jpg 350w\" sizes=\"auto, (max-width: 300px) 100vw, 300px\" \/><\/td>\n<\/tr>\n<\/tbody>\n<\/table>\n","protected":false},"excerpt":{"rendered":"<p>Abrazaderas de tubo de tierra de bronce Hecho de bronce de alta resistencia a trav\u00e9s de fundici\u00f3n fina en arena. Las abrazaderas de tuber\u00eda est\u00e1n disponibles para varios tama\u00f1os de tuber\u00eda desde \u00bd \u201d- 1\u201d hasta 4 \u201d-6\u201d. Se puede utilizar para tama\u00f1os de cable que van desde el # 2 AWG al # 10AWG. [&hellip;]<\/p>\n","protected":false},"author":1,"featured_media":0,"parent":0,"menu_order":0,"comment_status":"closed","ping_status":"closed","template":"","meta":{"_joinchat":[],"footnotes":""},"class_list":["post-2744","page","type-page","status-publish","hentry"],"_links":{"self":[{"href":"https:\/\/conex-casting.com\/es\/wp-json\/wp\/v2\/pages\/2744","targetHints":{"allow":["GET"]}}],"collection":[{"href":"https:\/\/conex-casting.com\/es\/wp-json\/wp\/v2\/pages"}],"about":[{"href":"https:\/\/conex-casting.com\/es\/wp-json\/wp\/v2\/types\/page"}],"author":[{"embeddable":true,"href":"https:\/\/conex-casting.com\/es\/wp-json\/wp\/v2\/users\/1"}],"replies":[{"embeddable":true,"href":"https:\/\/conex-casting.com\/es\/wp-json\/wp\/v2\/comments?post=2744"}],"version-history":[{"count":4,"href":"https:\/\/conex-casting.com\/es\/wp-json\/wp\/v2\/pages\/2744\/revisions"}],"predecessor-version":[{"id":6114,"href":"https:\/\/conex-casting.com\/es\/wp-json\/wp\/v2\/pages\/2744\/revisions\/6114"}],"wp:attachment":[{"href":"https:\/\/conex-casting.com\/es\/wp-json\/wp\/v2\/media?parent=2744"}],"curies":[{"name":"wp","href":"https:\/\/api.w.org\/{rel}","templated":true}]}}