{"id":2761,"date":"2021-02-13T15:47:12","date_gmt":"2021-02-13T15:47:12","guid":{"rendered":"http:\/\/conex-casting.com\/?page_id=2761"},"modified":"2021-10-23T07:52:22","modified_gmt":"2021-10-23T07:52:22","slug":"tees-de-accesorios-de-tuberia-de-bronce","status":"publish","type":"page","link":"https:\/\/conex-casting.com\/es\/tees-de-accesorios-de-tuberia-de-bronce\/","title":{"rendered":"Tees de accesorios de tuber\u00eda de bronce"},"content":{"rendered":"<p style=\"text-align: center;\"><span style=\"text-decoration: underline; font-size: 18pt; color: #800000;\"><strong>Tees de accesorios de tuber\u00eda de bronce<\/strong><\/span><\/p>\n<p style=\"text-align: center;\"><a class=\"maxbutton-1 maxbutton maxbutton-product-page-button open-popup-modal\"><span class=\"mb-text\">Consigue una cotizaci\u00f3n<\/span><\/a><\/p>\n<p style=\"text-align: justify;\">Una T, el accesorio de tuber\u00eda m\u00e1s com\u00fan, se usa para combinar (o dividir) el flujo de fluido \/ agua. Est\u00e1 disponible en aberturas de 3 v\u00edas. Pueden ser roscados masculinos o femeninos.<\/p>\n<table style=\"border-collapse: collapse; width: 100%;\" border=\"0\">\n<tbody>\n<tr>\n<td style=\"width: 50%;\"><img loading=\"lazy\" decoding=\"async\" class=\"aligncenter wp-image-2763 size-full\" title=\"Tees de accesorios de tuber\u00eda de bronce\" src=\"http:\/\/conex-casting.com\/wp-content\/uploads\/2019\/02\/Bronze-Pipe-Fittings-Tees-002.jpg\" alt=\"Tees de accesorios de tuber\u00eda de bronce\" width=\"300\" height=\"300\" srcset=\"https:\/\/conex-casting.com\/wp-content\/uploads\/2019\/02\/Bronze-Pipe-Fittings-Tees-002.jpg 300w, https:\/\/conex-casting.com\/wp-content\/uploads\/2019\/02\/Bronze-Pipe-Fittings-Tees-002-150x150.jpg 150w\" sizes=\"auto, (max-width: 300px) 100vw, 300px\" \/><\/td>\n<td style=\"width: 50%;\"><img loading=\"lazy\" decoding=\"async\" class=\"aligncenter wp-image-2762 size-full\" title=\"Tees de accesorios de tuber\u00eda de bronce\" src=\"http:\/\/conex-casting.com\/wp-content\/uploads\/2019\/02\/Bronze-Pipe-Fittings-Tees-001.jpg\" alt=\"Tees de accesorios de tuber\u00eda de bronce\" width=\"300\" height=\"300\" srcset=\"https:\/\/conex-casting.com\/wp-content\/uploads\/2019\/02\/Bronze-Pipe-Fittings-Tees-001.jpg 300w, https:\/\/conex-casting.com\/wp-content\/uploads\/2019\/02\/Bronze-Pipe-Fittings-Tees-001-150x150.jpg 150w\" sizes=\"auto, (max-width: 300px) 100vw, 300px\" \/><\/td>\n<\/tr>\n<\/tbody>\n<\/table>\n","protected":false},"excerpt":{"rendered":"<p>Tees de accesorios de tuber\u00eda de bronce Consigue una cotizaci\u00f3n Una T, el accesorio de tuber\u00eda m\u00e1s com\u00fan, se usa para combinar (o dividir) el flujo de fluido \/ agua. Est\u00e1 disponible en aberturas de 3 v\u00edas. Pueden ser roscados masculinos o femeninos.<\/p>\n","protected":false},"author":1,"featured_media":0,"parent":0,"menu_order":0,"comment_status":"closed","ping_status":"closed","template":"","meta":{"_joinchat":[],"footnotes":""},"class_list":["post-2761","page","type-page","status-publish","hentry"],"_links":{"self":[{"href":"https:\/\/conex-casting.com\/es\/wp-json\/wp\/v2\/pages\/2761","targetHints":{"allow":["GET"]}}],"collection":[{"href":"https:\/\/conex-casting.com\/es\/wp-json\/wp\/v2\/pages"}],"about":[{"href":"https:\/\/conex-casting.com\/es\/wp-json\/wp\/v2\/types\/page"}],"author":[{"embeddable":true,"href":"https:\/\/conex-casting.com\/es\/wp-json\/wp\/v2\/users\/1"}],"replies":[{"embeddable":true,"href":"https:\/\/conex-casting.com\/es\/wp-json\/wp\/v2\/comments?post=2761"}],"version-history":[{"count":3,"href":"https:\/\/conex-casting.com\/es\/wp-json\/wp\/v2\/pages\/2761\/revisions"}],"predecessor-version":[{"id":6131,"href":"https:\/\/conex-casting.com\/es\/wp-json\/wp\/v2\/pages\/2761\/revisions\/6131"}],"wp:attachment":[{"href":"https:\/\/conex-casting.com\/es\/wp-json\/wp\/v2\/media?parent=2761"}],"curies":[{"name":"wp","href":"https:\/\/api.w.org\/{rel}","templated":true}]}}