{"id":2772,"date":"2021-02-13T16:14:58","date_gmt":"2021-02-13T16:14:58","guid":{"rendered":"http:\/\/conex-casting.com\/?page_id=2772"},"modified":"2021-10-23T07:51:50","modified_gmt":"2021-10-23T07:51:50","slug":"accesorios-para-casco-marino-con-revestimiento-de-bronce","status":"publish","type":"page","link":"https:\/\/conex-casting.com\/es\/accesorios-para-casco-marino-con-revestimiento-de-bronce\/","title":{"rendered":"Accesorios para casco marino con revestimiento de bronce"},"content":{"rendered":"<p style=\"text-align: center;\"><strong><span style=\"text-decoration: underline; color: #800000;\"><span style=\"font-size: 18pt;\">Accesorios para casco marino con revestimiento de bronce<\/span><\/span><\/strong><\/p>\n<p style=\"text-align: center;\"><a class=\"maxbutton-1 maxbutton maxbutton-product-page-button open-popup-modal\"><span class=\"mb-text\">Consigue una cotizaci\u00f3n<\/span><\/a><\/p>\n<table style=\"border-collapse: collapse; width: 100%;\" border=\"0\">\n<tbody>\n<tr>\n<td style=\"width: 50%;\"><img loading=\"lazy\" decoding=\"async\" class=\"aligncenter wp-image-2774 size-medium\" title=\"Accesorios para casco marino con revestimiento de bronce\" src=\"http:\/\/conex-casting.com\/wp-content\/uploads\/2019\/02\/Bronze-Skin-Fitting-Marine-Hull-Fittings-01-300x300.jpg\" alt=\"Accesorios para casco marino con revestimiento de bronce\" width=\"300\" height=\"300\" srcset=\"https:\/\/conex-casting.com\/wp-content\/uploads\/2019\/02\/Bronze-Skin-Fitting-Marine-Hull-Fittings-01-300x300.jpg 300w, https:\/\/conex-casting.com\/wp-content\/uploads\/2019\/02\/Bronze-Skin-Fitting-Marine-Hull-Fittings-01-150x150.jpg 150w, https:\/\/conex-casting.com\/wp-content\/uploads\/2019\/02\/Bronze-Skin-Fitting-Marine-Hull-Fittings-01.jpg 350w\" sizes=\"auto, (max-width: 300px) 100vw, 300px\" \/><\/td>\n<td style=\"width: 50%;\"><img loading=\"lazy\" decoding=\"async\" class=\"aligncenter wp-image-2773 size-medium\" title=\"Accesorios para casco marino con revestimiento de bronce\" src=\"http:\/\/conex-casting.com\/wp-content\/uploads\/2019\/02\/Bronze-Skin-Fitting-Marine-Hull-Fittings-02-300x300.jpg\" alt=\"Accesorios para casco marino con revestimiento de bronce\" width=\"300\" height=\"300\" srcset=\"https:\/\/conex-casting.com\/wp-content\/uploads\/2019\/02\/Bronze-Skin-Fitting-Marine-Hull-Fittings-02-300x300.jpg 300w, https:\/\/conex-casting.com\/wp-content\/uploads\/2019\/02\/Bronze-Skin-Fitting-Marine-Hull-Fittings-02-150x150.jpg 150w, https:\/\/conex-casting.com\/wp-content\/uploads\/2019\/02\/Bronze-Skin-Fitting-Marine-Hull-Fittings-02.jpg 350w\" sizes=\"auto, (max-width: 300px) 100vw, 300px\" \/><\/td>\n<\/tr>\n<\/tbody>\n<\/table>\n<p>&nbsp;<\/p>\n<table border=\"1\" width=\"500\">\n<tbody>\n<tr bgcolor=\"717e94\">\n<td><span style=\"color: #ffffff;\"><strong>No. de parte<\/strong><\/span><\/td>\n<td><span style=\"color: #ffffff;\"><strong>Tama\u00f1o de rosca BSP<\/strong><\/span><\/td>\n<td><span style=\"color: #ffffff;\"><strong>Di\u00e1metro interior en MM<\/strong><\/span><\/td>\n<\/tr>\n<tr>\n<td>CONHULL1<\/td>\n<td>1\/2&#8243;<\/td>\n<td>13mm<\/td>\n<\/tr>\n<tr bgcolor=\"eeeeee\">\n<td>CONHULL2<\/td>\n<td>3\/4&#8243;<\/td>\n<td>19mm<\/td>\n<\/tr>\n<tr>\n<td>CONHULL3<\/td>\n<td>1&#8243;<\/td>\n<td>25mm<\/td>\n<\/tr>\n<tr bgcolor=\"eeeeee\">\n<td>CONHULL4<\/td>\n<td>11\/4&#8243;<\/td>\n<td>32mm<\/td>\n<\/tr>\n<tr>\n<td>CONHULL5<\/td>\n<td>11\/2&#8243;<\/td>\n<td>38mm<\/td>\n<\/tr>\n<tr bgcolor=\"eeeeee\">\n<td>CONHULL6<\/td>\n<td>2&#8243;<\/td>\n<td>50mm<\/td>\n<\/tr>\n<\/tbody>\n<\/table>\n<ul>\n<li>Accesorio de piel a trav\u00e9s del casco moldeado en bronce, con orejetas internas para facilitar su sujeci\u00f3n.<\/li>\n<li>Nuestros accesorios de bronce para casco y Huill para uso marino vienen completos con tuercas de seguridad y arandelas de bronce.<\/li>\n<li>BSP roscado<\/li>\n<li>Los accesorios de piel de bronce Gunmetal Hull tambi\u00e9n pueden venir con cromado<\/li>\n<\/ul>\n","protected":false},"excerpt":{"rendered":"<p>Accesorios para casco marino con revestimiento de bronce Consigue una cotizaci\u00f3n &nbsp; No. de parte Tama\u00f1o de rosca BSP Di\u00e1metro interior en MM CONHULL1 1\/2&#8243; 13mm CONHULL2 3\/4&#8243; 19mm CONHULL3 1&#8243; 25mm CONHULL4 11\/4&#8243; 32mm CONHULL5 11\/2&#8243; 38mm CONHULL6 2&#8243; 50mm Accesorio de piel a trav\u00e9s del casco moldeado en bronce, con orejetas internas para [&hellip;]<\/p>\n","protected":false},"author":1,"featured_media":0,"parent":0,"menu_order":0,"comment_status":"closed","ping_status":"closed","template":"","meta":{"_joinchat":[],"footnotes":""},"class_list":["post-2772","page","type-page","status-publish","hentry"],"_links":{"self":[{"href":"https:\/\/conex-casting.com\/es\/wp-json\/wp\/v2\/pages\/2772","targetHints":{"allow":["GET"]}}],"collection":[{"href":"https:\/\/conex-casting.com\/es\/wp-json\/wp\/v2\/pages"}],"about":[{"href":"https:\/\/conex-casting.com\/es\/wp-json\/wp\/v2\/types\/page"}],"author":[{"embeddable":true,"href":"https:\/\/conex-casting.com\/es\/wp-json\/wp\/v2\/users\/1"}],"replies":[{"embeddable":true,"href":"https:\/\/conex-casting.com\/es\/wp-json\/wp\/v2\/comments?post=2772"}],"version-history":[{"count":3,"href":"https:\/\/conex-casting.com\/es\/wp-json\/wp\/v2\/pages\/2772\/revisions"}],"predecessor-version":[{"id":6127,"href":"https:\/\/conex-casting.com\/es\/wp-json\/wp\/v2\/pages\/2772\/revisions\/6127"}],"wp:attachment":[{"href":"https:\/\/conex-casting.com\/es\/wp-json\/wp\/v2\/media?parent=2772"}],"curies":[{"name":"wp","href":"https:\/\/api.w.org\/{rel}","templated":true}]}}