{"id":2786,"date":"2021-02-13T16:41:55","date_gmt":"2021-02-13T16:41:55","guid":{"rendered":"http:\/\/conex-casting.com\/?page_id=2786"},"modified":"2021-02-25T05:20:56","modified_gmt":"2021-02-25T05:20:56","slug":"c83300-cda-833-aleaciones-de-laton-bronce-rojo","status":"publish","type":"page","link":"https:\/\/conex-casting.com\/es\/c83300-cda-833-aleaciones-de-laton-bronce-rojo\/","title":{"rendered":"C83300 CDA 833 Aleaciones de lat\u00f3n bronce rojo"},"content":{"rendered":"<p style=\"text-align: center;\"><span style=\"text-decoration: underline; color: #800000;\"><span style=\"font-size: 18pt;\"><strong>C83300 CDA 833 Aleaciones de lat\u00f3n bronce rojo<\/strong><\/span><\/span><\/p>\n<p><strong>Especificaci\u00f3n :<\/strong><\/p>\n<table border=\"1\" width=\"750\" cellspacing=\"0\" cellpadding=\"5\">\n<tbody>\n<tr bgcolor=\"#eeeeee\">\n<td><\/td>\n<td>M\u00ednima<\/td>\n<td>M\u00e1xima<\/td>\n<\/tr>\n<tr>\n<td>Cobre (Cu)<\/td>\n<td>92<\/td>\n<td>94<\/td>\n<\/tr>\n<tr bgcolor=\"#eeeeee\">\n<td>Esta\u00f1o (Sn)<\/td>\n<td>1<\/td>\n<td>2<\/td>\n<\/tr>\n<tr>\n<td>Plomo (Pb)<\/td>\n<td>1<\/td>\n<td>2<\/td>\n<\/tr>\n<tr bgcolor=\"#eeeeee\">\n<td>Zinc (Zn)<\/td>\n<td>2<\/td>\n<td>6<\/td>\n<\/tr>\n<tr>\n<td>Cobre + suma de elementos nombrados<\/td>\n<td>99.3<\/td>\n<td><\/td>\n<\/tr>\n<\/tbody>\n<\/table>\n<p><strong>Propiedades de especificaci\u00f3n :<\/strong><\/p>\n<table border=\"1\" width=\"750\" cellspacing=\"0\" cellpadding=\"5\">\n<tbody>\n<tr bgcolor=\"#eeeeee\">\n<td>(Tratamiento t\u00e9rmico &#8216;F&#8217; denota como fundido)<\/td>\n<td>M\u00ednima<\/td>\n<\/tr>\n<tr>\n<td>Resistencia a la tracci\u00f3n (ksi)<\/td>\n<td><\/td>\n<\/tr>\n<tr bgcolor=\"#eeeeee\">\n<td>Fuerza de rendimiento (.5% de extensi\u00f3n bajo carga) (ksi)<\/td>\n<td><\/td>\n<\/tr>\n<tr>\n<td>Alargamiento (longitud de calibre de 2 pulgadas) (%)<\/td>\n<td><\/td>\n<\/tr>\n<\/tbody>\n<\/table>\n<p><strong>Propiedades de especificaci\u00f3n :<\/strong><\/p>\n<table border=\"1\" width=\"750\" cellspacing=\"0\" cellpadding=\"5\">\n<tbody>\n<tr bgcolor=\"#eeeeee\">\n<td><\/td>\n<td>T\u00edpica<\/td>\n<\/tr>\n<tr>\n<td>M\u00f3dulo de elasticidad (ksi)<\/td>\n<td>15000<\/td>\n<\/tr>\n<tr bgcolor=\"#eeeeee\">\n<td>Dureza (Brinell) (HB @ 500kg)<\/td>\n<td>35<\/td>\n<\/tr>\n<tr>\n<td>Maquinabilidad (% de lat\u00f3n de corte libre)<\/td>\n<td>35<\/td>\n<\/tr>\n<tr bgcolor=\"#eeeeee\">\n<td>Rango de fusi\u00f3n (Liquidus-Solidus) (F)<\/td>\n<td>1940-1886<\/td>\n<\/tr>\n<tr>\n<td>Calor espec\u00edfico (Btu \/ lb \/ F @ 68F)<\/td>\n<td>.09<\/td>\n<\/tr>\n<tr bgcolor=\"#eeeeee\">\n<td>Conductividad el\u00e9ctrica (% IACS @ 68F)<\/td>\n<td>32<\/td>\n<\/tr>\n<tr>\n<td>Densidad (lb \/ cu.in. @ 68F)<\/td>\n<td>.318<\/td>\n<\/tr>\n<tr bgcolor=\"#eeeeee\">\n<td>Contracci\u00f3n de los creadores de patrones (in \/ ft)<\/td>\n<td>3\/16 &#8211; 1\/4<\/td>\n<\/tr>\n<tr>\n<td>Escoria<\/td>\n<td>Baja<\/td>\n<\/tr>\n<tr bgcolor=\"#eeeeee\">\n<td>Asfixi\u00f3n con gas<\/td>\n<td>Medio<\/td>\n<\/tr>\n<tr>\n<td>Fluidez<\/td>\n<td>Medio<\/td>\n<\/tr>\n<tr bgcolor=\"#eeeeee\">\n<td>Contracci\u00f3n<\/td>\n<td>Medio<\/td>\n<\/tr>\n<\/tbody>\n<\/table>\n","protected":false},"excerpt":{"rendered":"<p>C83300 CDA 833 Aleaciones de lat\u00f3n bronce rojo Especificaci\u00f3n : M\u00ednima M\u00e1xima Cobre (Cu) 92 94 Esta\u00f1o (Sn) 1 2 Plomo (Pb) 1 2 Zinc (Zn) 2 6 Cobre + suma de elementos nombrados 99.3 Propiedades de especificaci\u00f3n : (Tratamiento t\u00e9rmico &#8216;F&#8217; denota como fundido) M\u00ednima Resistencia a la tracci\u00f3n (ksi) Fuerza de rendimiento (.5% [&hellip;]<\/p>\n","protected":false},"author":1,"featured_media":0,"parent":0,"menu_order":0,"comment_status":"closed","ping_status":"closed","template":"","meta":{"_joinchat":[],"footnotes":""},"class_list":["post-2786","page","type-page","status-publish","hentry"],"_links":{"self":[{"href":"https:\/\/conex-casting.com\/es\/wp-json\/wp\/v2\/pages\/2786","targetHints":{"allow":["GET"]}}],"collection":[{"href":"https:\/\/conex-casting.com\/es\/wp-json\/wp\/v2\/pages"}],"about":[{"href":"https:\/\/conex-casting.com\/es\/wp-json\/wp\/v2\/types\/page"}],"author":[{"embeddable":true,"href":"https:\/\/conex-casting.com\/es\/wp-json\/wp\/v2\/users\/1"}],"replies":[{"embeddable":true,"href":"https:\/\/conex-casting.com\/es\/wp-json\/wp\/v2\/comments?post=2786"}],"version-history":[{"count":1,"href":"https:\/\/conex-casting.com\/es\/wp-json\/wp\/v2\/pages\/2786\/revisions"}],"predecessor-version":[{"id":2788,"href":"https:\/\/conex-casting.com\/es\/wp-json\/wp\/v2\/pages\/2786\/revisions\/2788"}],"wp:attachment":[{"href":"https:\/\/conex-casting.com\/es\/wp-json\/wp\/v2\/media?parent=2786"}],"curies":[{"name":"wp","href":"https:\/\/api.w.org\/{rel}","templated":true}]}}