{"id":2791,"date":"2021-02-13T18:59:43","date_gmt":"2021-02-13T18:59:43","guid":{"rendered":"http:\/\/conex-casting.com\/?page_id=2791"},"modified":"2021-03-04T14:20:22","modified_gmt":"2021-03-04T14:20:22","slug":"c83600-cda-836-aleaciones-de-laton-bronce-rojo","status":"publish","type":"page","link":"https:\/\/conex-casting.com\/es\/c83600-cda-836-aleaciones-de-laton-bronce-rojo\/","title":{"rendered":"C83600 CDA 836 Aleaciones de lat\u00f3n bronce rojo"},"content":{"rendered":"<p style=\"text-align: center;\"><span style=\"text-decoration: underline; color: #800000;\"><span style=\"font-size: 18pt;\"><strong>C83600 CDA 836 Aleaciones de lat\u00f3n bronce rojo<\/strong><\/span><\/span><\/p>\n<p><strong>Especificaci\u00f3n:<\/strong><\/p>\n<table border=\"1\" width=\"750\" cellspacing=\"0\" cellpadding=\"5\">\n<thead>\n<tr>\n<th>CDA<\/th>\n<th>ASTM<\/th>\n<th>Asarcon<\/th>\n<th>SAE<\/th>\n<th>AMS<\/th>\n<th>Federal<\/th>\n<th>Military<\/th>\n<th>Other<\/th>\n<\/tr>\n<\/thead>\n<tbody>\n<tr bgcolor=\"#eeeeee\">\n<td>C836<\/td>\n<td>B505<br \/>\nB505M<br \/>\nB62<br \/>\nB145-4A<\/td>\n<td>55<\/td>\n<td>40<br \/>\nJ461<br \/>\nJ462<\/td>\n<td>4855<\/td>\n<td>QQ-C-390, B5;<br \/>\nQQ-B-1005, COMP 2<\/td>\n<td>MIL-B-11553 COMP 2;<br \/>\nMIL-C-14345, ALLOY 1<\/td>\n<td>Ounce Metal<\/td>\n<\/tr>\n<\/tbody>\n<\/table>\n<p><strong>Composici\u00f3n qu\u00edmica :<\/strong><\/p>\n<table border=\"1\" width=\"750\" cellspacing=\"0\" cellpadding=\"5\">\n<thead>\n<tr bgcolor=\"#eeeeee\">\n<th>Cu%<sup>1<\/sup><\/th>\n<th>Pb%<\/th>\n<th>Sn%<\/th>\n<th>Zn%<\/th>\n<th>Fe%<\/th>\n<th>P%<\/th>\n<th>Ni%<sup>2<\/sup><\/th>\n<th>Al%<\/th>\n<th>S%<\/th>\n<th>Sb%<\/th>\n<th>Si%<\/th>\n<\/tr>\n<\/thead>\n<tfoot>\n<tr bgcolor=\"#eeeeee\">\n<td colspan=\"12\">\n<div>Composici\u00f3n qu\u00edmica seg\u00fan ASTM B505 \/ B505M-18<\/div>\n<div><\/div>\n<div><sup>1<\/sup>Para determinar Cu min., Cu se puede calcular como Cu + Ni. El valor 2Ni incluye Co.<br \/>\nLos valores individuales representan m\u00e1ximos.<\/div>\n<\/td>\n<\/tr>\n<\/tfoot>\n<tbody>\n<tr>\n<td>84.00-<br \/>\n86.00<\/td>\n<td>4.00-<br \/>\n6.00<\/td>\n<td>4.00-<br \/>\n6.00<\/td>\n<td>4.00-<br \/>\n6.00<\/td>\n<td>0.30<\/td>\n<td>0.05<\/td>\n<td>1.00<\/td>\n<td>0.005<\/td>\n<td>0.08<\/td>\n<td>0.25<\/td>\n<td>0.005<\/td>\n<\/tr>\n<\/tbody>\n<\/table>\n<p><strong>Maquinabilidad:<\/strong><\/p>\n<table border=\"1\" width=\"750\" cellspacing=\"0\" cellpadding=\"5\">\n<thead>\n<tr bgcolor=\"#eeeeee\">\n<th>Aleaci\u00f3n de cobre UNS No.<\/th>\n<th>Clasificaci\u00f3n de maquinabilidad<\/th>\n<th>Densidad (lb\/in<sup>3<\/sup>\u00a0at 68 \u00b0F)<\/th>\n<\/tr>\n<\/thead>\n<tbody>\n<tr>\n<td>C836<\/td>\n<td>84<\/td>\n<td>0.318<\/td>\n<\/tr>\n<\/tbody>\n<\/table>\n<p><strong>Propiedades mec\u00e1nicas :<\/strong><\/p>\n<table border=\"1\" width=\"750\" cellspacing=\"0\" cellpadding=\"5\">\n<tfoot>\n<tr>\n<td colspan=\"12\">\n<div>Propiedades mec\u00e1nicas seg\u00fan ASTM B505 \/ B505M-18<\/div>\n<\/td>\n<\/tr>\n<\/tfoot>\n<thead>\n<tr bgcolor=\"#eeeeee\">\n<th colspan=\"2\">Resistencia a la tracci\u00f3n, min<\/th>\n<th colspan=\"2\">Resistencia a la fluencia, al 0,5% de extensi\u00f3n bajo carga, m\u00edn.<\/th>\n<th>Alargamiento, en 2 pulg. O 50 mm min<\/th>\n<th>Dureza Brinell<br \/>\n(Carga de 500 kg)<\/th>\n<th>Observaciones<\/th>\n<\/tr>\n<tr>\n<th>ksi<\/th>\n<th>MPa<\/th>\n<th>ksi<\/th>\n<th>MPa<\/th>\n<th>%<\/th>\n<th>typical BHN<\/th>\n<th><\/th>\n<\/tr>\n<\/thead>\n<tbody>\n<tr bgcolor=\"#eeeeee\">\n<td>36<\/td>\n<td>248<\/td>\n<td>19<\/td>\n<td>131<\/td>\n<td>15<\/td>\n<td>60<\/td>\n<td><\/td>\n<\/tr>\n<\/tbody>\n<\/table>\n<p><strong>Propiedades f\u00edsicas :<\/strong><\/p>\n<table border=\"1\" width=\"750\" cellspacing=\"0\" cellpadding=\"5\">\n<tfoot>\n<tr>\n<td colspan=\"12\">\n<div>Physical Properties provided by CDA<\/div>\n<\/td>\n<\/tr>\n<\/tfoot>\n<thead>\n<tr bgcolor=\"#eeeeee\">\n<th><\/th>\n<th>Usual de EE. UU.<\/th>\n<th>M\u00e9trica<\/th>\n<\/tr>\n<\/thead>\n<tbody>\n<tr>\n<td><strong>Punto de fusi\u00f3n &#8211; Liquidus<\/strong><\/td>\n<td>1850 \u00b0F<\/td>\n<td>1010 \u00b0C<\/td>\n<\/tr>\n<tr bgcolor=\"#eeeeee\">\n<td><strong>Punto de fusi\u00f3n &#8211; Solidus<\/strong><\/td>\n<td>1570 \u00b0F<\/td>\n<td>854 \u00b0C<\/td>\n<\/tr>\n<tr>\n<td><strong>Densidad<\/strong><\/td>\n<td>0.318 lb\/in<sup>3<\/sup>\u00a0at 68 \u00b0F<\/td>\n<td>8.83 gm\/cm<sup>3<\/sup>\u00a0at 20 \u00b0C<\/td>\n<\/tr>\n<tr bgcolor=\"#eeeeee\">\n<td><strong>Gravedad espec\u00edfica<\/strong><\/td>\n<td>8.83<\/td>\n<td>8.83<\/td>\n<\/tr>\n<tr>\n<td><strong>Conductividad el\u00e9ctrica<\/strong><\/td>\n<td>15% IACS at 68 \u00b0F<\/td>\n<td>0.087 MegaSiemens\/cm at 20 \u00b0C<\/td>\n<\/tr>\n<tr bgcolor=\"#eeeeee\">\n<td><strong>Conductividad t\u00e9rmica<\/strong><\/td>\n<td>41.6 BtuBtu\/sq ft\/ft hr\/\u00b0F at 68 \u00b0F<\/td>\n<td>72 W\/m at 20 \u00b0C<\/td>\n<\/tr>\n<tr>\n<td><strong>Coeficiente de expansi\u00f3n t\u00e9rmica 68-392<\/strong><\/td>\n<td>10 \u00b7 10<sup>-6\u00a0<\/sup>per \u00b0F (68-392 \u00b0F)<\/td>\n<td>17.3 \u00b7 10<sup>-6<\/sup>\u00a0per \u00b0C (20-200 \u00b0C)<\/td>\n<\/tr>\n<tr bgcolor=\"#eeeeee\">\n<td><strong>Capacidad calor\u00edfica espec\u00edfica<\/strong><\/td>\n<td>0.09 Btu\/lb\/\u00b0F at 68 \u00b0F<\/td>\n<td>377.1 J\/kg at 293 \u00b0C<\/td>\n<\/tr>\n<tr>\n<td><strong>M\u00f3dulo de elasticidad en tensi\u00f3n<\/strong><\/td>\n<td>13500 ksi<\/td>\n<td>93100 MPa<\/td>\n<\/tr>\n<tr bgcolor=\"#eeeeee\">\n<td><strong>Permeabilidad magn\u00e9tica<\/strong><\/td>\n<td>1<\/td>\n<td>1<\/td>\n<\/tr>\n<\/tbody>\n<\/table>\n<p><strong>Propiedades de fabricaci\u00f3n :<\/strong><\/p>\n<table border=\"1\" width=\"750\" cellspacing=\"0\" cellpadding=\"5\">\n<tfoot>\n<tr>\n<td colspan=\"12\">\n<div>Propiedades de fabricaci\u00f3n proporcionadas por CDA<\/div>\n<\/td>\n<\/tr>\n<\/tfoot>\n<thead>\n<tr bgcolor=\"#eeeeee\">\n<th>T\u00e9cnica de uni\u00f3n<\/th>\n<th>Suitability<\/th>\n<\/tr>\n<\/thead>\n<tbody>\n<tr>\n<td><strong>Soldadura<\/strong><\/td>\n<td>Excelente<\/td>\n<\/tr>\n<tr bgcolor=\"#eeeeee\">\n<td><strong>Soldadura<\/strong><\/td>\n<td>Good<\/td>\n<\/tr>\n<tr>\n<td><strong>Soldadura de oxiacetileno<\/strong><\/td>\n<td>No recomendada<\/td>\n<\/tr>\n<tr bgcolor=\"#eeeeee\">\n<td><strong>Soldadura por arco con protecci\u00f3n de gas<\/strong><\/td>\n<td>No recomendada<\/td>\n<\/tr>\n<tr>\n<td><strong>Soldadura por arco de metal revestido<\/strong><\/td>\n<td>Justa<\/td>\n<\/tr>\n<\/tbody>\n<\/table>\n","protected":false},"excerpt":{"rendered":"<p>C83600 CDA 836 Aleaciones de lat\u00f3n bronce rojo Especificaci\u00f3n: CDA ASTM Asarcon SAE AMS Federal Military Other C836 B505 B505M B62 B145-4A 55 40 J461 J462 4855 QQ-C-390, B5; QQ-B-1005, COMP 2 MIL-B-11553 COMP 2; MIL-C-14345, ALLOY 1 Ounce Metal Composici\u00f3n qu\u00edmica : Cu%1 Pb% Sn% Zn% Fe% P% Ni%2 Al% S% Sb% Si% Composici\u00f3n [&hellip;]<\/p>\n","protected":false},"author":1,"featured_media":0,"parent":0,"menu_order":0,"comment_status":"closed","ping_status":"closed","template":"","meta":{"_joinchat":[],"footnotes":""},"class_list":["post-2791","page","type-page","status-publish","hentry"],"_links":{"self":[{"href":"https:\/\/conex-casting.com\/es\/wp-json\/wp\/v2\/pages\/2791","targetHints":{"allow":["GET"]}}],"collection":[{"href":"https:\/\/conex-casting.com\/es\/wp-json\/wp\/v2\/pages"}],"about":[{"href":"https:\/\/conex-casting.com\/es\/wp-json\/wp\/v2\/types\/page"}],"author":[{"embeddable":true,"href":"https:\/\/conex-casting.com\/es\/wp-json\/wp\/v2\/users\/1"}],"replies":[{"embeddable":true,"href":"https:\/\/conex-casting.com\/es\/wp-json\/wp\/v2\/comments?post=2791"}],"version-history":[{"count":1,"href":"https:\/\/conex-casting.com\/es\/wp-json\/wp\/v2\/pages\/2791\/revisions"}],"predecessor-version":[{"id":2792,"href":"https:\/\/conex-casting.com\/es\/wp-json\/wp\/v2\/pages\/2791\/revisions\/2792"}],"wp:attachment":[{"href":"https:\/\/conex-casting.com\/es\/wp-json\/wp\/v2\/media?parent=2791"}],"curies":[{"name":"wp","href":"https:\/\/api.w.org\/{rel}","templated":true}]}}