{"id":2795,"date":"2021-02-13T19:21:22","date_gmt":"2021-02-13T19:21:22","guid":{"rendered":"http:\/\/conex-casting.com\/?page_id=2795"},"modified":"2021-10-23T07:50:24","modified_gmt":"2021-10-23T07:50:24","slug":"u-abrazaderas-de-perno","status":"publish","type":"page","link":"https:\/\/conex-casting.com\/es\/u-abrazaderas-de-perno\/","title":{"rendered":"U Abrazaderas de perno"},"content":{"rendered":"<p style=\"text-align: center;\"><span style=\"text-decoration: underline; color: #800000;\"><span style=\"font-size: 18pt;\"><strong>U Abrazaderas de perno<\/strong><\/span><\/span><\/p>\n<p style=\"text-align: center;\"><a class=\"maxbutton-1 maxbutton maxbutton-product-page-button open-popup-modal\"><span class=\"mb-text\">Consigue una cotizaci\u00f3n<\/span><\/a><\/p>\n<p style=\"text-align: justify;\">Se utilizan para conectar un conductor circular s\u00f3lido a una varilla de conexi\u00f3n a tierra de cobre. Est\u00e1n hechos con herrajes de cobre y bronce de alta calidad.<\/p>\n<table style=\"border-collapse: collapse; width: 100%;\" border=\"0\">\n<tbody>\n<tr>\n<td style=\"width: 50%;\"><img loading=\"lazy\" decoding=\"async\" class=\"aligncenter wp-image-2796 size-medium\" title=\"U Abrazaderas de perno\" src=\"http:\/\/conex-casting.com\/wp-content\/uploads\/2019\/02\/U-Bolt-Clamps-01-300x300.jpg\" alt=\"U Abrazaderas de perno\" width=\"300\" height=\"300\" srcset=\"https:\/\/conex-casting.com\/wp-content\/uploads\/2019\/02\/U-Bolt-Clamps-01-300x300.jpg 300w, https:\/\/conex-casting.com\/wp-content\/uploads\/2019\/02\/U-Bolt-Clamps-01-150x150.jpg 150w, https:\/\/conex-casting.com\/wp-content\/uploads\/2019\/02\/U-Bolt-Clamps-01.jpg 350w\" sizes=\"auto, (max-width: 300px) 100vw, 300px\" \/><\/td>\n<td style=\"width: 50%;\"><img loading=\"lazy\" decoding=\"async\" class=\"aligncenter wp-image-2797 size-medium\" title=\"U Abrazaderas de perno\" src=\"http:\/\/conex-casting.com\/wp-content\/uploads\/2019\/02\/U-Bolt-Clamps-02-300x300.jpg\" alt=\"U Abrazaderas de perno\" width=\"300\" height=\"300\" srcset=\"https:\/\/conex-casting.com\/wp-content\/uploads\/2019\/02\/U-Bolt-Clamps-02-300x300.jpg 300w, https:\/\/conex-casting.com\/wp-content\/uploads\/2019\/02\/U-Bolt-Clamps-02-150x150.jpg 150w, https:\/\/conex-casting.com\/wp-content\/uploads\/2019\/02\/U-Bolt-Clamps-02.jpg 350w\" sizes=\"auto, (max-width: 300px) 100vw, 300px\" \/><\/td>\n<\/tr>\n<\/tbody>\n<\/table>\n","protected":false},"excerpt":{"rendered":"<p>U Abrazaderas de perno Consigue una cotizaci\u00f3n Se utilizan para conectar un conductor circular s\u00f3lido a una varilla de conexi\u00f3n a tierra de cobre. Est\u00e1n hechos con herrajes de cobre y bronce de alta calidad.<\/p>\n","protected":false},"author":1,"featured_media":0,"parent":0,"menu_order":0,"comment_status":"closed","ping_status":"closed","template":"","meta":{"_joinchat":[],"footnotes":""},"class_list":["post-2795","page","type-page","status-publish","hentry"],"_links":{"self":[{"href":"https:\/\/conex-casting.com\/es\/wp-json\/wp\/v2\/pages\/2795","targetHints":{"allow":["GET"]}}],"collection":[{"href":"https:\/\/conex-casting.com\/es\/wp-json\/wp\/v2\/pages"}],"about":[{"href":"https:\/\/conex-casting.com\/es\/wp-json\/wp\/v2\/types\/page"}],"author":[{"embeddable":true,"href":"https:\/\/conex-casting.com\/es\/wp-json\/wp\/v2\/users\/1"}],"replies":[{"embeddable":true,"href":"https:\/\/conex-casting.com\/es\/wp-json\/wp\/v2\/comments?post=2795"}],"version-history":[{"count":3,"href":"https:\/\/conex-casting.com\/es\/wp-json\/wp\/v2\/pages\/2795\/revisions"}],"predecessor-version":[{"id":6122,"href":"https:\/\/conex-casting.com\/es\/wp-json\/wp\/v2\/pages\/2795\/revisions\/6122"}],"wp:attachment":[{"href":"https:\/\/conex-casting.com\/es\/wp-json\/wp\/v2\/media?parent=2795"}],"curies":[{"name":"wp","href":"https:\/\/api.w.org\/{rel}","templated":true}]}}