{"id":2799,"date":"2021-02-13T19:23:51","date_gmt":"2021-02-13T19:23:51","guid":{"rendered":"http:\/\/conex-casting.com\/?page_id=2799"},"modified":"2021-10-23T07:50:17","modified_gmt":"2021-10-23T07:50:17","slug":"conectores-de-tanque-de-transformador","status":"publish","type":"page","link":"https:\/\/conex-casting.com\/es\/conectores-de-tanque-de-transformador\/","title":{"rendered":"Conectores de tanque de transformador"},"content":{"rendered":"<p style=\"text-align: center;\"><span style=\"text-decoration: underline; color: #800000;\"><span style=\"font-size: 18pt;\"><strong>Conectores de tanque de transformador<\/strong><\/span><\/span><\/p>\n<p style=\"text-align: center;\"><a class=\"maxbutton-1 maxbutton maxbutton-product-page-button open-popup-modal\"><span class=\"mb-text\">Consigue una cotizaci\u00f3n<\/span><\/a><\/p>\n<p style=\"text-align: justify;\">Consiste en un c\u00e1ncamo giratorio que puede acomodar el cable tanto vertical como horizontalmente. La pieza est\u00e1 hecha de una aleaci\u00f3n de cobre de alta resistencia como C955. Es f\u00e1cil de usar y puede usarse con una llave normal.<\/p>\n<table style=\"border-collapse: collapse; width: 100%;\" border=\"0\">\n<tbody>\n<tr>\n<td style=\"width: 50%;\"><img loading=\"lazy\" decoding=\"async\" class=\"aligncenter wp-image-3253 size-medium\" title=\"Conectores de tanque de transformador\" src=\"http:\/\/conex-casting.com\/wp-content\/uploads\/2019\/02\/Transformer-Tank-Connectors-01-300x300.jpg\" alt=\"Conectores de tanque de transformador\" width=\"300\" height=\"300\" srcset=\"https:\/\/conex-casting.com\/wp-content\/uploads\/2019\/02\/Transformer-Tank-Connectors-01-300x300.jpg 300w, https:\/\/conex-casting.com\/wp-content\/uploads\/2019\/02\/Transformer-Tank-Connectors-01-150x150.jpg 150w, https:\/\/conex-casting.com\/wp-content\/uploads\/2019\/02\/Transformer-Tank-Connectors-01.jpg 350w\" sizes=\"auto, (max-width: 300px) 100vw, 300px\" \/><\/td>\n<td style=\"width: 50%;\"><img loading=\"lazy\" decoding=\"async\" class=\"aligncenter wp-image-3252 size-medium\" title=\"Conectores de tanque de transformador\" src=\"http:\/\/conex-casting.com\/wp-content\/uploads\/2019\/02\/Transformer-Tank-Connectors-03-300x300.jpg\" alt=\"Conectores de tanque de transformador\" width=\"300\" height=\"300\" srcset=\"https:\/\/conex-casting.com\/wp-content\/uploads\/2019\/02\/Transformer-Tank-Connectors-03-300x300.jpg 300w, https:\/\/conex-casting.com\/wp-content\/uploads\/2019\/02\/Transformer-Tank-Connectors-03-150x150.jpg 150w, https:\/\/conex-casting.com\/wp-content\/uploads\/2019\/02\/Transformer-Tank-Connectors-03.jpg 350w\" sizes=\"auto, (max-width: 300px) 100vw, 300px\" \/><\/td>\n<\/tr>\n<\/tbody>\n<\/table>\n","protected":false},"excerpt":{"rendered":"<p>Conectores de tanque de transformador Consigue una cotizaci\u00f3n Consiste en un c\u00e1ncamo giratorio que puede acomodar el cable tanto vertical como horizontalmente. La pieza est\u00e1 hecha de una aleaci\u00f3n de cobre de alta resistencia como C955. Es f\u00e1cil de usar y puede usarse con una llave normal.<\/p>\n","protected":false},"author":1,"featured_media":0,"parent":0,"menu_order":0,"comment_status":"closed","ping_status":"closed","template":"","meta":{"_joinchat":[],"footnotes":""},"class_list":["post-2799","page","type-page","status-publish","hentry"],"_links":{"self":[{"href":"https:\/\/conex-casting.com\/es\/wp-json\/wp\/v2\/pages\/2799","targetHints":{"allow":["GET"]}}],"collection":[{"href":"https:\/\/conex-casting.com\/es\/wp-json\/wp\/v2\/pages"}],"about":[{"href":"https:\/\/conex-casting.com\/es\/wp-json\/wp\/v2\/types\/page"}],"author":[{"embeddable":true,"href":"https:\/\/conex-casting.com\/es\/wp-json\/wp\/v2\/users\/1"}],"replies":[{"embeddable":true,"href":"https:\/\/conex-casting.com\/es\/wp-json\/wp\/v2\/comments?post=2799"}],"version-history":[{"count":3,"href":"https:\/\/conex-casting.com\/es\/wp-json\/wp\/v2\/pages\/2799\/revisions"}],"predecessor-version":[{"id":6121,"href":"https:\/\/conex-casting.com\/es\/wp-json\/wp\/v2\/pages\/2799\/revisions\/6121"}],"wp:attachment":[{"href":"https:\/\/conex-casting.com\/es\/wp-json\/wp\/v2\/media?parent=2799"}],"curies":[{"name":"wp","href":"https:\/\/api.w.org\/{rel}","templated":true}]}}