{"id":2819,"date":"2021-02-13T19:50:34","date_gmt":"2021-02-13T19:50:34","guid":{"rendered":"http:\/\/conex-casting.com\/?page_id=2819"},"modified":"2021-10-23T09:02:10","modified_gmt":"2021-10-23T09:02:10","slug":"fundicion-de-bronce-de-grado-electrico","status":"publish","type":"page","link":"https:\/\/conex-casting.com\/es\/fundicion-de-bronce-de-grado-electrico\/","title":{"rendered":"Fundici\u00f3n de bronce de grado el\u00e9ctrico"},"content":{"rendered":"<p style=\"text-align: center;\"><strong><span style=\"text-decoration: underline; font-size: 18pt; color: #800000;\">Fundici\u00f3n de bronce de grado el\u00e9ctrico<\/span><\/strong><\/p>\n<p style=\"text-align: center;\"><a class=\"maxbutton-1 maxbutton maxbutton-product-page-button open-popup-modal\"><span class=\"mb-text\">Consigue una cotizaci\u00f3n<\/span><\/a><\/p>\n<table style=\"border-collapse: collapse; width: 100%;\" border=\"0\">\n<tbody>\n<tr style=\"height: 277px;\">\n<td style=\"width: 33.3333%; height: 277px;\">\n<p><figure id=\"attachment_2820\" aria-describedby=\"caption-attachment-2820\" style=\"width: 230px\" class=\"wp-caption aligncenter\"><a href=\"https:\/\/conex-casting.com\/es\/abrazaderas-de-tubo-de-tierra-de-bronce\/\"><img loading=\"lazy\" decoding=\"async\" class=\"wp-image-2820\" title=\"Abrazaderas de tubo de tierra de bronce\" src=\"http:\/\/conex-casting.com\/wp-content\/uploads\/2019\/02\/ground-pipe-clamps.png\" alt=\"Abrazaderas de tubo de tierra de bronce\" width=\"230\" height=\"230\" srcset=\"https:\/\/conex-casting.com\/wp-content\/uploads\/2019\/02\/ground-pipe-clamps.png 250w, https:\/\/conex-casting.com\/wp-content\/uploads\/2019\/02\/ground-pipe-clamps-150x150.png 150w\" sizes=\"auto, (max-width: 230px) 100vw, 230px\" \/><\/a><figcaption id=\"caption-attachment-2820\" class=\"wp-caption-text\"><a href=\"https:\/\/conex-casting.com\/es\/abrazaderas-de-tubo-de-tierra-de-bronce\/\"><strong><span style=\"text-decoration: underline;\">Abrazaderas de tubo de tierra de bronce<\/span><\/strong><\/a><\/figcaption><\/figure><\/td>\n<td style=\"width: 33.3333%; height: 277px;\">\n<p><figure id=\"attachment_2821\" aria-describedby=\"caption-attachment-2821\" style=\"width: 230px\" class=\"wp-caption aligncenter\"><a href=\"https:\/\/conex-casting.com\/es\/abrazaderas-de-varilla-de-tierra\/\"><img loading=\"lazy\" decoding=\"async\" class=\"wp-image-2821\" title=\"Abrazaderas de varilla de tierra\" src=\"http:\/\/conex-casting.com\/wp-content\/uploads\/2019\/02\/Ground-Rod-Clamps.jpg\" alt=\"Abrazaderas de varilla de tierra\" width=\"230\" height=\"230\" srcset=\"https:\/\/conex-casting.com\/wp-content\/uploads\/2019\/02\/Ground-Rod-Clamps.jpg 250w, https:\/\/conex-casting.com\/wp-content\/uploads\/2019\/02\/Ground-Rod-Clamps-150x150.jpg 150w\" sizes=\"auto, (max-width: 230px) 100vw, 230px\" \/><\/a><figcaption id=\"caption-attachment-2821\" class=\"wp-caption-text\"><span style=\"text-decoration: underline;\"><a href=\"https:\/\/conex-casting.com\/es\/abrazaderas-de-varilla-de-tierra\/\"><strong>Abrazaderas de varilla de tierra<\/strong><\/a><\/span><\/figcaption><\/figure><\/td>\n<td style=\"width: 33.3333%; height: 277px;\">\n<p><figure id=\"attachment_2822\" aria-describedby=\"caption-attachment-2822\" style=\"width: 230px\" class=\"wp-caption aligncenter\"><a href=\"https:\/\/conex-casting.com\/es\/conectores-de-tornillo-de-banco-de-bronce\/\"><img loading=\"lazy\" decoding=\"async\" class=\"wp-image-2822\" title=\"Abrazaderas de tornillo de banco de bronce\" src=\"http:\/\/conex-casting.com\/wp-content\/uploads\/2019\/02\/Bronze-Vise-Clamps.png\" alt=\"Abrazaderas de tornillo de banco de bronce\" width=\"230\" height=\"230\" srcset=\"https:\/\/conex-casting.com\/wp-content\/uploads\/2019\/02\/Bronze-Vise-Clamps.png 250w, https:\/\/conex-casting.com\/wp-content\/uploads\/2019\/02\/Bronze-Vise-Clamps-150x150.png 150w\" sizes=\"auto, (max-width: 230px) 100vw, 230px\" \/><\/a><figcaption id=\"caption-attachment-2822\" class=\"wp-caption-text\"><span style=\"text-decoration: underline;\"><a href=\"https:\/\/conex-casting.com\/es\/conectores-de-tornillo-de-banco-de-bronce\/\"><strong>Abrazaderas de tornillo de banco de bronce<\/strong><\/a><\/span><\/figcaption><\/figure><\/td>\n<\/tr>\n<tr style=\"height: 24px;\">\n<td style=\"width: 33.3333%; height: 24px;\">\n<p><figure id=\"attachment_2823\" aria-describedby=\"caption-attachment-2823\" style=\"width: 230px\" class=\"wp-caption aligncenter\"><a href=\"https:\/\/conex-casting.com\/es\/abrazaderas-de-union\/\"><img loading=\"lazy\" decoding=\"async\" class=\"wp-image-2823\" title=\"Abrazaderas de uni\u00f3n\" src=\"http:\/\/conex-casting.com\/wp-content\/uploads\/2019\/02\/Bonding-Clamps.png\" alt=\"Abrazaderas de uni\u00f3n\" width=\"230\" height=\"230\" srcset=\"https:\/\/conex-casting.com\/wp-content\/uploads\/2019\/02\/Bonding-Clamps.png 250w, https:\/\/conex-casting.com\/wp-content\/uploads\/2019\/02\/Bonding-Clamps-150x150.png 150w\" sizes=\"auto, (max-width: 230px) 100vw, 230px\" \/><\/a><figcaption id=\"caption-attachment-2823\" class=\"wp-caption-text\"><span style=\"text-decoration: underline;\"><a href=\"https:\/\/conex-casting.com\/es\/abrazaderas-de-union\/\"><strong>Abrazaderas de uni\u00f3n<\/strong><\/a><\/span><\/figcaption><\/figure><\/td>\n<td style=\"width: 33.3333%; height: 24px;\">\n<p><figure id=\"attachment_2824\" aria-describedby=\"caption-attachment-2824\" style=\"width: 230px\" class=\"wp-caption aligncenter\"><a href=\"https:\/\/conex-casting.com\/es\/pernos-de-ojo\/\"><img loading=\"lazy\" decoding=\"async\" class=\"wp-image-2824\" title=\"Pernos de ojo\" src=\"http:\/\/conex-casting.com\/wp-content\/uploads\/2019\/02\/Eye-Bolts.png\" alt=\"Pernos de ojo\" width=\"230\" height=\"230\" srcset=\"https:\/\/conex-casting.com\/wp-content\/uploads\/2019\/02\/Eye-Bolts.png 250w, https:\/\/conex-casting.com\/wp-content\/uploads\/2019\/02\/Eye-Bolts-150x150.png 150w\" sizes=\"auto, (max-width: 230px) 100vw, 230px\" \/><\/a><figcaption id=\"caption-attachment-2824\" class=\"wp-caption-text\"><span style=\"text-decoration: underline;\"><a href=\"https:\/\/conex-casting.com\/es\/pernos-de-ojo\/\"><strong>Pernos de ojo<\/strong><\/a><\/span><\/figcaption><\/figure><\/td>\n<td style=\"width: 33.3333%; height: 24px;\">\n<p><figure id=\"attachment_1206\" aria-describedby=\"caption-attachment-1206\" style=\"width: 230px\" class=\"wp-caption aligncenter\"><a href=\"https:\/\/conex-casting.com\/es\/lay-in-lugs\/\"><img loading=\"lazy\" decoding=\"async\" class=\"wp-image-2825 size-full\" title=\"Lay in Lugs\" src=\"http:\/\/conex-casting.com\/wp-content\/uploads\/2019\/02\/Lay-in-Lugs.png\" alt=\"Lay in Lugs\" width=\"230\" height=\"230\" srcset=\"https:\/\/conex-casting.com\/wp-content\/uploads\/2019\/02\/Lay-in-Lugs.png 250w, https:\/\/conex-casting.com\/wp-content\/uploads\/2019\/02\/Lay-in-Lugs-150x150.png 150w\" sizes=\"auto, (max-width: 230px) 100vw, 230px\" \/><\/a><figcaption id=\"caption-attachment-1206\" class=\"wp-caption-text\"><span style=\"text-decoration: underline;\"><a href=\"https:\/\/conex-casting.com\/es\/lay-in-lugs\/\"><strong>Lay in Lugs<\/strong><\/a><\/span><\/figcaption><\/figure><\/td>\n<\/tr>\n<tr style=\"height: 24px;\">\n<td style=\"width: 33.3333%; height: 24px;\" valign=\"top\">\n<p><figure id=\"attachment_2826\" aria-describedby=\"caption-attachment-2826\" style=\"width: 230px\" class=\"wp-caption aligncenter\"><a href=\"https:\/\/conex-casting.com\/es\/abrazaderas-de-refuerzo\/\"><img loading=\"lazy\" decoding=\"async\" class=\"wp-image-2826\" title=\"Abrazaderas de refuerzo\" src=\"http:\/\/conex-casting.com\/wp-content\/uploads\/2019\/02\/Rebar-Clamps.png\" alt=\"Abrazaderas de refuerzo\" width=\"230\" height=\"230\" srcset=\"https:\/\/conex-casting.com\/wp-content\/uploads\/2019\/02\/Rebar-Clamps.png 250w, https:\/\/conex-casting.com\/wp-content\/uploads\/2019\/02\/Rebar-Clamps-150x150.png 150w\" sizes=\"auto, (max-width: 230px) 100vw, 230px\" \/><\/a><figcaption id=\"caption-attachment-2826\" class=\"wp-caption-text\"><span style=\"text-decoration: underline;\"><a href=\"https:\/\/conex-casting.com\/es\/abrazaderas-de-refuerzo\/\"><strong>Abrazaderas de refuerzo<\/strong><\/a><\/span><\/figcaption><\/figure><\/td>\n<td style=\"width: 33.3333%; height: 24px;\" valign=\"top\">\n<div class=\"mceTemp\"><\/div>\n<p><figure id=\"attachment_2828\" aria-describedby=\"caption-attachment-2828\" style=\"width: 230px\" class=\"wp-caption aligncenter\"><a href=\"https:\/\/conex-casting.com\/es\/u-abrazaderas-de-perno\/\"><img loading=\"lazy\" decoding=\"async\" class=\"wp-image-2828\" title=\"U Abrazaderas de perno\" src=\"http:\/\/conex-casting.com\/wp-content\/uploads\/2019\/02\/U-Bolt-Clamps.png\" alt=\"U Abrazaderas de perno\" width=\"230\" height=\"230\" srcset=\"https:\/\/conex-casting.com\/wp-content\/uploads\/2019\/02\/U-Bolt-Clamps.png 250w, https:\/\/conex-casting.com\/wp-content\/uploads\/2019\/02\/U-Bolt-Clamps-150x150.png 150w\" sizes=\"auto, (max-width: 230px) 100vw, 230px\" \/><\/a><figcaption id=\"caption-attachment-2828\" class=\"wp-caption-text\"><span style=\"text-decoration: underline;\"><a href=\"https:\/\/conex-casting.com\/es\/u-abrazaderas-de-perno\/\"><strong>U Abrazaderas de perno<\/strong><\/a><\/span><\/figcaption><\/figure><\/td>\n<td style=\"width: 33.3333%; height: 24px;\">\n<div class=\"mceTemp\"><\/div>\n<p><figure id=\"attachment_2827\" aria-describedby=\"caption-attachment-2827\" style=\"width: 230px\" class=\"wp-caption aligncenter\"><a href=\"https:\/\/conex-casting.com\/es\/conectores-de-tanque-de-transformador\/\"><img loading=\"lazy\" decoding=\"async\" class=\"wp-image-2827\" title=\"Conectores de tanque de transformador\" src=\"http:\/\/conex-casting.com\/wp-content\/uploads\/2019\/02\/Transformer-Tank-Connectors.png\" alt=\"Conectores de tanque de transformador\" width=\"230\" height=\"230\" srcset=\"https:\/\/conex-casting.com\/wp-content\/uploads\/2019\/02\/Transformer-Tank-Connectors.png 250w, https:\/\/conex-casting.com\/wp-content\/uploads\/2019\/02\/Transformer-Tank-Connectors-150x150.png 150w\" sizes=\"auto, (max-width: 230px) 100vw, 230px\" \/><\/a><figcaption id=\"caption-attachment-2827\" class=\"wp-caption-text\"><span style=\"text-decoration: underline;\"><a href=\"https:\/\/conex-casting.com\/es\/conectores-de-tanque-de-transformador\/\"><strong>Conectores de tanque de transformador<\/strong><\/a><\/span><\/figcaption><\/figure><\/td>\n<\/tr>\n<tr style=\"height: 24px;\">\n<td style=\"width: 33.3333%; height: 24px;\">\n<p><figure id=\"attachment_2829\" aria-describedby=\"caption-attachment-2829\" style=\"width: 230px\" class=\"wp-caption aligncenter\"><a href=\"https:\/\/conex-casting.com\/es\/abrazaderas-de-linea-caliente\/\"><img loading=\"lazy\" decoding=\"async\" class=\"wp-image-2829\" title=\"Conectores de tanque de transformador\" src=\"http:\/\/conex-casting.com\/wp-content\/uploads\/2019\/02\/Hot-Line-Clamps.jpg\" alt=\"Conectores de tanque de transformador\" width=\"230\" height=\"230\" srcset=\"https:\/\/conex-casting.com\/wp-content\/uploads\/2019\/02\/Hot-Line-Clamps.jpg 250w, https:\/\/conex-casting.com\/wp-content\/uploads\/2019\/02\/Hot-Line-Clamps-150x150.jpg 150w\" sizes=\"auto, (max-width: 230px) 100vw, 230px\" \/><\/a><figcaption id=\"caption-attachment-2829\" class=\"wp-caption-text\"><span style=\"text-decoration: underline;\"><a href=\"https:\/\/conex-casting.com\/es\/abrazaderas-de-linea-caliente\/\"><strong>Conectores de tanque de transformador<\/strong><\/a><\/span><\/figcaption><\/figure><\/td>\n<\/tr>\n<\/tbody>\n<\/table>\n","protected":false},"excerpt":{"rendered":"<p>Fundici\u00f3n de bronce de grado el\u00e9ctrico Consigue una cotizaci\u00f3n<\/p>\n","protected":false},"author":1,"featured_media":0,"parent":0,"menu_order":0,"comment_status":"closed","ping_status":"closed","template":"","meta":{"_joinchat":[],"footnotes":""},"class_list":["post-2819","page","type-page","status-publish","hentry"],"_links":{"self":[{"href":"https:\/\/conex-casting.com\/es\/wp-json\/wp\/v2\/pages\/2819","targetHints":{"allow":["GET"]}}],"collection":[{"href":"https:\/\/conex-casting.com\/es\/wp-json\/wp\/v2\/pages"}],"about":[{"href":"https:\/\/conex-casting.com\/es\/wp-json\/wp\/v2\/types\/page"}],"author":[{"embeddable":true,"href":"https:\/\/conex-casting.com\/es\/wp-json\/wp\/v2\/users\/1"}],"replies":[{"embeddable":true,"href":"https:\/\/conex-casting.com\/es\/wp-json\/wp\/v2\/comments?post=2819"}],"version-history":[{"count":5,"href":"https:\/\/conex-casting.com\/es\/wp-json\/wp\/v2\/pages\/2819\/revisions"}],"predecessor-version":[{"id":6322,"href":"https:\/\/conex-casting.com\/es\/wp-json\/wp\/v2\/pages\/2819\/revisions\/6322"}],"wp:attachment":[{"href":"https:\/\/conex-casting.com\/es\/wp-json\/wp\/v2\/media?parent=2819"}],"curies":[{"name":"wp","href":"https:\/\/api.w.org\/{rel}","templated":true}]}}