{"id":2831,"date":"2021-02-13T19:54:03","date_gmt":"2021-02-13T19:54:03","guid":{"rendered":"http:\/\/conex-casting.com\/?page_id=2831"},"modified":"2021-10-23T07:49:45","modified_gmt":"2021-10-23T07:49:45","slug":"pernos-de-ojo","status":"publish","type":"page","link":"https:\/\/conex-casting.com\/es\/pernos-de-ojo\/","title":{"rendered":"Pernos de ojo"},"content":{"rendered":"<p style=\"text-align: center;\"><span style=\"text-decoration: underline; color: #800000;\"><span style=\"font-size: 18pt;\"><strong>Pernos de ojo<\/strong><\/span><\/span><\/p>\n<p style=\"text-align: center;\"><a class=\"maxbutton-1 maxbutton maxbutton-product-page-button open-popup-modal\"><span class=\"mb-text\">Consigue una cotizaci\u00f3n<\/span><\/a><\/p>\n<p style=\"text-align: justify;\">Hecho de aleaci\u00f3n de cobre C955 (bronce de aluminio) aunque fundido en arena fina, a menudo se usa con un conjunto de terminales y se usa para conectar a tierra las piezas del transformador.<\/p>\n<p style=\"text-align: justify;\">Est\u00e1n fabricados en Lat\u00f3n, Cobre y Bronce en variedad de tama\u00f1os e hilos. Estos c\u00e1ncamos se utilizan para sujeciones industriales y aplicaciones el\u00e9ctricas. Fabricado seg\u00fan ASTM A489, DIN 444 y 580.<\/p>\n<table style=\"border-collapse: collapse; width: 100%;\" border=\"0\">\n<tbody>\n<tr style=\"height: 357px;\">\n<td style=\"width: 50%; height: 357px;\"><img loading=\"lazy\" decoding=\"async\" class=\"aligncenter wp-image-2833 size-medium\" title=\"Pernos de ojo\" src=\"http:\/\/conex-casting.com\/wp-content\/uploads\/2019\/02\/Eye-Bolts-02-300x300.jpg\" alt=\"Pernos de ojo\" width=\"300\" height=\"300\" srcset=\"https:\/\/conex-casting.com\/wp-content\/uploads\/2019\/02\/Eye-Bolts-02-300x300.jpg 300w, https:\/\/conex-casting.com\/wp-content\/uploads\/2019\/02\/Eye-Bolts-02-150x150.jpg 150w, https:\/\/conex-casting.com\/wp-content\/uploads\/2019\/02\/Eye-Bolts-02.jpg 350w\" sizes=\"auto, (max-width: 300px) 100vw, 300px\" \/><\/td>\n<td style=\"width: 50%; height: 357px;\"><img loading=\"lazy\" decoding=\"async\" class=\"aligncenter wp-image-2832 size-medium\" title=\"Pernos de ojo\" src=\"http:\/\/conex-casting.com\/wp-content\/uploads\/2019\/02\/Eye-Bolts-01-300x300.jpg\" alt=\"Pernos de ojo\" width=\"300\" height=\"300\" srcset=\"https:\/\/conex-casting.com\/wp-content\/uploads\/2019\/02\/Eye-Bolts-01-300x300.jpg 300w, https:\/\/conex-casting.com\/wp-content\/uploads\/2019\/02\/Eye-Bolts-01-150x150.jpg 150w, https:\/\/conex-casting.com\/wp-content\/uploads\/2019\/02\/Eye-Bolts-01.jpg 350w\" sizes=\"auto, (max-width: 300px) 100vw, 300px\" \/><\/td>\n<\/tr>\n<\/tbody>\n<\/table>\n","protected":false},"excerpt":{"rendered":"<p>Pernos de ojo Consigue una cotizaci\u00f3n Hecho de aleaci\u00f3n de cobre C955 (bronce de aluminio) aunque fundido en arena fina, a menudo se usa con un conjunto de terminales y se usa para conectar a tierra las piezas del transformador. Est\u00e1n fabricados en Lat\u00f3n, Cobre y Bronce en variedad de tama\u00f1os e hilos. Estos c\u00e1ncamos [&hellip;]<\/p>\n","protected":false},"author":1,"featured_media":0,"parent":0,"menu_order":0,"comment_status":"closed","ping_status":"closed","template":"","meta":{"_joinchat":[],"footnotes":""},"class_list":["post-2831","page","type-page","status-publish","hentry"],"_links":{"self":[{"href":"https:\/\/conex-casting.com\/es\/wp-json\/wp\/v2\/pages\/2831","targetHints":{"allow":["GET"]}}],"collection":[{"href":"https:\/\/conex-casting.com\/es\/wp-json\/wp\/v2\/pages"}],"about":[{"href":"https:\/\/conex-casting.com\/es\/wp-json\/wp\/v2\/types\/page"}],"author":[{"embeddable":true,"href":"https:\/\/conex-casting.com\/es\/wp-json\/wp\/v2\/users\/1"}],"replies":[{"embeddable":true,"href":"https:\/\/conex-casting.com\/es\/wp-json\/wp\/v2\/comments?post=2831"}],"version-history":[{"count":3,"href":"https:\/\/conex-casting.com\/es\/wp-json\/wp\/v2\/pages\/2831\/revisions"}],"predecessor-version":[{"id":6118,"href":"https:\/\/conex-casting.com\/es\/wp-json\/wp\/v2\/pages\/2831\/revisions\/6118"}],"wp:attachment":[{"href":"https:\/\/conex-casting.com\/es\/wp-json\/wp\/v2\/media?parent=2831"}],"curies":[{"name":"wp","href":"https:\/\/api.w.org\/{rel}","templated":true}]}}