{"id":2849,"date":"2021-02-14T05:18:31","date_gmt":"2021-02-14T05:18:31","guid":{"rendered":"http:\/\/conex-casting.com\/?page_id=2849"},"modified":"2021-10-23T07:52:40","modified_gmt":"2021-10-23T07:52:40","slug":"tuercas-de-bronce-de-silicio","status":"publish","type":"page","link":"https:\/\/conex-casting.com\/es\/tuercas-de-bronce-de-silicio\/","title":{"rendered":"Tuercas de bronce de silicio"},"content":{"rendered":"<p style=\"text-align: center;\"><span style=\"text-decoration: underline; color: #800000; font-size: 18pt;\"><strong>Tuercas de bronce de silicio<\/strong><\/span><\/p>\n<p style=\"text-align: center;\"><a class=\"maxbutton-1 maxbutton maxbutton-product-page-button open-popup-modal\"><span class=\"mb-text\">Consigue una cotizaci\u00f3n<\/span><\/a><\/p>\n<p style=\"text-align: justify;\">Silicon Bronze es la opci\u00f3n preferida para la mayor\u00eda de los entornos marinos debido a su resistencia superior a la corrosi\u00f3n y su durabilidad y resistencia. Las tuercas de bronce de silicio se utilizan generalmente en barcos: construcci\u00f3n naval, industrias de energ\u00eda y energ\u00eda, refiner\u00edas y la industria de la construcci\u00f3n en general.<\/p>\n<p style=\"text-align: justify;\">Nuestras tuercas de bronce de silicio est\u00e1n disponibles en tama\u00f1os que van desde M3 a M30. Los diferentes tipos de tuercas de bronce de silicio fabricados por nosotros incluyen tuercas hexagonales de bronce de silicio, tuercas cuadradas de bronce de silicio, tuercas de sombrerete abovedadas de bronce de silicio, tuercas de bloqueo, tuercas traseras con bridas, tuercas de bloqueo de bronce de silicio y tuercas de acoplamiento hexagonales de bronce de silicio, etc.<\/p>\n<p>Las tuercas de bronce de silicio est\u00e1n disponibles en las aleaciones de bronce de silicio 651 *, 655 * y 661 *.<\/p>\n<table style=\"border-collapse: collapse; width: 100%;\" border=\"1\">\n<tbody>\n<tr valign=\"top\">\n<td style=\"width: 31.954%;\">Tama\u00f1os de <strong>Tuercas de bronce de silicio<\/strong><\/td>\n<td style=\"width: 1.72414%; text-align: center;\">:<\/td>\n<td style=\"width: 66.6091%;\">3\/16\u201d , \u00bc\u201d, 5\/16\u201d, 3\/8\u201d, \u00bd\u201d, \u00be\u201d, 1\u201d, 1-1\/2\u201d and M3, M4, M5, M6, M8, M10, M12, M16, M20, M24, M30<\/td>\n<\/tr>\n<tr valign=\"top\">\n<td style=\"width: 31.954%;\">Hilos de <strong>Tuercas de bronce de silicio<\/strong><\/td>\n<td style=\"width: 1.72414%; text-align: center;\">:<\/td>\n<td style=\"width: 66.6091%;\">UNC, UNF, Metric, UNEF<\/td>\n<\/tr>\n<\/tbody>\n<\/table>\n<p><strong>Las aleaciones de bronce de silicio deben seleccionarse en funci\u00f3n de su uso previsto. Espec\u00edficamente :<\/strong><\/p>\n<ul>\n<li style=\"text-align: justify;\">La aleaci\u00f3n de bronce de silicio 651, con un 98,5 por ciento de Cu y un 1,5 por ciento de Si, suele ser la mejor en piezas con cabeza fr\u00eda.<\/li>\n<li style=\"text-align: justify;\">La aleaci\u00f3n de bronce de silicio 655, al 97 por ciento de Cu y al 3 por ciento de Si, se usa mejor para sujetadores que deben estar hechos en caliente.<\/li>\n<li style=\"text-align: justify;\">La aleaci\u00f3n de bronce de silicio 661, compuesta de 95 por ciento de Cu, 3 por ciento de Si y 0,5 por ciento de Pb, es una opci\u00f3n s\u00f3lida para piezas que requerir\u00e1n mecanizado.<\/li>\n<\/ul>\n<table style=\"border-collapse: collapse; width: 100%;\" border=\"0\">\n<tbody>\n<tr valign=\"top\">\n<td style=\"width: 50%;\"><img loading=\"lazy\" decoding=\"async\" class=\"alignleft wp-image-2850 size-full\" title=\"Tuercas de bronce de silicio\" src=\"http:\/\/conex-casting.com\/wp-content\/uploads\/2019\/02\/Silicon-Bronze-Nuts-02.jpg\" alt=\"Tuercas de bronce de silicio\" width=\"300\" height=\"300\" srcset=\"https:\/\/conex-casting.com\/wp-content\/uploads\/2019\/02\/Silicon-Bronze-Nuts-02.jpg 300w, https:\/\/conex-casting.com\/wp-content\/uploads\/2019\/02\/Silicon-Bronze-Nuts-02-150x150.jpg 150w\" sizes=\"auto, (max-width: 300px) 100vw, 300px\" \/><\/td>\n<\/tr>\n<\/tbody>\n<\/table>\n","protected":false},"excerpt":{"rendered":"<p>Tuercas de bronce de silicio Consigue una cotizaci\u00f3n Silicon Bronze es la opci\u00f3n preferida para la mayor\u00eda de los entornos marinos debido a su resistencia superior a la corrosi\u00f3n y su durabilidad y resistencia. Las tuercas de bronce de silicio se utilizan generalmente en barcos: construcci\u00f3n naval, industrias de energ\u00eda y energ\u00eda, refiner\u00edas y la [&hellip;]<\/p>\n","protected":false},"author":1,"featured_media":0,"parent":0,"menu_order":0,"comment_status":"closed","ping_status":"closed","template":"","meta":{"_joinchat":[],"footnotes":""},"class_list":["post-2849","page","type-page","status-publish","hentry"],"_links":{"self":[{"href":"https:\/\/conex-casting.com\/es\/wp-json\/wp\/v2\/pages\/2849","targetHints":{"allow":["GET"]}}],"collection":[{"href":"https:\/\/conex-casting.com\/es\/wp-json\/wp\/v2\/pages"}],"about":[{"href":"https:\/\/conex-casting.com\/es\/wp-json\/wp\/v2\/types\/page"}],"author":[{"embeddable":true,"href":"https:\/\/conex-casting.com\/es\/wp-json\/wp\/v2\/users\/1"}],"replies":[{"embeddable":true,"href":"https:\/\/conex-casting.com\/es\/wp-json\/wp\/v2\/comments?post=2849"}],"version-history":[{"count":3,"href":"https:\/\/conex-casting.com\/es\/wp-json\/wp\/v2\/pages\/2849\/revisions"}],"predecessor-version":[{"id":6133,"href":"https:\/\/conex-casting.com\/es\/wp-json\/wp\/v2\/pages\/2849\/revisions\/6133"}],"wp:attachment":[{"href":"https:\/\/conex-casting.com\/es\/wp-json\/wp\/v2\/media?parent=2849"}],"curies":[{"name":"wp","href":"https:\/\/api.w.org\/{rel}","templated":true}]}}