{"id":2852,"date":"2021-02-14T05:24:00","date_gmt":"2021-02-14T05:24:00","guid":{"rendered":"http:\/\/conex-casting.com\/?page_id=2852"},"modified":"2021-10-23T07:48:01","modified_gmt":"2021-10-23T07:48:01","slug":"moldeado-de-carcasa","status":"publish","type":"page","link":"https:\/\/conex-casting.com\/es\/moldeado-de-carcasa\/","title":{"rendered":"Moldeado de carcasa"},"content":{"rendered":"\n<p style=\"text-align: center;\"><span style=\"text-decoration: underline; color: #800000;\"><span style=\"font-size: 18pt;\"><strong>Moldeado de carcasa<\/strong><\/span><\/span><\/p>\n<p style=\"text-align: center;\"><a class=\"maxbutton-1 maxbutton maxbutton-product-page-button open-popup-modal\"><span class=\"mb-text\">Consigue una cotizaci\u00f3n<\/span><\/a><\/p>\n<p style=\"text-align: justify;\">El moldeado de concha es un proceso de fundici\u00f3n de molde desechable que utiliza una arena cubierta de resina para formar el molde. En comparaci\u00f3n con la fundici\u00f3n en arena, este proceso tiene una mejor precisi\u00f3n dimensional, una mayor tasa de productividad y menores requisitos de mano de obra. A menudo se utiliza para producir fundiciones m\u00e1s grandes con muchos contornos finos. Las herramientas necesarias para este tipo de fundici\u00f3n son extensas y caras. Por lo tanto, se prefiere el moldeado de carcasa solo para la producci\u00f3n en masa a gran escala.<\/p>\n<table style=\"border-collapse: collapse; width: 100%;\">\n<tbody>\n<tr>\n<td style=\"width: 16.4367%;\"><b>Materials<\/b><\/td>\n<td style=\"width: 3.33332%; text-align: center;\">:<\/td>\n<td style=\"width: 80.2299%;\">Lat\u00f3n, Lat\u00f3n rojo, Gun Metal, Bronce de aluminio, Bronce de magnesio y Bronce de silicio.<\/td>\n<\/tr>\n<tr>\n<td style=\"width: 16.4367%;\"><b>Tama\u00f1os<\/b><\/td>\n<td style=\"width: 3.33332%; text-align: center;\">:<\/td>\n<td style=\"width: 80.2299%;\">20gm to 20kgs.<\/td>\n<\/tr>\n<\/tbody>\n<\/table>\n<table style=\"border-collapse: collapse; width: 100%; height: 282px;\">\n<tbody>\n<tr>\n<td style=\"width: 33.3333%;\">\n<figure id=\"attachment_2853\" aria-describedby=\"caption-attachment-2853\" style=\"width: 230px\" class=\"wp-caption aligncenter\"><a href=\"https:\/\/conex-casting.com\/es\/piezas-de-moldeo-de-carcasa-de-laton\/\"><img loading=\"lazy\" decoding=\"async\" class=\"wp-image-2853\" title=\"Piezas de moldeo de carcasa de lat\u00f3n\" src=\"http:\/\/conex-casting.com\/wp-content\/uploads\/2020\/08\/Brass-Shell-Molding-Parts-01.jpg\" alt=\"Piezas de moldeo de carcasa de lat\u00f3n\" width=\"230\" height=\"230\" srcset=\"https:\/\/conex-casting.com\/wp-content\/uploads\/2020\/08\/Brass-Shell-Molding-Parts-01.jpg 250w, https:\/\/conex-casting.com\/wp-content\/uploads\/2020\/08\/Brass-Shell-Molding-Parts-01-150x150.jpg 150w\" sizes=\"auto, (max-width: 230px) 100vw, 230px\" \/><\/a><figcaption id=\"caption-attachment-2853\" class=\"wp-caption-text\"><a href=\"https:\/\/conex-casting.com\/es\/piezas-de-moldeo-de-carcasa-de-laton\/\"><span style=\"text-decoration: underline;\"><strong>Piezas de moldeo de carcasa de lat\u00f3nBrass Shell Molding Parts<\/strong><\/span><\/a><\/figcaption><\/figure>\n<\/td>\n<td style=\"width: 33.3333%;\">\n<figure id=\"attachment_2854\" aria-describedby=\"caption-attachment-2854\" style=\"width: 230px\" class=\"wp-caption aligncenter\"><a href=\"https:\/\/conex-casting.com\/es\/piezas-de-moldeo-de-carcasa-de-bronce\/\"><img loading=\"lazy\" decoding=\"async\" class=\"wp-image-2854\" title=\"Piezas de moldeo de carcasa de bronce\" src=\"http:\/\/conex-casting.com\/wp-content\/uploads\/2020\/08\/Bronze-Shell-Molding-Parts-01.jpg\" alt=\"Piezas de moldeo de carcasa de bronce\" width=\"230\" height=\"230\" srcset=\"https:\/\/conex-casting.com\/wp-content\/uploads\/2020\/08\/Bronze-Shell-Molding-Parts-01.jpg 250w, https:\/\/conex-casting.com\/wp-content\/uploads\/2020\/08\/Bronze-Shell-Molding-Parts-01-150x150.jpg 150w\" sizes=\"auto, (max-width: 230px) 100vw, 230px\" \/><\/a><figcaption id=\"caption-attachment-2854\" class=\"wp-caption-text\"><a href=\"https:\/\/conex-casting.com\/es\/piezas-de-moldeo-de-carcasa-de-bronce\/\"><span style=\"text-decoration: underline;\"><strong>Piezas de moldeo de carcasa de bronceBronze Shell Molding Parts<\/strong><\/span><\/a><\/figcaption><\/figure>\n<\/td>\n<\/tr>\n<\/tbody>\n<\/table>\n","protected":false},"excerpt":{"rendered":"<p>Moldeado de carcasa Consigue una cotizaci\u00f3n El moldeado de concha es un proceso de fundici\u00f3n de molde desechable que utiliza una arena cubierta de resina para formar el molde. En comparaci\u00f3n con la fundici\u00f3n en arena, este proceso tiene una mejor precisi\u00f3n dimensional, una mayor tasa de productividad y menores requisitos de mano de obra. [&hellip;]<\/p>\n","protected":false},"author":1,"featured_media":0,"parent":0,"menu_order":0,"comment_status":"closed","ping_status":"closed","template":"","meta":{"_joinchat":[],"footnotes":""},"class_list":["post-2852","page","type-page","status-publish","hentry"],"_links":{"self":[{"href":"https:\/\/conex-casting.com\/es\/wp-json\/wp\/v2\/pages\/2852","targetHints":{"allow":["GET"]}}],"collection":[{"href":"https:\/\/conex-casting.com\/es\/wp-json\/wp\/v2\/pages"}],"about":[{"href":"https:\/\/conex-casting.com\/es\/wp-json\/wp\/v2\/types\/page"}],"author":[{"embeddable":true,"href":"https:\/\/conex-casting.com\/es\/wp-json\/wp\/v2\/users\/1"}],"replies":[{"embeddable":true,"href":"https:\/\/conex-casting.com\/es\/wp-json\/wp\/v2\/comments?post=2852"}],"version-history":[{"count":3,"href":"https:\/\/conex-casting.com\/es\/wp-json\/wp\/v2\/pages\/2852\/revisions"}],"predecessor-version":[{"id":6113,"href":"https:\/\/conex-casting.com\/es\/wp-json\/wp\/v2\/pages\/2852\/revisions\/6113"}],"wp:attachment":[{"href":"https:\/\/conex-casting.com\/es\/wp-json\/wp\/v2\/media?parent=2852"}],"curies":[{"name":"wp","href":"https:\/\/api.w.org\/{rel}","templated":true}]}}