{"id":2856,"date":"2021-02-14T05:28:18","date_gmt":"2021-02-14T05:28:18","guid":{"rendered":"http:\/\/conex-casting.com\/?page_id=2856"},"modified":"2021-10-23T07:50:02","modified_gmt":"2021-10-23T07:50:02","slug":"abrazaderas-de-refuerzo","status":"publish","type":"page","link":"https:\/\/conex-casting.com\/es\/abrazaderas-de-refuerzo\/","title":{"rendered":"Abrazaderas de refuerzo"},"content":{"rendered":"<p style=\"text-align: center;\"><span style=\"text-decoration: underline; color: #800000;\"><span style=\"font-size: 18pt;\"><strong>Abrazaderas de refuerzo<\/strong><\/span><\/span><\/p>\n<p style=\"text-align: center;\"><a class=\"maxbutton-1 maxbutton maxbutton-product-page-button open-popup-modal\"><span class=\"mb-text\">Consigue una cotizaci\u00f3n<\/span><\/a><\/p>\n<p style=\"text-align: justify;\">La abrazadera de barra de refuerzo es muy similar a la abrazadera de tuber\u00eda en su uso y funci\u00f3n. La abrazadera est\u00e1 hecha de aleaci\u00f3n de bronce de alta resistencia y herrajes de acero. La secci\u00f3n de colocaci\u00f3n en la parte superior hace que sea r\u00e1pido de instalar y f\u00e1cil de usar.<\/p>\n<table style=\"border-collapse: collapse; width: 100%;\" border=\"0\">\n<tbody>\n<tr>\n<td style=\"width: 50%;\"><img loading=\"lazy\" decoding=\"async\" class=\"aligncenter wp-image-2857 size-medium\" title=\"Abrazaderas de refuerzo\" src=\"http:\/\/conex-casting.com\/wp-content\/uploads\/2019\/02\/Rebar-Clamps-01-300x300.jpg\" alt=\"Abrazaderas de refuerzo\" width=\"300\" height=\"300\" srcset=\"https:\/\/conex-casting.com\/wp-content\/uploads\/2019\/02\/Rebar-Clamps-01-300x300.jpg 300w, https:\/\/conex-casting.com\/wp-content\/uploads\/2019\/02\/Rebar-Clamps-01-150x150.jpg 150w, https:\/\/conex-casting.com\/wp-content\/uploads\/2019\/02\/Rebar-Clamps-01.jpg 350w\" sizes=\"auto, (max-width: 300px) 100vw, 300px\" \/><\/td>\n<td style=\"width: 50%;\"><img loading=\"lazy\" decoding=\"async\" class=\"aligncenter wp-image-2858 size-medium\" title=\"Abrazaderas de refuerzo\" src=\"http:\/\/conex-casting.com\/wp-content\/uploads\/2019\/02\/Rebar-Clamps-02-300x300.jpg\" alt=\"Abrazaderas de refuerzo\" width=\"300\" height=\"300\" srcset=\"https:\/\/conex-casting.com\/wp-content\/uploads\/2019\/02\/Rebar-Clamps-02-300x300.jpg 300w, https:\/\/conex-casting.com\/wp-content\/uploads\/2019\/02\/Rebar-Clamps-02-150x150.jpg 150w, https:\/\/conex-casting.com\/wp-content\/uploads\/2019\/02\/Rebar-Clamps-02.jpg 350w\" sizes=\"auto, (max-width: 300px) 100vw, 300px\" \/><\/td>\n<\/tr>\n<\/tbody>\n<\/table>\n","protected":false},"excerpt":{"rendered":"<p>Abrazaderas de refuerzo Consigue una cotizaci\u00f3n La abrazadera de barra de refuerzo es muy similar a la abrazadera de tuber\u00eda en su uso y funci\u00f3n. La abrazadera est\u00e1 hecha de aleaci\u00f3n de bronce de alta resistencia y herrajes de acero. La secci\u00f3n de colocaci\u00f3n en la parte superior hace que sea r\u00e1pido de instalar y [&hellip;]<\/p>\n","protected":false},"author":1,"featured_media":0,"parent":0,"menu_order":0,"comment_status":"closed","ping_status":"closed","template":"","meta":{"_joinchat":[],"footnotes":""},"class_list":["post-2856","page","type-page","status-publish","hentry"],"_links":{"self":[{"href":"https:\/\/conex-casting.com\/es\/wp-json\/wp\/v2\/pages\/2856","targetHints":{"allow":["GET"]}}],"collection":[{"href":"https:\/\/conex-casting.com\/es\/wp-json\/wp\/v2\/pages"}],"about":[{"href":"https:\/\/conex-casting.com\/es\/wp-json\/wp\/v2\/types\/page"}],"author":[{"embeddable":true,"href":"https:\/\/conex-casting.com\/es\/wp-json\/wp\/v2\/users\/1"}],"replies":[{"embeddable":true,"href":"https:\/\/conex-casting.com\/es\/wp-json\/wp\/v2\/comments?post=2856"}],"version-history":[{"count":3,"href":"https:\/\/conex-casting.com\/es\/wp-json\/wp\/v2\/pages\/2856\/revisions"}],"predecessor-version":[{"id":6120,"href":"https:\/\/conex-casting.com\/es\/wp-json\/wp\/v2\/pages\/2856\/revisions\/6120"}],"wp:attachment":[{"href":"https:\/\/conex-casting.com\/es\/wp-json\/wp\/v2\/media?parent=2856"}],"curies":[{"name":"wp","href":"https:\/\/api.w.org\/{rel}","templated":true}]}}