{"id":2860,"date":"2021-02-14T05:31:27","date_gmt":"2021-02-14T05:31:27","guid":{"rendered":"http:\/\/conex-casting.com\/?page_id=2860"},"modified":"2021-03-04T14:35:17","modified_gmt":"2021-03-04T14:35:17","slug":"calidad","status":"publish","type":"page","link":"https:\/\/conex-casting.com\/es\/calidad\/","title":{"rendered":"Calidad"},"content":{"rendered":"<p><img loading=\"lazy\" decoding=\"async\" class=\"size-full wp-image-2861 aligncenter\" src=\"http:\/\/conex-casting.com\/wp-content\/uploads\/2018\/07\/quality-control-1.jpg\" alt=\"\" width=\"500\" height=\"223\" srcset=\"https:\/\/conex-casting.com\/wp-content\/uploads\/2018\/07\/quality-control-1.jpg 500w, https:\/\/conex-casting.com\/wp-content\/uploads\/2018\/07\/quality-control-1-300x134.jpg 300w\" sizes=\"auto, (max-width: 500px) 100vw, 500px\" \/><\/p>\n<p class=\"marg-lg-b30\" style=\"text-align: justify;\">La calidad es importante para nuestro negocio porque valoramos a nuestros clientes y sus negocios repetidos. Nos esforzamos por ofrecer a nuestros clientes productos y servicios que cumplan o superen sus expectativas y conduzcan a una relaci\u00f3n duradera y exitosa entre nosotros. Nos enorgullecemos de tener una relaci\u00f3n duradera con nuestros clientes y ser una ventanilla \u00fanica para todas sus necesidades de componentes de lat\u00f3n.<\/p>\n<p style=\"text-align: justify;\">Nuestro estricto cumplimiento de los m\u00e1s altos est\u00e1ndares de calidad nos ha llevado a donde estamos. Comenzamos como una empresa familiar hace 33 a\u00f1os y hoy nos hemos convertido en uno de los mayores exportadores de componentes de lat\u00f3n de la India.<\/p>\n<p style=\"text-align: justify;\">Esta pol\u00edtica se publica en la oficina de la empresa y se espera que todos los empleados se esfuercen todos los d\u00edas en su trabajo para cumplirla.<\/p>\n","protected":false},"excerpt":{"rendered":"<p>La calidad es importante para nuestro negocio porque valoramos a nuestros clientes y sus negocios repetidos. Nos esforzamos por ofrecer a nuestros clientes productos y servicios que cumplan o superen sus expectativas y conduzcan a una relaci\u00f3n duradera y exitosa entre nosotros. Nos enorgullecemos de tener una relaci\u00f3n duradera con nuestros clientes y ser una [&hellip;]<\/p>\n","protected":false},"author":1,"featured_media":0,"parent":0,"menu_order":0,"comment_status":"closed","ping_status":"closed","template":"","meta":{"_joinchat":[],"footnotes":""},"class_list":["post-2860","page","type-page","status-publish","hentry"],"_links":{"self":[{"href":"https:\/\/conex-casting.com\/es\/wp-json\/wp\/v2\/pages\/2860","targetHints":{"allow":["GET"]}}],"collection":[{"href":"https:\/\/conex-casting.com\/es\/wp-json\/wp\/v2\/pages"}],"about":[{"href":"https:\/\/conex-casting.com\/es\/wp-json\/wp\/v2\/types\/page"}],"author":[{"embeddable":true,"href":"https:\/\/conex-casting.com\/es\/wp-json\/wp\/v2\/users\/1"}],"replies":[{"embeddable":true,"href":"https:\/\/conex-casting.com\/es\/wp-json\/wp\/v2\/comments?post=2860"}],"version-history":[{"count":4,"href":"https:\/\/conex-casting.com\/es\/wp-json\/wp\/v2\/pages\/2860\/revisions"}],"predecessor-version":[{"id":4415,"href":"https:\/\/conex-casting.com\/es\/wp-json\/wp\/v2\/pages\/2860\/revisions\/4415"}],"wp:attachment":[{"href":"https:\/\/conex-casting.com\/es\/wp-json\/wp\/v2\/media?parent=2860"}],"curies":[{"name":"wp","href":"https:\/\/api.w.org\/{rel}","templated":true}]}}