{"id":2879,"date":"2021-02-14T05:45:07","date_gmt":"2021-02-14T05:45:07","guid":{"rendered":"http:\/\/conex-casting.com\/?page_id=2879"},"modified":"2021-10-23T07:49:54","modified_gmt":"2021-10-23T07:49:54","slug":"lay-in-lugs","status":"publish","type":"page","link":"https:\/\/conex-casting.com\/es\/lay-in-lugs\/","title":{"rendered":"Lay in Lugs"},"content":{"rendered":"<p style=\"text-align: center;\"><span style=\"text-decoration: underline; color: #800000;\"><span style=\"font-size: 18pt;\"><strong>Lay in Lugs<\/strong><\/span><\/span><\/p>\n<p style=\"text-align: center;\"><a class=\"maxbutton-1 maxbutton maxbutton-product-page-button open-popup-modal\"><span class=\"mb-text\">Consigue una cotizaci\u00f3n<\/span><\/a><\/p>\n<p style=\"text-align: justify;\">Hecho de 99,99% de cobre y tiene un dentado al final. El tornillo de fijaci\u00f3n del cable est\u00e1 hecho de acero inoxidable. Es adecuado para conductores de aluminio y cobre y tiene un gran uso en la instalaci\u00f3n de cables en un panel solar.<\/p>\n<table style=\"border-collapse: collapse; width: 100%;\" border=\"0\">\n<tbody>\n<tr>\n<td style=\"width: 50%;\"><img loading=\"lazy\" decoding=\"async\" class=\"aligncenter wp-image-2880 size-full\" title=\"Lay in Lugs\" src=\"http:\/\/conex-casting.com\/wp-content\/uploads\/2019\/02\/Lay-in-Lugs-01.jpg\" alt=\"Lay in Lugs\" width=\"300\" height=\"300\" srcset=\"https:\/\/conex-casting.com\/wp-content\/uploads\/2019\/02\/Lay-in-Lugs-01.jpg 350w, https:\/\/conex-casting.com\/wp-content\/uploads\/2019\/02\/Lay-in-Lugs-01-150x150.jpg 150w, https:\/\/conex-casting.com\/wp-content\/uploads\/2019\/02\/Lay-in-Lugs-01-300x300.jpg 300w\" sizes=\"auto, (max-width: 300px) 100vw, 300px\" \/><\/td>\n<td style=\"width: 50%;\"><img loading=\"lazy\" decoding=\"async\" class=\"aligncenter wp-image-2881 size-full\" title=\"Lay in Lugs\" src=\"http:\/\/conex-casting.com\/wp-content\/uploads\/2019\/02\/Lay-in-Lugs-02.jpg\" alt=\"Lay in Lugs\" width=\"300\" height=\"300\" srcset=\"https:\/\/conex-casting.com\/wp-content\/uploads\/2019\/02\/Lay-in-Lugs-02.jpg 350w, https:\/\/conex-casting.com\/wp-content\/uploads\/2019\/02\/Lay-in-Lugs-02-150x150.jpg 150w, https:\/\/conex-casting.com\/wp-content\/uploads\/2019\/02\/Lay-in-Lugs-02-300x300.jpg 300w\" sizes=\"auto, (max-width: 300px) 100vw, 300px\" \/><\/td>\n<\/tr>\n<\/tbody>\n<\/table>\n","protected":false},"excerpt":{"rendered":"<p>Lay in Lugs Consigue una cotizaci\u00f3n Hecho de 99,99% de cobre y tiene un dentado al final. El tornillo de fijaci\u00f3n del cable est\u00e1 hecho de acero inoxidable. Es adecuado para conductores de aluminio y cobre y tiene un gran uso en la instalaci\u00f3n de cables en un panel solar.<\/p>\n","protected":false},"author":1,"featured_media":0,"parent":0,"menu_order":0,"comment_status":"closed","ping_status":"closed","template":"","meta":{"_joinchat":[],"footnotes":""},"class_list":["post-2879","page","type-page","status-publish","hentry"],"_links":{"self":[{"href":"https:\/\/conex-casting.com\/es\/wp-json\/wp\/v2\/pages\/2879","targetHints":{"allow":["GET"]}}],"collection":[{"href":"https:\/\/conex-casting.com\/es\/wp-json\/wp\/v2\/pages"}],"about":[{"href":"https:\/\/conex-casting.com\/es\/wp-json\/wp\/v2\/types\/page"}],"author":[{"embeddable":true,"href":"https:\/\/conex-casting.com\/es\/wp-json\/wp\/v2\/users\/1"}],"replies":[{"embeddable":true,"href":"https:\/\/conex-casting.com\/es\/wp-json\/wp\/v2\/comments?post=2879"}],"version-history":[{"count":3,"href":"https:\/\/conex-casting.com\/es\/wp-json\/wp\/v2\/pages\/2879\/revisions"}],"predecessor-version":[{"id":6119,"href":"https:\/\/conex-casting.com\/es\/wp-json\/wp\/v2\/pages\/2879\/revisions\/6119"}],"wp:attachment":[{"href":"https:\/\/conex-casting.com\/es\/wp-json\/wp\/v2\/media?parent=2879"}],"curies":[{"name":"wp","href":"https:\/\/api.w.org\/{rel}","templated":true}]}}