{"id":2883,"date":"2021-02-14T05:51:13","date_gmt":"2021-02-14T05:51:13","guid":{"rendered":"http:\/\/conex-casting.com\/?page_id=2883"},"modified":"2021-10-23T07:47:48","modified_gmt":"2021-10-23T07:47:48","slug":"casting-de-inversion","status":"publish","type":"page","link":"https:\/\/conex-casting.com\/es\/casting-de-inversion\/","title":{"rendered":"Casting de inversi\u00f3n"},"content":{"rendered":"<p style=\"text-align: center;\"><span style=\"text-decoration: underline;\"><span style=\"font-size: 18pt;\"><strong><span style=\"color: #800000; text-decoration: underline;\">Casting de inversi\u00f3n<\/span><\/strong><\/span><\/span><\/p>\n<p style=\"text-align: center;\"><a class=\"maxbutton-1 maxbutton maxbutton-product-page-button open-popup-modal\"><span class=\"mb-text\">Consigue una cotizaci\u00f3n<\/span><\/a><\/p>\n<p style=\"text-align: justify;\"><b>Casting de inversi\u00f3n<\/b>&nbsp;es un proceso industrial basado en la fundici\u00f3n a la cera perdida, una de las t\u00e9cnicas de formaci\u00f3n de metales m\u00e1s antiguas que se conocen. El t\u00e9rmino \u00abfundici\u00f3n a la cera perdida\u00bb tambi\u00e9n puede referirse a los procesos modernos de fundici\u00f3n a la cera perdida.<\/p>\n<p style=\"text-align: justify;\">La fundici\u00f3n a la cera perdida se ha utilizado de diversas formas durante los \u00faltimos 5.000 a\u00f1os. En sus formas m\u00e1s tempranas, la cera de abejas se usaba para formar patrones necesarios para el proceso de fundici\u00f3n. Hoy en d\u00eda, las ceras m\u00e1s avanzadas, los materiales refractarios y las aleaciones especializadas se utilizan normalmente para hacer patrones. La fundici\u00f3n por inversi\u00f3n se valora por su capacidad para producir componentes con precisi\u00f3n, repetibilidad, versatilidad e integridad en una variedad de metales y aleaciones de alto rendimiento.<\/p>\n<p><strong>Ventajas :<\/strong><\/p>\n<ul>\n<li>Excelente acabado superficial<\/li>\n<li>Alta precisi\u00f3n dimensional<\/li>\n<li>Las piezas extremadamente intrincadas se pueden moldear<\/li>\n<li>Casi cualquier metal se puede fundir<\/li>\n<li>Sin destellos ni l\u00edneas de separaci\u00f3n<\/li>\n<\/ul>\n<table style=\"border-collapse: collapse; width: 100%;\" border=\"0\">\n<tbody>\n<tr>\n<td style=\"width: 33.3333%;\">\n<p><figure id=\"attachment_3242\" aria-describedby=\"caption-attachment-3242\" style=\"width: 230px\" class=\"wp-caption aligncenter\"><a href=\"https:\/\/conex-casting.com\/es\/fundicion-de-inversion-de-acero-inoxidable\/\"><img loading=\"lazy\" decoding=\"async\" class=\"wp-image-3242\" title=\"Fundici\u00f3n de inversi\u00f3n de acero inoxidable\" src=\"http:\/\/conex-casting.com\/wp-content\/uploads\/2019\/02\/Stainless-Steel-Investment-Casting-02.jpg\" alt=\"Fundici\u00f3n de inversi\u00f3n de acero inoxidable\" width=\"230\" height=\"230\" srcset=\"https:\/\/conex-casting.com\/wp-content\/uploads\/2019\/02\/Stainless-Steel-Investment-Casting-02.jpg 250w, https:\/\/conex-casting.com\/wp-content\/uploads\/2019\/02\/Stainless-Steel-Investment-Casting-02-150x150.jpg 150w\" sizes=\"auto, (max-width: 230px) 100vw, 230px\" \/><\/a><figcaption id=\"caption-attachment-3242\" class=\"wp-caption-text\"><span style=\"text-decoration: underline;\"><strong><a href=\"https:\/\/conex-casting.com\/es\/fundicion-de-inversion-de-acero-inoxidable\/\">Fundici\u00f3n de inversi\u00f3n de acero inoxidable<\/a><\/strong><\/span><\/figcaption><\/figure><\/td>\n<td style=\"width: 33.3333%;\">\n<p><figure id=\"attachment_2710\" aria-describedby=\"caption-attachment-2710\" style=\"width: 230px\" class=\"wp-caption aligncenter\"><a href=\"https:\/\/conex-casting.com\/es\/fundicion-de-inversion-de-laton\/\"><img loading=\"lazy\" decoding=\"async\" class=\"wp-image-2710\" title=\"Inversi\u00f3n de lat\u00f3n Fundici\u00f3n\" src=\"http:\/\/conex-casting.com\/wp-content\/uploads\/2019\/02\/Brass-Investment-Casting-01-1.jpg\" alt=\"Inversi\u00f3n de lat\u00f3n Fundici\u00f3n\" width=\"230\" height=\"230\" srcset=\"https:\/\/conex-casting.com\/wp-content\/uploads\/2019\/02\/Brass-Investment-Casting-01-1.jpg 250w, https:\/\/conex-casting.com\/wp-content\/uploads\/2019\/02\/Brass-Investment-Casting-01-1-150x150.jpg 150w\" sizes=\"auto, (max-width: 230px) 100vw, 230px\" \/><\/a><figcaption id=\"caption-attachment-2710\" class=\"wp-caption-text\"><a href=\"https:\/\/conex-casting.com\/es\/fundicion-de-inversion-de-laton\/\"><strong><span style=\"text-decoration: underline;\">Inversi\u00f3n de lat\u00f3n <\/span><br \/><span style=\"text-decoration: underline;\">Fundici\u00f3n<\/span><\/strong><\/a><\/figcaption><\/figure><\/td>\n<td style=\"width: 33.3333%;\">\n<p><figure id=\"attachment_2723\" aria-describedby=\"caption-attachment-2723\" style=\"width: 230px\" class=\"wp-caption aligncenter\"><a href=\"https:\/\/conex-casting.com\/es\/fundicion-de-bronce-de-inversion\/\"><img loading=\"lazy\" decoding=\"async\" class=\"wp-image-2723\" title=\"Inversi\u00f3n bronce fundici\u00f3n\" src=\"http:\/\/conex-casting.com\/wp-content\/uploads\/2019\/02\/bronze-casting-01.jpg\" alt=\"Inversi\u00f3n bronce fundici\u00f3n\" width=\"230\" height=\"230\" srcset=\"https:\/\/conex-casting.com\/wp-content\/uploads\/2019\/02\/bronze-casting-01.jpg 250w, https:\/\/conex-casting.com\/wp-content\/uploads\/2019\/02\/bronze-casting-01-150x150.jpg 150w\" sizes=\"auto, (max-width: 230px) 100vw, 230px\" \/><\/a><figcaption id=\"caption-attachment-2723\" class=\"wp-caption-text\"><span style=\"text-decoration: underline;\"><a href=\"https:\/\/conex-casting.com\/es\/fundicion-de-bronce-de-inversion\/\"><strong>Inversi\u00f3n Bronce <br \/>Fundici\u00f3n<\/strong><\/a><\/span><\/figcaption><\/figure><\/td>\n<\/tr>\n<tr>\n<td style=\"width: 33.3333%;\"><\/td>\n<\/tr>\n<\/tbody>\n<\/table>\n","protected":false},"excerpt":{"rendered":"<p>Casting de inversi\u00f3n Consigue una cotizaci\u00f3n Casting de inversi\u00f3n&nbsp;es un proceso industrial basado en la fundici\u00f3n a la cera perdida, una de las t\u00e9cnicas de formaci\u00f3n de metales m\u00e1s antiguas que se conocen. El t\u00e9rmino \u00abfundici\u00f3n a la cera perdida\u00bb tambi\u00e9n puede referirse a los procesos modernos de fundici\u00f3n a la cera perdida. La fundici\u00f3n [&hellip;]<\/p>\n","protected":false},"author":1,"featured_media":0,"parent":0,"menu_order":0,"comment_status":"closed","ping_status":"closed","template":"","meta":{"_joinchat":[],"footnotes":""},"class_list":["post-2883","page","type-page","status-publish","hentry"],"_links":{"self":[{"href":"https:\/\/conex-casting.com\/es\/wp-json\/wp\/v2\/pages\/2883","targetHints":{"allow":["GET"]}}],"collection":[{"href":"https:\/\/conex-casting.com\/es\/wp-json\/wp\/v2\/pages"}],"about":[{"href":"https:\/\/conex-casting.com\/es\/wp-json\/wp\/v2\/types\/page"}],"author":[{"embeddable":true,"href":"https:\/\/conex-casting.com\/es\/wp-json\/wp\/v2\/users\/1"}],"replies":[{"embeddable":true,"href":"https:\/\/conex-casting.com\/es\/wp-json\/wp\/v2\/comments?post=2883"}],"version-history":[{"count":3,"href":"https:\/\/conex-casting.com\/es\/wp-json\/wp\/v2\/pages\/2883\/revisions"}],"predecessor-version":[{"id":6112,"href":"https:\/\/conex-casting.com\/es\/wp-json\/wp\/v2\/pages\/2883\/revisions\/6112"}],"wp:attachment":[{"href":"https:\/\/conex-casting.com\/es\/wp-json\/wp\/v2\/media?parent=2883"}],"curies":[{"name":"wp","href":"https:\/\/api.w.org\/{rel}","templated":true}]}}