{"id":2907,"date":"2021-02-14T06:11:34","date_gmt":"2021-02-14T06:11:34","guid":{"rendered":"http:\/\/conex-casting.com\/?page_id=2907"},"modified":"2021-10-23T07:49:22","modified_gmt":"2021-10-23T07:49:22","slug":"abrazaderas-de-varilla-de-tierra","status":"publish","type":"page","link":"https:\/\/conex-casting.com\/es\/abrazaderas-de-varilla-de-tierra\/","title":{"rendered":"Abrazaderas de varilla de tierra"},"content":{"rendered":"<p style=\"text-align: center;\"><span style=\"text-decoration: underline; color: #800000;\"><span style=\"font-size: 18pt;\"><strong>Abrazaderas de varilla de tierra<\/strong><\/span><\/span><\/p>\n<p style=\"text-align: justify;\">Se utiliza para sujetar cables de cobre a varillas de tierra para enterrarlos en la tierra. Hecho de aleaci\u00f3n de cobre como C955 con fundici\u00f3n de arena fina. El hardware est\u00e1 disponible en bronce y acero inoxidable. Rango de 3\/8 \u00aba 3\/4\u00bb.<\/p>\n<p style=\"text-align: center;\"><a class=\"maxbutton-1 maxbutton maxbutton-product-page-button open-popup-modal\"><span class=\"mb-text\">Consigue una cotizaci\u00f3n<\/span><\/a><\/p>\n<table style=\"border-collapse: collapse; width: 100%;\" border=\"0\">\n<tbody>\n<tr>\n<td style=\"width: 50%;\"><img loading=\"lazy\" decoding=\"async\" class=\"aligncenter wp-image-2908 size-medium\" title=\"Abrazaderas de varilla de tierra\" src=\"http:\/\/conex-casting.com\/wp-content\/uploads\/2019\/02\/Ground-Rod-Clamps-01-300x300.jpg\" alt=\"Abrazaderas de varilla de tierra\" width=\"300\" height=\"300\" srcset=\"https:\/\/conex-casting.com\/wp-content\/uploads\/2019\/02\/Ground-Rod-Clamps-01-300x300.jpg 300w, https:\/\/conex-casting.com\/wp-content\/uploads\/2019\/02\/Ground-Rod-Clamps-01-150x150.jpg 150w, https:\/\/conex-casting.com\/wp-content\/uploads\/2019\/02\/Ground-Rod-Clamps-01.jpg 350w\" sizes=\"auto, (max-width: 300px) 100vw, 300px\" \/><\/td>\n<td style=\"width: 50%;\"><img loading=\"lazy\" decoding=\"async\" class=\"aligncenter wp-image-2909 size-medium\" title=\"Abrazaderas de varilla de tierra\" src=\"http:\/\/conex-casting.com\/wp-content\/uploads\/2019\/02\/Ground-Rod-Clamps-02-300x300.jpg\" alt=\"Abrazaderas de varilla de tierra\" width=\"300\" height=\"300\" srcset=\"https:\/\/conex-casting.com\/wp-content\/uploads\/2019\/02\/Ground-Rod-Clamps-02-300x300.jpg 300w, https:\/\/conex-casting.com\/wp-content\/uploads\/2019\/02\/Ground-Rod-Clamps-02-150x150.jpg 150w, https:\/\/conex-casting.com\/wp-content\/uploads\/2019\/02\/Ground-Rod-Clamps-02.jpg 350w\" sizes=\"auto, (max-width: 300px) 100vw, 300px\" \/><\/td>\n<\/tr>\n<\/tbody>\n<\/table>\n","protected":false},"excerpt":{"rendered":"<p>Abrazaderas de varilla de tierra Se utiliza para sujetar cables de cobre a varillas de tierra para enterrarlos en la tierra. Hecho de aleaci\u00f3n de cobre como C955 con fundici\u00f3n de arena fina. El hardware est\u00e1 disponible en bronce y acero inoxidable. Rango de 3\/8 \u00aba 3\/4\u00bb. Consigue una cotizaci\u00f3n<\/p>\n","protected":false},"author":1,"featured_media":0,"parent":0,"menu_order":0,"comment_status":"closed","ping_status":"closed","template":"","meta":{"_joinchat":[],"footnotes":""},"class_list":["post-2907","page","type-page","status-publish","hentry"],"_links":{"self":[{"href":"https:\/\/conex-casting.com\/es\/wp-json\/wp\/v2\/pages\/2907","targetHints":{"allow":["GET"]}}],"collection":[{"href":"https:\/\/conex-casting.com\/es\/wp-json\/wp\/v2\/pages"}],"about":[{"href":"https:\/\/conex-casting.com\/es\/wp-json\/wp\/v2\/types\/page"}],"author":[{"embeddable":true,"href":"https:\/\/conex-casting.com\/es\/wp-json\/wp\/v2\/users\/1"}],"replies":[{"embeddable":true,"href":"https:\/\/conex-casting.com\/es\/wp-json\/wp\/v2\/comments?post=2907"}],"version-history":[{"count":4,"href":"https:\/\/conex-casting.com\/es\/wp-json\/wp\/v2\/pages\/2907\/revisions"}],"predecessor-version":[{"id":6115,"href":"https:\/\/conex-casting.com\/es\/wp-json\/wp\/v2\/pages\/2907\/revisions\/6115"}],"wp:attachment":[{"href":"https:\/\/conex-casting.com\/es\/wp-json\/wp\/v2\/media?parent=2907"}],"curies":[{"name":"wp","href":"https:\/\/api.w.org\/{rel}","templated":true}]}}