{"id":2928,"date":"2021-02-14T07:47:31","date_gmt":"2021-02-14T07:47:31","guid":{"rendered":"http:\/\/conex-casting.com\/?page_id=2928"},"modified":"2021-03-04T14:25:29","modified_gmt":"2021-03-04T14:25:29","slug":"c92300-cda-923-aleaciones-de-bronce-de-estano-con-plomo","status":"publish","type":"page","link":"https:\/\/conex-casting.com\/es\/c92300-cda-923-aleaciones-de-bronce-de-estano-con-plomo\/","title":{"rendered":"C92300 CDA 923 Aleaciones de bronce de esta\u00f1o con plomo"},"content":{"rendered":"<p style=\"text-align: center;\"><span style=\"color: #800000; font-size: 18pt;\"><strong><span style=\"text-decoration: underline;\">C92300 \/ CDA 923 Aleaciones de bronce de esta\u00f1o con plomo<\/span><\/strong><\/span><\/p>\n<p><strong>Especificaci\u00f3n :<\/strong><\/p>\n<table border=\"1\" width=\"750\" cellspacing=\"0\" cellpadding=\"5\">\n<thead>\n<tr>\n<th>CDA<\/th>\n<th>ASTM<\/th>\n<th>Asarcon<\/th>\n<th>SAE<\/th>\n<th>AMS<\/th>\n<th>Federal<\/th>\n<th>Militar<\/th>\n<th>Otra<\/th>\n<\/tr>\n<\/thead>\n<tbody>\n<tr bgcolor=\"#eeeeee\">\n<td>C923<\/td>\n<td>B505<br \/>\nB505M<br \/>\nB143-2B<\/td>\n<td>81<\/td>\n<td>621<br \/>\nJ461<br \/>\nJ462<\/td>\n<td><\/td>\n<td>QQ-C-390, D3;<br \/>\nQQ-B-1005, COMP 6<\/td>\n<td>MIL-B-11553, COMP 6<\/td>\n<td><\/td>\n<\/tr>\n<\/tbody>\n<\/table>\n<p><strong>Composici\u00f3n qu\u00edmica :<\/strong><\/p>\n<table border=\"1\" width=\"750\" cellspacing=\"0\" cellpadding=\"5\">\n<thead>\n<tr>\n<th>Cu%<sup>1<\/sup><\/th>\n<th>Pb%<\/th>\n<th>Sn%<\/th>\n<th>Zn%<\/th>\n<th>Fe%<\/th>\n<th>P%<sup>2<\/sup><\/th>\n<th>Ni%<sup>3<\/sup><\/th>\n<th>Al%<\/th>\n<th>S%<\/th>\n<th>Sb%<\/th>\n<th>Si%<\/th>\n<\/tr>\n<\/thead>\n<tfoot>\n<tr>\n<td colspan=\"12\">\n<div>Composici\u00f3n qu\u00edmica seg\u00fan ASTM B505 \/ B505M-18<\/div>\n<div><\/div>\n<div><sup>1<\/sup>Para determinar Cu min., Cu se puede calcular como Cu + Ni. 2Para coladas continuas, P ser\u00e1 1,5%, m\u00e1x. El valor 3Ni incluye Co.<\/div>\n<div>Nota: Cu + Suma de elementos nombrados, 99,3% m\u00edn. Los valores individuales representan m\u00e1ximos.<\/div>\n<\/td>\n<\/tr>\n<\/tfoot>\n<tbody>\n<tr bgcolor=\"#eeeeee\">\n<td>85.00-<br \/>\n89.00<\/td>\n<td>0.30-<br \/>\n1.00<\/td>\n<td>7.50-<br \/>\n9.00<\/td>\n<td>2.50-<br \/>\n5.00<\/td>\n<td>0.25<\/td>\n<td>0.05<\/td>\n<td>1.00<\/td>\n<td>0.005<\/td>\n<td>0.05<\/td>\n<td>0.25<\/td>\n<td>0.005<\/td>\n<\/tr>\n<\/tbody>\n<\/table>\n<p><strong>Maquinabilidad:<\/strong><\/p>\n<table border=\"1\" width=\"750\" cellspacing=\"0\" cellpadding=\"5\">\n<thead>\n<tr>\n<th>Aleaci\u00f3n de cobre UNS No.<\/th>\n<th>Clasificaci\u00f3n de maquinabilidad<\/th>\n<th>Densidad (lb\/in<sup>3<\/sup>\u00a0at 68\u00b0 F)<\/th>\n<\/tr>\n<\/thead>\n<tbody>\n<tr bgcolor=\"#eeeeee\">\n<td>C923<\/td>\n<td>42<\/td>\n<td>0.317<\/td>\n<\/tr>\n<\/tbody>\n<\/table>\n<p><strong>Propiedades mec\u00e1nicas :<\/strong><\/p>\n<table border=\"1\" width=\"750\" cellspacing=\"0\" cellpadding=\"5\">\n<tfoot>\n<tr>\n<td colspan=\"12\">\n<div>Propiedades mec\u00e1nicas seg\u00fan ASTM B505 \/ B505M-18<\/div>\n<\/td>\n<\/tr>\n<\/tfoot>\n<thead>\n<tr>\n<th colspan=\"2\">Resistencia a la tracci\u00f3n, min<\/th>\n<th colspan=\"2\">Fuerza de rendimiento, al 0,5% de extensi\u00f3n bajo carga, m\u00edn.<\/th>\n<th>Alargamiento, en 2 pulg. O 50 mm min<\/th>\n<th>Dureza Brinell (carga de 500 kg)<\/th>\n<th>Observaciones<\/th>\n<\/tr>\n<tr>\n<th>ksi<\/th>\n<th>MPa<\/th>\n<th>ksi<\/th>\n<th>MPa<\/th>\n<th>%<\/th>\n<th>typical BHN<\/th>\n<th><\/th>\n<\/tr>\n<\/thead>\n<tbody>\n<tr bgcolor=\"#eeeeee\">\n<td>40<\/td>\n<td>276<\/td>\n<td>19<\/td>\n<td>131<\/td>\n<td>16<\/td>\n<td>70<\/td>\n<td><\/td>\n<\/tr>\n<\/tbody>\n<\/table>\n<p><strong>Propiedades f\u00edsicas :<\/strong><\/p>\n<table border=\"1\" width=\"750\" cellspacing=\"0\" cellpadding=\"5\">\n<tfoot>\n<tr>\n<td colspan=\"12\">\n<div>Physical Properties provided by CDA<\/div>\n<\/td>\n<\/tr>\n<\/tfoot>\n<thead>\n<tr>\n<th><\/th>\n<th>Usual de EE. UU.<\/th>\n<th>M\u00e9trica<\/th>\n<\/tr>\n<\/thead>\n<tbody>\n<tr bgcolor=\"#eeeeee\">\n<td><strong>Punto de fusi\u00f3n &#8211; Liquidus<\/strong><\/td>\n<td>1830\u00b0 F<\/td>\n<td>999 \u00b0C<\/td>\n<\/tr>\n<tr>\n<td><strong>Punto de fusi\u00f3n &#8211; Solidus<\/strong><\/td>\n<td>1570\u00b0 F<\/td>\n<td>854 \u00b0C<\/td>\n<\/tr>\n<tr bgcolor=\"#eeeeee\">\n<td><strong>Fusi\u00f3n incipiente<\/strong><\/td>\n<td>600\u00b0 F<\/td>\n<td>315 \u00b0C<\/td>\n<\/tr>\n<tr>\n<td><strong>Densidad<\/strong><\/td>\n<td>0.317 lb\/in<sup>3<\/sup>\u00a0at 68\u00b0 F<\/td>\n<td>8.77 gm\/cm<sup>3<\/sup>\u00a0at 20 \u00b0C<\/td>\n<\/tr>\n<tr bgcolor=\"#eeeeee\">\n<td><strong>Gravedad espec\u00edfica<\/strong><\/td>\n<td>8.77<\/td>\n<td>8.77<\/td>\n<\/tr>\n<tr>\n<td><strong>Conductividad el\u00e9ctrica<\/strong><\/td>\n<td>12% IACS at 68\u00b0 F<\/td>\n<td>0.07 MegaSiemens\/cm at 20 \u00b0C<\/td>\n<\/tr>\n<tr bgcolor=\"#eeeeee\">\n<td><strong>Conductividad t\u00e9rmica<\/strong><\/td>\n<td>43.20 Btu\/sq ft\/ft hr\/\u00b0F at 68 \u00b0F<\/td>\n<td>74.8 W\/m at 20 \u00b0C<\/td>\n<\/tr>\n<tr>\n<td><strong>Coeficiente de expansi\u00f3n t\u00e9rmica 68-392<\/strong><\/td>\n<td>10 \u00b7 10<sup>-6<\/sup>\u00a0per \u00b0F (68-392\u00b0 F)<\/td>\n<td>17.3 \u00b7 10<sup>-6<\/sup>\u00a0per \u00b0C (20-200 \u00b0C)<\/td>\n<\/tr>\n<tr bgcolor=\"#eeeeee\">\n<td><strong>Capacidad calor\u00edfica espec\u00edfica<\/strong><\/td>\n<td>0.09 Btu\/lb\/\u00b0F at 68\u00b0 F<\/td>\n<td>377.1 J\/kg at 293 \u00b0C<\/td>\n<\/tr>\n<tr>\n<td><strong>M\u00f3dulo de elasticidad en tensi\u00f3n<\/strong><\/td>\n<td>14000 ksi<\/td>\n<td>96500 MPa<\/td>\n<\/tr>\n<\/tbody>\n<\/table>\n<p><strong>Propiedades de fabricaci\u00f3n :<\/strong><\/p>\n<table border=\"1\" width=\"750\" cellspacing=\"0\" cellpadding=\"5\">\n<tfoot>\n<tr>\n<td colspan=\"12\">\n<div>Propiedades de fabricaci\u00f3n proporcionadas por CDA<\/div>\n<\/td>\n<\/tr>\n<\/tfoot>\n<thead>\n<tr>\n<th>T\u00e9cnica de uni\u00f3n<\/th>\n<th>Suitability<\/th>\n<\/tr>\n<\/thead>\n<tbody>\n<tr bgcolor=\"#eeeeee\">\n<td><strong>Soldadura<\/strong><\/td>\n<td>Excellent<\/td>\n<\/tr>\n<tr>\n<td><strong>Soldadura<\/strong><\/td>\n<td>Good<\/td>\n<\/tr>\n<tr bgcolor=\"#eeeeee\">\n<td><strong>Soldadura de oxiacetileno<\/strong><\/td>\n<td>No recomendada<\/td>\n<\/tr>\n<tr>\n<td><strong>Soldadura por arco con protecci\u00f3n de gas<\/strong><\/td>\n<td>No recomendada<\/td>\n<\/tr>\n<tr bgcolor=\"#eeeeee\">\n<td><strong>Soldadura por arco de metal revestido<\/strong><\/td>\n<td>No recomendada<\/td>\n<\/tr>\n<\/tbody>\n<\/table>\n<p><strong>Propiedades termales :<\/strong><\/p>\n<table border=\"1\" width=\"750\" cellspacing=\"0\" cellpadding=\"5\">\n<tfoot>\n<tr>\n<td colspan=\"12\">\n<div>Propiedades t\u00e9rmicas proporcionadas por CDA<\/div>\n<\/td>\n<\/tr>\n<\/tfoot>\n<thead>\n<tr>\n<th>Tratamiento<\/th>\n<th>Temp.\/Time &#8211; US<\/th>\n<th>Temp.\/Time &#8211; SI<\/th>\n<\/tr>\n<\/thead>\n<tbody>\n<tr bgcolor=\"#eeeeee\">\n<td><strong>Temperatura de estr\u00e9s<\/strong><\/td>\n<td>500<\/td>\n<td>260<\/td>\n<\/tr>\n<tr>\n<td><strong>Soluci\u00f3n m\u00ednima<\/strong><\/td>\n<td><\/td>\n<td><\/td>\n<\/tr>\n<tr bgcolor=\"#eeeeee\">\n<td><strong>Soluci\u00f3n m\u00e1xima<\/strong><\/td>\n<td><\/td>\n<td><\/td>\n<\/tr>\n<tr>\n<td><strong>Tiempo de soluci\u00f3n<\/strong><\/td>\n<td>0.0<\/td>\n<td><\/td>\n<\/tr>\n<tr bgcolor=\"#eeeeee\">\n<td><strong>Medio de soluci\u00f3n<\/strong><\/td>\n<td><\/td>\n<td><\/td>\n<\/tr>\n<tr>\n<td><strong>Valor de precipitaci\u00f3n<\/strong><\/td>\n<td><\/td>\n<td><\/td>\n<\/tr>\n<tr bgcolor=\"#eeeeee\">\n<td><strong>Tiempo de precipitaci\u00f3n<\/strong><\/td>\n<td><\/td>\n<td><\/td>\n<\/tr>\n<tr>\n<td><strong>Medio de precipitaci\u00f3n<\/strong><\/td>\n<td><\/td>\n<td><\/td>\n<\/tr>\n<tr bgcolor=\"#eeeeee\">\n<td><strong>M\u00ednimo de recocido<\/strong><\/td>\n<td><\/td>\n<td><\/td>\n<\/tr>\n<tr>\n<td><strong>M\u00e1xima recocido<\/strong><\/td>\n<td><\/td>\n<td><\/td>\n<\/tr>\n<tr bgcolor=\"#eeeeee\">\n<td><strong>Tiempo de recocido<\/strong><\/td>\n<td><\/td>\n<td><\/td>\n<\/tr>\n<tr>\n<td><strong>Trabajos en caliente m\u00ednima<\/strong><\/td>\n<td><\/td>\n<td><\/td>\n<\/tr>\n<tr bgcolor=\"#eeeeee\">\n<td><strong>Trabajos en caliente m\u00e1xima<\/strong><\/td>\n<\/tr>\n<\/tbody>\n<\/table>\n","protected":false},"excerpt":{"rendered":"<p>C92300 \/ CDA 923 Aleaciones de bronce de esta\u00f1o con plomo Especificaci\u00f3n : CDA ASTM Asarcon SAE AMS Federal Militar Otra C923 B505 B505M B143-2B 81 621 J461 J462 QQ-C-390, D3; QQ-B-1005, COMP 6 MIL-B-11553, COMP 6 Composici\u00f3n qu\u00edmica : Cu%1 Pb% Sn% Zn% Fe% P%2 Ni%3 Al% S% Sb% Si% Composici\u00f3n qu\u00edmica seg\u00fan ASTM [&hellip;]<\/p>\n","protected":false},"author":1,"featured_media":0,"parent":0,"menu_order":0,"comment_status":"closed","ping_status":"closed","template":"","meta":{"_joinchat":[],"footnotes":""},"class_list":["post-2928","page","type-page","status-publish","hentry"],"_links":{"self":[{"href":"https:\/\/conex-casting.com\/es\/wp-json\/wp\/v2\/pages\/2928","targetHints":{"allow":["GET"]}}],"collection":[{"href":"https:\/\/conex-casting.com\/es\/wp-json\/wp\/v2\/pages"}],"about":[{"href":"https:\/\/conex-casting.com\/es\/wp-json\/wp\/v2\/types\/page"}],"author":[{"embeddable":true,"href":"https:\/\/conex-casting.com\/es\/wp-json\/wp\/v2\/users\/1"}],"replies":[{"embeddable":true,"href":"https:\/\/conex-casting.com\/es\/wp-json\/wp\/v2\/comments?post=2928"}],"version-history":[{"count":1,"href":"https:\/\/conex-casting.com\/es\/wp-json\/wp\/v2\/pages\/2928\/revisions"}],"predecessor-version":[{"id":2929,"href":"https:\/\/conex-casting.com\/es\/wp-json\/wp\/v2\/pages\/2928\/revisions\/2929"}],"wp:attachment":[{"href":"https:\/\/conex-casting.com\/es\/wp-json\/wp\/v2\/media?parent=2928"}],"curies":[{"name":"wp","href":"https:\/\/api.w.org\/{rel}","templated":true}]}}