{"id":2930,"date":"2021-02-14T07:57:50","date_gmt":"2021-02-14T07:57:50","guid":{"rendered":"http:\/\/conex-casting.com\/?page_id=2930"},"modified":"2021-03-04T14:25:32","modified_gmt":"2021-03-04T14:25:32","slug":"c92600-cda-926-aleaciones-de-bronce-de-estano-con-plomo","status":"publish","type":"page","link":"https:\/\/conex-casting.com\/es\/c92600-cda-926-aleaciones-de-bronce-de-estano-con-plomo\/","title":{"rendered":"C92600 CDA 926 Aleaciones de bronce de esta\u00f1o con plomo"},"content":{"rendered":"<p style=\"text-align: center;\"><span style=\"text-decoration: underline; color: #800000;\"><strong><span style=\"font-size: 18pt;\">C92600 \/ CDA 926 Aleaciones de bronce de esta\u00f1o con plomo<\/span><\/strong><\/span><\/p>\n<p><strong>Composici\u00f3n qu\u00edmica (% en peso):<\/strong><\/p>\n<table border=\"1\" width=\"750\" cellspacing=\"0\" cellpadding=\"5\">\n<tbody>\n<tr bgcolor=\"#717e94\">\n<td><span style=\"color: #ffffff;\"><strong>Elemento<\/strong><\/span><\/td>\n<td><span style=\"color: #ffffff;\"><strong>Nominal<\/strong><\/span><\/td>\n<td><span style=\"color: #ffffff;\"><strong>M\u00ednima<\/strong><\/span><\/td>\n<td><span style=\"color: #ffffff;\"><strong>M\u00e1xima<\/strong><\/span><\/td>\n<\/tr>\n<tr bgcolor=\"#eeeeee\">\n<td><strong>Aluminio<\/strong><\/td>\n<td>&#8211;<\/td>\n<td>&#8211;<\/td>\n<td>.005<\/td>\n<\/tr>\n<tr>\n<td><strong>Antimonio<\/strong><\/td>\n<td>&#8211;<\/td>\n<td>&#8211;<\/td>\n<td>.25<\/td>\n<\/tr>\n<tr bgcolor=\"#eeeeee\">\n<td><strong>Cobre<\/strong><\/td>\n<td>87<\/td>\n<td>86<\/td>\n<td>88.5<\/td>\n<\/tr>\n<tr>\n<td><strong>Hierro<\/strong><\/td>\n<td>&#8211;<\/td>\n<td>&#8211;<\/td>\n<td>.20<\/td>\n<\/tr>\n<tr bgcolor=\"#eeeeee\">\n<td><strong>Dirigir<\/strong><\/td>\n<td>1<\/td>\n<td>.8<\/td>\n<td>1.2<\/td>\n<\/tr>\n<tr>\n<td><strong>N\u00edquel<\/strong><\/td>\n<td>1<\/td>\n<td>.8<\/td>\n<td>.7<\/td>\n<\/tr>\n<tr bgcolor=\"#eeeeee\">\n<td><strong>F\u00f3sforo<\/strong><\/td>\n<td>&#8211;<\/td>\n<td>&#8211;<\/td>\n<td>.03<\/td>\n<\/tr>\n<tr>\n<td><strong>Silicio<\/strong><\/td>\n<td>&#8211;<\/td>\n<td>&#8211;<\/td>\n<td>.005<\/td>\n<\/tr>\n<tr bgcolor=\"#eeeeee\">\n<td><strong>Azufre<\/strong><\/td>\n<td>&#8211;<\/td>\n<td>&#8211;<\/td>\n<td>.05<\/td>\n<\/tr>\n<tr>\n<td><strong>Esta\u00f1o<\/strong><\/td>\n<td>10<\/td>\n<td>9.3<\/td>\n<td>10.5<\/td>\n<\/tr>\n<tr bgcolor=\"#eeeeee\">\n<td><strong>Zinc<\/strong><\/td>\n<td>2<\/td>\n<td>1.3<\/td>\n<td>2.5<\/td>\n<\/tr>\n<\/tbody>\n<\/table>\n<p><strong>Aplicaciones :<\/strong><br \/>\nCojinetes, casquillos, impulsores de bombas, aros de pist\u00f3n, componentes de v\u00e1lvulas, racores de vapor, engranajes.<\/p>\n<p><strong>Mechanical Properties : <\/strong>(M07 &#8211; Como reparto continuo )<\/p>\n<table border=\"1\" width=\"750\" cellspacing=\"0\" cellpadding=\"5\">\n<tbody>\n<tr bgcolor=\"#eeeeee\">\n<td>Dureza*<\/td>\n<td>Dureza Brinell (carga de 500 kg)<\/td>\n<td>70<\/td>\n<\/tr>\n<tr>\n<td>Resistencia a la tracci\u00f3n**<\/td>\n<td>KSI<\/td>\n<td>44<\/td>\n<\/tr>\n<tr bgcolor=\"#eeeeee\">\n<td>Fuerza de producci\u00f3n **<\/td>\n<td>KSI (0.5% Ext. bajo carga)<\/td>\n<td>20<\/td>\n<\/tr>\n<tr>\n<td>Alargamiento**<\/td>\n<td>% in 2 pulgada<\/td>\n<td>30<\/td>\n<\/tr>\n<\/tbody>\n<\/table>\n<p>** Los valores de prueba son aproximaciones nominales y dependen del tama\u00f1o y la orientaci\u00f3n de la muestra.<\/p>\n<p><strong>Propiedades f\u00edsicas :<\/strong><\/p>\n<table border=\"1\" width=\"750\" cellspacing=\"0\" cellpadding=\"5\">\n<tbody>\n<tr bgcolor=\"#eeeeee\">\n<td>Conductividad t\u00e9rmica<\/td>\n<td>BTU\/ (sq ft-ft-hr-F)<\/td>\n<td>N\/A<\/td>\n<\/tr>\n<tr>\n<td>Calor especifico<\/td>\n<td>BTU\/lb\/\u00baF @ 68F<\/td>\n<td>.09<\/td>\n<\/tr>\n<tr bgcolor=\"#eeeeee\">\n<td>Expansi\u00f3n t\u00e9rmica<\/td>\n<td>Per \u00b0F from 68 F to 350 F<\/td>\n<td>.000010<\/td>\n<\/tr>\n<tr>\n<td>Densidad<\/td>\n<td>lb\/cu in @ 68 F<\/td>\n<td>.315<\/td>\n<\/tr>\n<tr bgcolor=\"#eeeeee\">\n<td>Conductividad el\u00e9ctrica * (recocido)<\/td>\n<td>% IACS @ 68 F<\/td>\n<td>9<\/td>\n<\/tr>\n<tr>\n<td>M\u00f3dulo de elasticidad<\/td>\n<td>KSI<\/td>\n<td>15,000<\/td>\n<\/tr>\n<\/tbody>\n<\/table>\n<p>*Volume basis<\/p>\n<p><strong>Pr\u00e1cticas de fabricaci\u00f3n :<\/strong><\/p>\n<table border=\"1\" width=\"750\" cellspacing=\"0\" cellpadding=\"5\">\n<tbody>\n<tr bgcolor=\"#eeeeee\">\n<td>Temperatura para aliviar el estr\u00e9s<\/td>\n<td>500 F or 260 C<\/td>\n<\/tr>\n<tr>\n<td>Tiempo a temperatura<\/td>\n<td>1 hora por pulgada de espesor de secci\u00f3n<\/td>\n<\/tr>\n<tr bgcolor=\"#eeeeee\">\n<td>Responde al tratamiento t\u00e9rmico<\/td>\n<td>No<\/td>\n<\/tr>\n<tr>\n<td>\u00cdndice de maquinabilidad (Lat\u00f3n de corte libre = 100)<\/td>\n<td>40<\/td>\n<\/tr>\n<tr bgcolor=\"#eeeeee\">\n<td>Idoneidad para estar unida por:<\/td>\n<td>Soldadura \/ Excelente<\/td>\n<\/tr>\n<tr>\n<td><\/td>\n<td>Soldadura fuerte \/ Buena *<\/td>\n<\/tr>\n<tr bgcolor=\"#eeeeee\">\n<td><\/td>\n<td>Soldadura de oxiacetileno \/ No recomendado<\/td>\n<\/tr>\n<tr>\n<td><\/td>\n<td>Soldadura por arco con protecci\u00f3n de gas \/ No recomendado<\/td>\n<\/tr>\n<tr bgcolor=\"#eeeeee\">\n<td><\/td>\n<td>Soldadura por arco de metal revestido \/ No recomendado<\/td>\n<\/tr>\n<\/tbody>\n<\/table>\n<p>* Dado que la soldadura fuerte se realiza a temperaturas dentro del rango corto-caliente, se debe evitar la deformaci\u00f3n durante la soldadura fuerte y el enfriamiento de esta aleaci\u00f3n.<\/p>\n<p>Los valores enumerados anteriormente representan aproximaciones razonables adecuadas para el uso de ingenier\u00eda general. Debido a las variaciones comerciales en la composici\u00f3n y a las limitaciones de fabricaci\u00f3n, no deben utilizarse para fines de especificaci\u00f3n. Consulte el A.S.T.M. aplicable. referencias de especificaciones.<\/p>\n","protected":false},"excerpt":{"rendered":"<p>C92600 \/ CDA 926 Aleaciones de bronce de esta\u00f1o con plomo Composici\u00f3n qu\u00edmica (% en peso): Elemento Nominal M\u00ednima M\u00e1xima Aluminio &#8211; &#8211; .005 Antimonio &#8211; &#8211; .25 Cobre 87 86 88.5 Hierro &#8211; &#8211; .20 Dirigir 1 .8 1.2 N\u00edquel 1 .8 .7 F\u00f3sforo &#8211; &#8211; .03 Silicio &#8211; &#8211; .005 Azufre &#8211; &#8211; [&hellip;]<\/p>\n","protected":false},"author":1,"featured_media":0,"parent":0,"menu_order":0,"comment_status":"closed","ping_status":"closed","template":"","meta":{"_joinchat":[],"footnotes":""},"class_list":["post-2930","page","type-page","status-publish","hentry"],"_links":{"self":[{"href":"https:\/\/conex-casting.com\/es\/wp-json\/wp\/v2\/pages\/2930","targetHints":{"allow":["GET"]}}],"collection":[{"href":"https:\/\/conex-casting.com\/es\/wp-json\/wp\/v2\/pages"}],"about":[{"href":"https:\/\/conex-casting.com\/es\/wp-json\/wp\/v2\/types\/page"}],"author":[{"embeddable":true,"href":"https:\/\/conex-casting.com\/es\/wp-json\/wp\/v2\/users\/1"}],"replies":[{"embeddable":true,"href":"https:\/\/conex-casting.com\/es\/wp-json\/wp\/v2\/comments?post=2930"}],"version-history":[{"count":3,"href":"https:\/\/conex-casting.com\/es\/wp-json\/wp\/v2\/pages\/2930\/revisions"}],"predecessor-version":[{"id":2933,"href":"https:\/\/conex-casting.com\/es\/wp-json\/wp\/v2\/pages\/2930\/revisions\/2933"}],"wp:attachment":[{"href":"https:\/\/conex-casting.com\/es\/wp-json\/wp\/v2\/media?parent=2930"}],"curies":[{"name":"wp","href":"https:\/\/api.w.org\/{rel}","templated":true}]}}