{"id":2936,"date":"2021-02-14T08:56:07","date_gmt":"2021-02-14T08:56:07","guid":{"rendered":"http:\/\/conex-casting.com\/?page_id=2936"},"modified":"2021-03-04T14:31:41","modified_gmt":"2021-03-04T14:31:41","slug":"c93200-cda-932-aleaciones-de-bronce-de-estano-con-plomo","status":"publish","type":"page","link":"https:\/\/conex-casting.com\/es\/c93200-cda-932-aleaciones-de-bronce-de-estano-con-plomo\/","title":{"rendered":"C93200 CDA 932 Aleaciones de bronce de esta\u00f1o con plomo"},"content":{"rendered":"<p style=\"text-align: center;\"><span style=\"color: #800000;\"><strong><span style=\"text-decoration: underline;\"><span style=\"font-size: 18pt;\">C93200 \/ CDA 932 Aleaciones de bronce de esta\u00f1o con plomo<\/span><\/span><\/strong><\/span><\/p>\n<p><strong>Specification :<\/strong><\/p>\n<table border=\"1\" width=\"700\" cellspacing=\"0\" cellpadding=\"5\">\n<thead>\n<tr>\n<th>CDA<\/th>\n<th>ASTM<\/th>\n<th>Asarcon<\/th>\n<th>SAE<\/th>\n<th>AMS<\/th>\n<th>Federal<\/th>\n<th>Militar<\/th>\n<th>Otra<\/th>\n<\/tr>\n<\/thead>\n<tbody>\n<tr bgcolor=\"#eeeeee\">\n<td>C932<\/td>\n<td>B505<br \/>\nB505M<br \/>\nB144-3B<\/td>\n<td>77<\/td>\n<td>660<br \/>\nJ461<br \/>\nJ462<\/td>\n<td><\/td>\n<td>QQ-C-390, E7;<br \/>\nQQ-B-1005, COMP 12<\/td>\n<td>MIL-B-11553, COMP 12<\/td>\n<td>Cojinete de bronce<\/td>\n<\/tr>\n<\/tbody>\n<\/table>\n<p><strong>Composici\u00f3n qu\u00edmica :<\/strong><\/p>\n<table border=\"1\" width=\"700\" cellspacing=\"0\" cellpadding=\"5\">\n<thead>\n<tr>\n<th>Cu%<sup>1<\/sup><\/th>\n<th>Pb%<\/th>\n<th>Sn%<\/th>\n<th>Zn%<\/th>\n<th>Fe%<\/th>\n<th>P%<sup>2<\/sup><\/th>\n<th>Ni%<sup>3<\/sup><\/th>\n<th>Al%<\/th>\n<th>S%<\/th>\n<th>Sb%<\/th>\n<th>Si%<\/th>\n<\/tr>\n<\/thead>\n<tfoot>\n<tr>\n<td colspan=\"12\">\n<div>Composici\u00f3n qu\u00edmica seg\u00fan ASTM B505 \/ B505M-18<\/div>\n<div><\/div>\n<div><sup>1<\/sup>Para determinar Cu min., Cu se puede calcular como Cu + Ni. \u00a0\u00a0<sup>2<\/sup>Para coladas continuas, P ser\u00e1 1,5%, m\u00e1x. \u00a0\u00a0<sup>3<\/sup>El valor de Ni incluye Co.<\/div>\n<div>Nota: Cu + Suma de elementos nombrados, 99,0% m\u00edn. Los valores individuales representan m\u00e1ximos.<\/div>\n<\/td>\n<\/tr>\n<\/tfoot>\n<tbody>\n<tr bgcolor=\"#eeeeee\">\n<td>81.00-<br \/>\n85.00<\/td>\n<td>6.00-<br \/>\n8.00<\/td>\n<td>6.30-<br \/>\n7.50<\/td>\n<td>1.00-<br \/>\n4.00<\/td>\n<td>0.20<\/td>\n<td>0.15<\/td>\n<td>1.00<\/td>\n<td>0.005<\/td>\n<td>0.08<\/td>\n<td>0.35<\/td>\n<td>0.005<\/td>\n<\/tr>\n<\/tbody>\n<\/table>\n<p><strong>Maquinabilidad :<\/strong><\/p>\n<table border=\"1\" width=\"700\" cellspacing=\"0\" cellpadding=\"5\">\n<thead>\n<tr>\n<th>Aleaci\u00f3n de cobre UNS No.<\/th>\n<th>Clasificaci\u00f3n de maquinabilidad<\/th>\n<th>Densidad (lb\/in<sup>3<\/sup>\u00a0at 68 \u00b0F)<\/th>\n<\/tr>\n<\/thead>\n<tbody>\n<tr bgcolor=\"#eeeeee\">\n<td>C932<\/td>\n<td>70<\/td>\n<td>0.322<\/td>\n<\/tr>\n<\/tbody>\n<\/table>\n<p><strong>Propiedades mec\u00e1nicas :<\/strong><\/p>\n<table border=\"1\" width=\"700\" cellspacing=\"0\" cellpadding=\"5\">\n<tfoot>\n<tr>\n<td colspan=\"12\">\n<div>Propiedades mec\u00e1nicas seg\u00fan ASTM B505 \/ B505M-18<\/div>\n<\/td>\n<\/tr>\n<\/tfoot>\n<thead>\n<tr>\n<th colspan=\"2\">Resistencia a la tracci\u00f3n, min<\/th>\n<th colspan=\"2\">Resistencia a la fluencia, al 0,5% de extensi\u00f3n bajo carga, m\u00edn.<\/th>\n<th>Alargamiento, en 2 pulg. O 50 mm min<\/th>\n<th>Dureza Brinell (carga de 500 kg)<\/th>\n<th>Observaciones<\/th>\n<\/tr>\n<tr>\n<th>ksi<\/th>\n<th>MPa<\/th>\n<th>ksi<\/th>\n<th>MPa<\/th>\n<th>%<\/th>\n<th>t\u00edpica BHN<\/th>\n<th><\/th>\n<\/tr>\n<\/thead>\n<tbody>\n<tr bgcolor=\"#eeeeee\">\n<td>35<\/td>\n<td>241<\/td>\n<td>20<\/td>\n<td>138<\/td>\n<td>10<\/td>\n<td>65<\/td>\n<td><\/td>\n<\/tr>\n<\/tbody>\n<\/table>\n<p><strong>Propiedades f\u00edsicas :<\/strong><\/p>\n<table border=\"1\" width=\"700\" cellspacing=\"0\" cellpadding=\"5\">\n<tfoot>\n<tr>\n<td colspan=\"12\">\n<div>Propiedades f\u00edsicas proporcionadas por CDA<\/div>\n<\/td>\n<\/tr>\n<\/tfoot>\n<thead>\n<tr>\n<th><\/th>\n<th>US Customary<\/th>\n<th>M\u00e9trica<\/th>\n<\/tr>\n<\/thead>\n<tbody>\n<tr bgcolor=\"#eeeeee\">\n<td><strong>Punto de fusi\u00f3n &#8211; Liquidus<\/strong><\/td>\n<td>1790 \u00b0F<\/td>\n<td>977 \u00b0C<\/td>\n<\/tr>\n<tr>\n<td><strong>Punto de fusi\u00f3n &#8211; Solidus<\/strong><\/td>\n<td>1570 \u00b0F<\/td>\n<td>854 \u00b0C<\/td>\n<\/tr>\n<tr bgcolor=\"#eeeeee\">\n<td><strong>Densidad<\/strong><\/td>\n<td>0.322 lb\/in<sup>3<\/sup>\u00a0at 68 \u00b0F<\/td>\n<td>8.91 gm\/cm<sup>3<\/sup>\u00a0at 20 \u00b0C<\/td>\n<\/tr>\n<tr>\n<td><strong>Gravedad espec\u00edfica<\/strong><\/td>\n<td>8.91<\/td>\n<td>8.91<\/td>\n<\/tr>\n<tr bgcolor=\"#eeeeee\">\n<td><strong>Conductividad el\u00e9ctrica<\/strong><\/td>\n<td>12% IACS at 68 \u00b0F<\/td>\n<td>0.07 MegaSiemens\/cm at 20 \u00b0C<\/td>\n<\/tr>\n<tr>\n<td><strong>Conductividad t\u00e9rmica<\/strong><\/td>\n<td>33.6 Btu\/sq ft\/ft hr\/\u00b0F at 68 \u00b0F<\/td>\n<td>58.2 W\/m at 20 \u00b0C<\/td>\n<\/tr>\n<tr bgcolor=\"#eeeeee\">\n<td><strong>Coeficiente de expansi\u00f3n termal 68-212<\/strong><\/td>\n<td>10 \u00b7 10<sup>-6<\/sup>\u00a0per \u00b0F (68-212 \u00b0F)<\/td>\n<td>17.3 \u00b7 10<sup>-6<\/sup>\u00a0per \u00b0C (20-100 \u00b0C)<\/td>\n<\/tr>\n<tr>\n<td><strong>Capacidad calor\u00edfica espec\u00edfica<\/strong><\/td>\n<td>0.09 Btu\/lb\/\u00b0F at 68 \u00b0F<\/td>\n<td>377.1 J\/kg at 293 \u00b0C<\/td>\n<\/tr>\n<tr bgcolor=\"#eeeeee\">\n<td><strong>M\u00f3dulo de elasticidad en tensi\u00f3n<\/strong><\/td>\n<td>14500 ksi<\/td>\n<td>100000 MPa<\/td>\n<\/tr>\n<\/tbody>\n<\/table>\n<p><strong>Propiedades de fabricaci\u00f3n :<\/strong><\/p>\n<table border=\"1\" width=\"700\" cellspacing=\"0\" cellpadding=\"5\">\n<tfoot>\n<tr>\n<td colspan=\"12\">\n<div>Propiedades de fabricaci\u00f3n proporcionadas por CDA<\/div>\n<\/td>\n<\/tr>\n<\/tfoot>\n<thead>\n<tr>\n<th>T\u00e9cnica de uni\u00f3n<\/th>\n<th>Idoneidad<\/th>\n<\/tr>\n<\/thead>\n<tbody>\n<tr bgcolor=\"#eeeeee\">\n<td><strong>Soldadura<\/strong><\/td>\n<td>Excelente<\/td>\n<\/tr>\n<tr>\n<td><strong>Soldadura<\/strong><\/td>\n<td>Buena<\/td>\n<\/tr>\n<tr bgcolor=\"#eeeeee\">\n<td><strong>Soldadura de oxiacetileno<\/strong><\/td>\n<td>No recomendada<\/td>\n<\/tr>\n<tr>\n<td><strong>Soldadura por arco con protecci\u00f3n de gas<\/strong><\/td>\n<td>No recomendada<\/td>\n<\/tr>\n<tr bgcolor=\"#eeeeee\">\n<td><strong>Soldadura por arco de metal revestido<\/strong><\/td>\n<td>No recomendada<\/td>\n<\/tr>\n<\/tbody>\n<\/table>\n<p><strong>Propiedades termales :<\/strong><\/p>\n<table border=\"1\" width=\"700\" cellspacing=\"0\" cellpadding=\"5\">\n<tfoot>\n<tr>\n<td colspan=\"12\">\n<div>Propiedades t\u00e9rmicas proporcionadas por CDA<\/div>\n<\/td>\n<\/tr>\n<\/tfoot>\n<thead>\n<tr>\n<th>Treatment<\/th>\n<th>Temp.\/Time &#8211; US<\/th>\n<th>Temp.\/Time &#8211; SI<\/th>\n<\/tr>\n<\/thead>\n<tbody>\n<tr bgcolor=\"#eeeeee\">\n<td><strong>Temperatura de estr\u00e9s<\/strong><\/td>\n<td>500<\/td>\n<td>260<\/td>\n<\/tr>\n<tr>\n<td><strong>Soluci\u00f3n m\u00ednima<\/strong><\/td>\n<td><\/td>\n<td><\/td>\n<\/tr>\n<tr bgcolor=\"#eeeeee\">\n<td><strong>Soluci\u00f3n m\u00e1xima<\/strong><\/td>\n<td><\/td>\n<td><\/td>\n<\/tr>\n<tr>\n<td><strong>Tiempo de soluci\u00f3n<\/strong><\/td>\n<td>0.0<\/td>\n<td><\/td>\n<\/tr>\n<tr bgcolor=\"#eeeeee\">\n<td><strong>Medio de soluci\u00f3n<\/strong><\/td>\n<td><\/td>\n<td><\/td>\n<\/tr>\n<tr>\n<td><strong>Valor de precipitaci\u00f3n<\/strong><\/td>\n<td><\/td>\n<td><\/td>\n<\/tr>\n<tr bgcolor=\"#eeeeee\">\n<td><strong>Tiempo de precipitaci\u00f3n<\/strong><\/td>\n<td><\/td>\n<td><\/td>\n<\/tr>\n<tr>\n<td><strong>Medio de precipitaci\u00f3n<\/strong><\/td>\n<td><\/td>\n<td><\/td>\n<\/tr>\n<tr bgcolor=\"#eeeeee\">\n<td><strong>M\u00ednimo de recocido<\/strong><\/td>\n<td><\/td>\n<td><\/td>\n<\/tr>\n<tr>\n<td><strong>M\u00e1xima recocido<\/strong><\/td>\n<td><\/td>\n<td><\/td>\n<\/tr>\n<tr bgcolor=\"#eeeeee\">\n<td><strong>Tiempo de recocido<\/strong><\/td>\n<td><\/td>\n<td><\/td>\n<\/tr>\n<tr>\n<td><strong>Trabajos en caliente m\u00ednima<\/strong><\/td>\n<td><\/td>\n<td><\/td>\n<\/tr>\n<tr bgcolor=\"#eeeeee\">\n<td><strong>Trabajos en caliente m\u00e1xima<\/strong><\/td>\n<\/tr>\n<\/tbody>\n<\/table>\n","protected":false},"excerpt":{"rendered":"<p>C93200 \/ CDA 932 Aleaciones de bronce de esta\u00f1o con plomo Specification : CDA ASTM Asarcon SAE AMS Federal Militar Otra C932 B505 B505M B144-3B 77 660 J461 J462 QQ-C-390, E7; QQ-B-1005, COMP 12 MIL-B-11553, COMP 12 Cojinete de bronce Composici\u00f3n qu\u00edmica : Cu%1 Pb% Sn% Zn% Fe% P%2 Ni%3 Al% S% Sb% Si% Composici\u00f3n [&hellip;]<\/p>\n","protected":false},"author":1,"featured_media":0,"parent":0,"menu_order":0,"comment_status":"closed","ping_status":"closed","template":"","meta":{"_joinchat":[],"footnotes":""},"class_list":["post-2936","page","type-page","status-publish","hentry"],"_links":{"self":[{"href":"https:\/\/conex-casting.com\/es\/wp-json\/wp\/v2\/pages\/2936","targetHints":{"allow":["GET"]}}],"collection":[{"href":"https:\/\/conex-casting.com\/es\/wp-json\/wp\/v2\/pages"}],"about":[{"href":"https:\/\/conex-casting.com\/es\/wp-json\/wp\/v2\/types\/page"}],"author":[{"embeddable":true,"href":"https:\/\/conex-casting.com\/es\/wp-json\/wp\/v2\/users\/1"}],"replies":[{"embeddable":true,"href":"https:\/\/conex-casting.com\/es\/wp-json\/wp\/v2\/comments?post=2936"}],"version-history":[{"count":1,"href":"https:\/\/conex-casting.com\/es\/wp-json\/wp\/v2\/pages\/2936\/revisions"}],"predecessor-version":[{"id":2938,"href":"https:\/\/conex-casting.com\/es\/wp-json\/wp\/v2\/pages\/2936\/revisions\/2938"}],"wp:attachment":[{"href":"https:\/\/conex-casting.com\/es\/wp-json\/wp\/v2\/media?parent=2936"}],"curies":[{"name":"wp","href":"https:\/\/api.w.org\/{rel}","templated":true}]}}