{"id":2956,"date":"2021-02-14T16:08:44","date_gmt":"2021-02-14T16:08:44","guid":{"rendered":"http:\/\/conex-casting.com\/?page_id=2956"},"modified":"2021-03-04T14:28:58","modified_gmt":"2021-03-04T14:28:58","slug":"c95400-cda-954-aleaciones-de-bronce-de-aluminio","status":"publish","type":"page","link":"https:\/\/conex-casting.com\/es\/c95400-cda-954-aleaciones-de-bronce-de-aluminio\/","title":{"rendered":"C95400 CDA 954 Aleaciones de bronce de aluminio"},"content":{"rendered":"<p style=\"text-align: center;\"><span style=\"text-decoration: underline; color: #800000;\"><span style=\"font-size: 18pt;\"><strong>C95400 CDA 954 Aleaciones de bronce de aluminio<\/strong><\/span><\/span><\/p>\n<p><strong>Especificaci\u00f3n :<\/strong><\/p>\n<table border=\"1\" width=\"700\" cellspacing=\"0\" cellpadding=\"5\">\n<thead>\n<tr>\n<th>CDA<\/th>\n<th>ASTM<\/th>\n<th>Asarcon<\/th>\n<th>SAE<\/th>\n<th>AMS<\/th>\n<th>Federal<\/th>\n<th>Militar<\/th>\n<th>Otra<\/th>\n<\/tr>\n<\/thead>\n<tbody>\n<tr bgcolor=\"#eeeeee\">\n<td>C954<\/td>\n<td>B505<br \/>\nB505M<\/td>\n<td><\/td>\n<td><\/td>\n<td><\/td>\n<td>QQ-C-390, G5;<br \/>\nQQ-B-671, Class 3<\/td>\n<td>MIL-B-16033, Class 3<\/td>\n<td>Aluminum Bronze 9C<\/td>\n<\/tr>\n<\/tbody>\n<\/table>\n<p><strong>Composici\u00f3n qu\u00edmica :<\/strong><\/p>\n<table border=\"1\" width=\"700\" cellspacing=\"0\" cellpadding=\"5\">\n<thead>\n<tr>\n<th>Cu%<\/th>\n<th>Fe%<\/th>\n<th>Ni%<sup>1<\/sup><\/th>\n<th>Al%<\/th>\n<th>Mn%<\/th>\n<\/tr>\n<\/thead>\n<tfoot>\n<tr>\n<td colspan=\"12\">\n<div>Composici\u00f3n qu\u00edmica seg\u00fan ASTM B505 \/ B505M-18<\/div>\n<div><\/div>\n<div><sup>1<\/sup>El valor de Ni incluye Co.<\/div>\n<div>Nota: Cu + Suma de elementos nombrados, 99,5% m\u00edn. Los valores individuales, a menos que se indique lo contrario, representan m\u00e1ximos.<\/div>\n<\/td>\n<\/tr>\n<\/tfoot>\n<tbody>\n<tr bgcolor=\"#eeeeee\">\n<td>83.00<br \/>\nmin<\/td>\n<td>3.00-<br \/>\n5.00<\/td>\n<td>1.50<\/td>\n<td>10.00-<br \/>\n11.50<\/td>\n<td>0.50<\/td>\n<\/tr>\n<\/tbody>\n<\/table>\n<p><strong>Maquinabilidad :<\/strong><\/p>\n<table border=\"1\" width=\"700\" cellspacing=\"0\" cellpadding=\"5\">\n<thead>\n<tr>\n<th>Aleaci\u00f3n de cobre UNS No.<\/th>\n<th>Clasificaci\u00f3n de maquinabilidad<\/th>\n<th>Densidad (lb\/cu in at 68 \u00b0F)<\/th>\n<\/tr>\n<\/thead>\n<tbody>\n<tr bgcolor=\"#eeeeee\">\n<td>C954<\/td>\n<td>60<\/td>\n<td>0.269<\/td>\n<\/tr>\n<\/tbody>\n<\/table>\n<p><strong>Propiedades mec\u00e1nicas :<\/strong><\/p>\n<table border=\"1\" width=\"700\" cellspacing=\"0\" cellpadding=\"5\">\n<tfoot>\n<tr>\n<td colspan=\"12\">\n<div>Propiedades mec\u00e1nicas seg\u00fan ASTM B505 \/ B505M-18<\/div>\n<\/td>\n<\/tr>\n<\/tfoot>\n<thead>\n<tr>\n<th colspan=\"2\">Resistencia a la tracci\u00f3n, min<\/th>\n<th colspan=\"2\">Resistencia a la fluencia, al 0,5% de extensi\u00f3n bajo carga, m\u00edn.<\/th>\n<th>Alargamiento, en 2 pulg. O 50 mm min<\/th>\n<th>Dureza Brinell (3000 kg de carga)<\/th>\n<th>Observaciones<\/th>\n<\/tr>\n<tr>\n<th>ksi<\/th>\n<th>MPa<\/th>\n<th>ksi<\/th>\n<th>MPa<\/th>\n<th>%<\/th>\n<th>t\u00edpica BHN<\/th>\n<th><\/th>\n<\/tr>\n<\/thead>\n<tbody>\n<tr bgcolor=\"#eeeeee\">\n<td>85<\/td>\n<td>586<\/td>\n<td>32<\/td>\n<td>221<\/td>\n<td>12<\/td>\n<td>170<\/td>\n<td><\/td>\n<\/tr>\n<\/tbody>\n<\/table>\n<p><strong>Propiedades f\u00edsicas :<\/strong><\/p>\n<table border=\"1\" width=\"700\" cellspacing=\"0\" cellpadding=\"5\">\n<thead>\n<tr>\n<th><\/th>\n<th>US Customary<\/th>\n<th>M\u00e9trica<\/th>\n<\/tr>\n<\/thead>\n<tfoot>\n<tr>\n<td colspan=\"12\">\n<div>Propiedades f\u00edsicas proporcionadas por CDA<\/div>\n<div><\/div>\n<div>* Como fundido, fuerza de campo 16 kA \/ m ** Temperamento TQ 50, fuerza de campo 16 kA \/ m<\/div>\n<\/td>\n<\/tr>\n<\/tfoot>\n<tbody>\n<tr bgcolor=\"#eeeeee\">\n<td><strong>Punto de fusi\u00f3n &#8211; Liquidus<\/strong><\/td>\n<td>1900 \u00b0F<\/td>\n<td>1038 \u00b0C<\/td>\n<\/tr>\n<tr>\n<td><strong>Punto de fusi\u00f3n &#8211; Solidus<\/strong><\/td>\n<td>1880 \u00b0F<\/td>\n<td>1027 \u00b0C<\/td>\n<\/tr>\n<tr bgcolor=\"#eeeeee\">\n<td><strong>Densidad<\/strong><\/td>\n<td>0.269 lb\/in<sup>3<\/sup>\u00a0at 68 \u00b0F<\/td>\n<td>7.45 gm\/cm<sup>3<\/sup>\u00a0at 20 \u00b0C<\/td>\n<\/tr>\n<tr>\n<td><strong>Gravedad espec\u00edfica<\/strong><\/td>\n<td>7.45<\/td>\n<td>7.45<\/td>\n<\/tr>\n<tr bgcolor=\"#eeeeee\">\n<td><strong>Conductividad el\u00e9ctrica<\/strong><\/td>\n<td>13% IACS<\/td>\n<td>0.075 MegaSiemens\/cm at 20 \u00b0C<\/td>\n<\/tr>\n<tr>\n<td><strong>Conductividad t\u00e9rmica<\/strong><\/td>\n<td>33.9 Btu\/sq ft\/ft hr\/\u00b0F at 68 \u00b0F<\/td>\n<td>58.7 W\/m at 20 \u00b0C<\/td>\n<\/tr>\n<tr bgcolor=\"#eeeeee\">\n<td><strong>Coeficiente de expansi\u00f3n t\u00e9rmica 68-572<\/strong><\/td>\n<td>9 \u00b7 10<sup>-6<\/sup>\u00a0per \u00b0F (68-572 \u00b0F)<\/td>\n<td>15.5 \u00b7 10<sup>-6<\/sup>\u00a0per \u00b0C (20-300 \u00b0C)<\/td>\n<\/tr>\n<tr>\n<td><strong>Capacidad calor\u00edfica espec\u00edfica<\/strong><\/td>\n<td>0.1 Btu\/lb\/\u00b0F at 68 \u00b0F<\/td>\n<td>419 J\/kg at 293 \u00b0C<\/td>\n<\/tr>\n<tr bgcolor=\"#eeeeee\">\n<td><strong>M\u00f3dulo de elasticidad en tensi\u00f3n<\/strong><\/td>\n<td>15500 ksi<\/td>\n<td>107000 MPa<\/td>\n<\/tr>\n<tr>\n<td><strong>Permeabilidad magn\u00e9tica*<\/strong><\/td>\n<td>1.27<\/td>\n<td>1.27<\/td>\n<\/tr>\n<tr bgcolor=\"#eeeeee\">\n<td><strong>Permeabilidad magn\u00e9tica**<\/strong><\/td>\n<td>1.2<\/td>\n<td>1.2<\/td>\n<\/tr>\n<\/tbody>\n<\/table>\n<p><strong>Propiedades de fabricaci\u00f3n :<\/strong><\/p>\n<table border=\"1\" width=\"700\" cellspacing=\"0\" cellpadding=\"5\">\n<tfoot>\n<tr>\n<td colspan=\"12\">\n<div>Propiedades de fabricaci\u00f3n proporcionadas por CDA<\/div>\n<\/td>\n<\/tr>\n<\/tfoot>\n<thead>\n<tr>\n<th>T\u00e9cnica de uni\u00f3n<\/th>\n<th>Idoneidad<\/th>\n<\/tr>\n<\/thead>\n<tbody>\n<tr bgcolor=\"#eeeeee\">\n<td><strong>Soldadura<\/strong><\/td>\n<td>Good<\/td>\n<\/tr>\n<tr>\n<td><strong>Soldadura<\/strong><\/td>\n<td>Good<\/td>\n<\/tr>\n<tr bgcolor=\"#eeeeee\">\n<td><strong>Soldadura de oxiacetileno<\/strong><\/td>\n<td>No recomendada<\/td>\n<\/tr>\n<tr>\n<td><strong>Soldadura por arco con protecci\u00f3n de gas<\/strong><\/td>\n<td>Good<\/td>\n<\/tr>\n<tr bgcolor=\"#eeeeee\">\n<td><strong>Soldadura por arco de metal revestido<\/strong><\/td>\n<td>Good<\/td>\n<\/tr>\n<\/tbody>\n<\/table>\n<p><strong>Propiedades termales :<\/strong><\/p>\n<table border=\"1\" width=\"700\" cellspacing=\"0\" cellpadding=\"5\">\n<tfoot>\n<tr>\n<td colspan=\"12\">\n<div>Propiedades t\u00e9rmicas proporcionadas por CDA<\/div>\n<\/td>\n<\/tr>\n<\/tfoot>\n<thead>\n<tr>\n<th>Tratamiento<\/th>\n<th>Temp.\/Time &#8211; US<\/th>\n<th>Temp.\/Time &#8211; SI<\/th>\n<\/tr>\n<\/thead>\n<tbody>\n<tr bgcolor=\"#eeeeee\">\n<td><strong>Temperatura de estr\u00e9s<\/strong><\/td>\n<td>600<\/td>\n<td>316<\/td>\n<\/tr>\n<tr>\n<td><strong>Soluci\u00f3n m\u00ednima<\/strong><\/td>\n<td>1600<\/td>\n<td>872<\/td>\n<\/tr>\n<tr bgcolor=\"#eeeeee\">\n<td><strong>Soluci\u00f3n m\u00e1xima<\/strong><\/td>\n<td>1675<\/td>\n<td>914<\/td>\n<\/tr>\n<tr>\n<td><strong>Tiempo de soluci\u00f3n<\/strong><\/td>\n<td>1<\/td>\n<td><\/td>\n<\/tr>\n<tr bgcolor=\"#eeeeee\">\n<td><strong>Medio de soluci\u00f3n<\/strong><\/td>\n<td>Water<\/td>\n<td><\/td>\n<\/tr>\n<tr>\n<td><strong>Valor de precipitaci\u00f3n<\/strong><\/td>\n<td><\/td>\n<td><\/td>\n<\/tr>\n<tr bgcolor=\"#eeeeee\">\n<td><strong>Tiempo de precipitaci\u00f3n<\/strong><\/td>\n<td><\/td>\n<td><\/td>\n<\/tr>\n<tr>\n<td><strong>Medio de precipitaci\u00f3n<\/strong><\/td>\n<td><\/td>\n<td><\/td>\n<\/tr>\n<tr bgcolor=\"#eeeeee\">\n<td><strong>M\u00ednimo de recocido<\/strong><\/td>\n<td>1150<\/td>\n<td>622<\/td>\n<\/tr>\n<tr>\n<td><strong>M\u00e1xima recocido<\/strong><\/td>\n<td>1225<\/td>\n<td>663<\/td>\n<\/tr>\n<tr bgcolor=\"#eeeeee\">\n<td><strong>Tiempo de recocido<\/strong><\/td>\n<td>1<\/td>\n<td><\/td>\n<\/tr>\n<tr>\n<td><strong>Trabajos en caliente m\u00ednima<\/strong><\/td>\n<td><\/td>\n<td><\/td>\n<\/tr>\n<tr bgcolor=\"#eeeeee\">\n<td><strong>Trabajos en caliente m\u00e1xima<\/strong><\/td>\n<\/tr>\n<\/tbody>\n<\/table>\n","protected":false},"excerpt":{"rendered":"<p>C95400 CDA 954 Aleaciones de bronce de aluminio Especificaci\u00f3n : CDA ASTM Asarcon SAE AMS Federal Militar Otra C954 B505 B505M QQ-C-390, G5; QQ-B-671, Class 3 MIL-B-16033, Class 3 Aluminum Bronze 9C Composici\u00f3n qu\u00edmica : Cu% Fe% Ni%1 Al% Mn% Composici\u00f3n qu\u00edmica seg\u00fan ASTM B505 \/ B505M-18 1El valor de Ni incluye Co. Nota: Cu [&hellip;]<\/p>\n","protected":false},"author":1,"featured_media":0,"parent":0,"menu_order":0,"comment_status":"closed","ping_status":"closed","template":"","meta":{"_joinchat":[],"footnotes":""},"class_list":["post-2956","page","type-page","status-publish","hentry"],"_links":{"self":[{"href":"https:\/\/conex-casting.com\/es\/wp-json\/wp\/v2\/pages\/2956","targetHints":{"allow":["GET"]}}],"collection":[{"href":"https:\/\/conex-casting.com\/es\/wp-json\/wp\/v2\/pages"}],"about":[{"href":"https:\/\/conex-casting.com\/es\/wp-json\/wp\/v2\/types\/page"}],"author":[{"embeddable":true,"href":"https:\/\/conex-casting.com\/es\/wp-json\/wp\/v2\/users\/1"}],"replies":[{"embeddable":true,"href":"https:\/\/conex-casting.com\/es\/wp-json\/wp\/v2\/comments?post=2956"}],"version-history":[{"count":1,"href":"https:\/\/conex-casting.com\/es\/wp-json\/wp\/v2\/pages\/2956\/revisions"}],"predecessor-version":[{"id":2958,"href":"https:\/\/conex-casting.com\/es\/wp-json\/wp\/v2\/pages\/2956\/revisions\/2958"}],"wp:attachment":[{"href":"https:\/\/conex-casting.com\/es\/wp-json\/wp\/v2\/media?parent=2956"}],"curies":[{"name":"wp","href":"https:\/\/api.w.org\/{rel}","templated":true}]}}