{"id":2961,"date":"2021-02-14T16:32:05","date_gmt":"2021-02-14T16:32:05","guid":{"rendered":"http:\/\/conex-casting.com\/?page_id=2961"},"modified":"2021-03-04T14:28:36","modified_gmt":"2021-03-04T14:28:36","slug":"c95500-cda-955-aleacion-de-bronce","status":"publish","type":"page","link":"https:\/\/conex-casting.com\/es\/c95500-cda-955-aleacion-de-bronce\/","title":{"rendered":"C95500 CDA 955 Aleaci\u00f3n de bronce"},"content":{"rendered":"<p style=\"text-align: center;\"><span style=\"text-decoration: underline; color: #800000;\"><span style=\"font-size: 18pt;\"><strong>C95500 CDA 955 Aleaci\u00f3n de bronce<\/strong><\/span><\/span><\/p>\n<table style=\"height: 288px;\" border=\"1\" width=\"500\" cellspacing=\"0\" cellpadding=\"5\">\n<thead>\n<tr style=\"height: 24px;\" bgcolor=\"#eeeeee\">\n<th style=\"height: 24px;\"><b>Elemento %<\/b><\/th>\n<th style=\"height: 24px;\"><b>Nominal<\/b><\/th>\n<th style=\"height: 24px;\"><b>M\u00ednima<\/b><\/th>\n<th style=\"height: 24px;\"><b>M\u00e1xima<\/b><\/th>\n<\/tr>\n<\/thead>\n<tbody>\n<tr style=\"height: 24px;\">\n<td style=\"height: 24px;\"><strong>Aluminio<\/strong><\/td>\n<td style=\"height: 24px;\">11<\/td>\n<td style=\"height: 24px;\">10<\/td>\n<td style=\"height: 24px;\">11.5<\/td>\n<\/tr>\n<tr style=\"height: 24px;\" bgcolor=\"#eeeeee\">\n<td style=\"height: 24px;\"><strong>Cobre<\/strong><\/td>\n<td style=\"height: 24px;\">81<\/td>\n<td style=\"height: 24px;\">78<\/td>\n<td style=\"height: 24px;\">&#8211;<\/td>\n<\/tr>\n<tr style=\"height: 24px;\">\n<td style=\"height: 24px;\"><strong>Hierro<\/strong><\/td>\n<td style=\"height: 24px;\">4<\/td>\n<td style=\"height: 24px;\">3<\/td>\n<td style=\"height: 24px;\">5<\/td>\n<\/tr>\n<tr style=\"height: 24px;\" bgcolor=\"#eeeeee\">\n<td style=\"height: 24px;\"><strong>Manganeso<\/strong><\/td>\n<td style=\"height: 24px;\">&#8211;<\/td>\n<td style=\"height: 24px;\">&#8211;<\/td>\n<td style=\"height: 24px;\">3.5<\/td>\n<\/tr>\n<tr style=\"height: 24px;\">\n<td style=\"height: 24px;\"><strong>N\u00edquel<\/strong><\/td>\n<td style=\"height: 24px;\">4<\/td>\n<td style=\"height: 24px;\">3<\/td>\n<td style=\"height: 24px;\">5.5<\/td>\n<\/tr>\n<tr style=\"height: 48px;\" bgcolor=\"#eeeeee\">\n<td style=\"height: 48px;\"><strong>Dureza BHN (3000 kg de carga)<\/strong><\/td>\n<td style=\"height: 48px;\">&#8211;<\/td>\n<td style=\"height: 48px;\">190<\/td>\n<td style=\"height: 48px;\">&#8211;<\/td>\n<\/tr>\n<tr style=\"height: 24px;\">\n<td style=\"height: 24px;\"><strong>Resistencia a la tracci\u00f3n ksi<\/strong><\/td>\n<td style=\"height: 24px;\">&#8211;<\/td>\n<td style=\"height: 24px;\">95<\/td>\n<td style=\"height: 24px;\">&#8211;<\/td>\n<\/tr>\n<tr style=\"height: 48px;\" bgcolor=\"#eeeeee\">\n<td style=\"height: 48px;\"><strong>Fuerza de rendimiento ksi (.5% ext. Bajo carga)<\/strong><\/td>\n<td style=\"height: 48px;\">&#8211;<\/td>\n<td style=\"height: 48px;\">42<\/td>\n<td style=\"height: 48px;\">&#8211;<\/td>\n<\/tr>\n<tr style=\"height: 24px;\">\n<td style=\"height: 24px;\"><strong>Alargamiento % in 2 pulgada<\/strong><\/td>\n<td style=\"height: 24px;\">&#8211;<\/td>\n<td style=\"height: 24px;\">10<\/td>\n<td style=\"height: 24px;\">&#8211;<\/td>\n<\/tr>\n<\/tbody>\n<\/table>\n<p style=\"text-align: justify;\">Los valores enumerados anteriormente representan aproximaciones razonables adecuadas para el uso de ingenier\u00eda general. Debido a las variaciones comerciales en la composici\u00f3n y a las limitaciones de fabricaci\u00f3n, no deben utilizarse para fines de especificaci\u00f3n.<\/p>\n<p><strong>Applications :<\/strong><br \/>\nGu\u00edas y asientos de v\u00e1lvulas en motores de aviones, piezas resistentes a la corrosi\u00f3n, cojinetes, bujes, engranajes, engranajes helicoidales, ganchos y cestas de decapado, agitadores.<\/p>\n<p><strong>Propiedades f\u00edsicas :<\/strong><\/p>\n<table border=\"1\" width=\"500\" cellspacing=\"0\" cellpadding=\"5\">\n<tbody>\n<tr bgcolor=\"#eeeeee\">\n<td><strong>Conductividad t\u00e9rmica<\/strong><\/td>\n<td>BTU\/ (sq ft-ft-hr-F)<\/td>\n<td>24.2<\/td>\n<\/tr>\n<tr>\n<td><strong>Calor especifico<\/strong><\/td>\n<td>BTU\/lb\/\u00baF @ 68F<\/td>\n<td>.10<\/td>\n<\/tr>\n<tr bgcolor=\"#eeeeee\">\n<td><strong>Expansi\u00f3n t\u00e9rmica<\/strong><\/td>\n<td>Per \u00b0F from 68 F to 572 F<\/td>\n<td>.000009<\/td>\n<\/tr>\n<tr>\n<td><strong>Densidad<\/strong><\/td>\n<td>lb\/cu in @ 68 F<\/td>\n<td>.272<\/td>\n<\/tr>\n<tr bgcolor=\"#eeeeee\">\n<td><strong>Conductividad el\u00e9ctrica * (recocido)<\/strong><\/td>\n<td>% IACS @ 68 F<\/td>\n<td>8.5<\/td>\n<\/tr>\n<tr>\n<td><strong>M\u00f3dulo de elasticidad<\/strong><\/td>\n<td>KSI<\/td>\n<td>16,000<\/td>\n<\/tr>\n<\/tbody>\n<\/table>\n<p><strong>Pr\u00e1cticas de fabricaci\u00f3n :<\/strong><\/p>\n<table border=\"1\" width=\"500\" cellspacing=\"0\" cellpadding=\"5\">\n<tbody>\n<tr bgcolor=\"#eeeeee\">\n<td width=\"264\" height=\"26\"><strong>Temperatura para aliviar el estr\u00e9s<\/strong><\/td>\n<td width=\"200\" height=\"26\">600 F or 316 C<\/td>\n<\/tr>\n<tr>\n<td width=\"264\" height=\"26\"><strong>Tiempo a temperatura<\/strong><\/td>\n<td width=\"200\" height=\"26\">1 hora por pulgada de espesor de secci\u00f3n<\/td>\n<\/tr>\n<tr bgcolor=\"#eeeeee\">\n<td width=\"264\" height=\"26\"><strong>Responde al tratamiento t\u00e9rmico<\/strong><\/td>\n<td width=\"200\" height=\"26\">Yes<\/td>\n<\/tr>\n<tr>\n<td width=\"264\" height=\"26\"><strong>Temperatura de tratamiento t\u00e9rmico de la soluci\u00f3n<\/strong><\/td>\n<td width=\"200\" height=\"26\">1585-1635 F or 860-890 C<\/td>\n<\/tr>\n<tr bgcolor=\"#eeeeee\">\n<td width=\"264\" height=\"26\"><strong>Tiempo a temperatura<\/strong><\/td>\n<td width=\"200\" height=\"26\">1 hora por pulgada de espesor de secci\u00f3n<\/td>\n<\/tr>\n<tr>\n<td width=\"264\" height=\"26\"><strong>Medio de enfriamiento<\/strong><\/td>\n<td width=\"200\" height=\"26\">Enfriamiento con agua o aceite<\/td>\n<\/tr>\n<tr bgcolor=\"#eeeeee\">\n<td width=\"264\" height=\"26\"><strong>Temperatura de recocido<\/strong><\/td>\n<td width=\"200\" height=\"26\">1150-1225 F or 620-660 C<\/td>\n<\/tr>\n<tr>\n<td width=\"264\" height=\"26\"><strong>Tiempo a temperatura<\/strong><\/td>\n<td width=\"200\" height=\"26\">1 hora por pulgada de espesor de secci\u00f3n<\/td>\n<\/tr>\n<tr bgcolor=\"#eeeeee\">\n<td width=\"264\" height=\"26\"><strong>\u00cdndice de maquinabilidad (Lat\u00f3n de corte libre = 100)<\/strong><\/td>\n<td width=\"200\" height=\"26\">50<\/td>\n<\/tr>\n<tr>\n<td width=\"264\" height=\"26\"><strong>Idoneidad para estar unida por:<\/strong><\/td>\n<td width=\"200\" height=\"26\">Soldadura \/ Buena<\/td>\n<\/tr>\n<tr bgcolor=\"#eeeeee\">\n<td width=\"264\" height=\"26\"><\/td>\n<td width=\"200\" height=\"26\">Soldadura fuerte \/ Feria<\/td>\n<\/tr>\n<tr>\n<td width=\"264\" height=\"26\"><\/td>\n<td width=\"200\" height=\"26\">Soldadura de oxiacetileno \/ No recomendado<\/td>\n<\/tr>\n<tr bgcolor=\"#eeeeee\">\n<td width=\"264\" height=\"26\"><\/td>\n<td width=\"200\" height=\"26\">Soldadura por arco de carbono \/ deficiente<\/td>\n<\/tr>\n<tr>\n<td width=\"264\" height=\"26\"><\/td>\n<td width=\"200\" height=\"26\">Soldadura por arco con protecci\u00f3n de gas \/ buena<\/td>\n<\/tr>\n<tr bgcolor=\"#eeeeee\">\n<td width=\"264\" height=\"26\"><\/td>\n<td width=\"200\" height=\"26\">Soldadura por arco de metal revestido \/ buena<\/td>\n<\/tr>\n<\/tbody>\n<\/table>\n","protected":false},"excerpt":{"rendered":"<p>C95500 CDA 955 Aleaci\u00f3n de bronce Elemento % Nominal M\u00ednima M\u00e1xima Aluminio 11 10 11.5 Cobre 81 78 &#8211; Hierro 4 3 5 Manganeso &#8211; &#8211; 3.5 N\u00edquel 4 3 5.5 Dureza BHN (3000 kg de carga) &#8211; 190 &#8211; Resistencia a la tracci\u00f3n ksi &#8211; 95 &#8211; Fuerza de rendimiento ksi (.5% ext. Bajo [&hellip;]<\/p>\n","protected":false},"author":1,"featured_media":0,"parent":0,"menu_order":0,"comment_status":"closed","ping_status":"closed","template":"","meta":{"_joinchat":[],"footnotes":""},"class_list":["post-2961","page","type-page","status-publish","hentry"],"_links":{"self":[{"href":"https:\/\/conex-casting.com\/es\/wp-json\/wp\/v2\/pages\/2961","targetHints":{"allow":["GET"]}}],"collection":[{"href":"https:\/\/conex-casting.com\/es\/wp-json\/wp\/v2\/pages"}],"about":[{"href":"https:\/\/conex-casting.com\/es\/wp-json\/wp\/v2\/types\/page"}],"author":[{"embeddable":true,"href":"https:\/\/conex-casting.com\/es\/wp-json\/wp\/v2\/users\/1"}],"replies":[{"embeddable":true,"href":"https:\/\/conex-casting.com\/es\/wp-json\/wp\/v2\/comments?post=2961"}],"version-history":[{"count":1,"href":"https:\/\/conex-casting.com\/es\/wp-json\/wp\/v2\/pages\/2961\/revisions"}],"predecessor-version":[{"id":2962,"href":"https:\/\/conex-casting.com\/es\/wp-json\/wp\/v2\/pages\/2961\/revisions\/2962"}],"wp:attachment":[{"href":"https:\/\/conex-casting.com\/es\/wp-json\/wp\/v2\/media?parent=2961"}],"curies":[{"name":"wp","href":"https:\/\/api.w.org\/{rel}","templated":true}]}}