{"id":2963,"date":"2021-02-14T16:40:49","date_gmt":"2021-02-14T16:40:49","guid":{"rendered":"http:\/\/conex-casting.com\/?page_id=2963"},"modified":"2021-03-04T14:26:52","modified_gmt":"2021-03-04T14:26:52","slug":"c96400-cda-964-aleaciones-de-cobre-y-niquel","status":"publish","type":"page","link":"https:\/\/conex-casting.com\/es\/c96400-cda-964-aleaciones-de-cobre-y-niquel\/","title":{"rendered":"C96400 CDA 964 Aleaciones de cobre y n\u00edquel"},"content":{"rendered":"<p style=\"text-align: center;\"><span style=\"text-decoration: underline; color: #800000;\"><strong><span style=\"font-size: 18pt;\">C96400 CDA 964 Aleaciones de cobre y n\u00edquel<\/span><\/strong><\/span><\/p>\n<p><strong>Especificaci\u00f3n :<\/strong><\/p>\n<table border=\"1\" width=\"700\" cellspacing=\"0\" cellpadding=\"5\">\n<thead>\n<tr>\n<th>CDA<\/th>\n<th>ASTM<\/th>\n<th>Asarcon<\/th>\n<th>SAE<\/th>\n<th>AMS<\/th>\n<th>Federal<\/th>\n<th>Militar<\/th>\n<th>Otra<\/th>\n<\/tr>\n<\/thead>\n<tbody>\n<tr bgcolor=\"#eeeeee\">\n<td>C964<\/td>\n<td>B505<br \/>\nB505M<\/td>\n<td><\/td>\n<td><\/td>\n<td><\/td>\n<td><\/td>\n<td><\/td>\n<td>70-30 Copper Nickel<\/td>\n<\/tr>\n<\/tbody>\n<\/table>\n<p><strong>Composici\u00f3n qu\u00edmica :<\/strong><\/p>\n<table border=\"1\" width=\"700\" cellspacing=\"0\" cellpadding=\"5\">\n<thead>\n<tr>\n<th>Cu%<\/th>\n<th>Pb%<\/th>\n<th>Fe%<\/th>\n<th>P%<\/th>\n<th>Ni%<sup>1<\/sup><\/th>\n<th>C%<\/th>\n<th>Mn%<\/th>\n<th>S%<\/th>\n<th>Si%<\/th>\n<th>Nb%<\/th>\n<\/tr>\n<\/thead>\n<tfoot>\n<tr>\n<td colspan=\"12\">\n<div>Composici\u00f3n qu\u00edmica seg\u00fan ASTM B505 \/ B505M-18<\/div>\n<div><\/div>\n<div><sup>1<\/sup>El valor de Ni incluye Co.<\/div>\n<div>Nota: Cu + Suma de elementos nombrados, 99,5% m\u00edn. Los valores individuales, a menos que se indique lo contrario, representan m\u00e1ximos.<\/div>\n<\/td>\n<\/tr>\n<\/tfoot>\n<tbody>\n<tr bgcolor=\"#eeeeee\">\n<td>Rem.<\/td>\n<td>0.01<\/td>\n<td>0.25-<br \/>\n1.50<\/td>\n<td>0.02<\/td>\n<td>28.00-<br \/>\n32.00<\/td>\n<td>0.15<\/td>\n<td>1.50<\/td>\n<td>0.02<\/td>\n<td>0.50<\/td>\n<td>0.50-<br \/>\n1.50<\/td>\n<\/tr>\n<\/tbody>\n<\/table>\n<p><strong>Maquinabilidad :<\/strong><\/p>\n<table border=\"1\" width=\"700\" cellspacing=\"0\" cellpadding=\"5\">\n<thead>\n<tr>\n<th>Aleaci\u00f3n de cobre UNS No.<\/th>\n<th>Clasificaci\u00f3n de maquinabilidad<\/th>\n<th>Densidad (lb\/in<sup>3<\/sup>\u00a0at 68 \u00b0F)<\/th>\n<\/tr>\n<\/thead>\n<tbody>\n<tr bgcolor=\"#eeeeee\">\n<td>C964<\/td>\n<td>20<\/td>\n<td>0.323<\/td>\n<\/tr>\n<\/tbody>\n<\/table>\n<p><strong>Propiedades mec\u00e1nicas :<\/strong><\/p>\n<table border=\"1\" width=\"700\" cellspacing=\"0\" cellpadding=\"5\">\n<tfoot>\n<tr>\n<td colspan=\"12\">\n<div>Propiedades mec\u00e1nicas seg\u00fan ASTM B505 \/ B505M-18<\/div>\n<\/td>\n<\/tr>\n<\/tfoot>\n<thead>\n<tr>\n<th colspan=\"2\">Resistencia a la tracci\u00f3n, min<\/th>\n<th colspan=\"2\">Fuerza de producci\u00f3n, al 0,5% de extensi\u00f3n bajo carga, m\u00edn.<\/th>\n<th>Alargamiento, en 2 pulg. O 50 mm min<\/th>\n<th>Dureza Brinell<\/th>\n<th>Observaciones<\/th>\n<\/tr>\n<tr>\n<th>ksi<\/th>\n<th>MPa<\/th>\n<th>ksi<\/th>\n<th>MPa<\/th>\n<th>%<\/th>\n<th>t\u00edpica BHN<\/th>\n<th><\/th>\n<\/tr>\n<\/thead>\n<tbody>\n<tr bgcolor=\"#eeeeee\">\n<td>65<\/td>\n<td>448<\/td>\n<td>35<\/td>\n<td>241<\/td>\n<td>25<\/td>\n<td><\/td>\n<td><\/td>\n<\/tr>\n<\/tbody>\n<\/table>\n<p><strong>Propiedades f\u00edsicas :<\/strong><\/p>\n<table border=\"1\" width=\"700\" cellspacing=\"0\" cellpadding=\"5\">\n<thead>\n<tr>\n<th><\/th>\n<th>US Customary<\/th>\n<th>M\u00e9trica<\/th>\n<\/tr>\n<\/thead>\n<tfoot>\n<tr>\n<td colspan=\"12\">\n<div>Propiedades f\u00edsicas proporcionadas por CDA<\/div>\n<\/td>\n<\/tr>\n<\/tfoot>\n<tbody>\n<tr bgcolor=\"#eeeeee\">\n<td><strong>Punto de fusi\u00f3n &#8211; Liquidus<\/strong><\/td>\n<td>2260 \u00b0F<\/td>\n<td>1238 \u00b0C<\/td>\n<\/tr>\n<tr>\n<td><strong>Punto de fusi\u00f3n &#8211; Solidus<\/strong><\/td>\n<td>2140 \u00b0F<\/td>\n<td>1171 \u00b0C<\/td>\n<\/tr>\n<tr bgcolor=\"#eeeeee\">\n<td><strong>Densidad<\/strong><\/td>\n<td>0.323 lb\/in<sup>3<\/sup>\u00a0at 68 \u00b0F<\/td>\n<td>8.94 gm\/cm<sup>3<\/sup>\u00a0at 20 \u00b0C<\/td>\n<\/tr>\n<tr>\n<td><strong>Gravedad espec\u00edfica<\/strong><\/td>\n<td>8.94<\/td>\n<td>8.94<\/td>\n<\/tr>\n<tr bgcolor=\"#eeeeee\">\n<td><strong>Conductividad el\u00e9ctrica<\/strong><\/td>\n<td>5% IACS at 68 \u00b0F<\/td>\n<td>0.029 MegaSiemens\/cm at 20 \u00b0C<\/td>\n<\/tr>\n<tr>\n<td><strong>Conductividad t\u00e9rmica<\/strong><\/td>\n<td>16.4 Btu\/sq ft\/ft hr\/\u00b0F at 68 \u00b0F<\/td>\n<td>28.4 W\/m at 20 \u00b0C<\/td>\n<\/tr>\n<tr bgcolor=\"#eeeeee\">\n<td><strong>Coeficiente de expansi\u00f3n t\u00e9rmica 68-572<\/strong><\/td>\n<td>9 \u00b7 10<sup>-6<\/sup>\u00a0per \u00b0F (68-572 \u00b0F)<\/td>\n<td>15.5 \u00b7 10<sup>-6<\/sup>\u00a0per \u00b0C (20-300 \u00b0C)<\/td>\n<\/tr>\n<tr>\n<td><strong>Capacidad calor\u00edfica espec\u00edfica<\/strong><\/td>\n<td>0.09 Btu\/lb\/\u00b0F at 68 \u00b0F<\/td>\n<td>377.1 J\/kg at 293 \u00b0C<\/td>\n<\/tr>\n<tr bgcolor=\"#eeeeee\">\n<td><strong>M\u00f3dulo de elasticidad en tensi\u00f3n<\/strong><\/td>\n<td>21000 ksi<\/td>\n<td>144791 MPa<\/td>\n<\/tr>\n<\/tbody>\n<\/table>\n","protected":false},"excerpt":{"rendered":"<p>C96400 CDA 964 Aleaciones de cobre y n\u00edquel Especificaci\u00f3n : CDA ASTM Asarcon SAE AMS Federal Militar Otra C964 B505 B505M 70-30 Copper Nickel Composici\u00f3n qu\u00edmica : Cu% Pb% Fe% P% Ni%1 C% Mn% S% Si% Nb% Composici\u00f3n qu\u00edmica seg\u00fan ASTM B505 \/ B505M-18 1El valor de Ni incluye Co. Nota: Cu + Suma de [&hellip;]<\/p>\n","protected":false},"author":1,"featured_media":0,"parent":0,"menu_order":0,"comment_status":"closed","ping_status":"closed","template":"","meta":{"_joinchat":[],"footnotes":""},"class_list":["post-2963","page","type-page","status-publish","hentry"],"_links":{"self":[{"href":"https:\/\/conex-casting.com\/es\/wp-json\/wp\/v2\/pages\/2963","targetHints":{"allow":["GET"]}}],"collection":[{"href":"https:\/\/conex-casting.com\/es\/wp-json\/wp\/v2\/pages"}],"about":[{"href":"https:\/\/conex-casting.com\/es\/wp-json\/wp\/v2\/types\/page"}],"author":[{"embeddable":true,"href":"https:\/\/conex-casting.com\/es\/wp-json\/wp\/v2\/users\/1"}],"replies":[{"embeddable":true,"href":"https:\/\/conex-casting.com\/es\/wp-json\/wp\/v2\/comments?post=2963"}],"version-history":[{"count":1,"href":"https:\/\/conex-casting.com\/es\/wp-json\/wp\/v2\/pages\/2963\/revisions"}],"predecessor-version":[{"id":2964,"href":"https:\/\/conex-casting.com\/es\/wp-json\/wp\/v2\/pages\/2963\/revisions\/2964"}],"wp:attachment":[{"href":"https:\/\/conex-casting.com\/es\/wp-json\/wp\/v2\/media?parent=2963"}],"curies":[{"name":"wp","href":"https:\/\/api.w.org\/{rel}","templated":true}]}}