{"id":2965,"date":"2021-02-14T16:55:45","date_gmt":"2021-02-14T16:55:45","guid":{"rendered":"http:\/\/conex-casting.com\/?page_id=2965"},"modified":"2021-03-04T14:27:01","modified_gmt":"2021-03-04T14:27:01","slug":"c96200-cda-962-aleaciones-de-cobre-y-niquel","status":"publish","type":"page","link":"https:\/\/conex-casting.com\/es\/c96200-cda-962-aleaciones-de-cobre-y-niquel\/","title":{"rendered":"C96200 CDA 962 Aleaciones de cobre y n\u00edquel"},"content":{"rendered":"<p style=\"text-align: center;\"><span style=\"text-decoration: underline; color: #800000;\"><span style=\"font-size: 18pt;\"><strong>C96200 CDA 962 Aleaciones de cobre y n\u00edquel<\/strong><\/span><\/span><\/p>\n<p style=\"text-align: left;\"><strong>Especificaciones, qu\u00edmicas y datos t\u00e9cnicos de las aleaciones :<\/strong><\/p>\n<table border=\"1\" width=\"750\" cellspacing=\"0\" cellpadding=\"5\">\n<tbody>\n<tr>\n<th colspan=\"2\">Est\u00e1ndares de fundici\u00f3n aplicables m\u00e1s cercanos :<\/th>\n<\/tr>\n<tr bgcolor=\"#eeeeee\">\n<td>ASTM (B Series)<\/td>\n<td>B369<\/td>\n<\/tr>\n<tr>\n<td>Federal (QQ-C- Series)<\/td>\n<td>390<\/td>\n<\/tr>\n<tr bgcolor=\"#eeeeee\">\n<td>Military (Mil-C- Series)<\/td>\n<td>20159<\/td>\n<\/tr>\n<\/tbody>\n<\/table>\n<table border=\"1\" width=\"750\" cellspacing=\"0\" cellpadding=\"5\">\n<tbody>\n<tr>\n<th colspan=\"3\">Propiedades de especificaci\u00f3n :<\/th>\n<\/tr>\n<tr bgcolor=\"#eeeeee\">\n<td>(Tratamiento t\u00e9rmico &#8216;F&#8217; denota como fundido)<\/td>\n<td>Estado de tratamiento t\u00e9rmico<\/td>\n<td>M\u00ednima<\/td>\n<\/tr>\n<tr>\n<td>Resistencia a la tracci\u00f3n (ksi)<\/td>\n<td>F<\/td>\n<td>45<\/td>\n<\/tr>\n<tr bgcolor=\"#eeeeee\">\n<td>Fuerza de producci\u00f3n (.5% de extensi\u00f3n bajo carga) (ksi)<\/td>\n<td>F<\/td>\n<td>25<\/td>\n<\/tr>\n<tr>\n<td>Alargamiento (longitud de calibre de 2 pulgadas) (%)<\/td>\n<td>F<\/td>\n<td>20<\/td>\n<\/tr>\n<\/tbody>\n<\/table>\n<table border=\"1\" width=\"750\" cellspacing=\"0\" cellpadding=\"5\">\n<tbody>\n<tr>\n<th colspan=\"3\">Propiedades tipicas :<\/th>\n<\/tr>\n<tr>\n<td><\/td>\n<td>Estado de tratamiento t\u00e9rmico<\/td>\n<td>T\u00edpica<\/td>\n<\/tr>\n<tr bgcolor=\"#eeeeee\">\n<td>M\u00f3dulo de elasticidad (ksi)<\/td>\n<td><\/td>\n<td>18000<\/td>\n<\/tr>\n<tr>\n<td>Maquinabilidad (% de lat\u00f3n de corte libre)<\/td>\n<td><\/td>\n<td>10<\/td>\n<\/tr>\n<tr bgcolor=\"#eeeeee\">\n<td>Fuerza de fatiga (10 ^ 8 ciclos) (ksi)<\/td>\n<td><\/td>\n<td>13<\/td>\n<\/tr>\n<tr>\n<td>Resistencia al impacto (Charpy) (ft-lb)<\/td>\n<td><\/td>\n<td>100<\/td>\n<\/tr>\n<tr bgcolor=\"#eeeeee\">\n<td>Fuerza compresiva (0.100 in. set\/in.) (ksi)<\/td>\n<td><\/td>\n<td>37<\/td>\n<\/tr>\n<tr>\n<td>Rango de fusi\u00f3n (Liquidus-Solidus)(F)<\/td>\n<td><\/td>\n<td>2010-2100<\/td>\n<\/tr>\n<tr bgcolor=\"#eeeeee\">\n<td>Coeficiente de expansi\u00f3n termal (per F @ 68-400F)<\/td>\n<td><\/td>\n<td>0.0000095<\/td>\n<\/tr>\n<tr>\n<td>Conductividad t\u00e9rmica (Btu\/sq.ft\/ft.\/hr\/F @ 68F)<\/td>\n<td><\/td>\n<td>26<\/td>\n<\/tr>\n<tr bgcolor=\"#eeeeee\">\n<td>Calor especifico (Btu\/lb\/F @ 68F)<\/td>\n<td><\/td>\n<td>0.09<\/td>\n<\/tr>\n<tr>\n<td>Conductividad el\u00e9ctrica (% IACS @ 68F)<\/td>\n<td><\/td>\n<td>11<\/td>\n<\/tr>\n<tr bgcolor=\"#eeeeee\">\n<td>Densidad (lb\/cu.in. @ 68F)<\/td>\n<td><\/td>\n<td>0.323<\/td>\n<\/tr>\n<tr>\n<td>Contracci\u00f3n de los patronistas (in\/ft)<\/td>\n<td><\/td>\n<td>3\/16<\/td>\n<\/tr>\n<tr bgcolor=\"#eeeeee\">\n<td>Escoria<\/td>\n<td><\/td>\n<td>Baja<\/td>\n<\/tr>\n<tr>\n<td>Asfixi\u00f3n con gas<\/td>\n<td><\/td>\n<td>Alta<\/td>\n<\/tr>\n<tr bgcolor=\"#eeeeee\">\n<td>Fluidez<\/td>\n<td><\/td>\n<td>Alta<\/td>\n<\/tr>\n<tr>\n<td>Contracci\u00f3n<\/td>\n<td><\/td>\n<td>Alta<\/td>\n<\/tr>\n<tr bgcolor=\"#eeeeee\">\n<td>Rendimiento de fundici\u00f3n<\/td>\n<td><\/td>\n<td>Baja<\/td>\n<\/tr>\n<\/tbody>\n<\/table>\n<table border=\"1\" width=\"750\" cellspacing=\"0\" cellpadding=\"5\">\n<tbody>\n<tr>\n<th colspan=\"3\">Aplicaciones :<\/th>\n<\/tr>\n<tr bgcolor=\"#eeeeee\">\n<td>Codos &#8211; Corrosi\u00f3n del agua de mar<\/td>\n<\/tr>\n<tr>\n<td>Bridas<\/td>\n<\/tr>\n<tr bgcolor=\"#eeeeee\">\n<td>Cuerpos de bomba<\/td>\n<\/tr>\n<tr>\n<td>Valvulas<\/td>\n<\/tr>\n<\/tbody>\n<\/table>\n","protected":false},"excerpt":{"rendered":"<p>C96200 CDA 962 Aleaciones de cobre y n\u00edquel Especificaciones, qu\u00edmicas y datos t\u00e9cnicos de las aleaciones : Est\u00e1ndares de fundici\u00f3n aplicables m\u00e1s cercanos : ASTM (B Series) B369 Federal (QQ-C- Series) 390 Military (Mil-C- Series) 20159 Propiedades de especificaci\u00f3n : (Tratamiento t\u00e9rmico &#8216;F&#8217; denota como fundido) Estado de tratamiento t\u00e9rmico M\u00ednima Resistencia a la tracci\u00f3n [&hellip;]<\/p>\n","protected":false},"author":1,"featured_media":0,"parent":0,"menu_order":0,"comment_status":"closed","ping_status":"closed","template":"","meta":{"_joinchat":[],"footnotes":""},"class_list":["post-2965","page","type-page","status-publish","hentry"],"_links":{"self":[{"href":"https:\/\/conex-casting.com\/es\/wp-json\/wp\/v2\/pages\/2965","targetHints":{"allow":["GET"]}}],"collection":[{"href":"https:\/\/conex-casting.com\/es\/wp-json\/wp\/v2\/pages"}],"about":[{"href":"https:\/\/conex-casting.com\/es\/wp-json\/wp\/v2\/types\/page"}],"author":[{"embeddable":true,"href":"https:\/\/conex-casting.com\/es\/wp-json\/wp\/v2\/users\/1"}],"replies":[{"embeddable":true,"href":"https:\/\/conex-casting.com\/es\/wp-json\/wp\/v2\/comments?post=2965"}],"version-history":[{"count":1,"href":"https:\/\/conex-casting.com\/es\/wp-json\/wp\/v2\/pages\/2965\/revisions"}],"predecessor-version":[{"id":2966,"href":"https:\/\/conex-casting.com\/es\/wp-json\/wp\/v2\/pages\/2965\/revisions\/2966"}],"wp:attachment":[{"href":"https:\/\/conex-casting.com\/es\/wp-json\/wp\/v2\/media?parent=2965"}],"curies":[{"name":"wp","href":"https:\/\/api.w.org\/{rel}","templated":true}]}}