{"id":2967,"date":"2021-02-14T17:01:30","date_gmt":"2021-02-14T17:01:30","guid":{"rendered":"http:\/\/conex-casting.com\/?page_id=2967"},"modified":"2021-03-04T14:27:17","modified_gmt":"2021-03-04T14:27:17","slug":"c95600-cda-956-aleacion-de-bronce","status":"publish","type":"page","link":"https:\/\/conex-casting.com\/es\/c95600-cda-956-aleacion-de-bronce\/","title":{"rendered":"C95600 CDA 956 Aleaci\u00f3n de bronce"},"content":{"rendered":"<p style=\"text-align: center;\"><span style=\"text-decoration: underline; color: #800000;\"><span style=\"font-size: 18pt;\"><strong>C95600 CDA 956 Aleaci\u00f3n de bronce<\/strong><\/span><\/span><\/p>\n<table border=\"1\" width=\"500\" cellspacing=\"0\" cellpadding=\"5\">\n<tbody>\n<tr bgcolor=\"#717e94\">\n<td><span style=\"color: #ffffff;\"><strong>Elemento<\/strong><\/span><\/td>\n<td><span style=\"color: #ffffff;\"><strong>Nominal<\/strong><\/span><\/td>\n<td><span style=\"color: #ffffff;\"><strong>M\u00ednima<\/strong><\/span><\/td>\n<td><span style=\"color: #ffffff;\"><strong>M\u00e1xima<\/strong><\/span><\/td>\n<\/tr>\n<tr>\n<td><strong>Cobre<\/strong><\/td>\n<td>90.3<\/td>\n<td>88<\/td>\n<td>Rem.<\/td>\n<\/tr>\n<tr bgcolor=\"#eeeeee\">\n<td><strong>Dirigir<\/strong><\/td>\n<td>&#8211;<\/td>\n<td>&#8211;<\/td>\n<td>&#8211;<\/td>\n<\/tr>\n<tr>\n<td><strong>Hierro<\/strong><\/td>\n<td>&#8211;<\/td>\n<td>&#8211;<\/td>\n<td>&#8211;<\/td>\n<\/tr>\n<tr bgcolor=\"#eeeeee\">\n<td><strong>N\u00edquel (incl Co)<\/strong><\/td>\n<td>&#8211;<\/td>\n<td>&#8211;<\/td>\n<td>.25<\/td>\n<\/tr>\n<tr>\n<td><strong>Aluminio<\/strong><\/td>\n<td>7<\/td>\n<td>6<\/td>\n<td>8<\/td>\n<\/tr>\n<tr bgcolor=\"#eeeeee\">\n<td><strong>Manganeso<\/strong><\/td>\n<td>&#8211;<\/td>\n<td>&#8211;<\/td>\n<td>&#8211;<\/td>\n<\/tr>\n<tr>\n<td><strong>Magnesio<\/strong><\/td>\n<td>&#8211;<\/td>\n<td>&#8211;<\/td>\n<td>&#8211;<\/td>\n<\/tr>\n<tr bgcolor=\"#eeeeee\">\n<td><strong>Silicio<\/strong><\/td>\n<td>2.5<\/td>\n<td>1.8<\/td>\n<td>3.2<\/td>\n<\/tr>\n<tr>\n<td><strong>Zinc<\/strong><\/td>\n<td>&#8211;<\/td>\n<td>&#8211;<\/td>\n<td>&#8211;<\/td>\n<\/tr>\n<tr bgcolor=\"#eeeeee\">\n<td><strong>Creer<\/strong><\/td>\n<td>&#8211;<\/td>\n<td>&#8211;<\/td>\n<td>&#8211;<\/td>\n<\/tr>\n<\/tbody>\n<\/table>\n<p><strong>Propiedades f\u00edsicas :<\/strong><\/p>\n<table border=\"1\" width=\"500\" cellspacing=\"0\" cellpadding=\"5\">\n<tbody>\n<tr bgcolor=\"#eeeeee\">\n<td><strong>Conductividad t\u00e9rmica<\/strong><\/td>\n<td>BTU\/ (sq ft-ft-hr-F)<\/td>\n<td>22.3<\/td>\n<\/tr>\n<tr>\n<td><strong>Calor especifico<\/strong><\/td>\n<td>BTU\/lb\/\u00baF @ 68F<\/td>\n<td>.09<\/td>\n<\/tr>\n<tr bgcolor=\"#eeeeee\">\n<td><strong>Expansi\u00f3n t\u00e9rmica<\/strong><\/td>\n<td>Per \u00b0F from 68 F to 572 F<\/td>\n<td>.000009<\/td>\n<\/tr>\n<tr>\n<td><strong>Densidad<\/strong><\/td>\n<td>lb\/cu in @ 68 F<\/td>\n<td>.278<\/td>\n<\/tr>\n<tr bgcolor=\"#eeeeee\">\n<td><strong>Conductividad el\u00e9ctrica<\/strong><\/td>\n<td>% IACS @ 68 F<\/td>\n<td>8<\/td>\n<\/tr>\n<tr>\n<td><strong>M\u00f3dulo de elasticidad<\/strong><\/td>\n<td>KSI<\/td>\n<td>15,000<\/td>\n<\/tr>\n<\/tbody>\n<\/table>\n","protected":false},"excerpt":{"rendered":"<p>C95600 CDA 956 Aleaci\u00f3n de bronce Elemento Nominal M\u00ednima M\u00e1xima Cobre 90.3 88 Rem. Dirigir &#8211; &#8211; &#8211; Hierro &#8211; &#8211; &#8211; N\u00edquel (incl Co) &#8211; &#8211; .25 Aluminio 7 6 8 Manganeso &#8211; &#8211; &#8211; Magnesio &#8211; &#8211; &#8211; Silicio 2.5 1.8 3.2 Zinc &#8211; &#8211; &#8211; Creer &#8211; &#8211; &#8211; Propiedades f\u00edsicas : [&hellip;]<\/p>\n","protected":false},"author":1,"featured_media":0,"parent":0,"menu_order":0,"comment_status":"closed","ping_status":"closed","template":"","meta":{"_joinchat":[],"footnotes":""},"class_list":["post-2967","page","type-page","status-publish","hentry"],"_links":{"self":[{"href":"https:\/\/conex-casting.com\/es\/wp-json\/wp\/v2\/pages\/2967","targetHints":{"allow":["GET"]}}],"collection":[{"href":"https:\/\/conex-casting.com\/es\/wp-json\/wp\/v2\/pages"}],"about":[{"href":"https:\/\/conex-casting.com\/es\/wp-json\/wp\/v2\/types\/page"}],"author":[{"embeddable":true,"href":"https:\/\/conex-casting.com\/es\/wp-json\/wp\/v2\/users\/1"}],"replies":[{"embeddable":true,"href":"https:\/\/conex-casting.com\/es\/wp-json\/wp\/v2\/comments?post=2967"}],"version-history":[{"count":1,"href":"https:\/\/conex-casting.com\/es\/wp-json\/wp\/v2\/pages\/2967\/revisions"}],"predecessor-version":[{"id":2969,"href":"https:\/\/conex-casting.com\/es\/wp-json\/wp\/v2\/pages\/2967\/revisions\/2969"}],"wp:attachment":[{"href":"https:\/\/conex-casting.com\/es\/wp-json\/wp\/v2\/media?parent=2967"}],"curies":[{"name":"wp","href":"https:\/\/api.w.org\/{rel}","templated":true}]}}