{"id":2970,"date":"2021-02-14T17:57:20","date_gmt":"2021-02-14T17:57:20","guid":{"rendered":"http:\/\/conex-casting.com\/?page_id=2970"},"modified":"2021-03-04T14:27:08","modified_gmt":"2021-03-04T14:27:08","slug":"c95800-cda-958-aleaciones-de-bronce-de-aluminio","status":"publish","type":"page","link":"https:\/\/conex-casting.com\/es\/c95800-cda-958-aleaciones-de-bronce-de-aluminio\/","title":{"rendered":"C95800 CDA 958 Aleaciones de bronce de aluminio"},"content":{"rendered":"<p style=\"text-align: center;\"><span style=\"text-decoration: underline; color: #800000; font-size: 18pt;\"><strong>C95800 CDA 958 Aleaciones de bronce de aluminio<\/strong><\/span><\/p>\n<p style=\"text-align: left;\">CDA 958 ASTM B 505 , ASTM B 271<br \/>\n<strong>Composici\u00f3n qu\u00edmica % por peso :<\/strong><\/p>\n<table border=\"1\" width=\"700\" cellspacing=\"0\" cellpadding=\"5\">\n<tbody>\n<tr bgcolor=\"#717e94\">\n<td><span style=\"color: #ffffff;\"><strong>Elemento<\/strong><\/span><\/td>\n<td><span style=\"color: #ffffff;\"><strong>Nominal<\/strong><\/span><\/td>\n<td><span style=\"color: #ffffff;\"><strong>M\u00ednima<\/strong><\/span><\/td>\n<td><span style=\"color: #ffffff;\"><strong>M\u00e1xima<\/strong><\/span><\/td>\n<\/tr>\n<tr bgcolor=\"#eeeeee\">\n<td><strong>Aluminio<\/strong><\/td>\n<td>9<\/td>\n<td>8.5<\/td>\n<td>9.5<\/td>\n<\/tr>\n<tr>\n<td><strong>Cobre<\/strong><\/td>\n<td>81<\/td>\n<td>79<\/td>\n<td>&#8211;<\/td>\n<\/tr>\n<tr bgcolor=\"#eeeeee\">\n<td><strong>Hierro<\/strong><\/td>\n<td>4<\/td>\n<td>3.5<\/td>\n<td>4.5<\/td>\n<\/tr>\n<tr>\n<td><strong>Manganeso<\/strong><\/td>\n<td>1<\/td>\n<td>.8<\/td>\n<td>1.5<\/td>\n<\/tr>\n<tr bgcolor=\"#eeeeee\">\n<td><strong>N\u00edquel<\/strong><\/td>\n<td>5<\/td>\n<td>4<\/td>\n<td>5<\/td>\n<\/tr>\n<tr>\n<td><strong>Silicio<\/strong><\/td>\n<td>&#8211;<\/td>\n<td>&#8211;<\/td>\n<td>.10<\/td>\n<\/tr>\n<\/tbody>\n<\/table>\n<p><strong>Aplicaciones :<\/strong><br \/>\nCubos de h\u00e9lice, palas y otras partes en contacto con agua salada.<\/p>\n<p><strong>Propiedades mec\u00e1nicas (como fundido) :<\/strong><br \/>\n<em>M07 &#8211; Como reparto continuo<\/em><\/p>\n<table border=\"1\" width=\"700\" cellspacing=\"0\" cellpadding=\"5\">\n<tbody>\n<tr bgcolor=\"#eeeeee\">\n<td>Dureza*<\/td>\n<td>Dureza Brinell (3000 kg de carga)<\/td>\n<td>159<\/td>\n<\/tr>\n<tr>\n<td>Resistencia a la tracci\u00f3n**<\/td>\n<td>KSI<\/td>\n<td>90<\/td>\n<\/tr>\n<tr bgcolor=\"#eeeeee\">\n<td>Fuerza de producci\u00f3n **<\/td>\n<td>KSI (0.5% Ext. Bajo carga)<\/td>\n<td>38<\/td>\n<\/tr>\n<tr>\n<td>Alargamiento**<\/td>\n<td>% in 2 pulgada<\/td>\n<td>18<\/td>\n<\/tr>\n<\/tbody>\n<\/table>\n<p>**Los valores de prueba son aproximaciones nominales y dependen del tama\u00f1o y la orientaci\u00f3n de la muestra.<\/p>\n<p><strong>Propiedades f\u00edsicas :<\/strong><\/p>\n<table border=\"1\" width=\"700\" cellspacing=\"0\" cellpadding=\"5\">\n<tbody>\n<tr bgcolor=\"#eeeeee\">\n<td>Conductividad t\u00e9rmica<\/td>\n<td>BTU\/ (sq ft-ft-hr-F)<\/td>\n<td>20.8<\/td>\n<\/tr>\n<tr>\n<td>Calor especifico<\/td>\n<td>BTU\/lb\/\u00baF @ 68F<\/td>\n<td>.105<\/td>\n<\/tr>\n<tr bgcolor=\"#eeeeee\">\n<td>Expansi\u00f3n t\u00e9rmica<\/td>\n<td>Per \u00b0F from 68 F to 572 F<\/td>\n<td>.000009<\/td>\n<\/tr>\n<tr>\n<td>Densidad<\/td>\n<td>lb\/cu in @ 68 F<\/td>\n<td>.276<\/td>\n<\/tr>\n<tr bgcolor=\"#eeeeee\">\n<td>Conductividad el\u00e9ctrica* (Annealed)<\/td>\n<td>% IACS @ 68 F<\/td>\n<td>7.1<\/td>\n<\/tr>\n<tr>\n<td>M\u00f3dulo de elasticidad<\/td>\n<td>KSI<\/td>\n<td>16,500<\/td>\n<\/tr>\n<\/tbody>\n<\/table>\n<p>*Volume basis<\/p>\n<p><strong>Pr\u00e1cticas de fabricaci\u00f3n :<\/strong><\/p>\n<table border=\"1\" width=\"700\" cellspacing=\"0\" cellpadding=\"5\">\n<tbody>\n<tr bgcolor=\"#eeeeee\">\n<td>Temperatura para aliviar el estr\u00e9s<\/td>\n<td>600 F or 316 C<\/td>\n<\/tr>\n<tr>\n<td>Tiempo a temperatura<\/td>\n<td>1 hora por pulgada de espesor de secci\u00f3n<\/td>\n<\/tr>\n<tr bgcolor=\"#eeeeee\">\n<td>Responde al tratamiento t\u00e9rmico<\/td>\n<td>*<\/td>\n<\/tr>\n<tr>\n<td>\u00cdndice de maquinabilidad (Lat\u00f3n de corte libre = 100)<\/td>\n<td>50<\/td>\n<\/tr>\n<tr bgcolor=\"#eeeeee\">\n<td>Idoneidad para estar unida por:<\/td>\n<td>Soldadura \/ Buena<\/td>\n<\/tr>\n<tr>\n<td><\/td>\n<td>Soldadura fuerte \/ Feria<\/td>\n<\/tr>\n<tr bgcolor=\"#eeeeee\">\n<td><\/td>\n<td>Soldadura de oxiacetileno \/ No recomendado<\/td>\n<\/tr>\n<tr>\n<td><\/td>\n<td>Soldadura por arco de carbono \/ deficiente<\/td>\n<\/tr>\n<tr bgcolor=\"#eeeeee\">\n<td><\/td>\n<td>Soldadura por arco con protecci\u00f3n de gas \/ buena<\/td>\n<\/tr>\n<tr>\n<td><\/td>\n<td>Soldadura por arco de metal revestido \/ buena<\/td>\n<\/tr>\n<\/tbody>\n<\/table>\n","protected":false},"excerpt":{"rendered":"<p>C95800 CDA 958 Aleaciones de bronce de aluminio CDA 958 ASTM B 505 , ASTM B 271 Composici\u00f3n qu\u00edmica % por peso : Elemento Nominal M\u00ednima M\u00e1xima Aluminio 9 8.5 9.5 Cobre 81 79 &#8211; Hierro 4 3.5 4.5 Manganeso 1 .8 1.5 N\u00edquel 5 4 5 Silicio &#8211; &#8211; .10 Aplicaciones : Cubos de [&hellip;]<\/p>\n","protected":false},"author":1,"featured_media":0,"parent":0,"menu_order":0,"comment_status":"closed","ping_status":"closed","template":"","meta":{"_joinchat":[],"footnotes":""},"class_list":["post-2970","page","type-page","status-publish","hentry"],"_links":{"self":[{"href":"https:\/\/conex-casting.com\/es\/wp-json\/wp\/v2\/pages\/2970","targetHints":{"allow":["GET"]}}],"collection":[{"href":"https:\/\/conex-casting.com\/es\/wp-json\/wp\/v2\/pages"}],"about":[{"href":"https:\/\/conex-casting.com\/es\/wp-json\/wp\/v2\/types\/page"}],"author":[{"embeddable":true,"href":"https:\/\/conex-casting.com\/es\/wp-json\/wp\/v2\/users\/1"}],"replies":[{"embeddable":true,"href":"https:\/\/conex-casting.com\/es\/wp-json\/wp\/v2\/comments?post=2970"}],"version-history":[{"count":1,"href":"https:\/\/conex-casting.com\/es\/wp-json\/wp\/v2\/pages\/2970\/revisions"}],"predecessor-version":[{"id":2971,"href":"https:\/\/conex-casting.com\/es\/wp-json\/wp\/v2\/pages\/2970\/revisions\/2971"}],"wp:attachment":[{"href":"https:\/\/conex-casting.com\/es\/wp-json\/wp\/v2\/media?parent=2970"}],"curies":[{"name":"wp","href":"https:\/\/api.w.org\/{rel}","templated":true}]}}