{"id":3007,"date":"2021-02-14T18:55:12","date_gmt":"2021-02-14T18:55:12","guid":{"rendered":"http:\/\/conex-casting.com\/?page_id=3007"},"modified":"2021-03-04T14:20:36","modified_gmt":"2021-03-04T14:20:36","slug":"c84400-cda-844-aleacion-de-bronce","status":"publish","type":"page","link":"https:\/\/conex-casting.com\/es\/c84400-cda-844-aleacion-de-bronce\/","title":{"rendered":"C84400 CDA 844 Aleaci\u00f3n de bronce"},"content":{"rendered":"<p style=\"text-align: center;\"><span style=\"text-decoration: underline; color: #800000;\"><span style=\"font-size: 18pt;\"><strong>C84400 CDA 844 Aleaci\u00f3n de bronce<\/strong><\/span><\/span><\/p>\n<table style=\"height: 432px; width: 100%;\" border=\"1\" width=\"500\" cellspacing=\"0\" cellpadding=\"5\">\n<thead>\n<tr style=\"height: 24px;\" bgcolor=\"#eeeeee\">\n<th style=\"height: 24px;\">Elemento %<\/th>\n<th style=\"height: 24px;\">Nominal<\/th>\n<th style=\"height: 24px;\">M\u00ednima<\/th>\n<th style=\"height: 24px;\">M\u00e1xima<\/th>\n<\/tr>\n<\/thead>\n<tbody>\n<tr style=\"height: 24px;\" bgcolor=\"#eeeeee\">\n<td style=\"height: 24px;\"><strong>Aluminio<\/strong><\/td>\n<td style=\"height: 24px;\">&#8211;<\/td>\n<td style=\"height: 24px;\">&#8211;<\/td>\n<td style=\"height: 24px;\">.005<\/td>\n<\/tr>\n<tr style=\"height: 24px;\">\n<td style=\"height: 24px;\"><strong>Antimonio<\/strong><\/td>\n<td style=\"height: 24px;\">&#8211;<\/td>\n<td style=\"height: 24px;\">&#8211;<\/td>\n<td style=\"height: 24px;\">.25<\/td>\n<\/tr>\n<tr style=\"height: 24px;\" bgcolor=\"#eeeeee\">\n<td style=\"height: 24px;\"><strong>Cobre<\/strong><\/td>\n<td style=\"height: 24px;\">81<\/td>\n<td style=\"height: 24px;\">78<\/td>\n<td style=\"height: 24px;\">82<\/td>\n<\/tr>\n<tr style=\"height: 24px;\">\n<td style=\"height: 24px;\"><strong>Hierro<\/strong><\/td>\n<td style=\"height: 24px;\">&#8211;<\/td>\n<td style=\"height: 24px;\">&#8211;<\/td>\n<td style=\"height: 24px;\">.40<\/td>\n<\/tr>\n<tr style=\"height: 24px;\" bgcolor=\"#eeeeee\">\n<td style=\"height: 24px;\"><strong>Dirigir<\/strong><\/td>\n<td style=\"height: 24px;\">7<\/td>\n<td style=\"height: 24px;\">6<\/td>\n<td style=\"height: 24px;\">8<\/td>\n<\/tr>\n<tr style=\"height: 24px;\">\n<td style=\"height: 24px;\"><strong>N\u00edquel<\/strong><\/td>\n<td style=\"height: 24px;\">&#8211;<\/td>\n<td style=\"height: 24px;\">&#8211;<\/td>\n<td style=\"height: 24px;\">1<\/td>\n<\/tr>\n<tr style=\"height: 24px;\" bgcolor=\"#eeeeee\">\n<td style=\"height: 24px;\"><strong>F\u00f3sforo<\/strong><\/td>\n<td style=\"height: 24px;\">&#8211;<\/td>\n<td style=\"height: 24px;\">&#8211;<\/td>\n<td style=\"height: 24px;\">1.5<\/td>\n<\/tr>\n<tr style=\"height: 24px;\">\n<td style=\"height: 24px;\"><strong>Silicio<\/strong><\/td>\n<td style=\"height: 24px;\">&#8211;<\/td>\n<td style=\"height: 24px;\">&#8211;<\/td>\n<td style=\"height: 24px;\">.005<\/td>\n<\/tr>\n<tr style=\"height: 24px;\" bgcolor=\"#eeeeee\">\n<td style=\"height: 24px;\"><strong>Azufre<\/strong><\/td>\n<td style=\"height: 24px;\">&#8211;<\/td>\n<td style=\"height: 24px;\">&#8211;<\/td>\n<td style=\"height: 24px;\">.08<\/td>\n<\/tr>\n<tr style=\"height: 24px;\">\n<td style=\"height: 24px;\"><strong>Creer<\/strong><\/td>\n<td style=\"height: 24px;\">3<\/td>\n<td style=\"height: 24px;\">2.3<\/td>\n<td style=\"height: 24px;\">3.5<\/td>\n<\/tr>\n<tr style=\"height: 24px;\" bgcolor=\"#eeeeee\">\n<td style=\"height: 24px;\"><strong>Zinc<\/strong><\/td>\n<td style=\"height: 24px;\">9<\/td>\n<td style=\"height: 24px;\">7<\/td>\n<td style=\"height: 24px;\">10<\/td>\n<\/tr>\n<tr style=\"height: 48px;\">\n<td style=\"height: 48px;\"><strong>Dureza BHN (carga de 500 kg)<\/strong><\/td>\n<td style=\"height: 48px;\">&#8211;<\/td>\n<td style=\"height: 48px;\">55<\/td>\n<td style=\"height: 48px;\">&#8211;<\/td>\n<\/tr>\n<tr style=\"height: 24px;\" bgcolor=\"#eeeeee\">\n<td style=\"height: 24px;\"><strong>Resistencia a la tracci\u00f3n ksi<\/strong><\/td>\n<td style=\"height: 24px;\">&#8211;<\/td>\n<td style=\"height: 24px;\">30<\/td>\n<td style=\"height: 24px;\">&#8211;<\/td>\n<\/tr>\n<tr style=\"height: 48px;\">\n<td style=\"height: 48px;\"><strong>Fuerza de rendimiento ksi (.5% ext. Bajo carga)<\/strong><\/td>\n<td style=\"height: 48px;\">&#8211;<\/td>\n<td style=\"height: 48px;\">15<\/td>\n<td style=\"height: 48px;\">&#8211;<\/td>\n<\/tr>\n<tr style=\"height: 24px;\" bgcolor=\"#eeeeee\">\n<td style=\"height: 24px;\"><strong>Alargamiento % in 2 pulgada<\/strong><\/td>\n<td style=\"height: 24px;\">&#8211;<\/td>\n<td style=\"height: 24px;\">16<\/td>\n<td style=\"height: 24px;\">&#8211;<\/td>\n<\/tr>\n<\/tbody>\n<\/table>\n<p style=\"text-align: justify;\">Los valores enumerados anteriormente representan aproximaciones razonables adecuadas para el uso de ingenier\u00eda general. Debido a las variaciones comerciales en la composici\u00f3n y a las limitaciones de fabricaci\u00f3n, no deben utilizarse para fines de especificaci\u00f3n.<\/p>\n<p><strong>Aplicaciones :<\/strong><br \/>\nHardware general, piezas de fundici\u00f3n ornamentales, suministros y accesorios de plomer\u00eda, v\u00e1lvulas y accesorios de baja presi\u00f3n.<\/p>\n<p><strong>Pr\u00e1cticas de fabricaci\u00f3n :<\/strong><\/p>\n<table border=\"1\" width=\"500\" cellspacing=\"0\" cellpadding=\"5\">\n<tbody>\n<tr bgcolor=\"#eeeeee\">\n<td width=\"264\" height=\"26\"><strong>Temperatura para aliviar el estr\u00e9s<\/strong><\/td>\n<td width=\"200\" height=\"26\">500 F or 260 C<\/td>\n<\/tr>\n<tr>\n<td width=\"264\" height=\"26\"><strong>Tiempo a temperatura<\/strong><\/td>\n<td width=\"200\" height=\"26\">1 hora por pulgada de espesor de secci\u00f3n<\/td>\n<\/tr>\n<tr bgcolor=\"#eeeeee\">\n<td width=\"264\" height=\"26\"><strong>Responde al tratamiento t\u00e9rmico<\/strong><\/td>\n<td width=\"200\" height=\"26\">No<\/td>\n<\/tr>\n<tr>\n<td width=\"264\" height=\"26\"><strong>\u00cdndice de maquinabilidad (Lat\u00f3n de corte libre = 100)<\/strong><\/td>\n<td width=\"200\" height=\"26\">90<\/td>\n<\/tr>\n<tr bgcolor=\"#eeeeee\">\n<td width=\"264\" height=\"26\"><strong>Idoneidad para estar unida por :<\/strong><\/td>\n<td width=\"200\" height=\"26\">Soldadura \/ Excelente<\/td>\n<\/tr>\n<tr>\n<td width=\"264\" height=\"26\"><\/td>\n<td width=\"200\" height=\"26\">Soldadura fuerte \/ Bueno*<\/td>\n<\/tr>\n<tr bgcolor=\"#eeeeee\">\n<td width=\"264\" height=\"26\"><\/td>\n<td width=\"200\" height=\"26\">Soldadura de oxiacetileno \/ No recomendado<\/td>\n<\/tr>\n<tr>\n<td width=\"264\" height=\"26\"><\/td>\n<td width=\"200\" height=\"26\">Soldadura por arco con protecci\u00f3n de gas \/ No recomendado<\/td>\n<\/tr>\n<tr bgcolor=\"#eeeeee\">\n<td width=\"264\" height=\"26\"><\/td>\n<td width=\"200\" height=\"26\">Soldadura por arco de metal revestido \/ Feria<\/td>\n<\/tr>\n<\/tbody>\n<\/table>\n<p><strong>Propiedades f\u00edsicas :<\/strong><\/p>\n<table border=\"1\" width=\"500\" cellspacing=\"0\" cellpadding=\"5\">\n<tbody>\n<tr bgcolor=\"#eeeeee\">\n<td><strong>Conductividad t\u00e9rmica<\/strong><\/td>\n<td>BTU\/ (sq ft-ft-hr-F)<\/td>\n<td>41.9<\/td>\n<\/tr>\n<tr>\n<td><strong>Calor especifico<\/strong><\/td>\n<td>BTU\/lb\/\u00baF @ 68F<\/td>\n<td>.09<\/td>\n<\/tr>\n<tr bgcolor=\"#eeeeee\">\n<td><strong>Expansi\u00f3n t\u00e9rmica<\/strong><\/td>\n<td>Per \u00b0F from 68 F to 500 F<\/td>\n<td>.000010<\/td>\n<\/tr>\n<tr>\n<td><strong>Densidad<\/strong><\/td>\n<td>lb\/cu in @ 68 F<\/td>\n<td>.314<\/td>\n<\/tr>\n<tr bgcolor=\"#eeeeee\">\n<td><strong>Conductividad el\u00e9ctrica<\/strong><\/td>\n<td>% IACS @ 68 F<\/td>\n<td>16.4<\/td>\n<\/tr>\n<tr>\n<td><strong>M\u00f3dulo de elasticidad<\/strong><\/td>\n<td>KSI<\/td>\n<td>13,000<\/td>\n<\/tr>\n<\/tbody>\n<\/table>\n","protected":false},"excerpt":{"rendered":"<p>C84400 CDA 844 Aleaci\u00f3n de bronce Elemento % Nominal M\u00ednima M\u00e1xima Aluminio &#8211; &#8211; .005 Antimonio &#8211; &#8211; .25 Cobre 81 78 82 Hierro &#8211; &#8211; .40 Dirigir 7 6 8 N\u00edquel &#8211; &#8211; 1 F\u00f3sforo &#8211; &#8211; 1.5 Silicio &#8211; &#8211; .005 Azufre &#8211; &#8211; .08 Creer 3 2.3 3.5 Zinc 9 7 10 [&hellip;]<\/p>\n","protected":false},"author":1,"featured_media":0,"parent":0,"menu_order":0,"comment_status":"closed","ping_status":"closed","template":"","meta":{"_joinchat":[],"footnotes":""},"class_list":["post-3007","page","type-page","status-publish","hentry"],"_links":{"self":[{"href":"https:\/\/conex-casting.com\/es\/wp-json\/wp\/v2\/pages\/3007","targetHints":{"allow":["GET"]}}],"collection":[{"href":"https:\/\/conex-casting.com\/es\/wp-json\/wp\/v2\/pages"}],"about":[{"href":"https:\/\/conex-casting.com\/es\/wp-json\/wp\/v2\/types\/page"}],"author":[{"embeddable":true,"href":"https:\/\/conex-casting.com\/es\/wp-json\/wp\/v2\/users\/1"}],"replies":[{"embeddable":true,"href":"https:\/\/conex-casting.com\/es\/wp-json\/wp\/v2\/comments?post=3007"}],"version-history":[{"count":1,"href":"https:\/\/conex-casting.com\/es\/wp-json\/wp\/v2\/pages\/3007\/revisions"}],"predecessor-version":[{"id":3009,"href":"https:\/\/conex-casting.com\/es\/wp-json\/wp\/v2\/pages\/3007\/revisions\/3009"}],"wp:attachment":[{"href":"https:\/\/conex-casting.com\/es\/wp-json\/wp\/v2\/media?parent=3007"}],"curies":[{"name":"wp","href":"https:\/\/api.w.org\/{rel}","templated":true}]}}