{"id":3016,"date":"2021-02-14T19:34:13","date_gmt":"2021-02-14T19:34:13","guid":{"rendered":"http:\/\/conex-casting.com\/?page_id=3016"},"modified":"2021-03-04T14:25:18","modified_gmt":"2021-03-04T14:25:18","slug":"c90700-cda-907-aleaciones-de-bronce-de-estano","status":"publish","type":"page","link":"https:\/\/conex-casting.com\/es\/c90700-cda-907-aleaciones-de-bronce-de-estano\/","title":{"rendered":"C90700 CDA 907 Aleaciones de bronce de esta\u00f1o"},"content":{"rendered":"<p style=\"text-align: center;\"><span style=\"font-size: 18pt; color: #800000;\"><strong><span style=\"text-decoration: underline;\">C90700 CDA 907 Aleaciones de bronce de esta\u00f1o<\/span><\/strong><\/span><\/p>\n<p><strong>Especificaci\u00f3n :<\/strong><\/p>\n<table border=\"1\" width=\"750\" cellspacing=\"0\" cellpadding=\"5\">\n<thead>\n<tr>\n<th>CDA<\/th>\n<th>ASTM<\/th>\n<th>ASARCON<\/th>\n<th>SAE<\/th>\n<th>AMS<\/th>\n<th>Federal<\/th>\n<th>Militar<\/th>\n<th>Otra<\/th>\n<\/tr>\n<\/thead>\n<tbody>\n<tr bgcolor=\"eeeeee\">\n<td>C907<\/td>\n<td>B505<br \/>\nB505M<\/td>\n<td>110<\/td>\n<td>65<br \/>\nJ461<br \/>\nJ462<\/td>\n<td>4845<\/td>\n<td><\/td>\n<td><\/td>\n<td>Bronce de esta\u00f1o, 65<\/td>\n<\/tr>\n<\/tbody>\n<\/table>\n<p><strong>Composici\u00f3n qu\u00edmica :<\/strong><\/p>\n<table border=\"1\" width=\"750\" cellspacing=\"0\" cellpadding=\"5\">\n<thead>\n<tr>\n<th>Cu%<sup>1<\/sup><\/th>\n<th>Sn%<\/th>\n<th>Pb%<\/th>\n<th>Zn%<\/th>\n<th>Fe%<\/th>\n<th>Ni%<sup>2<\/sup><\/th>\n<th>Sb%<\/th>\n<th>P%<sup>3<\/sup><\/th>\n<th>S%<\/th>\n<th>Al%<\/th>\n<th>Si%<\/th>\n<\/tr>\n<\/thead>\n<tfoot>\n<tr>\n<td colspan=\"12\">\n<div>Composici\u00f3n qu\u00edmica seg\u00fan ASTM B505\/B505M-18<\/div>\n<div><sup>1<\/sup>Para determinar Cu min., Cu se puede calcular como Cu + Ni. 2Para coladas continuas, P ser\u00e1 1,5%, m\u00e1x. El valor 3Ni incluye Co.<\/div>\n<div>Nota: Cu + Suma de elementos nombrados, 99,4% m\u00edn. Los valores individuales representan m\u00e1ximos.<\/div>\n<\/td>\n<\/tr>\n<\/tfoot>\n<tbody>\n<tr bgcolor=\"eeeeee\">\n<td>88.00-<br \/>\n90.00<\/td>\n<td>10.00-<br \/>\n12.00<\/td>\n<td>0.50<\/td>\n<td>0.50<\/td>\n<td>0.15<\/td>\n<td>0.50<\/td>\n<td>0.20<\/td>\n<td>0.30<\/td>\n<td>0.05<\/td>\n<td>0.005<\/td>\n<td>0.005<\/td>\n<\/tr>\n<\/tbody>\n<\/table>\n<p><strong>Maquinabilidad :<\/strong><\/p>\n<table border=\"1\" width=\"750\" cellspacing=\"0\" cellpadding=\"5\">\n<thead>\n<tr>\n<th>Aleaci\u00f3n<\/th>\n<th>Clasificaci\u00f3n de maquinabilidad<\/th>\n<th>Densidad (lb\/in<sup>3<\/sup>\u00a0at 68 \u00b0F)<\/th>\n<\/tr>\n<\/thead>\n<tbody>\n<tr bgcolor=\"eeeeee\">\n<td>C907<\/td>\n<td>20<\/td>\n<td>0.317<\/td>\n<\/tr>\n<\/tbody>\n<\/table>\n<p><strong>Propiedades mec\u00e1nicas :<\/strong><\/p>\n<table border=\"1\" width=\"750\" cellspacing=\"0\" cellpadding=\"5\">\n<tfoot>\n<tr>\n<td colspan=\"12\">\n<div>Propiedades mec\u00e1nicas seg\u00fan ASTM B505\/B505M-18<\/div>\n<\/td>\n<\/tr>\n<\/tfoot>\n<thead>\n<tr>\n<th colspan=\"2\">Resistencia a la tracci\u00f3n, min<\/th>\n<th colspan=\"2\">Resistencia a la fluencia, al 0,5% de extensi\u00f3n bajo carga, m\u00edn.<\/th>\n<th>Alargamiento, en 2 pulg. O 50 mm min<\/th>\n<th>Dureza Brinell (carga de 500 kg)<\/th>\n<th>Observaciones<\/th>\n<\/tr>\n<tr>\n<th>ksi<\/th>\n<th>MPa<\/th>\n<th>ksi<\/th>\n<th>MPa<\/th>\n<th>%<\/th>\n<th>t\u00edpica BHN<\/th>\n<th><\/th>\n<\/tr>\n<\/thead>\n<tbody>\n<tr bgcolor=\"eeeeee\">\n<td>40<\/td>\n<td>276<\/td>\n<td>25<\/td>\n<td>172<\/td>\n<td>10<\/td>\n<td>102<\/td>\n<td><\/td>\n<\/tr>\n<\/tbody>\n<\/table>\n<p><strong>Propiedades f\u00edsicas :<\/strong><\/p>\n<table border=\"1\" width=\"750\" cellspacing=\"0\" cellpadding=\"5\">\n<tfoot>\n<tr>\n<td colspan=\"12\">\n<div>Propiedades f\u00edsicas proporcionadas por CDA<\/div>\n<\/td>\n<\/tr>\n<\/tfoot>\n<thead>\n<tr>\n<th><\/th>\n<th>US Customary<\/th>\n<th>M\u00e9trica<\/th>\n<\/tr>\n<\/thead>\n<tbody>\n<tr bgcolor=\"eeeeee\">\n<td><strong>Punto de fusi\u00f3n &#8211; Liquidus<\/strong><\/td>\n<td>1830 \u00b0F<\/td>\n<td>999 \u00b0C<\/td>\n<\/tr>\n<tr>\n<td><strong>Punto de fusi\u00f3n &#8211; Solidus<\/strong><\/td>\n<td>1528 \u00b0F<\/td>\n<td>831 \u00b0C<\/td>\n<\/tr>\n<tr bgcolor=\"eeeeee\">\n<td><strong>Densidad<\/strong><\/td>\n<td>0.317 lb\/in<sup>3<\/sup>\u00a0at 68 \u00b0F<\/td>\n<td>8.77 gm\/cm<sup>3<\/sup>\u00a0at 20 \u00b0C<\/td>\n<\/tr>\n<tr>\n<td><strong>Gravedad espec\u00edfica<\/strong><\/td>\n<td>8.77<\/td>\n<td>8.77<\/td>\n<\/tr>\n<tr bgcolor=\"eeeeee\">\n<td><strong>Conductividad el\u00e9ctrica<\/strong><\/td>\n<td>10% IACS at 68 \u00b0F<\/td>\n<td>0.056 MegaSiemens\/cm at 20 \u00b0C<\/td>\n<\/tr>\n<tr>\n<td><strong>Conductividad t\u00e9rmica<\/strong><\/td>\n<td>40.8 Btu\/sq ft\/ft hr\/\u00b0F at 68 \u00b0F<\/td>\n<td>70.6 W\/m at 20 \u00b0C<\/td>\n<\/tr>\n<tr bgcolor=\"eeeeee\">\n<td><strong>Coeficiente de expansi\u00f3n termal 68-392<\/strong><\/td>\n<td>10.2 \u00b7 10<sup>-6<\/sup>\u00a0per \u00b0F (68-392 \u00b0F)<\/td>\n<td>18.4 \u00b7 10<sup>-6<\/sup>\u00a0per \u00b0C (20-200 \u00b0C)<\/td>\n<\/tr>\n<tr>\n<td><strong>Capacidad calor\u00edfica espec\u00edfica<\/strong><\/td>\n<td>0.09 Btu\/lb\/\u00b0F at 68 \u00b0F<\/td>\n<td>377.1 J\/kg at 293 \u00b0C<\/td>\n<\/tr>\n<tr bgcolor=\"eeeeee\">\n<td><strong>M\u00f3dulo de elasticidad en tensi\u00f3n<\/strong><\/td>\n<td>15000 ksi<\/td>\n<td>103400 MPa<\/td>\n<\/tr>\n<tr>\n<td><strong>Permeabilidad magn\u00e9tica<\/strong><\/td>\n<td>1<\/td>\n<td>1<\/td>\n<\/tr>\n<\/tbody>\n<\/table>\n<p><strong>Propiedades de fabricaci\u00f3n :<\/strong><\/p>\n<table border=\"1\" width=\"750\" cellspacing=\"0\" cellpadding=\"5\">\n<tfoot>\n<tr>\n<td colspan=\"12\">\n<div>Propiedades de fabricaci\u00f3n proporcionadas por CDA<\/div>\n<\/td>\n<\/tr>\n<\/tfoot>\n<thead>\n<tr>\n<th>T\u00e9cnica de uni\u00f3n<\/th>\n<th>Idoneidad<\/th>\n<\/tr>\n<\/thead>\n<tbody>\n<tr bgcolor=\"eeeeee\">\n<td><strong>Soldadura<\/strong><\/td>\n<td>Excelente<\/td>\n<\/tr>\n<tr>\n<td><strong>Soldadura<\/strong><\/td>\n<td>Buena<\/td>\n<\/tr>\n<tr bgcolor=\"eeeeee\">\n<td><strong>Soldadura de oxiacetileno<\/strong><\/td>\n<td>Fair<\/td>\n<\/tr>\n<tr>\n<td><strong>Soldadura por arco con protecci\u00f3n de gas<\/strong><\/td>\n<td>Fair<\/td>\n<\/tr>\n<tr bgcolor=\"eeeeee\">\n<td><strong>Soldadura por arco de metal revestido<\/strong><\/td>\n<td>Fair<\/td>\n<\/tr>\n<\/tbody>\n<\/table>\n<p><strong>Propiedades termales :<\/strong><\/p>\n<table border=\"1\" width=\"750\" cellspacing=\"0\" cellpadding=\"5\">\n<tfoot>\n<tr>\n<td colspan=\"12\">\n<div>Propiedades t\u00e9rmicas proporcionadas por CDA<\/div>\n<\/td>\n<\/tr>\n<\/tfoot>\n<thead>\n<tr>\n<th>Tratamiento<\/th>\n<th>Temp.\/Time &#8211; US<\/th>\n<th>Temp.\/Time &#8211; SI<\/th>\n<\/tr>\n<\/thead>\n<tbody>\n<tr bgcolor=\"eeeeee\">\n<td><strong>Temperatura de estr\u00e9s<\/strong><\/td>\n<td>500<\/td>\n<td>260<\/td>\n<\/tr>\n<tr>\n<td><strong>Soluci\u00f3n m\u00ednima<\/strong><\/td>\n<td><\/td>\n<td><\/td>\n<\/tr>\n<tr bgcolor=\"eeeeee\">\n<td><strong>Soluci\u00f3n m\u00e1xima<\/strong><\/td>\n<td><\/td>\n<td><\/td>\n<\/tr>\n<tr>\n<td><strong>Tiempo de soluci\u00f3n<\/strong><\/td>\n<td>0.0<\/td>\n<td><\/td>\n<\/tr>\n<tr bgcolor=\"eeeeee\">\n<td><strong>Medio de soluci\u00f3n<\/strong><\/td>\n<td><\/td>\n<td><\/td>\n<\/tr>\n<tr>\n<td><strong>Valor de precipitaci\u00f3n<\/strong><\/td>\n<td><\/td>\n<td><\/td>\n<\/tr>\n<tr bgcolor=\"eeeeee\">\n<td><strong>Tiempo de precipitaci\u00f3n<\/strong><\/td>\n<td><\/td>\n<td><\/td>\n<\/tr>\n<tr>\n<td><strong>Medio de precipitaci\u00f3n<\/strong><\/td>\n<td><\/td>\n<td><\/td>\n<\/tr>\n<tr bgcolor=\"eeeeee\">\n<td><strong>M\u00ednimo de recocido<\/strong><\/td>\n<td><\/td>\n<td><\/td>\n<\/tr>\n<tr>\n<td><strong>M\u00e1xima recocido<\/strong><\/td>\n<td><\/td>\n<td><\/td>\n<\/tr>\n<tr bgcolor=\"eeeeee\">\n<td><strong>Tiempo de recocido<\/strong><\/td>\n<td><\/td>\n<td><\/td>\n<\/tr>\n<tr>\n<td><strong>Trabajos en caliente m\u00ednima<\/strong><\/td>\n<td><\/td>\n<td><\/td>\n<\/tr>\n<tr bgcolor=\"eeeeee\">\n<td><strong>Trabajos en caliente m\u00e1xima<\/strong><\/td>\n<\/tr>\n<\/tbody>\n<\/table>\n","protected":false},"excerpt":{"rendered":"<p>C90700 CDA 907 Aleaciones de bronce de esta\u00f1o Especificaci\u00f3n : CDA ASTM ASARCON SAE AMS Federal Militar Otra C907 B505 B505M 110 65 J461 J462 4845 Bronce de esta\u00f1o, 65 Composici\u00f3n qu\u00edmica : Cu%1 Sn% Pb% Zn% Fe% Ni%2 Sb% P%3 S% Al% Si% Composici\u00f3n qu\u00edmica seg\u00fan ASTM B505\/B505M-18 1Para determinar Cu min., Cu se [&hellip;]<\/p>\n","protected":false},"author":1,"featured_media":0,"parent":0,"menu_order":0,"comment_status":"closed","ping_status":"closed","template":"","meta":{"_joinchat":[],"footnotes":""},"class_list":["post-3016","page","type-page","status-publish","hentry"],"_links":{"self":[{"href":"https:\/\/conex-casting.com\/es\/wp-json\/wp\/v2\/pages\/3016","targetHints":{"allow":["GET"]}}],"collection":[{"href":"https:\/\/conex-casting.com\/es\/wp-json\/wp\/v2\/pages"}],"about":[{"href":"https:\/\/conex-casting.com\/es\/wp-json\/wp\/v2\/types\/page"}],"author":[{"embeddable":true,"href":"https:\/\/conex-casting.com\/es\/wp-json\/wp\/v2\/users\/1"}],"replies":[{"embeddable":true,"href":"https:\/\/conex-casting.com\/es\/wp-json\/wp\/v2\/comments?post=3016"}],"version-history":[{"count":1,"href":"https:\/\/conex-casting.com\/es\/wp-json\/wp\/v2\/pages\/3016\/revisions"}],"predecessor-version":[{"id":3017,"href":"https:\/\/conex-casting.com\/es\/wp-json\/wp\/v2\/pages\/3016\/revisions\/3017"}],"wp:attachment":[{"href":"https:\/\/conex-casting.com\/es\/wp-json\/wp\/v2\/media?parent=3016"}],"curies":[{"name":"wp","href":"https:\/\/api.w.org\/{rel}","templated":true}]}}