{"id":3024,"date":"2021-02-14T19:55:02","date_gmt":"2021-02-14T19:55:02","guid":{"rendered":"http:\/\/conex-casting.com\/?page_id=3024"},"modified":"2021-03-04T14:22:53","modified_gmt":"2021-03-04T14:22:53","slug":"c85200-cda-852-aleaciones-de-laton-amarillo","status":"publish","type":"page","link":"https:\/\/conex-casting.com\/es\/c85200-cda-852-aleaciones-de-laton-amarillo\/","title":{"rendered":"C85200 CDA 852 Aleaciones de lat\u00f3n amarillo"},"content":{"rendered":"<p style=\"text-align: center;\"><span style=\"text-decoration: underline;\"><span style=\"font-size: 18pt; color: #800000;\"><strong>C85200 CDA 852 Aleaciones de lat\u00f3n amarillo<\/strong><\/span><\/span><\/p>\n<table border=\"1\" width=\"700\" cellspacing=\"0\" cellpadding=\"5\">\n<tbody>\n<tr>\n<th>Propiedades f\u00edsicas<\/th>\n<th>M\u00e9trica<\/th>\n<th><\/th>\n<\/tr>\n<tr bgcolor=\"#eeeeee\">\n<td>Densidad<\/td>\n<td>8.50\u00a0g\/cc<\/td>\n<td>0.307\u00a0lb\/in\u00b3<\/td>\n<\/tr>\n<tr>\n<td colspan=\"4\"><\/td>\n<\/tr>\n<tr>\n<th>Propiedades mec\u00e1nicas<\/th>\n<th>M\u00e9trica<\/th>\n<th><\/th>\n<\/tr>\n<tr bgcolor=\"#eeeeee\">\n<td>Dureza, Brinell<\/td>\n<td>45<\/td>\n<td>45<\/td>\n<\/tr>\n<tr>\n<td>Resistencia a la tracci\u00f3n, Ultimate<\/td>\n<td>260\u00a0MPa<\/td>\n<td>37700\u00a0psi<\/td>\n<\/tr>\n<tr bgcolor=\"#eeeeee\">\n<td>Resistencia a la tracci\u00f3n, rendimiento<\/td>\n<td>90.0\u00a0MPa<br \/>\n@Strain 0.500 %<\/td>\n<td>13100\u00a0psi<br \/>\n@Strain 0.500 %<\/td>\n<\/tr>\n<tr>\n<td>Alargamiento a la rotura<\/td>\n<td>35 %<\/td>\n<td>35 %<\/td>\n<\/tr>\n<tr bgcolor=\"#eeeeee\">\n<td>M\u00f3dulo de elasticidad<\/td>\n<td>76.0\u00a0GPa<\/td>\n<td>11000\u00a0ksi<\/td>\n<\/tr>\n<tr>\n<td>Maquinabilidad<\/td>\n<td>80 %<\/td>\n<td>80 %<\/td>\n<\/tr>\n<tr>\n<td colspan=\"4\"><\/td>\n<\/tr>\n<tr>\n<th>Propiedades electricas<\/th>\n<th>Metric<\/th>\n<th><\/th>\n<\/tr>\n<tr bgcolor=\"#eeeeee\">\n<td>Resistividad electrica<\/td>\n<td>0.000009269\u00a0ohm-cm<br \/>\n@Temperature 20.0 \u00b0C<\/td>\n<td>0.000009269\u00a0ohm-cm<br \/>\n@Temperature 68.0 \u00b0F<\/td>\n<\/tr>\n<tr>\n<td>Permeabilidad magn\u00e9tica<\/td>\n<td>1.0<\/td>\n<td>1.0<\/td>\n<\/tr>\n<tr>\n<td colspan=\"4\"><\/td>\n<\/tr>\n<tr>\n<th>Propiedades termales<\/th>\n<th>M\u00e9trica<\/th>\n<th><\/th>\n<\/tr>\n<tr bgcolor=\"#eeeeee\">\n<td>CTE, linear<\/td>\n<td>21.0\u00a0\u00b5m\/m-\u00b0C<br \/>\n@Temperature 20.0 &#8211; 100 \u00b0C<\/td>\n<td>11.7\u00a0\u00b5in\/in-\u00b0F<br \/>\n@Temperature 68.0 &#8211; 212 \u00b0F<\/td>\n<\/tr>\n<tr>\n<td>Capacidad calor\u00edfica espec\u00edfica<\/td>\n<td>0.380\u00a0J\/g-\u00b0C<\/td>\n<td>0.0908\u00a0BTU\/lb-\u00b0F<\/td>\n<\/tr>\n<tr bgcolor=\"#eeeeee\">\n<td>Capacidad calor\u00edfica espec\u00edfica<\/td>\n<td>83.9\u00a0W\/m-K<br \/>\n@Temperature 20.0 \u00b0C<\/td>\n<td>582\u00a0BTU-in\/hr-ft\u00b2-\u00b0F<br \/>\n@Temperature 68.0 \u00b0F<\/td>\n<\/tr>\n<tr>\n<td>Conductividad t\u00e9rmica<\/td>\n<td>925\u00a0&#8211;\u00a0940\u00a0\u00b0C<\/td>\n<td>1700\u00a0&#8211;\u00a01720\u00a0\u00b0F<\/td>\n<\/tr>\n<tr bgcolor=\"#eeeeee\">\n<td>Solidus<\/td>\n<td>25\u00a0\u00b0C<\/td>\n<td>1700\u00a0\u00b0F<\/td>\n<\/tr>\n<tr>\n<td>Liquidus<\/td>\n<td>940\u00a0\u00b0C<\/td>\n<td>1720\u00a0\u00b0F<\/td>\n<\/tr>\n<tr bgcolor=\"#eeeeee\">\n<td>Contracci\u00f3n<\/td>\n<td>1.60 %<\/td>\n<td>1.60 %<\/td>\n<\/tr>\n<tr>\n<td colspan=\"4\"><\/td>\n<\/tr>\n<tr>\n<th>Propiedades de los elementos componentes<\/th>\n<th>M\u00e9trica<\/th>\n<th><\/th>\n<\/tr>\n<tr bgcolor=\"#eeeeee\">\n<td>Aluminio, Al<\/td>\n<td>&lt;= 0.0050 %<\/td>\n<td>&lt;= 0.0050 %<\/td>\n<\/tr>\n<tr>\n<td>Antimonio, Sb<\/td>\n<td>&lt;= 0.20 %<\/td>\n<td>&lt;= 0.20 %<\/td>\n<\/tr>\n<tr bgcolor=\"#eeeeee\">\n<td>Cobre, Cu<\/td>\n<td>70 &#8211; 74 %<\/td>\n<td>70 &#8211; 74 %<\/td>\n<\/tr>\n<tr>\n<td>Hierro, Fe<\/td>\n<td>&lt;= 0.60 %<\/td>\n<td>&lt;= 0.60 %<\/td>\n<\/tr>\n<tr bgcolor=\"#eeeeee\">\n<td>Dirigir, Pb<\/td>\n<td>1.5 &#8211; 3.8 %<\/td>\n<td>1.5 &#8211; 3.8 %<\/td>\n<\/tr>\n<tr>\n<td>N\u00edquel, Ni<\/td>\n<td>&lt;= 1.0 %<\/td>\n<td>&lt;= 1.0 %<\/td>\n<\/tr>\n<tr bgcolor=\"#eeeeee\">\n<td>Fosforoso, P<\/td>\n<td>&lt;= 0.020 %<\/td>\n<td>&lt;= 0.020 %<\/td>\n<\/tr>\n<tr>\n<td>Silicio, Si<\/td>\n<td>&lt;= 0.050 %<\/td>\n<td>&lt;= 0.050 %<\/td>\n<\/tr>\n<tr bgcolor=\"#eeeeee\">\n<td>Azufre, S<\/td>\n<td>&lt;= 0.050 %<\/td>\n<td>&lt;= 0.050 %<\/td>\n<\/tr>\n<tr>\n<td>Creer, Sn<\/td>\n<td>0.70 &#8211; 2.0 %<\/td>\n<td>0.70 &#8211; 2.0 %<\/td>\n<\/tr>\n<tr bgcolor=\"#eeeeee\">\n<td>Zinc, Zn<\/td>\n<td>20 &#8211; 27 %<\/td>\n<td>20 &#8211; 27 %<\/td>\n<\/tr>\n<\/tbody>\n<\/table>\n","protected":false},"excerpt":{"rendered":"<p>C85200 CDA 852 Aleaciones de lat\u00f3n amarillo Propiedades f\u00edsicas M\u00e9trica Densidad 8.50\u00a0g\/cc 0.307\u00a0lb\/in\u00b3 Propiedades mec\u00e1nicas M\u00e9trica Dureza, Brinell 45 45 Resistencia a la tracci\u00f3n, Ultimate 260\u00a0MPa 37700\u00a0psi Resistencia a la tracci\u00f3n, rendimiento 90.0\u00a0MPa @Strain 0.500 % 13100\u00a0psi @Strain 0.500 % Alargamiento a la rotura 35 % 35 % M\u00f3dulo de elasticidad 76.0\u00a0GPa 11000\u00a0ksi Maquinabilidad 80 [&hellip;]<\/p>\n","protected":false},"author":1,"featured_media":0,"parent":0,"menu_order":0,"comment_status":"closed","ping_status":"closed","template":"","meta":{"_joinchat":[],"footnotes":""},"class_list":["post-3024","page","type-page","status-publish","hentry"],"_links":{"self":[{"href":"https:\/\/conex-casting.com\/es\/wp-json\/wp\/v2\/pages\/3024","targetHints":{"allow":["GET"]}}],"collection":[{"href":"https:\/\/conex-casting.com\/es\/wp-json\/wp\/v2\/pages"}],"about":[{"href":"https:\/\/conex-casting.com\/es\/wp-json\/wp\/v2\/types\/page"}],"author":[{"embeddable":true,"href":"https:\/\/conex-casting.com\/es\/wp-json\/wp\/v2\/users\/1"}],"replies":[{"embeddable":true,"href":"https:\/\/conex-casting.com\/es\/wp-json\/wp\/v2\/comments?post=3024"}],"version-history":[{"count":1,"href":"https:\/\/conex-casting.com\/es\/wp-json\/wp\/v2\/pages\/3024\/revisions"}],"predecessor-version":[{"id":3025,"href":"https:\/\/conex-casting.com\/es\/wp-json\/wp\/v2\/pages\/3024\/revisions\/3025"}],"wp:attachment":[{"href":"https:\/\/conex-casting.com\/es\/wp-json\/wp\/v2\/media?parent=3024"}],"curies":[{"name":"wp","href":"https:\/\/api.w.org\/{rel}","templated":true}]}}