{"id":3026,"date":"2021-02-14T20:03:31","date_gmt":"2021-02-14T20:03:31","guid":{"rendered":"http:\/\/conex-casting.com\/?page_id=3026"},"modified":"2021-03-04T14:22:59","modified_gmt":"2021-03-04T14:22:59","slug":"c85700-cda-857-aleaciones-de-laton-amarillo","status":"publish","type":"page","link":"https:\/\/conex-casting.com\/es\/c85700-cda-857-aleaciones-de-laton-amarillo\/","title":{"rendered":"C85700 CDA 857 Aleaciones de lat\u00f3n amarillo"},"content":{"rendered":"<p style=\"text-align: center;\"><span style=\"text-decoration: underline; color: #800000;\"><strong><span style=\"font-size: 18pt;\">C85700 CDA 857 Aleaciones de lat\u00f3n amarillo<\/span><\/strong><\/span><\/p>\n<p><strong>Especificaci\u00f3n :<\/strong><\/p>\n<table border=\"1\" width=\"750\" cellspacing=\"0\" cellpadding=\"5\">\n<thead>\n<tr bgcolor=\"#eeeeee\">\n<th>CDA<\/th>\n<th>ASTM<\/th>\n<th>Asarcon<\/th>\n<th>SAE<\/th>\n<th>AMS<\/th>\n<th>Federal<\/th>\n<th>Militar<\/th>\n<th>Otra<\/th>\n<\/tr>\n<\/thead>\n<tbody>\n<tr bgcolor=\"#eeeeee\">\n<td>C857<\/td>\n<td>B505<br \/>\nB505M<\/td>\n<td><\/td>\n<td><\/td>\n<td><\/td>\n<td>QQ-C-390, A1;<br \/>\nQQ-B-621, CLASS A<\/td>\n<td>MIL-C-15345, ALLOY 3<\/td>\n<td>Lat\u00f3n naval con plomo<\/td>\n<\/tr>\n<\/tbody>\n<\/table>\n<p><strong>Composici\u00f3n qu\u00edmica :<\/strong><\/p>\n<table border=\"1\" width=\"750\" cellspacing=\"0\" cellpadding=\"5\">\n<thead>\n<tr bgcolor=\"#eeeeee\">\n<th>Cu%<sup>1<\/sup><\/th>\n<th>Pb%<\/th>\n<th>Sn%<\/th>\n<th>Zn%<\/th>\n<th>Fe%<\/th>\n<th>Ni%<sup>2<\/sup><\/th>\n<th>Al%<\/th>\n<th>Si%<\/th>\n<\/tr>\n<\/thead>\n<tfoot>\n<tr>\n<td colspan=\"12\">\n<div>Composici\u00f3n qu\u00edmica seg\u00fan ASTM B505\/B505M-18<\/div>\n<div><\/div>\n<div><sup>1<\/sup>Para determinar Cu min., Cu se puede calcular como Cu + Ni. \u00a0\u00a0<sup>2<\/sup>El valor de Ni incluye Co.<\/div>\n<div>Los valores individuales representan m\u00e1ximos.<\/div>\n<\/td>\n<\/tr>\n<\/tfoot>\n<tbody>\n<tr bgcolor=\"#eeeeee\">\n<td>58.00-<br \/>\n64.00<\/td>\n<td>0.80-<br \/>\n1.50<\/td>\n<td>0.50-<br \/>\n1.50<\/td>\n<td>32.00-<br \/>\n40.00<\/td>\n<td>0.70<\/td>\n<td>1.00<\/td>\n<td>0.80<\/td>\n<td>0.05<\/td>\n<\/tr>\n<\/tbody>\n<\/table>\n<p><strong>Maquinabilidad :<\/strong><\/p>\n<table border=\"1\" width=\"750\" cellspacing=\"0\" cellpadding=\"5\">\n<thead>\n<tr bgcolor=\"#eeeeee\">\n<th>Aleaci\u00f3n de cobre UNS No.<\/th>\n<th>Clasificaci\u00f3n de maquinabilidad<\/th>\n<th>Densidad (lb\/in<sup>3<\/sup>\u00a0at 68 \u00b0F)<\/th>\n<\/tr>\n<\/thead>\n<tbody>\n<tr bgcolor=\"#eeeeee\">\n<td>C857<\/td>\n<td>80<\/td>\n<td>0.304<\/td>\n<\/tr>\n<\/tbody>\n<\/table>\n<p><strong>Propiedades mec\u00e1nicas :<\/strong><\/p>\n<table border=\"1\" width=\"750\" cellspacing=\"0\" cellpadding=\"5\">\n<tfoot>\n<tr>\n<td colspan=\"12\">\n<div>Propiedades mec\u00e1nicas seg\u00fan ASTM B505\/B505M-18<\/div>\n<\/td>\n<\/tr>\n<\/tfoot>\n<thead>\n<tr bgcolor=\"#eeeeee\">\n<th colspan=\"2\">Resistencia a la tracci\u00f3n, min<\/th>\n<th colspan=\"2\">Fuerza de rendimiento, al 0,5% de extensi\u00f3n bajo carga, m\u00edn.<\/th>\n<th>Alargamiento, en 2 pulg. o 50 mm min<\/th>\n<th>Dureza Brinell (carga de 500 kg)<\/th>\n<th>Observaciones<\/th>\n<\/tr>\n<tr>\n<th>ksi<\/th>\n<th>MPa<\/th>\n<th>ksi<\/th>\n<th>MPa<\/th>\n<th>%<\/th>\n<th>t\u00edpica BHN<\/th>\n<th><\/th>\n<\/tr>\n<\/thead>\n<tbody>\n<tr bgcolor=\"#eeeeee\">\n<td>40<\/td>\n<td>276<\/td>\n<td>14<\/td>\n<td>97<\/td>\n<td>15<\/td>\n<td>75<\/td>\n<td><\/td>\n<\/tr>\n<\/tbody>\n<\/table>\n<p><strong>Propiedades f\u00edsicas :<\/strong><\/p>\n<table border=\"1\" width=\"750\" cellspacing=\"0\" cellpadding=\"5\">\n<tfoot>\n<tr>\n<td colspan=\"12\">\n<div>Propiedades f\u00edsicas proporcionadas por CDA<\/div>\n<\/td>\n<\/tr>\n<\/tfoot>\n<thead>\n<tr bgcolor=\"#eeeeee\">\n<th><\/th>\n<th>US Customary<\/th>\n<th>M\u00e9trica<\/th>\n<\/tr>\n<\/thead>\n<tbody>\n<tr>\n<td><strong>Punto de fusi\u00f3n &#8211; Liquidus<\/strong><\/td>\n<td>1725 \u00b0F<\/td>\n<td>941 \u00b0C<\/td>\n<\/tr>\n<tr bgcolor=\"#eeeeee\">\n<td><strong>Punto de fusi\u00f3n &#8211; Solidus<\/strong><\/td>\n<td>1675 \u00b0F<\/td>\n<td>913 \u00b0C<\/td>\n<\/tr>\n<tr>\n<td><strong>Densidad<\/strong><\/td>\n<td>0.304 lb\/in<sup>3<\/sup>\u00a0at 68 \u00b0F<\/td>\n<td>8.41 gm\/cm<sup>3<\/sup>\u00a0at 20 \u00b0C<\/td>\n<\/tr>\n<tr bgcolor=\"#eeeeee\">\n<td><strong>Gravedad espec\u00edfica<\/strong><\/td>\n<td>8.41<\/td>\n<td>8.41<\/td>\n<\/tr>\n<tr>\n<td><strong>Conductividad el\u00e9ctrica<\/strong><\/td>\n<td>22% IACS at 68 \u00b0F<\/td>\n<td>0.128 MegaSiemens\/cm at 20 \u00b0C<\/td>\n<\/tr>\n<tr bgcolor=\"#eeeeee\">\n<td><strong>Conductividad t\u00e9rmica<\/strong><\/td>\n<td>48.5 Btu\/sq ft\/ft hr\/\u00b0F at 68 \u00b0F<\/td>\n<td>83.9 W\/m at 20 \u00b0C<\/td>\n<\/tr>\n<tr>\n<td><strong>Coeficiente de expansi\u00f3n termal 68-572<\/strong><\/td>\n<td>12 \u00b7 10<sup>-6<\/sup>\u00a0per \u00b0F (68-572 \u00b0F)<\/td>\n<td>20.7 \u00b7 10<sup>-6<\/sup>\u00a0per \u00b0C (20-300 \u00b0C)<\/td>\n<\/tr>\n<tr bgcolor=\"#eeeeee\">\n<td><strong>Capacidad calor\u00edfica espec\u00edfica<\/strong><\/td>\n<td>0.09 Btu\/lb\/\u00b0F at 68 \u00b0F<\/td>\n<td>377.1 J\/kg at 293 \u00b0C<\/td>\n<\/tr>\n<tr>\n<td><strong>M\u00f3dulo de elasticidad en tensi\u00f3n<\/strong><\/td>\n<td>14000 ksi<\/td>\n<td>87000 MPa<\/td>\n<\/tr>\n<tr bgcolor=\"#eeeeee\">\n<td><strong>Permeabilidad magn\u00e9tica<\/strong><\/td>\n<td>1<\/td>\n<td>1<\/td>\n<\/tr>\n<\/tbody>\n<\/table>\n<p><strong>Propiedades de fabricaci\u00f3n :<\/strong><\/p>\n<table border=\"1\" width=\"750\" cellspacing=\"0\" cellpadding=\"5\">\n<tfoot>\n<tr bgcolor=\"#eeeeee\">\n<td colspan=\"12\">\n<div>Propiedades de fabricaci\u00f3n proporcionadas por CDA<\/div>\n<\/td>\n<\/tr>\n<\/tfoot>\n<thead>\n<tr bgcolor=\"#eeeeee\">\n<th><strong>T\u00e9cnica de uni\u00f3n<\/strong><\/th>\n<th><strong>Idoneidad<\/strong><\/th>\n<\/tr>\n<\/thead>\n<tbody>\n<tr>\n<td>Soldadura<\/td>\n<td>Buena<\/td>\n<\/tr>\n<tr bgcolor=\"#eeeeee\">\n<td>Soldadura<\/td>\n<td>Justa<\/td>\n<\/tr>\n<tr>\n<td>Soldadura de oxiacetileno<\/td>\n<td>No recomendada<\/td>\n<\/tr>\n<tr bgcolor=\"#eeeeee\">\n<td>Soldadura por arco con protecci\u00f3n de gas<\/td>\n<td>No recomendada<\/td>\n<\/tr>\n<tr>\n<td>Soldadura por arco de metal revestido<\/td>\n<td>No recomendada<\/td>\n<\/tr>\n<\/tbody>\n<\/table>\n","protected":false},"excerpt":{"rendered":"<p>C85700 CDA 857 Aleaciones de lat\u00f3n amarillo Especificaci\u00f3n : CDA ASTM Asarcon SAE AMS Federal Militar Otra C857 B505 B505M QQ-C-390, A1; QQ-B-621, CLASS A MIL-C-15345, ALLOY 3 Lat\u00f3n naval con plomo Composici\u00f3n qu\u00edmica : Cu%1 Pb% Sn% Zn% Fe% Ni%2 Al% Si% Composici\u00f3n qu\u00edmica seg\u00fan ASTM B505\/B505M-18 1Para determinar Cu min., Cu se puede [&hellip;]<\/p>\n","protected":false},"author":1,"featured_media":0,"parent":0,"menu_order":0,"comment_status":"closed","ping_status":"closed","template":"","meta":{"_joinchat":[],"footnotes":""},"class_list":["post-3026","page","type-page","status-publish","hentry"],"_links":{"self":[{"href":"https:\/\/conex-casting.com\/es\/wp-json\/wp\/v2\/pages\/3026","targetHints":{"allow":["GET"]}}],"collection":[{"href":"https:\/\/conex-casting.com\/es\/wp-json\/wp\/v2\/pages"}],"about":[{"href":"https:\/\/conex-casting.com\/es\/wp-json\/wp\/v2\/types\/page"}],"author":[{"embeddable":true,"href":"https:\/\/conex-casting.com\/es\/wp-json\/wp\/v2\/users\/1"}],"replies":[{"embeddable":true,"href":"https:\/\/conex-casting.com\/es\/wp-json\/wp\/v2\/comments?post=3026"}],"version-history":[{"count":1,"href":"https:\/\/conex-casting.com\/es\/wp-json\/wp\/v2\/pages\/3026\/revisions"}],"predecessor-version":[{"id":3027,"href":"https:\/\/conex-casting.com\/es\/wp-json\/wp\/v2\/pages\/3026\/revisions\/3027"}],"wp:attachment":[{"href":"https:\/\/conex-casting.com\/es\/wp-json\/wp\/v2\/media?parent=3026"}],"curies":[{"name":"wp","href":"https:\/\/api.w.org\/{rel}","templated":true}]}}