{"id":3031,"date":"2021-02-14T20:26:55","date_gmt":"2021-02-14T20:26:55","guid":{"rendered":"http:\/\/conex-casting.com\/?page_id=3031"},"modified":"2021-03-04T14:23:49","modified_gmt":"2021-03-04T14:23:49","slug":"c86300-cda-863-aleaciones-de-bronce-de-manganeso","status":"publish","type":"page","link":"https:\/\/conex-casting.com\/es\/c86300-cda-863-aleaciones-de-bronce-de-manganeso\/","title":{"rendered":"C86300 CDA 863 Aleaciones de bronce de manganeso"},"content":{"rendered":"<p style=\"text-align: center;\"><span style=\"text-decoration: underline; font-size: 18pt; color: #800000;\"><strong>C86300 CDA 863 Aleaciones de bronce de manganeso<\/strong><\/span><\/p>\n<p><strong>Especificaci\u00f3n :<\/strong><\/p>\n<table border=\"1\" width=\"750\" cellspacing=\"0\" cellpadding=\"5\">\n<thead>\n<tr>\n<th>CDA<\/th>\n<th>ASTM<\/th>\n<th>Asarcon<\/th>\n<th>SAE<\/th>\n<th>AMS<\/th>\n<th>Federal<\/th>\n<th>Militar<\/th>\n<th>Otra<\/th>\n<\/tr>\n<\/thead>\n<tbody>\n<tr bgcolor=\"#eeeeee\">\n<td>C863<\/td>\n<td>B505<br \/>\nB505M<\/td>\n<td><\/td>\n<td>430B<br \/>\nJ461<br \/>\nJ462<\/td>\n<td><\/td>\n<td>QQ-C-390B, C7<\/td>\n<td>MIL-C-22229, COMP 8<\/td>\n<td><\/td>\n<\/tr>\n<\/tbody>\n<\/table>\n<p><strong>Composici\u00f3n qu\u00edmica :<\/strong><\/p>\n<table border=\"1\" width=\"750\" cellspacing=\"0\" cellpadding=\"5\">\n<thead>\n<tr>\n<th>Cu%<sup>1<\/sup><\/th>\n<th>Pb%<\/th>\n<th>Sn%<\/th>\n<th>Zn%<\/th>\n<th>Fe%<\/th>\n<th>Ni%<sup>2<\/sup><\/th>\n<th>Al%<\/th>\n<th>Mn%<\/th>\n<\/tr>\n<\/thead>\n<tfoot>\n<tr>\n<td colspan=\"12\">\n<div>Composici\u00f3n qu\u00edmica seg\u00fan ASTM B505\/B505M-18<\/div>\n<div><\/div>\n<div><sup>1<\/sup>Para determinar Cu min., Cu se puede calcular como Cu + Ni. \u2003<sup>2<\/sup>El valor de Ni incluye Co.<\/div>\n<div>Los valores individuales representan m\u00e1ximos.<\/div>\n<\/td>\n<\/tr>\n<\/tfoot>\n<tbody>\n<tr bgcolor=\"#eeeeee\">\n<td>60.00-<br \/>\n66.00<\/td>\n<td>0.20<\/td>\n<td>0.20<\/td>\n<td>22.00-<br \/>\n28.00<\/td>\n<td>2.00-<br \/>\n4.00<\/td>\n<td>1.00<\/td>\n<td>5.00-<br \/>\n7.50<\/td>\n<td>2.50-<br \/>\n5.00<\/td>\n<\/tr>\n<\/tbody>\n<\/table>\n<p><strong>Maquinabilidad :\u00a0<\/strong><\/p>\n<table border=\"1\" width=\"750\" cellspacing=\"0\" cellpadding=\"5\">\n<thead>\n<tr>\n<th>Aleaci\u00f3n de cobre UNS No.<\/th>\n<th>Clasificaci\u00f3n de maquinabilidad<\/th>\n<th>Densidad (lb\/in<sup>3<\/sup>\u00a0at 68 \u00b0F)<\/th>\n<\/tr>\n<\/thead>\n<tbody>\n<tr bgcolor=\"#eeeeee\">\n<td>C863<\/td>\n<td>8<\/td>\n<td>0.283<\/td>\n<\/tr>\n<\/tbody>\n<\/table>\n<p><strong>Propiedades mec\u00e1nicas :<\/strong><\/p>\n<table border=\"1\" width=\"750\" cellspacing=\"0\" cellpadding=\"5\">\n<tfoot>\n<tr>\n<td colspan=\"12\">\n<div>Propiedades mec\u00e1nicas seg\u00fan ASTM B505 \/ B505M-18 NOTA: L\u00edmite de deformaci\u00f3n por compresi\u00f3n m\u00edn 55 ksi \/ 380 MPa<\/div>\n<\/td>\n<\/tr>\n<\/tfoot>\n<thead>\n<tr>\n<th colspan=\"2\">Resistencia a la tracci\u00f3n, min<\/th>\n<th colspan=\"2\">Resistencia a la fluencia, al 0,5% de extensi\u00f3n bajo carga, m\u00edn.<\/th>\n<th>Alargamiento, en 2 pulg. O 50 mm min<\/th>\n<th>Dureza Brinell (3000 kg de carga)<\/th>\n<th>Observaciones<\/th>\n<\/tr>\n<tr>\n<th>ksi<\/th>\n<th>MPa<\/th>\n<th>ksi<\/th>\n<th>MPa<\/th>\n<th>%<\/th>\n<th>t\u00edpica BHN<\/th>\n<th><\/th>\n<\/tr>\n<\/thead>\n<tbody>\n<tr bgcolor=\"#eeeeee\">\n<td>110<\/td>\n<td>758<\/td>\n<td>62<\/td>\n<td>427<\/td>\n<td>14<\/td>\n<td>223<\/td>\n<td><\/td>\n<\/tr>\n<\/tbody>\n<\/table>\n<p><strong>Propiedades f\u00edsicas :<\/strong><\/p>\n<table border=\"1\" width=\"750\" cellspacing=\"0\" cellpadding=\"5\">\n<tfoot>\n<tr>\n<td colspan=\"12\">\n<div>Propiedades f\u00edsicas proporcionadas por CDA \u2003*Campo de fuerza 16 kA\/m<\/div>\n<\/td>\n<\/tr>\n<\/tfoot>\n<thead>\n<tr>\n<th><\/th>\n<th>US Customary<\/th>\n<th>M\u00e9trica<\/th>\n<\/tr>\n<\/thead>\n<tbody>\n<tr bgcolor=\"#eeeeee\">\n<td><strong>Punto de fusi\u00f3n &#8211; Liquidus<\/strong><\/td>\n<td>1693 \u00b0F<\/td>\n<td>923 \u00b0C<\/td>\n<\/tr>\n<tr>\n<td><strong>Punto de fusi\u00f3n &#8211; Solidus<\/strong><\/td>\n<td>1625 \u00b0F<\/td>\n<td>885 \u00b0C<\/td>\n<\/tr>\n<tr bgcolor=\"#eeeeee\">\n<td><strong>Densidad<\/strong><\/td>\n<td>0.283 lb\/in<sup>3<\/sup>\u00a0at 68 \u00b0F<\/td>\n<td>7.83 gm\/cm<sup>3<\/sup>\u00a0at 20 \u00b0C<\/td>\n<\/tr>\n<tr>\n<td><strong>Gravedad espec\u00edfica<\/strong><\/td>\n<td>7.83<\/td>\n<td>7.83<\/td>\n<\/tr>\n<tr bgcolor=\"#eeeeee\">\n<td><strong>Conductividad el\u00e9ctrica<\/strong><\/td>\n<td>8% IACS at 68 \u00b0F<\/td>\n<td>0.046 MegaSiemens\/cm at 20 \u00b0C<\/td>\n<\/tr>\n<tr>\n<td><strong>Conductividad t\u00e9rmica<\/strong><\/td>\n<td>20.5 Btu\/sq ft\/ft hr\/\u00b0F at 68 \u00b0F<\/td>\n<td>35.5 W\/m at 20 \u00b0C<\/td>\n<\/tr>\n<tr bgcolor=\"#eeeeee\">\n<td><strong>Coeficiente de expansi\u00f3n termal 68-572<\/strong><\/td>\n<td>12 \u00b7 10<sup>-6<\/sup>\u00a0per \u00b0F (68-572 \u00b0F)<\/td>\n<td>20.7 \u00b7 10<sup>-6<\/sup>\u00a0per \u00b0C (20-300 \u00b0C)<\/td>\n<\/tr>\n<tr>\n<td><strong>Capacidad calor\u00edfica espec\u00edfica<\/strong><\/td>\n<td>0.09 Btu\/lb\/\u00b0F at 68 \u00b0F<\/td>\n<td>377.1 J\/kg at 293 C<\/td>\n<\/tr>\n<tr bgcolor=\"#eeeeee\">\n<td><strong>M\u00f3dulo de elasticidad en tensi\u00f3n<\/strong><\/td>\n<td>14200 ksi<\/td>\n<td>97900 MPa<\/td>\n<\/tr>\n<tr>\n<td><strong>Permeabilidad magn\u00e9tica*<\/strong><\/td>\n<td>1.09<\/td>\n<td>1.09<\/td>\n<\/tr>\n<\/tbody>\n<\/table>\n<p><strong>Propiedades de fabricaci\u00f3n :<\/strong><\/p>\n<table border=\"1\" width=\"750\" cellspacing=\"0\" cellpadding=\"5\">\n<tfoot>\n<tr>\n<td colspan=\"12\">\n<div>Propiedades de fabricaci\u00f3n proporcionadas por CDA<\/div>\n<\/td>\n<\/tr>\n<\/tfoot>\n<thead>\n<tr>\n<th>T\u00e9cnica de uni\u00f3n<\/th>\n<th>Idoneidad<\/th>\n<\/tr>\n<\/thead>\n<tbody>\n<tr bgcolor=\"#eeeeee\">\n<td><strong>Soldadura<\/strong><\/td>\n<td>Poor<\/td>\n<\/tr>\n<tr>\n<td><strong>Soldadura<\/strong><\/td>\n<td>Poor<\/td>\n<\/tr>\n<tr bgcolor=\"#eeeeee\">\n<td><strong>Soldadura de oxiacetileno<\/strong><\/td>\n<td>Poor<\/td>\n<\/tr>\n<tr>\n<td><strong>Soldadura por arco con protecci\u00f3n de gas<\/strong><\/td>\n<td>Poor<\/td>\n<\/tr>\n<tr bgcolor=\"#eeeeee\">\n<td><strong>Soldadura por arco de metal revestido<\/strong><\/td>\n<td>Good<\/td>\n<\/tr>\n<\/tbody>\n<\/table>\n<p><strong>Propiedades termales :<\/strong><\/p>\n<table border=\"1\" width=\"750\" cellspacing=\"0\" cellpadding=\"5\">\n<thead>\n<tr>\n<th>Tratamiento<\/th>\n<th>Temp.\/Time &#8211; US<\/th>\n<th>Temp.\/Time &#8211; SI<\/th>\n<\/tr>\n<\/thead>\n<tfoot>\n<tr>\n<td colspan=\"12\">\n<div>Propiedades t\u00e9rmicas proporcionadas por CDA<\/div>\n<\/td>\n<\/tr>\n<\/tfoot>\n<tbody>\n<tr bgcolor=\"#eeeeee\">\n<td><strong>Temperatura de estr\u00e9s<\/strong><\/td>\n<td>500<\/td>\n<td>260<\/td>\n<\/tr>\n<tr>\n<td><strong>Soluci\u00f3n m\u00ednima<\/strong><\/td>\n<td><\/td>\n<td><\/td>\n<\/tr>\n<tr bgcolor=\"#eeeeee\">\n<td><strong>Soluci\u00f3n m\u00e1xima<\/strong><\/td>\n<td><\/td>\n<td><\/td>\n<\/tr>\n<tr>\n<td><strong>Tiempo de soluci\u00f3n<\/strong><\/td>\n<td>0.0<\/td>\n<td><\/td>\n<\/tr>\n<tr bgcolor=\"#eeeeee\">\n<td><strong>Medio de soluci\u00f3n<\/strong><\/td>\n<td><\/td>\n<td><\/td>\n<\/tr>\n<tr>\n<td><strong>Valor de precipitaci\u00f3n<\/strong><\/td>\n<td><\/td>\n<td><\/td>\n<\/tr>\n<tr bgcolor=\"#eeeeee\">\n<td><strong>Tiempo de precipitaci\u00f3n<\/strong><\/td>\n<td><\/td>\n<td><\/td>\n<\/tr>\n<tr>\n<td><strong>Medio de precipitaci\u00f3n<\/strong><\/td>\n<td><\/td>\n<td><\/td>\n<\/tr>\n<tr bgcolor=\"#eeeeee\">\n<td><strong>M\u00ednimo de recocido<\/strong><\/td>\n<td><\/td>\n<td><\/td>\n<\/tr>\n<tr>\n<td><strong>M\u00e1xima recocido<\/strong><\/td>\n<td><\/td>\n<td><\/td>\n<\/tr>\n<tr bgcolor=\"#eeeeee\">\n<td><strong>Tiempo de recocido<\/strong><\/td>\n<td><\/td>\n<td><\/td>\n<\/tr>\n<tr>\n<td><strong>Trabajos en caliente m\u00ednima<\/strong><\/td>\n<td><\/td>\n<td><\/td>\n<\/tr>\n<tr bgcolor=\"#eeeeee\">\n<td><strong>Trabajos en caliente m\u00e1xima<\/strong><\/td>\n<\/tr>\n<\/tbody>\n<\/table>\n","protected":false},"excerpt":{"rendered":"<p>C86300 CDA 863 Aleaciones de bronce de manganeso Especificaci\u00f3n : CDA ASTM Asarcon SAE AMS Federal Militar Otra C863 B505 B505M 430B J461 J462 QQ-C-390B, C7 MIL-C-22229, COMP 8 Composici\u00f3n qu\u00edmica : Cu%1 Pb% Sn% Zn% Fe% Ni%2 Al% Mn% Composici\u00f3n qu\u00edmica seg\u00fan ASTM B505\/B505M-18 1Para determinar Cu min., Cu se puede calcular como Cu [&hellip;]<\/p>\n","protected":false},"author":1,"featured_media":0,"parent":0,"menu_order":0,"comment_status":"closed","ping_status":"closed","template":"","meta":{"_joinchat":[],"footnotes":""},"class_list":["post-3031","page","type-page","status-publish","hentry"],"_links":{"self":[{"href":"https:\/\/conex-casting.com\/es\/wp-json\/wp\/v2\/pages\/3031","targetHints":{"allow":["GET"]}}],"collection":[{"href":"https:\/\/conex-casting.com\/es\/wp-json\/wp\/v2\/pages"}],"about":[{"href":"https:\/\/conex-casting.com\/es\/wp-json\/wp\/v2\/types\/page"}],"author":[{"embeddable":true,"href":"https:\/\/conex-casting.com\/es\/wp-json\/wp\/v2\/users\/1"}],"replies":[{"embeddable":true,"href":"https:\/\/conex-casting.com\/es\/wp-json\/wp\/v2\/comments?post=3031"}],"version-history":[{"count":1,"href":"https:\/\/conex-casting.com\/es\/wp-json\/wp\/v2\/pages\/3031\/revisions"}],"predecessor-version":[{"id":3032,"href":"https:\/\/conex-casting.com\/es\/wp-json\/wp\/v2\/pages\/3031\/revisions\/3032"}],"wp:attachment":[{"href":"https:\/\/conex-casting.com\/es\/wp-json\/wp\/v2\/media?parent=3031"}],"curies":[{"name":"wp","href":"https:\/\/api.w.org\/{rel}","templated":true}]}}