{"id":3036,"date":"2021-02-14T20:54:08","date_gmt":"2021-02-14T20:54:08","guid":{"rendered":"http:\/\/conex-casting.com\/?page_id=3036"},"modified":"2021-03-04T14:24:02","modified_gmt":"2021-03-04T14:24:02","slug":"c86500-cda-865-aleaciones-de-bronce-de-manganeso","status":"publish","type":"page","link":"https:\/\/conex-casting.com\/es\/c86500-cda-865-aleaciones-de-bronce-de-manganeso\/","title":{"rendered":"C86500 CDA 865 Aleaciones de bronce de manganeso"},"content":{"rendered":"<p style=\"text-align: center;\"><span style=\"text-decoration: underline; color: #800000;\"><strong><span style=\"font-size: 18pt;\">C86500 CDA 865 Aleaciones de bronce de manganeso<\/span><\/strong><\/span><\/p>\n<p><strong>Especificaci\u00f3n :<\/strong><\/p>\n<table border=\"1\" width=\"750\" cellspacing=\"0\" cellpadding=\"5\">\n<thead>\n<tr>\n<th>CDA<\/th>\n<th>ASTM<\/th>\n<th>Asarcon<\/th>\n<th>SAE<\/th>\n<th>AMS<\/th>\n<th>Federal<\/th>\n<th>Militar<\/th>\n<th>Otra<\/th>\n<\/tr>\n<\/thead>\n<tbody>\n<tr bgcolor=\"#eeeeee\">\n<td>C865<\/td>\n<td>B505<br \/>\nB505M<\/td>\n<td><\/td>\n<td>J461<br \/>\nJ462<\/td>\n<td>4860<\/td>\n<td>QQ-C-390, C3<br \/>\nQQ-B-726, CLASS A<\/td>\n<td>MIL-C-22229, COMP 7<\/td>\n<td><\/td>\n<\/tr>\n<\/tbody>\n<\/table>\n<p><strong>Composici\u00f3n qu\u00edmica :<\/strong><\/p>\n<table border=\"1\" width=\"750\" cellspacing=\"0\" cellpadding=\"5\">\n<thead>\n<tr>\n<th>Cu%<sup>1<\/sup><\/th>\n<th>Pb%<\/th>\n<th>Sn%<\/th>\n<th>Zn%<\/th>\n<th>Fe%<\/th>\n<th>Ni%<sup>2<\/sup><\/th>\n<th>Al%<\/th>\n<th>Mn%<\/th>\n<\/tr>\n<\/thead>\n<tfoot>\n<tr>\n<td colspan=\"12\">\n<div>Composici\u00f3n qu\u00edmica seg\u00fan ASTM B505\/B505M-18<\/div>\n<div><\/div>\n<div><sup>1<\/sup>Para determinar Cu min., Cu se puede calcular como Cu + Ni.\u00a0\u00a0<sup>2<\/sup>El valor de Ni incluye Co.<\/div>\n<div>Nota: Cu + Suma de elementos nombrados, 99,0% m\u00edn. Los valores individuales representan m\u00e1ximos.<\/div>\n<\/td>\n<\/tr>\n<\/tfoot>\n<tbody>\n<tr bgcolor=\"#eeeeee\">\n<td>55.00-<br \/>\n60.00<\/td>\n<td>0.40<\/td>\n<td>1.00<\/td>\n<td>36.00-<br \/>\n42.00<\/td>\n<td>0.40-<br \/>\n2.00<\/td>\n<td>1.00<\/td>\n<td>0.50-<br \/>\n1.50<\/td>\n<td>0.10-<br \/>\n1.50<\/td>\n<\/tr>\n<\/tbody>\n<\/table>\n<p><strong>Maquinabilidad :<\/strong><\/p>\n<table border=\"1\" width=\"750\" cellspacing=\"0\" cellpadding=\"5\">\n<thead>\n<tr>\n<th>Aleaci\u00f3n de cobre UNS No.<\/th>\n<th>Clasificaci\u00f3n de maquinabilidad<\/th>\n<th>Densidad (lb\/in<sup>3<\/sup>\u00a0at 68 \u00b0F)<\/th>\n<\/tr>\n<\/thead>\n<tbody>\n<tr bgcolor=\"#eeeeee\">\n<td>C865<\/td>\n<td>26<\/td>\n<td>0.301<\/td>\n<\/tr>\n<\/tbody>\n<\/table>\n<p><strong>Propiedades mec\u00e1nicas :<\/strong><\/p>\n<table border=\"1\" width=\"750\" cellspacing=\"0\" cellpadding=\"5\">\n<tfoot>\n<tr>\n<td colspan=\"12\">\n<div>Propiedades mec\u00e1nicas seg\u00fan ASTM B505\/B505M-18<\/div>\n<\/td>\n<\/tr>\n<\/tfoot>\n<thead>\n<tr>\n<th colspan=\"2\">Resistencia a la tracci\u00f3n, min<\/th>\n<th colspan=\"2\">Fuerza de rendimiento, al 0,5% de extensi\u00f3n bajo carga, m\u00edn.<\/th>\n<th>Alargamiento, en 2 pulg. o 50 mm min<\/th>\n<th>Dureza Brinell (3000 kg de carga)<\/th>\n<th>Observaciones<\/th>\n<\/tr>\n<tr>\n<th>ksi<\/th>\n<th>MPa<\/th>\n<th>ksi<\/th>\n<th>MPa<\/th>\n<th>%<\/th>\n<th>t\u00edpica BHN<\/th>\n<th><\/th>\n<\/tr>\n<\/thead>\n<tbody>\n<tr bgcolor=\"#eeeeee\">\n<td>70<\/td>\n<td>483<\/td>\n<td>25<\/td>\n<td>172<\/td>\n<td>25<\/td>\n<td>130<\/td>\n<td><\/td>\n<\/tr>\n<\/tbody>\n<\/table>\n<p><strong>Propiedades f\u00edsicas :<\/strong><\/p>\n<table border=\"1\" width=\"750\" cellspacing=\"0\" cellpadding=\"5\">\n<tfoot>\n<tr>\n<td colspan=\"12\">\n<div>Propiedades f\u00edsicas proporcionadas por CDA\u2003*\u00a0Field Strength 16 kA\/m<\/div>\n<\/td>\n<\/tr>\n<\/tfoot>\n<thead>\n<tr>\n<th><\/th>\n<th>US Customary<\/th>\n<th>M\u00e9trica<\/th>\n<\/tr>\n<\/thead>\n<tbody>\n<tr bgcolor=\"#eeeeee\">\n<td><strong>Punto de fusi\u00f3n &#8211; Liquidus<\/strong><\/td>\n<td>1616 \u00b0F<\/td>\n<td>880 \u00b0C<\/td>\n<\/tr>\n<tr>\n<td><strong>Punto de fusi\u00f3n &#8211; Solidus<\/strong><\/td>\n<td>1583 \u00b0F<\/td>\n<td>862 \u00b0C<\/td>\n<\/tr>\n<tr bgcolor=\"#eeeeee\">\n<td><strong>Densidad<\/strong><\/td>\n<td>0.301 lb\/in<sup>3<\/sup>\u00a0at 68 \u00b0F<\/td>\n<td>8.33 gm\/cm<sup>3<\/sup>\u00a0at 20 \u00b0C<\/td>\n<\/tr>\n<tr>\n<td><strong>Gravedad espec\u00edfica<\/strong><\/td>\n<td>8.33<\/td>\n<td>8.33<\/td>\n<\/tr>\n<tr bgcolor=\"#eeeeee\">\n<td><strong>Conductividad el\u00e9ctrica<\/strong><\/td>\n<td>22% IACS at 68 \u00b0F<\/td>\n<td>0.128 MegaSiemens\/cm at 20 \u00b0C<\/td>\n<\/tr>\n<tr>\n<td><strong>Conductividad t\u00e9rmica<\/strong><\/td>\n<td>49.6 Btu\/sq ft\/ft hr\/\u00b0F at 68 \u00b0F<\/td>\n<td>85.8 W\/m at 20 \u00b0C<\/td>\n<\/tr>\n<tr bgcolor=\"#eeeeee\">\n<td><strong>Coeficiente de expansi\u00f3n termal 68-212<\/strong><\/td>\n<td>11.3 \u00b7 10<sup>-6<\/sup>\u00a0per \u00b0F (68-212 \u00b0F)<\/td>\n<td>19.5 \u00b7 10<sup>-6<\/sup>\u00a0per \u00b0C (20-100 \u00b0C)<\/td>\n<\/tr>\n<tr>\n<td><strong>Capacidad calor\u00edfica espec\u00edfica<\/strong><\/td>\n<td>0.09 Btu\/lb\/\u00b0F at 68 \u00b0F<\/td>\n<td>377.1 J\/kg at 293 \u00b0C<\/td>\n<\/tr>\n<tr bgcolor=\"#eeeeee\">\n<td><strong>M\u00f3dulo de elasticidad en tensi\u00f3n<\/strong><\/td>\n<td>15000 ksi<\/td>\n<td>103400 MPa<\/td>\n<\/tr>\n<tr>\n<td><strong>Permeabilidad magn\u00e9tica*<\/strong><\/td>\n<td>1.09<\/td>\n<td>1.09<\/td>\n<\/tr>\n<\/tbody>\n<\/table>\n<p><strong>Propiedades de fabricaci\u00f3n :<\/strong><\/p>\n<table border=\"1\" width=\"750\" cellspacing=\"0\" cellpadding=\"5\">\n<tfoot>\n<tr>\n<td colspan=\"12\">\n<div>Propiedades de fabricaci\u00f3n proporcionadas por CDA<\/div>\n<\/td>\n<\/tr>\n<\/tfoot>\n<thead>\n<tr>\n<th>T\u00e9cnica de uni\u00f3n<\/th>\n<th>Idoneidad<\/th>\n<\/tr>\n<\/thead>\n<tbody>\n<tr bgcolor=\"#eeeeee\">\n<td><strong>Soldadura<\/strong><\/td>\n<td>Fair<\/td>\n<\/tr>\n<tr>\n<td><strong>Soldadura<\/strong><\/td>\n<td>Fair<\/td>\n<\/tr>\n<tr bgcolor=\"#eeeeee\">\n<td><strong>Soldadura de oxiacetileno<\/strong><\/td>\n<td>Poor<\/td>\n<\/tr>\n<tr>\n<td><strong>Soldadura por arco con protecci\u00f3n de gas<\/strong><\/td>\n<td>Poor<\/td>\n<\/tr>\n<tr bgcolor=\"#eeeeee\">\n<td><strong>Soldadura por arco de metal revestido<\/strong><\/td>\n<td>Poor<\/td>\n<\/tr>\n<\/tbody>\n<\/table>\n<p><strong>Propiedades termales :<\/strong><\/p>\n<table style=\"width: 100%; height: 480px;\" border=\"1\" width=\"750\" cellspacing=\"0\" cellpadding=\"5\">\n<tfoot>\n<tr style=\"height: 32px;\">\n<td style=\"height: 32px;\" colspan=\"12\">\n<div>Propiedades t\u00e9rmicas proporcionadas por CDA<\/div>\n<\/td>\n<\/tr>\n<\/tfoot>\n<thead>\n<tr style=\"height: 32px;\">\n<th style=\"height: 32px;\">Treatment<\/th>\n<th style=\"height: 32px;\">Temp.\/Time &#8211; US<\/th>\n<th style=\"height: 32px;\">Temp.\/Time &#8211; SI<\/th>\n<\/tr>\n<\/thead>\n<tbody>\n<tr style=\"height: 32px;\" bgcolor=\"#eeeeee\">\n<td style=\"height: 32px;\"><strong>Temperatura de estr\u00e9s<\/strong><\/td>\n<td style=\"height: 32px;\">500<\/td>\n<td style=\"height: 32px;\">260<\/td>\n<\/tr>\n<tr style=\"height: 32px;\">\n<td style=\"height: 32px;\"><strong>Soluci\u00f3n m\u00ednima<\/strong><\/td>\n<td style=\"height: 32px;\"><\/td>\n<td style=\"height: 32px;\"><\/td>\n<\/tr>\n<tr style=\"height: 32px;\" bgcolor=\"#eeeeee\">\n<td style=\"height: 32px;\"><strong>Soluci\u00f3n m\u00e1xima<\/strong><\/td>\n<td style=\"height: 32px;\"><\/td>\n<td style=\"height: 32px;\"><\/td>\n<\/tr>\n<tr style=\"height: 32px;\">\n<td style=\"height: 32px;\"><strong>Tiempo de soluci\u00f3n<\/strong><\/td>\n<td style=\"height: 32px;\">0.0<\/td>\n<td style=\"height: 32px;\"><\/td>\n<\/tr>\n<tr style=\"height: 32px;\" bgcolor=\"#eeeeee\">\n<td style=\"height: 32px;\"><strong>Medio de soluci\u00f3n<\/strong><\/td>\n<td style=\"height: 32px;\"><\/td>\n<td style=\"height: 32px;\"><\/td>\n<\/tr>\n<tr style=\"height: 32px;\">\n<td style=\"height: 32px;\"><strong>Valor de precipitaci\u00f3n<\/strong><\/td>\n<td style=\"height: 32px;\"><\/td>\n<td style=\"height: 32px;\"><\/td>\n<\/tr>\n<tr style=\"height: 32px;\" bgcolor=\"#eeeeee\">\n<td style=\"height: 32px;\"><strong>Tiempo de precipitaci\u00f3n<\/strong><\/td>\n<td style=\"height: 32px;\"><\/td>\n<td style=\"height: 32px;\"><\/td>\n<\/tr>\n<tr style=\"height: 32px;\">\n<td style=\"height: 32px;\"><strong>Medio de precipitaci\u00f3n<\/strong><\/td>\n<td style=\"height: 32px;\"><\/td>\n<td style=\"height: 32px;\"><\/td>\n<\/tr>\n<tr style=\"height: 32px;\" bgcolor=\"#eeeeee\">\n<td style=\"height: 32px;\"><strong>M\u00ednimo de recocido<\/strong><\/td>\n<td style=\"height: 32px;\"><\/td>\n<td style=\"height: 32px;\"><\/td>\n<\/tr>\n<tr style=\"height: 32px;\">\n<td style=\"height: 32px;\"><strong>M\u00e1xima recocido<\/strong><\/td>\n<td style=\"height: 32px;\"><\/td>\n<td style=\"height: 32px;\"><\/td>\n<\/tr>\n<tr style=\"height: 32px;\" bgcolor=\"#eeeeee\">\n<td style=\"height: 32px;\"><strong>Tiempo de recocido<\/strong><\/td>\n<td style=\"height: 32px;\"><\/td>\n<td style=\"height: 32px;\"><\/td>\n<\/tr>\n<tr style=\"height: 32px;\">\n<td style=\"height: 32px;\"><strong>Trabajos en caliente m\u00ednima<\/strong><\/td>\n<td style=\"height: 32px;\"><\/td>\n<td style=\"height: 32px;\"><\/td>\n<\/tr>\n<tr style=\"height: 32px;\" bgcolor=\"#eeeeee\">\n<td style=\"height: 32px;\"><strong>Trabajos en caliente m\u00e1xima<\/strong><\/td>\n<\/tr>\n<\/tbody>\n<\/table>\n","protected":false},"excerpt":{"rendered":"<p>C86500 CDA 865 Aleaciones de bronce de manganeso Especificaci\u00f3n : CDA ASTM Asarcon SAE AMS Federal Militar Otra C865 B505 B505M J461 J462 4860 QQ-C-390, C3 QQ-B-726, CLASS A MIL-C-22229, COMP 7 Composici\u00f3n qu\u00edmica : Cu%1 Pb% Sn% Zn% Fe% Ni%2 Al% Mn% Composici\u00f3n qu\u00edmica seg\u00fan ASTM B505\/B505M-18 1Para determinar Cu min., Cu se puede [&hellip;]<\/p>\n","protected":false},"author":1,"featured_media":0,"parent":0,"menu_order":0,"comment_status":"closed","ping_status":"closed","template":"","meta":{"_joinchat":[],"footnotes":""},"class_list":["post-3036","page","type-page","status-publish","hentry"],"_links":{"self":[{"href":"https:\/\/conex-casting.com\/es\/wp-json\/wp\/v2\/pages\/3036","targetHints":{"allow":["GET"]}}],"collection":[{"href":"https:\/\/conex-casting.com\/es\/wp-json\/wp\/v2\/pages"}],"about":[{"href":"https:\/\/conex-casting.com\/es\/wp-json\/wp\/v2\/types\/page"}],"author":[{"embeddable":true,"href":"https:\/\/conex-casting.com\/es\/wp-json\/wp\/v2\/users\/1"}],"replies":[{"embeddable":true,"href":"https:\/\/conex-casting.com\/es\/wp-json\/wp\/v2\/comments?post=3036"}],"version-history":[{"count":1,"href":"https:\/\/conex-casting.com\/es\/wp-json\/wp\/v2\/pages\/3036\/revisions"}],"predecessor-version":[{"id":3037,"href":"https:\/\/conex-casting.com\/es\/wp-json\/wp\/v2\/pages\/3036\/revisions\/3037"}],"wp:attachment":[{"href":"https:\/\/conex-casting.com\/es\/wp-json\/wp\/v2\/media?parent=3036"}],"curies":[{"name":"wp","href":"https:\/\/api.w.org\/{rel}","templated":true}]}}