{"id":3038,"date":"2021-02-14T21:04:11","date_gmt":"2021-02-14T21:04:11","guid":{"rendered":"http:\/\/conex-casting.com\/?page_id=3038"},"modified":"2021-03-04T14:24:10","modified_gmt":"2021-03-04T14:24:10","slug":"c87200-cda-872-aleaciones-de-cobre-silicio-bronce","status":"publish","type":"page","link":"https:\/\/conex-casting.com\/es\/c87200-cda-872-aleaciones-de-cobre-silicio-bronce\/","title":{"rendered":"C87200 CDA 872 Aleaciones de cobre, silicio, bronce"},"content":{"rendered":"<p style=\"text-align: center;\"><span style=\"text-decoration: underline; color: #800000;\"><strong><span style=\"font-size: 18pt;\">C87200 CDA 872 Aleaciones de cobre, silicio, bronce<\/span><\/strong><\/span><\/p>\n<p><strong>Est\u00e1ndares de fundici\u00f3n :<\/strong><\/p>\n<table border=\"1\" width=\"750\" cellspacing=\"0\" cellpadding=\"5\">\n<tbody>\n<tr bgcolor=\"#eeeeee\">\n<td>ASTM (B Series)<\/td>\n<td>B584<\/td>\n<\/tr>\n<tr>\n<td>SAE (J Series)<\/td>\n<td>J462<\/td>\n<\/tr>\n<tr bgcolor=\"#eeeeee\">\n<td>Federal (QQ-C- Series)<\/td>\n<td>390<\/td>\n<\/tr>\n<tr>\n<td>Militar (Mil-C- Series)<\/td>\n<td>22229<\/td>\n<\/tr>\n<\/tbody>\n<\/table>\n<p><strong>Composici\u00f3n de la especificaci\u00f3n :<\/strong><\/p>\n<table border=\"1\" width=\"750\" cellspacing=\"0\" cellpadding=\"5\">\n<tbody>\n<tr bgcolor=\"#717e94\">\n<td><\/td>\n<td><strong><span style=\"color: #ffffff;\">M\u00ednima<\/span><\/strong><\/td>\n<td><span style=\"color: #ffffff;\"><strong>M\u00e1xima<\/strong><\/span><\/td>\n<\/tr>\n<tr bgcolor=\"#eeeeee\">\n<td>Cobre (Cu)<\/td>\n<td>89<\/td>\n<td><\/td>\n<\/tr>\n<tr>\n<td>Creer (Sn)<\/td>\n<td><\/td>\n<td>1<\/td>\n<\/tr>\n<tr bgcolor=\"#eeeeee\">\n<td>Dirigir (Pb)<\/td>\n<td><\/td>\n<td>0.5<\/td>\n<\/tr>\n<tr>\n<td>Zinc (Zn)<\/td>\n<td><\/td>\n<td>5<\/td>\n<\/tr>\n<tr bgcolor=\"#eeeeee\">\n<td>Hierro (Fe)<\/td>\n<td><\/td>\n<td>2.5<\/td>\n<\/tr>\n<tr>\n<td>Antimonio (SB)<\/td>\n<td><\/td>\n<td>8<\/td>\n<\/tr>\n<tr bgcolor=\"#eeeeee\">\n<td>Aluminio (Al)<\/td>\n<td><\/td>\n<td>1.5<\/td>\n<\/tr>\n<tr>\n<td>Manganeso (Mn)<\/td>\n<td><\/td>\n<td>1.5<\/td>\n<\/tr>\n<tr bgcolor=\"#eeeeee\">\n<td>Silicio (Si)<\/td>\n<td>1<\/td>\n<td>5<\/td>\n<\/tr>\n<\/tbody>\n<\/table>\n<p><strong>Propiedades de especificaci\u00f3n :<\/strong><\/p>\n<table border=\"1\" width=\"750\" cellspacing=\"0\" cellpadding=\"5\">\n<tbody>\n<tr bgcolor=\"#717e94\">\n<td><strong><span style=\"color: #ffffff;\">Tratamiento t\u00e9rmico &#8216;F&#8217; Denota como elenco<\/span><\/strong><\/td>\n<td><strong><span style=\"color: #ffffff;\">Estado de tratamiento t\u00e9rmico<\/span><\/strong><\/td>\n<td><strong><span style=\"color: #ffffff;\">M\u00ednima<\/span><\/strong><\/td>\n<\/tr>\n<tr bgcolor=\"#eeeeee\">\n<td>Resistencia a la tracci\u00f3n (ksi)<\/td>\n<td>F<\/td>\n<td>45<\/td>\n<\/tr>\n<tr>\n<td>Fuerza de producci\u00f3n (.5% de extensi\u00f3n bajo carga)(ksi)<\/td>\n<td>F<\/td>\n<td>18<\/td>\n<\/tr>\n<\/tbody>\n<\/table>\n<p><strong>Propiedades tipicas :<\/strong><\/p>\n<table border=\"1\" width=\"750\" cellspacing=\"0\" cellpadding=\"5\">\n<tbody>\n<tr bgcolor=\"#717e94\">\n<td><\/td>\n<td><strong><span style=\"color: #ffffff;\">Estado de tratamiento t\u00e9rmico<\/span><\/strong><\/td>\n<td><strong><span style=\"color: #ffffff;\">T\u00edpica<\/span><\/strong><\/td>\n<\/tr>\n<tr bgcolor=\"#eeeeee\">\n<td>M\u00f3dulo de elasticidad (ksi)<\/td>\n<td><\/td>\n<td>15000<\/td>\n<\/tr>\n<tr>\n<td>Dureza (Brinell) (HB @ 3000kg)<\/td>\n<td><\/td>\n<td>85<\/td>\n<\/tr>\n<tr bgcolor=\"#eeeeee\">\n<td>Maquinabilidad (% of free cutting brass)<\/td>\n<td><\/td>\n<td>40<\/td>\n<\/tr>\n<tr>\n<td>Fuerza de impacto (Izod) (ft-lb)<\/td>\n<td><\/td>\n<td>33<\/td>\n<\/tr>\n<tr bgcolor=\"#eeeeee\">\n<td>Resistencia a la cizalladura (ksi)<\/td>\n<td><\/td>\n<td>28<\/td>\n<\/tr>\n<tr>\n<td>Fuerza compresiva (0.001 in. set\/in.) (ksi)<\/td>\n<td><\/td>\n<td>18<\/td>\n<\/tr>\n<tr bgcolor=\"#eeeeee\">\n<td>Fuerza compresiva (0.010 in. set\/in.) (ksi)<\/td>\n<td><\/td>\n<td>60<\/td>\n<\/tr>\n<tr>\n<td>Rango de fusi\u00f3n (Liquidus-Solidus)(F)<\/td>\n<td><\/td>\n<td>1580-1780<\/td>\n<\/tr>\n<tr bgcolor=\"#eeeeee\">\n<td>Conductividad t\u00e9rmica (Btu\/sq.ft\/ft.\/hr\/F @ 68F)<\/td>\n<td><\/td>\n<td>16.4<\/td>\n<\/tr>\n<tr>\n<td>Calor especifico (Btu\/lb\/F @ 68F)<\/td>\n<td><\/td>\n<td>0.09<\/td>\n<\/tr>\n<tr bgcolor=\"#eeeeee\">\n<td>Conductividad el\u00e9ctrica (% IACS @ 68F)<\/td>\n<td><\/td>\n<td>6<\/td>\n<\/tr>\n<tr>\n<td>Densidad (lb\/cu.in. @ 68F)<\/td>\n<td><\/td>\n<td>0.302<\/td>\n<\/tr>\n<tr bgcolor=\"#eeeeee\">\n<td>Contracci\u00f3n de los patronistas (in\/ft)<\/td>\n<td><\/td>\n<td>1\/4<\/td>\n<\/tr>\n<tr>\n<td>Escoria<\/td>\n<td><\/td>\n<td>Low<\/td>\n<\/tr>\n<tr bgcolor=\"#eeeeee\">\n<td>Asfixi\u00f3n con gas<\/td>\n<td><\/td>\n<td>Alta<\/td>\n<\/tr>\n<tr>\n<td>Fluidez<\/td>\n<td><\/td>\n<td>Alta<\/td>\n<\/tr>\n<tr bgcolor=\"#eeeeee\">\n<td>Alargamiento (longitud de calibre de 2 pulgadas) (%)<\/td>\n<td>F<\/td>\n<td>30<\/td>\n<\/tr>\n<\/tbody>\n<\/table>\n","protected":false},"excerpt":{"rendered":"<p>C87200 CDA 872 Aleaciones de cobre, silicio, bronce Est\u00e1ndares de fundici\u00f3n : ASTM (B Series) B584 SAE (J Series) J462 Federal (QQ-C- Series) 390 Militar (Mil-C- Series) 22229 Composici\u00f3n de la especificaci\u00f3n : M\u00ednima M\u00e1xima Cobre (Cu) 89 Creer (Sn) 1 Dirigir (Pb) 0.5 Zinc (Zn) 5 Hierro (Fe) 2.5 Antimonio (SB) 8 Aluminio (Al) [&hellip;]<\/p>\n","protected":false},"author":1,"featured_media":0,"parent":0,"menu_order":0,"comment_status":"closed","ping_status":"closed","template":"","meta":{"_joinchat":[],"footnotes":""},"class_list":["post-3038","page","type-page","status-publish","hentry"],"_links":{"self":[{"href":"https:\/\/conex-casting.com\/es\/wp-json\/wp\/v2\/pages\/3038","targetHints":{"allow":["GET"]}}],"collection":[{"href":"https:\/\/conex-casting.com\/es\/wp-json\/wp\/v2\/pages"}],"about":[{"href":"https:\/\/conex-casting.com\/es\/wp-json\/wp\/v2\/types\/page"}],"author":[{"embeddable":true,"href":"https:\/\/conex-casting.com\/es\/wp-json\/wp\/v2\/users\/1"}],"replies":[{"embeddable":true,"href":"https:\/\/conex-casting.com\/es\/wp-json\/wp\/v2\/comments?post=3038"}],"version-history":[{"count":1,"href":"https:\/\/conex-casting.com\/es\/wp-json\/wp\/v2\/pages\/3038\/revisions"}],"predecessor-version":[{"id":3039,"href":"https:\/\/conex-casting.com\/es\/wp-json\/wp\/v2\/pages\/3038\/revisions\/3039"}],"wp:attachment":[{"href":"https:\/\/conex-casting.com\/es\/wp-json\/wp\/v2\/media?parent=3038"}],"curies":[{"name":"wp","href":"https:\/\/api.w.org\/{rel}","templated":true}]}}