{"id":3042,"date":"2021-02-14T21:24:52","date_gmt":"2021-02-14T21:24:52","guid":{"rendered":"http:\/\/conex-casting.com\/?page_id=3042"},"modified":"2021-03-04T14:24:12","modified_gmt":"2021-03-04T14:24:12","slug":"c87500-cda-875-aleaciones-de-cobre-silicio-bronce","status":"publish","type":"page","link":"https:\/\/conex-casting.com\/es\/c87500-cda-875-aleaciones-de-cobre-silicio-bronce\/","title":{"rendered":"C87500 CDA 875 Aleaciones de cobre, silicio, bronce"},"content":{"rendered":"<p style=\"text-align: center;\"><span style=\"text-decoration: underline; font-size: 18pt; color: #800000;\"><strong>C87500 CDA 875 Aleaciones de cobre, silicio, bronce<\/strong><\/span><\/p>\n<p><strong>Est\u00e1ndares de fundici\u00f3n :<\/strong><\/p>\n<table border=\"1\" width=\"750\" cellspacing=\"0\" cellpadding=\"5\">\n<tbody>\n<tr bgcolor=\"#eeeeee\">\n<td>ASTM (B Series)<\/td>\n<td>B584<\/td>\n<\/tr>\n<tr>\n<td>SAE (J Series)<\/td>\n<td>J462<\/td>\n<\/tr>\n<tr bgcolor=\"#eeeeee\">\n<td>Federal (QQ-C- Series)<\/td>\n<td>390<\/td>\n<\/tr>\n<\/tbody>\n<\/table>\n<p><strong>Composici\u00f3n de la especificaci\u00f3n :<\/strong><\/p>\n<table border=\"1\" width=\"750\" cellspacing=\"0\" cellpadding=\"5\">\n<tbody>\n<tr bgcolor=\"#717e94\">\n<td><\/td>\n<td><strong><span style=\"color: #ffffff;\">M\u00ednima<\/span><\/strong><\/td>\n<td><span style=\"color: #ffffff;\"><strong>M\u00e1xima<\/strong><\/span><\/td>\n<\/tr>\n<tr bgcolor=\"#eeeeee\">\n<td>Cobre (Cu)<\/td>\n<td>79<\/td>\n<td><\/td>\n<\/tr>\n<tr>\n<td>Dirigir (Pb)<\/td>\n<td><\/td>\n<td>0.5<\/td>\n<\/tr>\n<tr bgcolor=\"#eeeeee\">\n<td>Zinc (Zn)<\/td>\n<td>12<\/td>\n<td>16<\/td>\n<\/tr>\n<tr>\n<td>Aluminio (Al)<\/td>\n<td>&#8211;<\/td>\n<td>0.5<\/td>\n<\/tr>\n<tr bgcolor=\"#eeeeee\">\n<td>Silicio (Si)<\/td>\n<td>3<\/td>\n<td>5<\/td>\n<\/tr>\n<tr>\n<td>Cobre + suma de elementos nombrados<\/td>\n<td>99.5<\/td>\n<td>5<\/td>\n<\/tr>\n<\/tbody>\n<\/table>\n<p><strong>Propiedades de especificaci\u00f3n :<\/strong><\/p>\n<table border=\"1\" width=\"750\" cellspacing=\"0\" cellpadding=\"5\">\n<tbody>\n<tr bgcolor=\"#717e94\">\n<td><strong><span style=\"color: #ffffff;\">Tratamiento t\u00e9rmico &#8216;F&#8217; Denota como elenco<\/span><\/strong><\/td>\n<td><strong><span style=\"color: #ffffff;\">Estado de tratamiento t\u00e9rmico<\/span><\/strong><\/td>\n<td><strong><span style=\"color: #ffffff;\">M\u00ednima<\/span><\/strong><\/td>\n<\/tr>\n<tr bgcolor=\"#eeeeee\">\n<td>Resistencia a la tracci\u00f3n (ksi)<\/td>\n<td>F<\/td>\n<td>60<\/td>\n<\/tr>\n<tr>\n<td>Fuerza de producci\u00f3n (.5% de extensi\u00f3n bajo carga) (ksi)<\/td>\n<td>F<\/td>\n<td>24<\/td>\n<\/tr>\n<\/tbody>\n<\/table>\n<p><strong>Propiedades tipicas :<\/strong><\/p>\n<table border=\"1\" width=\"750\" cellspacing=\"0\" cellpadding=\"5\">\n<tbody>\n<tr bgcolor=\"#717e94\">\n<td><\/td>\n<td><strong><span style=\"color: #ffffff;\">Estado de tratamiento t\u00e9rmico<\/span><\/strong><\/td>\n<td><strong><span style=\"color: #ffffff;\">T\u00edpica<\/span><\/strong><\/td>\n<\/tr>\n<tr bgcolor=\"#eeeeee\">\n<td>Reducci\u00f3n del \u00e1rea (%)<\/td>\n<td><\/td>\n<td>20<\/td>\n<\/tr>\n<tr>\n<td>M\u00f3dulo de elasticidad (ksi)<\/td>\n<td><\/td>\n<td>15400<\/td>\n<\/tr>\n<tr bgcolor=\"#eeeeee\">\n<td>Dureza (Brinell) (HB @ 500kg)<\/td>\n<td><\/td>\n<td>115<\/td>\n<\/tr>\n<tr>\n<td>Maquinabilidad (% of free cutting brass)<\/td>\n<td><\/td>\n<td>50<\/td>\n<\/tr>\n<tr bgcolor=\"#eeeeee\">\n<td>Resistencia a la fatiga (10^8 cycles) (ksi)<\/td>\n<td><\/td>\n<td>22<\/td>\n<\/tr>\n<tr>\n<td>Fuerza de impacto (Charpy) (ft-lb)<\/td>\n<td><\/td>\n<td>32<\/td>\n<\/tr>\n<tr bgcolor=\"#eeeeee\">\n<td>Fuerza compresiva (0.001 in. set\/in.) (ksi)<\/td>\n<td><\/td>\n<td>26.5<\/td>\n<\/tr>\n<tr>\n<td>Fuerza compresiva (0.010 in. set\/in.) (ksi)<\/td>\n<td><\/td>\n<td>43<\/td>\n<\/tr>\n<tr bgcolor=\"#eeeeee\">\n<tdFuerza compresiva (0.100 in. set\/in.) (ksi)<\/td>\n<td><\/td>\n<td>75<\/td>\n<\/tr>\n<tr>\n<td>Resistencia a la fluencia (0.00001% per hour) (ksi)<\/td>\n<td><\/td>\n<td>28 @ 350F<\/td>\n<\/tr>\n<tr bgcolor=\"#eeeeee\">\n<td>Rango de fusi\u00f3n (Liquidus-Solidus)(F)<\/td>\n<td><\/td>\n<td>1510-1683<\/td>\n<\/tr>\n<tr>\n<td>Coeficiente de expansi\u00f3n termal (per F @ 68-400F)<\/td>\n<td><\/td>\n<td>0.0000109<\/td>\n<\/tr>\n<tr bgcolor=\"#eeeeee\">\n<td>Conductividad t\u00e9rmica (Btu\/sq.ft\/ft.\/hr\/F @ 68F)<\/td>\n<td><\/td>\n<td>16<\/td>\n<\/tr>\n<tr>\n<td>Calor especifico (Btu\/lb\/F @ 68F)<\/td>\n<td><\/td>\n<td>0.09<\/td>\n<\/tr>\n<tr bgcolor=\"#eeeeee\">\n<td>Conductividad el\u00e9ctrica (% IACS @ 68F)<\/td>\n<td><\/td>\n<td>6.7<\/td>\n<\/tr>\n<tr>\n<td>Densidad (lb\/cu.in. @ 68F)<\/td>\n<td><\/td>\n<td>0.299<\/td>\n<\/tr>\n<tr bgcolor=\"#eeeeee\">\n<td>Temperatura de vertido (fundici\u00f3n ligera)(F)<\/td>\n<td><\/td>\n<td>1900-2000<\/td>\n<\/tr>\n<tr>\n<td>Temperatura de vertido (fundici\u00f3n pesada)(F)<\/td>\n<td><\/td>\n<td>1800-1900<\/td>\n<\/tr>\n<tr bgcolor=\"#eeeeee\">\n<td>Contracci\u00f3n de los patronistas (in\/ft)<\/td>\n<td><\/td>\n<td>15\/64<\/td>\n<\/tr>\n<tr>\n<td>Drossing<\/td>\n<td><\/td>\n<td>Baja<\/td>\n<\/tr>\n<tr bgcolor=\"#eeeeee\">\n<td>Asfixi\u00f3n con gas<\/td>\n<td><\/td>\n<td>Medio<\/td>\n<\/tr>\n<tr>\n<td>Fluidez<\/td>\n<td><\/td>\n<td>High<\/td>\n<\/tr>\n<tr bgcolor=\"#eeeeee\">\n<td>Alargamiento (longitud de calibre de 2 pulgadas) (%)<\/td>\n<td>F<\/td>\n<td>17<\/td>\n<\/tr>\n<\/tbody>\n<\/table>\n","protected":false},"excerpt":{"rendered":"<p>C87500 CDA 875 Aleaciones de cobre, silicio, bronce Est\u00e1ndares de fundici\u00f3n : ASTM (B Series) B584 SAE (J Series) J462 Federal (QQ-C- Series) 390 Composici\u00f3n de la especificaci\u00f3n : M\u00ednima M\u00e1xima Cobre (Cu) 79 Dirigir (Pb) 0.5 Zinc (Zn) 12 16 Aluminio (Al) &#8211; 0.5 Silicio (Si) 3 5 Cobre + suma de elementos nombrados [&hellip;]<\/p>\n","protected":false},"author":1,"featured_media":0,"parent":0,"menu_order":0,"comment_status":"closed","ping_status":"closed","template":"","meta":{"_joinchat":[],"footnotes":""},"class_list":["post-3042","page","type-page","status-publish","hentry"],"_links":{"self":[{"href":"https:\/\/conex-casting.com\/es\/wp-json\/wp\/v2\/pages\/3042","targetHints":{"allow":["GET"]}}],"collection":[{"href":"https:\/\/conex-casting.com\/es\/wp-json\/wp\/v2\/pages"}],"about":[{"href":"https:\/\/conex-casting.com\/es\/wp-json\/wp\/v2\/types\/page"}],"author":[{"embeddable":true,"href":"https:\/\/conex-casting.com\/es\/wp-json\/wp\/v2\/users\/1"}],"replies":[{"embeddable":true,"href":"https:\/\/conex-casting.com\/es\/wp-json\/wp\/v2\/comments?post=3042"}],"version-history":[{"count":1,"href":"https:\/\/conex-casting.com\/es\/wp-json\/wp\/v2\/pages\/3042\/revisions"}],"predecessor-version":[{"id":3043,"href":"https:\/\/conex-casting.com\/es\/wp-json\/wp\/v2\/pages\/3042\/revisions\/3043"}],"wp:attachment":[{"href":"https:\/\/conex-casting.com\/es\/wp-json\/wp\/v2\/media?parent=3042"}],"curies":[{"name":"wp","href":"https:\/\/api.w.org\/{rel}","templated":true}]}}