{"id":3044,"date":"2021-02-14T21:32:05","date_gmt":"2021-02-14T21:32:05","guid":{"rendered":"http:\/\/conex-casting.com\/?page_id=3044"},"modified":"2021-02-14T21:32:05","modified_gmt":"2021-02-14T21:32:05","slug":"c90300-cda-903-aleaciones-de-bronce-de-estano","status":"publish","type":"page","link":"https:\/\/conex-casting.com\/es\/c90300-cda-903-aleaciones-de-bronce-de-estano\/","title":{"rendered":"C90300 CDA 903 Aleaciones de bronce de esta\u00f1o"},"content":{"rendered":"<p style=\"text-align: center;\"><span style=\"text-decoration: underline; color: #800000;\"><strong><span style=\"font-size: 18pt;\">C90300 CDA 903 Aleaciones de bronce de esta\u00f1o<\/span><\/strong><\/span><\/p>\n<p><strong>Composici\u00f3n qu\u00edmica :<\/strong><\/p>\n<table border=\"1\" width=\"750\" cellspacing=\"0\" cellpadding=\"5\">\n<thead>\n<tr>\n<th>Cu%<sup>1<\/sup><\/th>\n<th>Pb%<\/th>\n<th>Sn%<\/th>\n<th>Zn%<\/th>\n<th>Fe%<\/th>\n<th>P%<sup>2<\/sup><\/th>\n<th>Ni%<sup>3<\/sup><\/th>\n<th>Al%<\/th>\n<th>S%<\/th>\n<th>Sb%<\/th>\n<th>Si%<\/th>\n<\/tr>\n<\/thead>\n<tfoot>\n<tr>\n<td colspan=\"12\">\n<div>Composici\u00f3n qu\u00edmica seg\u00fan ASTM B505\/B505M-18<\/div>\n<div><\/div>\n<div><sup>1<\/sup>Para determinar Cu min., Cu se puede calcular como Cu + Ni.\u00a0 <sup>2<\/sup>Para coladas continuas, P ser\u00e1 1,5%, m\u00e1x. <sup>3<\/sup>El valor de Ni incluye Co.<\/div>\n<div>Nota: Cu + Suma de elementos nombrados, 99,4% m\u00edn. Los valores individuales representan m\u00e1ximos.<\/div>\n<\/td>\n<\/tr>\n<\/tfoot>\n<tbody>\n<tr bgcolor=\"#eeeeee\">\n<td>86.00-<br \/>\n89.00<\/td>\n<td>0.30<\/td>\n<td>7.50-<br \/>\n9.00<\/td>\n<td>3.00-<br \/>\n5.00<\/td>\n<td>0.20<\/td>\n<td>0.05<\/td>\n<td>1.00<\/td>\n<td>0.005<\/td>\n<td>0.05<\/td>\n<td>0.20<\/td>\n<td>0.005<\/td>\n<\/tr>\n<\/tbody>\n<\/table>\n<p><strong>Maquinabilidad :<\/strong><\/p>\n<table border=\"1\" width=\"750\" cellspacing=\"0\" cellpadding=\"5\">\n<thead>\n<tr>\n<th>Aleaci\u00f3n de cobre UNS No.<\/th>\n<th>Clasificaci\u00f3n de maquinabilidad<\/th>\n<th>Densidad (lb\/in<sup>3<\/sup>\u00a0at 68 \u00b0F)<\/th>\n<\/tr>\n<\/thead>\n<tbody>\n<tr bgcolor=\"#eeeeee\">\n<td>C903<\/td>\n<td>30<\/td>\n<td>0.318<\/td>\n<\/tr>\n<\/tbody>\n<\/table>\n<p><strong>Propiedades mec\u00e1nicas :<\/strong><\/p>\n<table border=\"1\" width=\"750\" cellspacing=\"0\" cellpadding=\"5\">\n<tfoot>\n<tr>\n<td colspan=\"12\">\n<div>Propiedades mec\u00e1nicas seg\u00fan ASTM B505\/B505M-18<\/div>\n<\/td>\n<\/tr>\n<\/tfoot>\n<thead>\n<tr>\n<th colspan=\"2\">Resistencia a la tracci\u00f3n, min<\/th>\n<th colspan=\"2\">Resistencia a la fluencia, al 0,5% de extensi\u00f3n bajo carga, m\u00edn.<\/th>\n<th>Alargamiento, en 2 pulg. O 50 mm min<\/th>\n<th>Dureza Brinell (carga de 500 kg)<\/th>\n<th>Observaciones<\/th>\n<\/tr>\n<tr>\n<th>ksi<\/th>\n<th>MPa<\/th>\n<th>ksi<\/th>\n<th>MPa<\/th>\n<th>%<\/th>\n<th>t\u00edpica BHN<\/th>\n<th><\/th>\n<\/tr>\n<\/thead>\n<tbody>\n<tr bgcolor=\"#eeeeee\">\n<td>44<\/td>\n<td>303<\/td>\n<td>22<\/td>\n<td>152<\/td>\n<td>18<\/td>\n<td>70<\/td>\n<td><\/td>\n<\/tr>\n<\/tbody>\n<\/table>\n<p><strong>Propiedades f\u00edsicas :<\/strong><\/p>\n<table style=\"width: 100%;\" border=\"1\" width=\"750\" cellspacing=\"0\" cellpadding=\"5\">\n<tfoot>\n<tr>\n<td style=\"width: 101.379%;\" colspan=\"12\">\n<div>Propiedades f\u00edsicas proporcionadas por CDA<\/div>\n<\/td>\n<\/tr>\n<\/tfoot>\n<thead>\n<tr>\n<th style=\"width: 41.2069%;\"><\/th>\n<th style=\"width: 27.931%;\">US Customary<\/th>\n<th style=\"width: 30.5172%;\">M\u00e9trica<\/th>\n<\/tr>\n<\/thead>\n<tbody>\n<tr bgcolor=\"#eeeeee\">\n<td style=\"width: 41.2069%;\"><strong>Punto de fusi\u00f3n &#8211; Liquidus<\/strong><\/td>\n<td style=\"width: 27.931%;\">1832 \u00b0F<\/td>\n<td style=\"width: 30.5172%;\">1000 \u00b0C<\/td>\n<\/tr>\n<tr>\n<td style=\"width: 41.2069%;\"><strong>Punto de fusi\u00f3n &#8211; Solidus<\/strong><\/td>\n<td style=\"width: 27.931%;\">1570 \u00b0F<\/td>\n<td style=\"width: 30.5172%;\">854 \u00b0C<\/td>\n<\/tr>\n<tr bgcolor=\"#eeeeee\">\n<td style=\"width: 41.2069%;\"><strong>Densidad<\/strong><\/td>\n<td style=\"width: 27.931%;\">0.318 lb\/in<sup>3<\/sup>\u00a0at 68 \u00b0F<\/td>\n<td style=\"width: 30.5172%;\">8.80 gm\/cm<sup>3<\/sup>\u00a0at 20 \u00b0C<\/td>\n<\/tr>\n<tr>\n<td style=\"width: 41.2069%;\"><strong>Gravedad espec\u00edfica<\/strong><\/td>\n<td style=\"width: 27.931%;\">8.8<\/td>\n<td style=\"width: 30.5172%;\">8.8<\/td>\n<\/tr>\n<tr bgcolor=\"#eeeeee\">\n<td style=\"width: 41.2069%;\"><strong>Conductividad el\u00e9ctrica<\/strong><\/td>\n<td style=\"width: 27.931%;\">12% IACS at 68 \u00b0F<\/td>\n<td style=\"width: 30.5172%;\">0.069 MegaSiemens\/cm at 20 \u00b0C<\/td>\n<\/tr>\n<tr>\n<td style=\"width: 41.2069%;\"><strong>Conductividad t\u00e9rmica<\/strong><\/td>\n<td style=\"width: 27.931%;\">43.2 Btu\/sq ft\/ft hr\/\u00b0F at 68 \u00b0F<\/td>\n<td style=\"width: 30.5172%;\">74.8 W\/m at 20 \u00b0C<\/td>\n<\/tr>\n<tr bgcolor=\"#eeeeee\">\n<td style=\"width: 41.2069%;\"><strong>Coeficiente de expansi\u00f3n termal 68-392<\/strong><\/td>\n<td style=\"width: 27.931%;\">10 \u00b7 10<sup>-6<\/sup>\u00a0per \u00b0F (68-392 \u00b0F)<\/td>\n<td style=\"width: 30.5172%;\">17.3 \u00b7 10<sup>-6<\/sup>\u00a0per \u00b0C (20-200 \u00b0C)<\/td>\n<\/tr>\n<tr>\n<td style=\"width: 41.2069%;\"><strong>Capacidad calor\u00edfica espec\u00edfica<\/strong><\/td>\n<td style=\"width: 27.931%;\">0.09 Btu\/lb\/\u00b0F at 68 \u00b0F<\/td>\n<td style=\"width: 30.5172%;\">377.1 J\/kg at 293 \u00b0C<\/td>\n<\/tr>\n<tr bgcolor=\"#eeeeee\">\n<td style=\"width: 41.2069%;\"><strong>M\u00f3dulo de elasticidad en tensi\u00f3n<\/strong><\/td>\n<td style=\"width: 27.931%;\">14000 ksi<\/td>\n<td style=\"width: 30.5172%;\">96527 MPa<\/td>\n<\/tr>\n<tr>\n<td style=\"width: 41.2069%;\"><strong>Permeabilidad magn\u00e9tica*<\/strong><\/td>\n<\/tr>\n<\/tbody>\n<\/table>\n","protected":false},"excerpt":{"rendered":"<p>C90300 CDA 903 Aleaciones de bronce de esta\u00f1o Composici\u00f3n qu\u00edmica : Cu%1 Pb% Sn% Zn% Fe% P%2 Ni%3 Al% S% Sb% Si% Composici\u00f3n qu\u00edmica seg\u00fan ASTM B505\/B505M-18 1Para determinar Cu min., Cu se puede calcular como Cu + Ni.\u00a0 2Para coladas continuas, P ser\u00e1 1,5%, m\u00e1x. 3El valor de Ni incluye Co. Nota: Cu + [&hellip;]<\/p>\n","protected":false},"author":1,"featured_media":0,"parent":0,"menu_order":0,"comment_status":"closed","ping_status":"closed","template":"","meta":{"_joinchat":[],"footnotes":""},"class_list":["post-3044","page","type-page","status-publish","hentry"],"_links":{"self":[{"href":"https:\/\/conex-casting.com\/es\/wp-json\/wp\/v2\/pages\/3044","targetHints":{"allow":["GET"]}}],"collection":[{"href":"https:\/\/conex-casting.com\/es\/wp-json\/wp\/v2\/pages"}],"about":[{"href":"https:\/\/conex-casting.com\/es\/wp-json\/wp\/v2\/types\/page"}],"author":[{"embeddable":true,"href":"https:\/\/conex-casting.com\/es\/wp-json\/wp\/v2\/users\/1"}],"replies":[{"embeddable":true,"href":"https:\/\/conex-casting.com\/es\/wp-json\/wp\/v2\/comments?post=3044"}],"version-history":[{"count":2,"href":"https:\/\/conex-casting.com\/es\/wp-json\/wp\/v2\/pages\/3044\/revisions"}],"predecessor-version":[{"id":5487,"href":"https:\/\/conex-casting.com\/es\/wp-json\/wp\/v2\/pages\/3044\/revisions\/5487"}],"wp:attachment":[{"href":"https:\/\/conex-casting.com\/es\/wp-json\/wp\/v2\/media?parent=3044"}],"curies":[{"name":"wp","href":"https:\/\/api.w.org\/{rel}","templated":true}]}}