{"id":3764,"date":"2021-02-24T05:40:45","date_gmt":"2021-02-24T05:40:45","guid":{"rendered":"http:\/\/conex-casting.com\/?page_id=3764"},"modified":"2021-03-09T20:20:02","modified_gmt":"2021-03-09T20:20:02","slug":"politica-de-privacidad","status":"publish","type":"page","link":"https:\/\/conex-casting.com\/es\/politica-de-privacidad\/","title":{"rendered":"Pol\u00edtica de privacidad"},"content":{"rendered":"<p style=\"text-align: justify;\"><span style=\"text-decoration: underline; color: #800000;\"><span style=\"font-size: 18pt;\"><strong>Pol\u00edtica de privacidad<\/strong><\/span><\/span><\/p>\n<p style=\"text-align: justify;\"><span style=\"text-decoration: underline;\"> <span style=\"color: # 800000; text-decoration: underline;\"> <strong> Pol\u00edtica de privacidad <\/strong> <\/span> <\/span><\/p>\n<p style=\"text-align: justify;\">Fecha de vigencia: 23 de febrero de 2021<\/p>\n<p style=\"text-align: justify;\">Individuo (\u00abnosotros\u00bb, \u00abnosotros\u00bb o \u00abnuestro\u00bb) opera el sitio web <strong> https:\/\/www.conex-casting.com\/ <\/strong> (el \u00abServicio\u00bb).<\/p>\n<p style=\"text-align: justify;\">Esta p\u00e1gina le informa sobre nuestras pol\u00edticas con respecto a la recopilaci\u00f3n, uso y divulgaci\u00f3n de datos personales cuando usa nuestro Servicio y las opciones que ha asociado con esos datos.<\/p>\n<p style=\"text-align: justify;\">Usamos sus datos para proporcionar y mejorar el Servicio. Al utilizar el Servicio, acepta la recopilaci\u00f3n y el uso de informaci\u00f3n de acuerdo con esta pol\u00edtica. A menos que se defina lo contrario en esta Pol\u00edtica de privacidad, los t\u00e9rminos utilizados en esta Pol\u00edtica de privacidad tienen el mismo significado que en nuestros T\u00e9rminos y condiciones, accesibles desde <strong> https:\/\/www.conex-casting.com\/ <\/strong><\/p>\n<p style=\"text-align: justify;\"><span style=\"text-decoration: underline;\"> <span style=\"color: # 800000; text-decoration: underline;\"> <strong> Recopilaci\u00f3n y uso de informaci\u00f3n <\/strong> <\/span> <\/span><\/p>\n<p style=\"text-align: justify;\">Recopilamos varios tipos diferentes de informaci\u00f3n para diversos fines para brindarle y mejorar nuestro Servicio.<\/p>\n<p style=\"text-align: justify;\"><span style=\"text-decoration: underline;\"> <span style=\"color: # 800000; text-decoration: underline;\"> <strong> Tipos de datos recopilados <\/strong> <\/span> <\/span><\/p>\n<p style=\"text-align: justify;\"><span style=\"text-decoration: underline;\"> <span style=\"color: # 800000; text-decoration: underline;\"> <strong> Datos personales <\/strong> <\/span> <\/span><\/p>\n<p style=\"text-align: justify;\">Mientras utiliza nuestro Servicio, es posible que le pidamos que nos proporcione cierta informaci\u00f3n de identificaci\u00f3n personal que pueda usarse para contactarlo o identificarlo (\u00abDatos personales\u00bb). La informaci\u00f3n de identificaci\u00f3n personal puede incluir, pero no se limita a:<\/p>\n<ul style=\"text-align: justify;\">\n<li>Direcci\u00f3n de correo electr\u00f3nico<\/li>\n<li>Nombre y apellido<\/li>\n<li>N\u00famero de tel\u00e9fono<\/li>\n<li>Direcci\u00f3n, estado, provincia, c\u00f3digo postal, ciudad<\/li>\n<li>Cookies y datos de uso<\/li>\n<\/ul>\n<p style=\"text-align: justify;\"><span style=\"text-decoration: underline;\"> <span style=\"color: # 800000; text-decoration: underline;\"> <strong> Datos de uso <\/strong> <\/span> <\/span><\/p>\n<p style=\"text-align: justify;\">Tambi\u00e9n podemos recopilar informaci\u00f3n sobre c\u00f3mo se accede y se utiliza el Servicio (\u00abDatos de uso\u00bb). Estos Datos de uso pueden incluir informaci\u00f3n como la direcci\u00f3n de Protocolo de Internet de su computadora (por ejemplo, direcci\u00f3n IP), el tipo de navegador, la versi\u00f3n del navegador, las p\u00e1ginas de nuestro Servicio que visita, la hora y fecha de su visita, el tiempo dedicado a esas p\u00e1ginas, identificadores de dispositivos y otros datos de diagn\u00f3stico.<\/p>\n<p style=\"text-align: justify;\"><span style=\"text-decoration: underline;\"> <span style=\"color: # 800000; text-decoration: underline;\"> <strong> Seguimiento &amp; amp; Datos de cookies <\/strong> <\/span> <\/span><\/p>\n<p style=\"text-align: justify;\">Usamos cookies y tecnolog\u00edas de seguimiento similares para rastrear la actividad en nuestro Servicio y retener cierta informaci\u00f3n.<\/p>\n<p style=\"text-align: justify;\">Las cookies son archivos con una peque\u00f1a cantidad de datos que pueden incluir un identificador \u00fanico an\u00f3nimo. Las cookies se env\u00edan a su navegador desde un sitio web y se almacenan en su dispositivo. Las tecnolog\u00edas de seguimiento tambi\u00e9n utilizadas son balizas, etiquetas y scripts para recopilar y rastrear informaci\u00f3n y para mejorar y analizar nuestro Servicio.<\/p>\n<p style=\"text-align: justify;\">Puede indicarle a su navegador que rechace todas las cookies o que indique cu\u00e1ndo se env\u00eda una cookie. Sin embargo, si no acepta las cookies, es posible que no pueda utilizar algunas partes de nuestro Servicio.<\/p>\n<p style=\"text-align: justify;\"><span style=\"text-decoration: underline;\"> <span style=\"color: # 800000; text-decoration: underline;\"> <strong> Ejemplos de cookies que usamos:<\/strong><\/span><\/span><\/p>\n<ul style=\"text-align: justify;\">\n<li><strong> Cookies de sesi\u00f3n. <\/strong> Usamos cookies de sesi\u00f3n para operar nuestro Servicio.<\/li>\n<li><strong> Cookies de preferencia. <\/strong> Usamos cookies de preferencia para recordar sus preferencias y diversas configuraciones.<\/li>\n<li><strong> Cookies de seguridad. <\/strong> Usamos cookies de seguridad por motivos de seguridad.<\/li>\n<\/ul>\n<p style=\"text-align: justify;\"><span style=\"text-decoration: underline;\"> <span style=\"color: # 800000; text-decoration: underline;\"> <strong> Uso de datos <\/strong> <\/span> <\/span><\/p>\n<p style=\"text-align: justify;\">El individuo utiliza los datos recopilados para diversos fines:<\/p>\n<ul style=\"text-align: justify;\">\n<li>Para proporcionar y mantener el Servicio<\/li>\n<li>Para notificarle sobre cambios en nuestro Servicio<\/li>\n<li>Para permitirle participar en las funciones interactivas de nuestro Servicio cuando elija hacerlo<\/li>\n<li>Para brindar atenci\u00f3n y soporte al cliente<\/li>\n<li>Para proporcionar an\u00e1lisis o informaci\u00f3n valiosa para que podamos mejorar el Servicio<\/li>\n<li>Para monitorear el uso del Servicio<\/li>\n<li>Para detectar, prevenir y abordar problemas t\u00e9cnicos<\/li>\n<\/ul>\n<p style=\"text-align: justify;\"><span style=\"text-decoration: underline;\"> <span style=\"color: # 800000; text-decoration: underline;\"> <strong> Transferencia de datos <\/strong> <\/span> <\/span><\/p>\n<p style=\"text-align: justify;\">Su informaci\u00f3n, incluidos los datos personales, puede transferirse y mantenerse en computadoras ubicadas fuera de su estado, provincia, pa\u00eds u otra jurisdicci\u00f3n gubernamental donde las leyes de protecci\u00f3n de datos pueden diferir de las de su jurisdicci\u00f3n.<\/p>\n<p style=\"text-align: justify;\">Si se encuentra fuera de la India y decide proporcionarnos informaci\u00f3n, tenga en cuenta que transferimos los datos, incluidos los Datos personales, a la India y los procesamos all\u00ed.<\/p>\n<p style=\"text-align: justify;\">Su consentimiento a esta Pol\u00edtica de privacidad seguido de su env\u00edo de dicha informaci\u00f3n representa su aceptaci\u00f3n de esa transferencia.<\/p>\n<p style=\"text-align: justify;\">El individuo tomar\u00e1 todas las medidas razonablemente necesarias para garantizar que sus datos sean tratados de forma segura y de acuerdo con esta Pol\u00edtica de privacidad y no se realizar\u00e1 ninguna transferencia de sus Datos personales a una organizaci\u00f3n o pa\u00eds a menos que existan controles adecuados establecidos, incluida la seguridad datos y otra informaci\u00f3n personal.<\/p>\n<p style=\"text-align: justify;\"><span style=\"text-decoration: underline;\"> <span style=\"color: # 800000; text-decoration: underline;\"> <strong> Divulgaci\u00f3n de datos <\/strong> <\/span> <\/span><\/p>\n<p style=\"text-align: justify;\"><span style=\"text-decoration: underline;\"> <span style=\"color: # 800000; text-decoration: underline;\"> <strong> Requisitos legales <\/strong> <\/span> <\/span><\/p>\n<p style=\"text-align: justify;\">El individuo puede divulgar sus Datos personales si cree de buena fe que dicha acci\u00f3n es necesaria para:<\/p>\n<ul style=\"text-align: justify;\">\n<li>Para cumplir con una obligaci\u00f3n legal<\/li>\n<li>Para proteger y defender los derechos o la propiedad del individuo<\/li>\n<li>Para prevenir o investigar posibles irregularidades en relaci\u00f3n con el Servicio<\/li>\n<li>Para proteger la seguridad personal de los usuarios del Servicio o del p\u00fablico<\/li>\n<li>Para protegerse contra la responsabilidad legal<\/li>\n<\/ul>\n<p style=\"text-align: justify;\"><span style=\"text-decoration: underline;\"> <span style=\"color: # 800000; text-decoration: underline;\"> <strong> Seguridad de los datos <\/strong> <\/span> <\/span><\/p>\n<p style=\"text-align: justify;\">La seguridad de sus datos es importante para nosotros, pero recuerde que ning\u00fan m\u00e9todo de transmisi\u00f3n a trav\u00e9s de Internet o m\u00e9todo de almacenamiento electr\u00f3nico es 100% seguro. Si bien nos esforzamos por utilizar medios comercialmente aceptables para proteger sus datos personales, no podemos garantizar su seguridad absoluta.<\/p>\n<p style=\"text-align: justify;\"><span style=\"text-decoration: underline;\"> <span style=\"color: # 800000; text-decoration: underline;\"> <strong> Proveedores de servicios <\/strong> <\/span> <\/span><\/p>\n<p style=\"text-align: justify;\">Podemos emplear empresas e individuos de terceros para facilitar nuestro Servicio (\u00abProveedores de servicios\u00bb), para proporcionar el Servicio en nuestro nombre, para realizar servicios relacionados con el Servicio o para ayudarnos a analizar c\u00f3mo se utiliza nuestro Servicio.<\/p>\n<p style=\"text-align: justify;\">Estos terceros tienen acceso a sus Datos personales solo para realizar estas tareas en nuestro nombre y est\u00e1n obligados a no divulgarlos ni utilizarlos para ning\u00fan otro prop\u00f3sito.<\/p>\n<p style=\"text-align: justify;\"><span style=\"text-decoration: underline;\"> <span style=\"color: # 800000; text-decoration: underline;\"> <strong> Analytics <\/strong> <\/span> <\/span><\/p>\n<p style=\"text-align: justify;\">Podemos utilizar proveedores de servicios de terceros para monitorear y analizar el uso de nuestro servicio.<\/p>\n<ul style=\"text-align: justify;\">\n<li><span style=\"font-size: 10pt;\"> <strong> Google Analytics <\/strong> <\/span><\/li>\n<\/ul>\n<p style=\"text-align: justify;\">Google Analytics es un servicio de an\u00e1lisis web ofrecido por Google que rastrea e informa el tr\u00e1fico del sitio web. Google utiliza los datos recopilados para rastrear y monitorear el uso de nuestro Servicio. Estos datos se comparten con otros servicios de Google. Google puede utilizar los datos recopilados para contextualizar y personalizar los anuncios de su propia red publicitaria.<\/p>\n<p style=\"text-align: justify;\">Puede optar por no hacer que su actividad en el Servicio est\u00e9 disponible para Google Analytics instalando el complemento de inhabilitaci\u00f3n del navegador de Google Analytics. El complemento evita que el JavaScript de Google Analytics (ga.js, analytics.js y dc.js) comparta informaci\u00f3n con Google Analytics sobre la actividad de las visitas.<\/p>\n<p style=\"text-align: justify;\">Para obtener m\u00e1s informaci\u00f3n sobre las pr\u00e1cticas de privacidad de Google, visite Privacidad y amp; P\u00e1gina web de condiciones: <a href=\"https:\/\/policies.google.com\/privacy?hl=en\"> https:\/\/policies.google.com\/privacy?hl=en <\/a><\/p>\n<p style=\"text-align: justify;\"><span style=\"text-decoration: underline;\"> <span style=\"color: # 800000; text-decoration: underline;\"> <strong> V\u00ednculos a otros sitios <\/strong> <\/span> <\/span><\/p>\n<p style=\"text-align: justify;\">Nuestro Servicio puede contener enlaces a otros sitios que no son operados por nosotros. Si hace clic en el enlace de un tercero, se le dirigir\u00e1 al sitio de ese tercero. Le recomendamos encarecidamente que revise la Pol\u00edtica de privacidad de cada sitio que visite.<\/p>\n<p style=\"text-align: justify;\">No tenemos control ni asumimos ninguna responsabilidad por el contenido, las pol\u00edticas de privacidad o las pr\u00e1cticas de sitios o servicios de terceros.<\/p>\n<p style=\"text-align: justify;\"><span style=\"text-decoration: underline;\"> <span style=\"color: # 800000; text-decoration: underline;\"> <strong> Privacidad de los ni\u00f1os <\/strong> <\/span> <\/span><\/p>\n<p style=\"text-align: justify;\">Nuestro Servicio no se dirige a ninguna persona menor de 18 a\u00f1os (\u00abNi\u00f1os\u00bb).<\/p>\n<p style=\"text-align: justify;\">No recopilamos a sabiendas informaci\u00f3n de identificaci\u00f3n personal de ninguna persona menor de 18 a\u00f1os. Si usted es padre o tutor y sabe que sus hijos nos han proporcionado datos personales, comun\u00edquese con nosotros. Si nos damos cuenta de que hemos recopilado datos personales de ni\u00f1os sin la verificaci\u00f3n del consentimiento de los padres, tomamos medidas para eliminar esa informaci\u00f3n de nuestros servidores.<\/p>\n<p style=\"text-align: justify;\"><span style=\"text-decoration: underline;\"> <span style=\"color: # 800000; text-decoration: underline;\"> <strong> Cambios en esta pol\u00edtica de privacidad<\/strong><\/span><\/span><\/p>\n<p style=\"text-align: justify;\">Es posible que actualicemos nuestra Pol\u00edtica de privacidad de vez en cuando. Le notificaremos de cualquier cambio publicando la nueva Pol\u00edtica de privacidad en esta p\u00e1gina.<\/p>\n<p style=\"text-align: justify;\">Le informaremos por correo electr\u00f3nico y \/ o un aviso destacado en nuestro Servicio, antes de que el cambio entre en vigencia y actualizaremos la \u00abfecha de vigencia\u00bb en la parte superior de esta Pol\u00edtica de privacidad.<\/p>\n<p style=\"text-align: justify;\">Se le recomienda que revise esta Pol\u00edtica de privacidad peri\u00f3dicamente para ver si hay cambios. Los cambios a esta Pol\u00edtica de privacidad entran en vigencia cuando se publican en esta p\u00e1gina.<\/p>\n<p style=\"text-align: justify;\"><span style=\"text-decoration: underline;\"> <span style=\"color: # 800000; text-decoration: underline;\"> <strong> Cont\u00e1ctanos <\/strong> <\/span> <\/span><\/p>\n<p style=\"text-align: justify;\">Si tiene alguna pregunta sobre esta Pol\u00edtica de privacidad, comun\u00edquese con nosotros:<\/p>\n<ul>\n<li style=\"text-align: justify;\">Por correo electr\u00f3nico: <strong><a href=\"mailto:sales@conex-casting.com\"> sales@conex-casting.com <\/a><\/strong><\/li>\n<\/ul>\n","protected":false},"excerpt":{"rendered":"<p>Pol\u00edtica de privacidad Pol\u00edtica de privacidad Fecha de vigencia: 23 de febrero de 2021 Individuo (\u00abnosotros\u00bb, \u00abnosotros\u00bb o \u00abnuestro\u00bb) opera el sitio web https:\/\/www.conex-casting.com\/ (el \u00abServicio\u00bb). Esta p\u00e1gina le informa sobre nuestras pol\u00edticas con respecto a la recopilaci\u00f3n, uso y divulgaci\u00f3n de datos personales cuando usa nuestro Servicio y las opciones que ha asociado con [&hellip;]<\/p>\n","protected":false},"author":1,"featured_media":0,"parent":0,"menu_order":0,"comment_status":"closed","ping_status":"closed","template":"","meta":{"_joinchat":[],"footnotes":""},"class_list":["post-3764","page","type-page","status-publish","hentry"],"_links":{"self":[{"href":"https:\/\/conex-casting.com\/es\/wp-json\/wp\/v2\/pages\/3764","targetHints":{"allow":["GET"]}}],"collection":[{"href":"https:\/\/conex-casting.com\/es\/wp-json\/wp\/v2\/pages"}],"about":[{"href":"https:\/\/conex-casting.com\/es\/wp-json\/wp\/v2\/types\/page"}],"author":[{"embeddable":true,"href":"https:\/\/conex-casting.com\/es\/wp-json\/wp\/v2\/users\/1"}],"replies":[{"embeddable":true,"href":"https:\/\/conex-casting.com\/es\/wp-json\/wp\/v2\/comments?post=3764"}],"version-history":[{"count":2,"href":"https:\/\/conex-casting.com\/es\/wp-json\/wp\/v2\/pages\/3764\/revisions"}],"predecessor-version":[{"id":3984,"href":"https:\/\/conex-casting.com\/es\/wp-json\/wp\/v2\/pages\/3764\/revisions\/3984"}],"wp:attachment":[{"href":"https:\/\/conex-casting.com\/es\/wp-json\/wp\/v2\/media?parent=3764"}],"curies":[{"name":"wp","href":"https:\/\/api.w.org\/{rel}","templated":true}]}}