{"id":5517,"date":"2021-03-22T12:29:20","date_gmt":"2021-03-22T12:29:20","guid":{"rendered":"http:\/\/conex-casting.com\/?page_id=5517"},"modified":"2021-03-22T12:29:20","modified_gmt":"2021-03-22T12:29:20","slug":"c86500-cda-865-aleacion-de-bronce-2","status":"publish","type":"page","link":"https:\/\/conex-casting.com\/es\/c86500-cda-865-aleacion-de-bronce-2\/","title":{"rendered":"C86500 CDA 865 Aleaci\u00f3n de bronce"},"content":{"rendered":"<p style=\"text-align: center;\"><span style=\"text-decoration: underline;\"><span style=\"font-size: 18pt; color: #800000;\"><strong>C86500 \/ CDA 865 Aleaci\u00f3n de bronce<\/strong><\/span><\/span><\/p>\n<p style=\"text-align: left;\"><strong>Especificaci\u00f3n equivalente :<\/strong><\/p>\n<table style=\"height: 92px;\" border=\"1\" width=\"500\" cellspacing=\"0\" cellpadding=\"5\">\n<thead>\n<tr style=\"height: 24px;\">\n<th style=\"height: 24px;\">CDA<\/th>\n<th style=\"height: 24px;\">ASTM<\/th>\n<th style=\"height: 24px;\">ASARCON<\/th>\n<th style=\"height: 24px;\">SAE<\/th>\n<th style=\"height: 24px;\">AMS<\/th>\n<th style=\"height: 24px;\">Federal<\/th>\n<th style=\"height: 24px;\">Militar<\/th>\n<\/tr>\n<\/thead>\n<tbody>\n<tr style=\"height: 68px;\">\n<td style=\"height: 68px;\">C86500<\/td>\n<td style=\"height: 68px;\">B505 &#8211; B505M<\/td>\n<td style=\"height: 68px;\"><\/td>\n<td style=\"height: 68px;\">J461 &#8211; J462<\/td>\n<td style=\"height: 68px;\">4860<\/td>\n<td style=\"height: 68px;\">QQ-C-390, C3<br \/>\nQQ-B-726, CLASS A<\/td>\n<td style=\"height: 68px;\">MIL-C-22229, COMP 7<\/td>\n<\/tr>\n<\/tbody>\n<\/table>\n<p><strong>Composici\u00f3n qu\u00edmica :<\/strong><\/p>\n<table border=\"1\" width=\"500\" cellspacing=\"0\" cellpadding=\"5\">\n<thead>\n<tr>\n<th>Cu%1<\/th>\n<th>Pb%<\/th>\n<th>Sn%<\/th>\n<th>Zn%<\/th>\n<th>Fe%<\/th>\n<th>Ni%2<\/th>\n<th>Al%<\/th>\n<th>Mn%<\/th>\n<\/tr>\n<\/thead>\n<tfoot>\n<tr>\n<td colspan=\"12\">\n<div>Composici\u00f3n qu\u00edmica seg\u00fan ASTM B505\/B505M-18<\/div>\n<div><sup>1<\/sup>Para determinar Cu min., Cu se puede calcular como Cu + Ni. El valor de 2Ni incluye Co.<\/div>\n<div><strong>Nota :<\/strong> Cu + suma de elementos nombrados, 99.0% min. Los valores individuales representan los m\u00e1ximos.<\/div>\n<\/td>\n<\/tr>\n<\/tfoot>\n<tbody>\n<tr>\n<td>55.00 &#8211; 60.00<\/td>\n<td>0.40<\/td>\n<td>1.00<\/td>\n<td>36.00 &#8211; 42.00<\/td>\n<td>0.40 &#8211; 2.00<\/td>\n<td>1.0<\/td>\n<td>0.50 &#8211; 1.50<\/td>\n<td>0.10 &#8211; 1.50<\/td>\n<\/tr>\n<\/tbody>\n<\/table>\n<p><strong>Maquinabilidad :<\/strong><\/p>\n<table style=\"height: 92px;\" border=\"1\" width=\"500\" cellspacing=\"0\" cellpadding=\"5\">\n<thead>\n<tr style=\"height: 24px;\">\n<th style=\"height: 24px;\">Liga No.<\/th>\n<th style=\"height: 24px;\">Clasificaci\u00f3n de trabajabilidad<\/th>\n<th style=\"height: 24px;\">Densidad (lb\/cu in at 68\u00b0 F)<\/th>\n<\/tr>\n<\/thead>\n<tbody>\n<tr style=\"height: 68px;\">\n<td style=\"height: 68px; text-align: center;\">C86500<\/td>\n<td style=\"height: 68px; text-align: center;\">26<\/td>\n<td style=\"height: 68px; text-align: center;\">0.301<\/td>\n<\/tr>\n<\/tbody>\n<\/table>\n<p><strong>Mechanical properties :<\/strong><\/p>\n<table border=\"1\" width=\"663\" cellspacing=\"0\" cellpadding=\"5\">\n<tbody>\n<tr>\n<th colspan=\"2\">Resistencia a la tracci\u00f3n, min<\/th>\n<th colspan=\"2\">Fuerza de producci\u00f3n, 0.5% extensi\u00f3n bajo carga, min<\/th>\n<th width=\"105\">Alargamiento, en 2 pulgadas. o 50 mm min<\/th>\n<th width=\"98\">Dureza Brinell<\/th>\n<th width=\"121\">Observaciones<\/th>\n<\/tr>\n<tr>\n<th width=\"34\">Ksi<\/th>\n<th width=\"66\">MPa<\/th>\n<th width=\"65\">Ksi<\/th>\n<th width=\"88\">MPa<\/th>\n<th>%<\/th>\n<th>typical BHN<\/th>\n<th><\/th>\n<\/tr>\n<tr>\n<td>70<\/td>\n<td>483<\/td>\n<td>25<\/td>\n<td>172<\/td>\n<td>25<\/td>\n<td>130 (3000 kg)<\/td>\n<td><\/td>\n<\/tr>\n<\/tbody>\n<\/table>\n<p><strong>Propiedades f\u00edsicas :<\/strong><\/p>\n<table style=\"width: 100%; height: 484px;\" border=\"1\" width=\"500\" cellspacing=\"0\" cellpadding=\"5\">\n<tfoot>\n<tr style=\"height: 32px;\">\n<td style=\"height: 32px;\" colspan=\"12\">\n<div>Propiedades f\u00edsicas proporcionadas por CDA * Campo de fuerza 16 kA\/m<\/div>\n<\/td>\n<\/tr>\n<\/tfoot>\n<thead>\n<tr style=\"height: 32px;\">\n<th style=\"height: 32px;\"><\/th>\n<th style=\"height: 32px;\">US Personalizada<\/th>\n<th style=\"height: 32px;\">M\u00e9trica<\/th>\n<\/tr>\n<\/thead>\n<tbody>\n<tr style=\"height: 32px;\" bgcolor=\"#eeeeee\">\n<td style=\"height: 32px;\">Punto de fusion &#8211; Liquidus<\/td>\n<td style=\"height: 32px;\">1616\u00b0 F<\/td>\n<td style=\"height: 32px;\">880\u00b0 C<\/td>\n<\/tr>\n<tr style=\"height: 32px;\">\n<td style=\"height: 32px;\">Punto de fusion &#8211; Solidus<\/td>\n<td style=\"height: 32px;\">1583\u00b0 F<\/td>\n<td style=\"height: 32px;\">862\u00b0 C<\/td>\n<\/tr>\n<tr style=\"height: 32px;\" bgcolor=\"#eeeeee\">\n<td style=\"height: 32px;\">Densidad<\/td>\n<td style=\"height: 32px;\">0.301 lb\/in3\u00a0at 68\u00b0 F<\/td>\n<td style=\"height: 32px;\">8.33 gm\/cm3\u00a0at 20\u00b0 C<\/td>\n<\/tr>\n<tr style=\"height: 32px;\">\n<td style=\"height: 32px;\">Peso espec\u00edfico<\/td>\n<td style=\"height: 32px;\">8.33<\/td>\n<td style=\"height: 32px;\">8.33<\/td>\n<\/tr>\n<tr style=\"height: 72px;\" bgcolor=\"#eeeeee\">\n<td style=\"height: 72px;\">Conductividad el\u00e9ctrica<\/td>\n<td style=\"height: 72px;\">22% IACS at 68\u00b0 F<\/td>\n<td style=\"height: 72px;\">0.128 MegaSiemens\/cm at 20\u00b0 C<\/td>\n<\/tr>\n<tr style=\"height: 52px;\">\n<td style=\"height: 52px;\">Conductividad t\u00e9rmica<\/td>\n<td style=\"height: 52px;\">49.6 Btu \u00b7 ft\/(hr \u00b7 ft2\u00a0\u00b7 \u00b0F) at 68\u00b0 F<\/td>\n<td style=\"height: 52px;\">85.8 W\/m at 20\u00b0 C<\/td>\n<\/tr>\n<tr style=\"height: 52px;\" bgcolor=\"#eeeeee\">\n<td style=\"height: 52px;\">Coeficiente de expansi\u00f3n termal<\/td>\n<td style=\"height: 52px;\">11.3 \u00b7 10-6\u00a0per \u00b0F (68\u00b0-212\u00b0 F)<\/td>\n<td style=\"height: 52px;\">19.5 \u00b7 10-6\u00a0per \u00b0C (20\u00b0-100\u00b0 C)<\/td>\n<\/tr>\n<tr style=\"height: 32px;\">\n<td style=\"height: 32px;\">Capacidad calor\u00edfica espec\u00edfica<\/td>\n<td style=\"height: 32px;\">0.09 Btu\/lb\/\u00b0F at 68\u00b0 F<\/td>\n<td style=\"height: 32px;\">377.1 J\/kg at 293\u00b0 C<\/td>\n<\/tr>\n<tr style=\"height: 52px;\" bgcolor=\"#eeeeee\">\n<td style=\"height: 52px;\">M\u00f3dulo de elasticidad en tensi\u00f3n<\/td>\n<td style=\"height: 52px;\">15000 ksi<\/td>\n<td style=\"height: 52px;\">103400 MPa<\/td>\n<\/tr>\n<tr style=\"height: 32px;\">\n<td style=\"height: 32px;\">Permeabilidad magn\u00e9tica*<\/td>\n<td style=\"height: 32px;\">1.09<\/td>\n<td style=\"height: 32px;\">1.09<\/td>\n<\/tr>\n<\/tbody>\n<\/table>\n","protected":false},"excerpt":{"rendered":"<p>C86500 \/ CDA 865 Aleaci\u00f3n de bronce Especificaci\u00f3n equivalente : CDA ASTM ASARCON SAE AMS Federal Militar C86500 B505 &#8211; B505M J461 &#8211; J462 4860 QQ-C-390, C3 QQ-B-726, CLASS A MIL-C-22229, COMP 7 Composici\u00f3n qu\u00edmica : Cu%1 Pb% Sn% Zn% Fe% Ni%2 Al% Mn% Composici\u00f3n qu\u00edmica seg\u00fan ASTM B505\/B505M-18 1Para determinar Cu min., Cu se [&hellip;]<\/p>\n","protected":false},"author":1,"featured_media":0,"parent":0,"menu_order":0,"comment_status":"closed","ping_status":"closed","template":"","meta":{"_joinchat":[],"footnotes":""},"class_list":["post-5517","page","type-page","status-publish","hentry"],"_links":{"self":[{"href":"https:\/\/conex-casting.com\/es\/wp-json\/wp\/v2\/pages\/5517","targetHints":{"allow":["GET"]}}],"collection":[{"href":"https:\/\/conex-casting.com\/es\/wp-json\/wp\/v2\/pages"}],"about":[{"href":"https:\/\/conex-casting.com\/es\/wp-json\/wp\/v2\/types\/page"}],"author":[{"embeddable":true,"href":"https:\/\/conex-casting.com\/es\/wp-json\/wp\/v2\/users\/1"}],"replies":[{"embeddable":true,"href":"https:\/\/conex-casting.com\/es\/wp-json\/wp\/v2\/comments?post=5517"}],"version-history":[{"count":2,"href":"https:\/\/conex-casting.com\/es\/wp-json\/wp\/v2\/pages\/5517\/revisions"}],"predecessor-version":[{"id":5519,"href":"https:\/\/conex-casting.com\/es\/wp-json\/wp\/v2\/pages\/5517\/revisions\/5519"}],"wp:attachment":[{"href":"https:\/\/conex-casting.com\/es\/wp-json\/wp\/v2\/media?parent=5517"}],"curies":[{"name":"wp","href":"https:\/\/api.w.org\/{rel}","templated":true}]}}