{"id":6967,"date":"2024-08-23T10:26:56","date_gmt":"2024-08-23T10:26:56","guid":{"rendered":"https:\/\/conex-casting.com\/?page_id=6967"},"modified":"2026-02-07T08:19:11","modified_gmt":"2026-02-07T08:19:11","slug":"piezas-de-fundicion-de-laton-mecanizadas-por-cnc-fundicion-de-laton-en-india","status":"publish","type":"page","link":"https:\/\/conex-casting.com\/es\/piezas-de-fundicion-de-laton-mecanizadas-por-cnc-fundicion-de-laton-en-india\/","title":{"rendered":"Piezas de fundici\u00f3n de lat\u00f3n mecanizadas por CNC, Fundici\u00f3n de lat\u00f3n en India"},"content":{"rendered":"\n<p><img loading=\"lazy\" decoding=\"async\" class=\"alignnone size-medium wp-image-6915\" src=\"http:\/\/conex-casting.com\/wp-content\/uploads\/2024\/08\/Brass-CNC-machined-Castings-300x300.jpeg\" alt=\"Brass CNC machined Castings\" width=\"300\" height=\"300\" srcset=\"https:\/\/conex-casting.com\/wp-content\/uploads\/2024\/08\/Brass-CNC-machined-Castings-300x300.jpeg 300w, https:\/\/conex-casting.com\/wp-content\/uploads\/2024\/08\/Brass-CNC-machined-Castings-150x150.jpeg 150w, https:\/\/conex-casting.com\/wp-content\/uploads\/2024\/08\/Brass-CNC-machined-Castings.jpeg 512w\" sizes=\"auto, (max-width: 300px) 100vw, 300px\" \/> <img loading=\"lazy\" decoding=\"async\" class=\"alignnone size-medium wp-image-6909\" src=\"http:\/\/conex-casting.com\/wp-content\/uploads\/2024\/08\/Brass-CNC-machined-Castings-2-300x300.jpeg\" alt=\"Brass CNC machined Castings 2\" width=\"300\" height=\"300\" srcset=\"https:\/\/conex-casting.com\/wp-content\/uploads\/2024\/08\/Brass-CNC-machined-Castings-2-300x300.jpeg 300w, https:\/\/conex-casting.com\/wp-content\/uploads\/2024\/08\/Brass-CNC-machined-Castings-2-150x150.jpeg 150w, https:\/\/conex-casting.com\/wp-content\/uploads\/2024\/08\/Brass-CNC-machined-Castings-2.jpeg 512w\" sizes=\"auto, (max-width: 300px) 100vw, 300px\" \/> <img loading=\"lazy\" decoding=\"async\" class=\"alignnone size-medium wp-image-6903\" src=\"http:\/\/conex-casting.com\/wp-content\/uploads\/2024\/08\/Brass-CNC-machined-Castings-3-300x300.jpeg\" alt=\"Brass CNC machined Castings 3\" width=\"300\" height=\"300\" srcset=\"https:\/\/conex-casting.com\/wp-content\/uploads\/2024\/08\/Brass-CNC-machined-Castings-3-300x300.jpeg 300w, https:\/\/conex-casting.com\/wp-content\/uploads\/2024\/08\/Brass-CNC-machined-Castings-3-150x150.jpeg 150w, https:\/\/conex-casting.com\/wp-content\/uploads\/2024\/08\/Brass-CNC-machined-Castings-3.jpeg 512w\" sizes=\"auto, (max-width: 300px) 100vw, 300px\" \/> <img loading=\"lazy\" decoding=\"async\" class=\"alignnone wp-image-6897 size-medium\" src=\"http:\/\/conex-casting.com\/wp-content\/uploads\/2024\/08\/Brass-CNC-machined-Castings-4-300x300.jpeg\" alt=\"Brass CNC machined Castings 4\" width=\"300\" height=\"300\" srcset=\"https:\/\/conex-casting.com\/wp-content\/uploads\/2024\/08\/Brass-CNC-machined-Castings-4-300x300.jpeg 300w, https:\/\/conex-casting.com\/wp-content\/uploads\/2024\/08\/Brass-CNC-machined-Castings-4-150x150.jpeg 150w, https:\/\/conex-casting.com\/wp-content\/uploads\/2024\/08\/Brass-CNC-machined-Castings-4.jpeg 512w\" sizes=\"auto, (max-width: 300px) 100vw, 300px\" \/><\/p>\n<p style=\"text-align: center;\"><strong><a class=\"maxbutton-1 maxbutton maxbutton-product-page-button open-popup-modal\"><span class=\"mb-text\">Get Quotes In 24 Hours<\/span><\/a><\/strong><\/p>\n<p><strong>Excelencia de ingenier\u00eda de precisi\u00f3n en piezas fundidas de lat\u00f3n y componentes mecanizados CNC.<\/strong><br \/>Las piezas fundidas de lat\u00f3n mecanizadas por CNC combinan los beneficios de los m\u00e9todos de fundici\u00f3n tradicionales con la precisi\u00f3n del mecanizado por control num\u00e9rico por computadora (CNC). Este proceso permite la creaci\u00f3n de componentes de lat\u00f3n complejos con tolerancias estrictas y excelentes acabados superficiales. Ofrecemos fundici\u00f3n en arena, moldeo en c\u00e1scara, fundici\u00f3n a la cera perdida, fundici\u00f3n por gravedad, fundici\u00f3n en molde abierto, fundici\u00f3n en molde permanente, etc., de varios grados de lat\u00f3n.<\/p>\n<p>En Conex Casting, nos especializamos en la producci\u00f3n de piezas fundidas de lat\u00f3n mecanizadas por CNC de alta calidad para una amplia gama de industrias. Nuestra tecnolog\u00eda CNC de vanguardia, combinada con nuestra experiencia en la fundici\u00f3n de lat\u00f3n, nos permite ofrecer componentes con una precisi\u00f3n y consistencia incomparables.<\/p>\n<p><strong>Nuestro proceso:<\/strong><\/p>\n<ul>\n<li><strong>Fundici\u00f3n:<\/strong> Comenzamos con aleaciones de lat\u00f3n de primera calidad, cuidadosamente fundidas en casi forma neta utilizando fundici\u00f3n en arena, moldeo en c\u00e1scara, fundici\u00f3n a la cera perdida, fundici\u00f3n por gravedad, fundici\u00f3n en molde abierto, fundici\u00f3n en molde permanente, etc.<\/li>\n<li><strong>Material:<\/strong> Podemos fundir todos los grados de lat\u00f3n, incluidos el lat\u00f3n de corte libre, los latones de silicio y los latones sin plomo.<\/li>\n<li><strong>Mecanizado CNC:<\/strong> Nuestras avanzadas m\u00e1quinas CNC refinan las piezas fundidas con precisi\u00f3n seg\u00fan sus especificaciones exactas.<\/li>\n<li><strong>Control de calidad:<\/strong> Inspecciones rigurosas garantizan que cada pieza cumpla con nuestros estrictos est\u00e1ndares y con los est\u00e1ndares ISO, y se ajuste a un estricto plan de inspecci\u00f3n.<\/li>\n<\/ul>\n<p><strong>Aleaciones fundidas:<\/strong><\/p>\n<ul>\n<li><strong>Lat\u00f3n rojo (C83600):<\/strong> Esta aleaci\u00f3n es conocida por su excelente resistencia a la corrosi\u00f3n, maquinabilidad y ductilidad. Se utiliza ampliamente en accesorios de plomer\u00eda, hardware marino y art\u00edculos decorativos.<\/li>\n<li><strong>Lat\u00f3n amarillo (C36000):<\/strong> Esta es una aleaci\u00f3n popular para piezas fundidas de uso general debido a su buena maquinabilidad, ductilidad y resistencia. Se utiliza en una amplia gama de aplicaciones, incluidos accesorios de plomer\u00eda, hardware y componentes el\u00e9ctricos.<\/li>\n<li><strong>Lat\u00f3n naval (C46400):<\/strong> Ofreciendo alta resistencia y resistencia a la corrosi\u00f3n, el lat\u00f3n naval se usa a menudo en aplicaciones marinas, intercambiadores de calor e impulsores de bombas.<\/li>\n<li><strong>Bronce al manganeso (C61400):<\/strong> Esta aleaci\u00f3n combina buena resistencia, ductilidad y resistencia a la corrosi\u00f3n, lo que la hace adecuada para engranajes, cojinetes y otros componentes de alta tensi\u00f3n.<\/li>\n<li><strong>Lat\u00f3n con plomo (C37700):<\/strong> Conocido por su excelente maquinabilidad, el lat\u00f3n con plomo se utiliza en aplicaciones donde la facilidad de mecanizado es crucial. Sin embargo, debido a preocupaciones ambientales, las alternativas sin plomo est\u00e1n ganando popularidad.<\/li>\n<li><strong>Lat\u00f3n al silicio (C35600):<\/strong> Esta aleaci\u00f3n ofrece buena capacidad de fundici\u00f3n y maquinabilidad, lo que la hace adecuada para piezas fundidas complejas. Se utiliza a menudo en componentes automotrices y de plomer\u00eda.<\/li>\n<\/ul>\n<p><strong>Aplicaciones:<\/strong><\/p>\n<ul>\n<li>Conectores y componentes el\u00e9ctricos, incluidos componentes de transformadores y de equipos de conmutaci\u00f3n<\/li>\n<li>Accesorios y accesorios de plomer\u00eda<\/li>\n<li>Hardware marino<\/li>\n<li>Piezas de maquinaria industrial<\/li>\n<\/ul>\n<p><strong>Productos clave:<\/strong> Algunos de los productos clave de las piezas fundidas de lat\u00f3n mecanizadas por CNC incluyen accesorios de tuber\u00eda de lat\u00f3n, accesorios de manguera, conectores, bridas, v\u00e1lvulas, piezas de bombas, piezas de engranajes, bloques terminales, entre otros.<\/p>\n\n\n","protected":false},"excerpt":{"rendered":"<p>Get Quotes In 24 Hours Excelencia de ingenier\u00eda de precisi\u00f3n en piezas fundidas de lat\u00f3n y componentes mecanizados CNC.Las piezas fundidas de lat\u00f3n mecanizadas por CNC combinan los beneficios de los m\u00e9todos de fundici\u00f3n tradicionales con la precisi\u00f3n del mecanizado por control num\u00e9rico por computadora (CNC). Este proceso permite la creaci\u00f3n de componentes de lat\u00f3n [&hellip;]<\/p>\n","protected":false},"author":1,"featured_media":0,"parent":0,"menu_order":0,"comment_status":"closed","ping_status":"closed","template":"","meta":{"_joinchat":[],"footnotes":""},"class_list":["post-6967","page","type-page","status-publish","hentry"],"_links":{"self":[{"href":"https:\/\/conex-casting.com\/es\/wp-json\/wp\/v2\/pages\/6967","targetHints":{"allow":["GET"]}}],"collection":[{"href":"https:\/\/conex-casting.com\/es\/wp-json\/wp\/v2\/pages"}],"about":[{"href":"https:\/\/conex-casting.com\/es\/wp-json\/wp\/v2\/types\/page"}],"author":[{"embeddable":true,"href":"https:\/\/conex-casting.com\/es\/wp-json\/wp\/v2\/users\/1"}],"replies":[{"embeddable":true,"href":"https:\/\/conex-casting.com\/es\/wp-json\/wp\/v2\/comments?post=6967"}],"version-history":[{"count":2,"href":"https:\/\/conex-casting.com\/es\/wp-json\/wp\/v2\/pages\/6967\/revisions"}],"predecessor-version":[{"id":8626,"href":"https:\/\/conex-casting.com\/es\/wp-json\/wp\/v2\/pages\/6967\/revisions\/8626"}],"wp:attachment":[{"href":"https:\/\/conex-casting.com\/es\/wp-json\/wp\/v2\/media?parent=6967"}],"curies":[{"name":"wp","href":"https:\/\/api.w.org\/{rel}","templated":true}]}}