{"id":6991,"date":"2024-08-23T12:08:00","date_gmt":"2024-08-23T12:08:00","guid":{"rendered":"https:\/\/conex-casting.com\/?page_id=6991"},"modified":"2026-02-07T08:16:08","modified_gmt":"2026-02-07T08:16:08","slug":"piezas-de-fundicion-de-cobre-mecanizadas-por-cnc","status":"publish","type":"page","link":"https:\/\/conex-casting.com\/es\/piezas-de-fundicion-de-cobre-mecanizadas-por-cnc\/","title":{"rendered":"Piezas de fundici\u00f3n de cobre mecanizadas por CNC"},"content":{"rendered":"\n<p><img loading=\"lazy\" decoding=\"async\" class=\"alignnone size-medium wp-image-6827\" src=\"http:\/\/conex-casting.com\/wp-content\/uploads\/2024\/05\/Copper-CNC-machined-castings-300x300.jpeg\" alt=\"Copper CNC machined castings\" width=\"300\" height=\"300\" srcset=\"https:\/\/conex-casting.com\/wp-content\/uploads\/2024\/05\/Copper-CNC-machined-castings-300x300.jpeg 300w, https:\/\/conex-casting.com\/wp-content\/uploads\/2024\/05\/Copper-CNC-machined-castings-150x150.jpeg 150w, https:\/\/conex-casting.com\/wp-content\/uploads\/2024\/05\/Copper-CNC-machined-castings.jpeg 512w\" sizes=\"auto, (max-width: 300px) 100vw, 300px\" \/> <img loading=\"lazy\" decoding=\"async\" class=\"alignnone size-medium wp-image-6833\" src=\"http:\/\/conex-casting.com\/wp-content\/uploads\/2024\/05\/Copper-CNC-machined-castings-2-300x300.jpeg\" alt=\"Copper CNC machined castings 2\" width=\"300\" height=\"300\" srcset=\"https:\/\/conex-casting.com\/wp-content\/uploads\/2024\/05\/Copper-CNC-machined-castings-2-300x300.jpeg 300w, https:\/\/conex-casting.com\/wp-content\/uploads\/2024\/05\/Copper-CNC-machined-castings-2-150x150.jpeg 150w, https:\/\/conex-casting.com\/wp-content\/uploads\/2024\/05\/Copper-CNC-machined-castings-2.jpeg 512w\" sizes=\"auto, (max-width: 300px) 100vw, 300px\" \/><\/p>\n<p style=\"text-align: center;\"><strong><a class=\"maxbutton-1 maxbutton maxbutton-product-page-button open-popup-modal\"><span class=\"mb-text\">Get Quotes In 24 Hours<\/span><\/a><\/strong><\/p>\n<p>Soluciones de alto rendimiento fabricadas con precisi\u00f3n. En Conex Casting, nos especializamos en la producci\u00f3n de piezas fundidas de cobre mecanizadas por CNC de alta calidad en nuestra fundici\u00f3n en India, combinando la resistencia y durabilidad del cobre con la precisi\u00f3n del mecanizado por control num\u00e9rico por computadora (CNC). Nuestros componentes fundidos de cobre est\u00e1n dise\u00f1ados para cumplir con los requisitos industriales y de ingenier\u00eda m\u00e1s exigentes, asegurando un rendimiento y confiabilidad excepcionales.<\/p>\n<p><strong>Amplia gama de grados de cobre<\/strong> Ofrecemos piezas fundidas mecanizadas por CNC en varios grados de cobre, incluidos, entre otros:<\/p>\n<ul>\n<li><strong>Cobre ETP (Electrolytic Tough Pitch):<\/strong> Excelente conductividad el\u00e9ctrica y t\u00e9rmica, ideal para aplicaciones el\u00e9ctricas y electr\u00f3nicas.<\/li>\n<li><strong>Aleaci\u00f3n de cobre 194 (Bronce de aluminio):<\/strong> Alta resistencia, resistencia a la corrosi\u00f3n y al desgaste, adecuado para entornos marinos e industriales.<\/li>\n<li><strong>Aleaci\u00f3n de cobre 688 (Lat\u00f3n de aluminio):<\/strong> Excelente maquinabilidad y resistencia a la corrosi\u00f3n, utilizado en las industrias automotriz, de plomer\u00eda y ferreter\u00eda.<\/li>\n<li><strong>Aleaciones de cobre C1100 y C1200:<\/strong> Grados de cobre de alta conductividad utilizados en la industria el\u00e9ctrica.<\/li>\n<li><strong>Aleaci\u00f3n de cobre 675 (Cobre-Silicio):<\/strong> Alta conductividad t\u00e9rmica y resistencia al desgaste, adecuado para intercambiadores de calor y cojinetes.<\/li>\n<li><strong>Aleaci\u00f3n de cobre 706 (Cobre-N\u00edquel):<\/strong> Resistencia superior a la corrosi\u00f3n en ambientes marinos y qu\u00edmicos.<\/li>\n<\/ul>\n<p><strong>Las ventajas de las piezas fundidas de cobre mecanizadas por CNC:<\/strong> El cobre es conocido por su excepcional conductividad t\u00e9rmica y el\u00e9ctrica, lo que lo convierte en una opci\u00f3n de material ideal para aplicaciones que requieren una transferencia de calor eficiente o un flujo de corriente el\u00e9ctrica. Nuestras piezas fundidas de cobre mecanizadas por CNC ofrecen las siguientes ventajas:<\/p>\n<ul>\n<li><strong>Precisi\u00f3n dimensional precisa:<\/strong> Aprovechando la tecnolog\u00eda de mecanizado CNC de \u00faltima generaci\u00f3n, nos aseguramos de que nuestras piezas fundidas de cobre cumplan con las tolerancias y especificaciones m\u00e1s estrictas, ofreciendo resultados consistentes y precisos.<\/li>\n<li><strong>Acabado de superficie superior:<\/strong> Nuestro proceso de mecanizado CNC asegura un acabado de superficie suave y uniforme en nuestras piezas fundidas de cobre, reduciendo la fricci\u00f3n y el desgaste mientras mejora el rendimiento general del componente.<\/li>\n<li><strong>Geometr\u00edas complejas:<\/strong> Con el mecanizado CNC, podemos crear formas intrincadas y complejas, lo que nos permite producir piezas fundidas de cobre incluso para las aplicaciones y requisitos de dise\u00f1o m\u00e1s exigentes.<\/li>\n<\/ul>\n<p><strong>Capacidades de personalizaci\u00f3n<\/strong> Nuestro equipo interno de dise\u00f1o e ingenier\u00eda trabaja en estrecha colaboraci\u00f3n con los clientes para desarrollar soluciones de fundici\u00f3n de cobre personalizadas adaptadas a sus necesidades espec\u00edficas, garantizando una funcionalidad y rendimiento \u00f3ptimos.<\/p>\n<p><strong>Aplicaciones de las piezas fundidas de cobre mecanizadas por CNC<\/strong> Nuestras piezas fundidas de cobre mecanizadas por CNC encuentran aplicaciones en una amplia gama de industrias, incluyendo:<\/p>\n<ul>\n<li>Electr\u00f3nica y telecomunicaciones<\/li>\n<li>Automotriz y aeroespacial<\/li>\n<li>Generaci\u00f3n y distribuci\u00f3n de energ\u00eda<\/li>\n<li>HVAC y refrigeraci\u00f3n<\/li>\n<li>Procesamiento qu\u00edmico y petroqu\u00edmico<\/li>\n<li>Sistemas de energ\u00eda renovable<\/li>\n<li>Y muchos m\u00e1s<\/li>\n<\/ul>\n<p><strong>Calidad y fiabilidad en la que puede confiar<\/strong> En Conex Casting, nos comprometemos a entregar productos de la m\u00e1s alta calidad y confiabilidad. Nuestras piezas fundidas de cobre mecanizadas por CNC se someten a rigurosos procesos de control de calidad, garantizando un rendimiento constante y el cumplimiento de los est\u00e1ndares de la industria y las especificaciones de los clientes.<\/p>\n<p><strong>As\u00f3ciese con nosotros<\/strong> Ya sea que necesite una soluci\u00f3n est\u00e1ndar o personalizada de fundici\u00f3n de cobre, nuestro equipo de expertos est\u00e1 listo para ayudarle. Cont\u00e1ctenos hoy para discutir sus requisitos espec\u00edficos, y perm\u00edtanos proporcionarle las piezas fundidas de cobre mecanizadas por CNC de alto rendimiento que necesita para tener \u00e9xito.<\/p>\n\n\n","protected":false},"excerpt":{"rendered":"<p>Get Quotes In 24 Hours Soluciones de alto rendimiento fabricadas con precisi\u00f3n. En Conex Casting, nos especializamos en la producci\u00f3n de piezas fundidas de cobre mecanizadas por CNC de alta calidad en nuestra fundici\u00f3n en India, combinando la resistencia y durabilidad del cobre con la precisi\u00f3n del mecanizado por control num\u00e9rico por computadora (CNC). Nuestros [&hellip;]<\/p>\n","protected":false},"author":1,"featured_media":0,"parent":0,"menu_order":0,"comment_status":"closed","ping_status":"closed","template":"","meta":{"_joinchat":[],"footnotes":""},"class_list":["post-6991","page","type-page","status-publish","hentry"],"_links":{"self":[{"href":"https:\/\/conex-casting.com\/es\/wp-json\/wp\/v2\/pages\/6991","targetHints":{"allow":["GET"]}}],"collection":[{"href":"https:\/\/conex-casting.com\/es\/wp-json\/wp\/v2\/pages"}],"about":[{"href":"https:\/\/conex-casting.com\/es\/wp-json\/wp\/v2\/types\/page"}],"author":[{"embeddable":true,"href":"https:\/\/conex-casting.com\/es\/wp-json\/wp\/v2\/users\/1"}],"replies":[{"embeddable":true,"href":"https:\/\/conex-casting.com\/es\/wp-json\/wp\/v2\/comments?post=6991"}],"version-history":[{"count":2,"href":"https:\/\/conex-casting.com\/es\/wp-json\/wp\/v2\/pages\/6991\/revisions"}],"predecessor-version":[{"id":8617,"href":"https:\/\/conex-casting.com\/es\/wp-json\/wp\/v2\/pages\/6991\/revisions\/8617"}],"wp:attachment":[{"href":"https:\/\/conex-casting.com\/es\/wp-json\/wp\/v2\/media?parent=6991"}],"curies":[{"name":"wp","href":"https:\/\/api.w.org\/{rel}","templated":true}]}}