{"id":8053,"date":"2026-01-03T07:40:34","date_gmt":"2026-01-03T07:40:34","guid":{"rendered":"https:\/\/conex-casting.com\/?page_id=8053"},"modified":"2026-02-06T06:12:24","modified_gmt":"2026-02-06T06:12:24","slug":"fundicion-en-molde-permanente","status":"publish","type":"page","link":"https:\/\/conex-casting.com\/es\/fundicion-en-molde-permanente\/","title":{"rendered":"Fundici\u00f3n en molde permanente"},"content":{"rendered":"\n<p><img loading=\"lazy\" decoding=\"async\" class=\"size-medium wp-image-7951 aligncenter\" src=\"http:\/\/conex-casting.com\/wp-content\/uploads\/2026\/01\/bronze-permanent-mold-casting-300x300.jpg\" alt=\"bronze-permanent-mold-casting\" width=\"300\" height=\"300\" srcset=\"https:\/\/conex-casting.com\/wp-content\/uploads\/2026\/01\/bronze-permanent-mold-casting-300x300.jpg 300w, https:\/\/conex-casting.com\/wp-content\/uploads\/2026\/01\/bronze-permanent-mold-casting-150x150.jpg 150w, https:\/\/conex-casting.com\/wp-content\/uploads\/2026\/01\/bronze-permanent-mold-casting-768x768.jpg 768w, https:\/\/conex-casting.com\/wp-content\/uploads\/2026\/01\/bronze-permanent-mold-casting-640x640.jpg 640w, https:\/\/conex-casting.com\/wp-content\/uploads\/2026\/01\/bronze-permanent-mold-casting.jpg 1024w\" sizes=\"auto, (max-width: 300px) 100vw, 300px\" \/><\/p>\n<p><strong><span dir=\"auto\">La fundici\u00f3n en molde permanente<\/span><\/strong><span dir=\"auto\">\u00a0, tambi\u00e9n conocida como\u00a0<\/span><strong><span dir=\"auto\">fundici\u00f3n por gravedad<\/span><\/strong><span dir=\"auto\">\u00a0, es un proceso avanzado de conformado de metales en el que el metal fundido se vierte en moldes reutilizables para producir piezas fundidas de alta calidad con precisi\u00f3n dimensional superior, excelente acabado superficial y propiedades mec\u00e1nicas mejoradas. A diferencia de la fundici\u00f3n en arena, donde los moldes se destruyen despu\u00e9s de cada uso, los moldes permanentes de acero o hierro fundido permiten producir cientos o miles de piezas fundidas, lo que hace que este proceso sea muy econ\u00f3mico para vol\u00famenes de producci\u00f3n medianos y altos.<\/span><\/p>\n<p style=\"text-align: center;\"><a class=\"maxbutton-1 maxbutton maxbutton-product-page-button open-popup-modal\"><span class=\"mb-text\"><span dir=\"auto\">Obtenga cotizaciones en 24 horas<\/span><\/span><\/a><\/p>\n<table style=\"border-collapse: collapse; width: 100%;\">\n<tbody>\n<tr>\n<td style=\"width: 33.3333%;\">\n<p><a href=\"https:\/\/conex-casting.com\/es\/fundicion-en-molde-permanente-de-bronce\/\"><img loading=\"lazy\" decoding=\"async\" class=\"wp-image-7940 aligncenter\" src=\"http:\/\/conex-casting.com\/wp-content\/uploads\/2026\/01\/bronze-permanent-mold-casting1-300x300.jpg\" alt=\"bronze-permanent-mold-casting1\" width=\"215\" height=\"215\" srcset=\"https:\/\/conex-casting.com\/wp-content\/uploads\/2026\/01\/bronze-permanent-mold-casting1-300x300.jpg 300w, https:\/\/conex-casting.com\/wp-content\/uploads\/2026\/01\/bronze-permanent-mold-casting1-150x150.jpg 150w, https:\/\/conex-casting.com\/wp-content\/uploads\/2026\/01\/bronze-permanent-mold-casting1-768x768.jpg 768w, https:\/\/conex-casting.com\/wp-content\/uploads\/2026\/01\/bronze-permanent-mold-casting1-640x640.jpg 640w, https:\/\/conex-casting.com\/wp-content\/uploads\/2026\/01\/bronze-permanent-mold-casting1.jpg 1024w\" sizes=\"auto, (max-width: 215px) 100vw, 215px\" \/><\/a><\/p>\n<a href=\"https:\/\/conex-casting.com\/es\/fundicion-en-molde-permanente-de-bronce\/\"><strong>Fundici\u00f3n en molde permanente de bronce y<\/strong><\/a><\/td>\n<td style=\"width: 33.3333%;\">\n<p><a href=\"https:\/\/conex-casting.com\/es\/fundicion-en-molde-permanente-de-laton\/\"><img loading=\"lazy\" decoding=\"async\" class=\"alignnone size-medium wp-image-8064 aligncenter\" src=\"http:\/\/conex-casting.com\/wp-content\/uploads\/2026\/01\/Brass-Permanent-Mold-Casting1-300x200.jpg\" alt=\"Brass Permanent Mold Casting1\" width=\"300\" height=\"200\" srcset=\"https:\/\/conex-casting.com\/wp-content\/uploads\/2026\/01\/Brass-Permanent-Mold-Casting1-300x200.jpg 300w, https:\/\/conex-casting.com\/wp-content\/uploads\/2026\/01\/Brass-Permanent-Mold-Casting1-1024x683.jpg 1024w, https:\/\/conex-casting.com\/wp-content\/uploads\/2026\/01\/Brass-Permanent-Mold-Casting1-768x512.jpg 768w, https:\/\/conex-casting.com\/wp-content\/uploads\/2026\/01\/Brass-Permanent-Mold-Casting1-1170x782.jpg 1170w, https:\/\/conex-casting.com\/wp-content\/uploads\/2026\/01\/Brass-Permanent-Mold-Casting1.jpg 1536w\" sizes=\"auto, (max-width: 300px) 100vw, 300px\" \/><\/a><\/p>\n<a href=\"https:\/\/conex-casting.com\/permanent-mold-casting\/\"><strong>fundici\u00f3n en molde permanente de lat\u00f3n<\/strong><\/a><\/td>\n<td style=\"width: 33.3333%;\">\u00a0<\/td>\n<\/tr>\n<\/tbody>\n<\/table>\n","protected":false},"excerpt":{"rendered":"<p>La fundici\u00f3n en molde permanente\u00a0, tambi\u00e9n conocida como\u00a0fundici\u00f3n por gravedad\u00a0, es un proceso avanzado de conformado de metales en el que el metal fundido se vierte en moldes reutilizables para producir piezas fundidas de alta calidad con precisi\u00f3n dimensional superior, excelente acabado superficial y propiedades mec\u00e1nicas mejoradas. A diferencia de la fundici\u00f3n en arena, donde [&hellip;]<\/p>\n","protected":false},"author":1,"featured_media":0,"parent":0,"menu_order":0,"comment_status":"closed","ping_status":"closed","template":"","meta":{"_joinchat":[],"footnotes":""},"class_list":["post-8053","page","type-page","status-publish","hentry"],"_links":{"self":[{"href":"https:\/\/conex-casting.com\/es\/wp-json\/wp\/v2\/pages\/8053","targetHints":{"allow":["GET"]}}],"collection":[{"href":"https:\/\/conex-casting.com\/es\/wp-json\/wp\/v2\/pages"}],"about":[{"href":"https:\/\/conex-casting.com\/es\/wp-json\/wp\/v2\/types\/page"}],"author":[{"embeddable":true,"href":"https:\/\/conex-casting.com\/es\/wp-json\/wp\/v2\/users\/1"}],"replies":[{"embeddable":true,"href":"https:\/\/conex-casting.com\/es\/wp-json\/wp\/v2\/comments?post=8053"}],"version-history":[{"count":3,"href":"https:\/\/conex-casting.com\/es\/wp-json\/wp\/v2\/pages\/8053\/revisions"}],"predecessor-version":[{"id":8509,"href":"https:\/\/conex-casting.com\/es\/wp-json\/wp\/v2\/pages\/8053\/revisions\/8509"}],"wp:attachment":[{"href":"https:\/\/conex-casting.com\/es\/wp-json\/wp\/v2\/media?parent=8053"}],"curies":[{"name":"wp","href":"https:\/\/api.w.org\/{rel}","templated":true}]}}