{"id":8466,"date":"2026-01-23T06:49:29","date_gmt":"2026-01-23T06:49:29","guid":{"rendered":"https:\/\/conex-casting.com\/?page_id=8466"},"modified":"2026-02-09T06:49:41","modified_gmt":"2026-02-09T06:49:41","slug":"conectores-de-tornillo-de-banco-de-aluminio","status":"publish","type":"page","link":"https:\/\/conex-casting.com\/es\/conectores-de-tornillo-de-banco-de-aluminio\/","title":{"rendered":"Conectores de tornillo de banco de aluminio"},"content":{"rendered":"\n<h1><strong><span dir=\"auto\">Conectores de tornillo de banco de aluminio y abrazaderas de tornillo de banco de aluminio<\/span><\/strong><\/h1>\n<p><strong><span dir=\"auto\">(Conectores de tornillo de banco de aluminio y abrazaderas de tornillo de banco de aluminio)<\/span><\/strong><\/p>\n<p><img loading=\"lazy\" decoding=\"async\" class=\"alignnone  wp-image-8449\" src=\"http:\/\/conex-casting.com\/wp-content\/uploads\/2026\/01\/Aluminum-ground-clamps-connectors-300x300.jpeg\" alt=\"Aluminum-ground-clamps-connectors\" width=\"430\" height=\"430\" srcset=\"https:\/\/conex-casting.com\/wp-content\/uploads\/2026\/01\/Aluminum-ground-clamps-connectors-300x300.jpeg 300w, https:\/\/conex-casting.com\/wp-content\/uploads\/2026\/01\/Aluminum-ground-clamps-connectors-150x150.jpeg 150w, https:\/\/conex-casting.com\/wp-content\/uploads\/2026\/01\/Aluminum-ground-clamps-connectors-768x768.jpeg 768w, https:\/\/conex-casting.com\/wp-content\/uploads\/2026\/01\/Aluminum-ground-clamps-connectors-640x640.jpeg 640w, https:\/\/conex-casting.com\/wp-content\/uploads\/2026\/01\/Aluminum-ground-clamps-connectors.jpeg 1024w\" sizes=\"auto, (max-width: 430px) 100vw, 430px\" \/><\/p>\n<p><img loading=\"lazy\" decoding=\"async\" class=\"alignnone  wp-image-8443\" src=\"http:\/\/conex-casting.com\/wp-content\/uploads\/2026\/01\/Aluminum-vise-connectors-300x300.jpeg\" alt=\"Aluminum-vise-connectors\" width=\"430\" height=\"430\" srcset=\"https:\/\/conex-casting.com\/wp-content\/uploads\/2026\/01\/Aluminum-vise-connectors-300x300.jpeg 300w, https:\/\/conex-casting.com\/wp-content\/uploads\/2026\/01\/Aluminum-vise-connectors-150x150.jpeg 150w, https:\/\/conex-casting.com\/wp-content\/uploads\/2026\/01\/Aluminum-vise-connectors-768x768.jpeg 768w, https:\/\/conex-casting.com\/wp-content\/uploads\/2026\/01\/Aluminum-vise-connectors-640x640.jpeg 640w, https:\/\/conex-casting.com\/wp-content\/uploads\/2026\/01\/Aluminum-vise-connectors.jpeg 1024w\" sizes=\"auto, (max-width: 430px) 100vw, 430px\" \/><\/p>\n<p style=\"text-align: center;\"><a class=\"maxbutton-1 maxbutton maxbutton-product-page-button open-popup-modal\"><span class=\"mb-text\">Get Quote In 24 Hours<\/span><\/a><\/p>\n<p><strong><span dir=\"auto\">Descripci\u00f3n del Producto<\/span><\/strong><\/p>\n<p><strong><span dir=\"auto\">Los conectores de tornillo de banco de aluminio<\/span><\/strong><span dir=\"auto\">\u00a0son conectores mec\u00e1nicos sin soldadura, dise\u00f1ados para aplicaciones de conexi\u00f3n a tierra y uni\u00f3n. Estos conectores utilizan un mecanismo de sujeci\u00f3n tipo tornillo de banco que sujeta firmemente\u00a0<\/span><strong><span dir=\"auto\">dos conductores dentro del rango especificado, en cualquier combinaci\u00f3n<\/span><\/strong><span dir=\"auto\">\u00a0.<\/span><\/p>\n<p><span dir=\"auto\">Fabricados mediante\u00a0<\/span><strong><span dir=\"auto\">fundici\u00f3n a presi\u00f3n de alta presi\u00f3n (DGC) de aluminio<\/span><\/strong><span dir=\"auto\">\u00a0seguido de\u00a0<\/span><strong><span dir=\"auto\">mecanizado CNC de precisi\u00f3n<\/span><\/strong><span dir=\"auto\">\u00a0, estos conectores proporcionan dimensiones consistentes, agarre mec\u00e1nico fuerte y continuidad el\u00e9ctrica confiable para sistemas de conexi\u00f3n a tierra industriales y de servicios p\u00fablicos.<\/span><\/p>\n<p><strong><span dir=\"auto\">Caracter\u00edsticas clave de dise\u00f1o y rendimiento<\/span><\/strong><\/p>\n<ul>\n<li><span dir=\"auto\">Acepta\u00a0<\/span><strong><span dir=\"auto\">dos conductores dentro del rango de conductores indicado<\/span><\/strong><span dir=\"auto\">\u00a0, en cualquier combinaci\u00f3n<\/span><\/li>\n<li><strong><span dir=\"auto\">Acci\u00f3n de sujeci\u00f3n tipo tornillo de banco<\/span><\/strong><span dir=\"auto\">\u00a0para conexiones seguras y resistentes a las vibraciones<\/span><\/li>\n<li><strong><span dir=\"auto\">Dise\u00f1o de una sola pieza con apertura lateral<\/span><\/strong><span dir=\"auto\">\u00a0para una f\u00e1cil instalaci\u00f3n y reducci\u00f3n de piezas sueltas.<\/span><\/li>\n<li><strong><span dir=\"auto\">La amplia gama de conductores<\/span><\/strong><span dir=\"auto\">\u00a0reduce el inventario y el n\u00famero de SKU<\/span><\/li>\n<li><span dir=\"auto\">Adecuado para\u00a0<\/span><strong><span dir=\"auto\">la conexi\u00f3n a tierra y uni\u00f3n<\/span><\/strong><span dir=\"auto\">\u00a0de estructuras, gabinetes, envolventes y equipos.<\/span><\/li>\n<li><span dir=\"auto\">La construcci\u00f3n de aluminio ofrece\u00a0<\/span><strong><span dir=\"auto\">una excelente relaci\u00f3n resistencia-peso<\/span><\/strong><span dir=\"auto\">\u00a0y resistencia a la corrosi\u00f3n.<\/span><\/li>\n<li><span dir=\"auto\">Dise\u00f1ado para\u00a0<\/span><strong><span dir=\"auto\">instalaci\u00f3n en campo utilizando herramientas est\u00e1ndar<\/span><\/strong><span dir=\"auto\">\u00a0, incluido el manejo con guantes.<\/span><\/li>\n<\/ul>\n<p><strong><span dir=\"auto\">Proceso de fabricaci\u00f3n<\/span><\/strong><\/p>\n<ul>\n<li><strong><span dir=\"auto\">Proceso primario:<\/span><\/strong><span dir=\"auto\">\u00a0Fundici\u00f3n a presi\u00f3n de aluminio (DGC)<\/span><\/li>\n<li><strong><span dir=\"auto\">Proceso Secundario:<\/span><\/strong><span dir=\"auto\">\u00a0Mecanizado CNC (dimensiones cr\u00edticas, ranuras de conductores, roscas)<\/span><\/li>\n<li><strong><span dir=\"auto\">Herrajes:<\/span><\/strong><span dir=\"auto\">\u00a0acero inoxidable o acero chapado (seg\u00fan se especifique)<\/span><\/li>\n<li><strong><span dir=\"auto\">Acabado:<\/span><\/strong><span dir=\"auto\">\u00a0Acabado original o tratamiento de superficie especificado por el cliente.<\/span><\/li>\n<\/ul>\n<p><strong><span dir=\"auto\">Aplicaciones t\u00edpicas<\/span><\/strong><\/p>\n<ul>\n<li><span dir=\"auto\">Tomas de conexi\u00f3n a tierra y uni\u00f3n<\/span><\/li>\n<li><span dir=\"auto\">Puesta a tierra de gabinetes y envolventes<\/span><\/li>\n<li><span dir=\"auto\">Conexiones de uni\u00f3n de equipos<\/span><\/li>\n<li><span dir=\"auto\">Sistemas de puesta a tierra de servicios p\u00fablicos<\/span><\/li>\n<li><span dir=\"auto\">Redes de puesta a tierra industriales<\/span><\/li>\n<li><span dir=\"auto\">Puesta a tierra de las telecomunicaciones y la infraestructura<\/span><\/li>\n<\/ul>\n<p><strong><span dir=\"auto\">Tama\u00f1os y dimensiones est\u00e1ndar<\/span><\/strong><\/p>\n<p><em><span dir=\"auto\">(Basado en geometr\u00eda industrial de referencia \u2013 Versi\u00f3n de aluminio)<\/span><\/em><\/p>\n<p><strong><span dir=\"auto\">Nota:<\/span><\/strong><span dir=\"auto\">\u00a0Todos los conectores aceptan\u00a0<\/span><strong><span dir=\"auto\">dos conductores<\/span><\/strong><span dir=\"auto\">\u00a0dentro del rango de conductores indicado, en cualquier combinaci\u00f3n.<\/span><\/p>\n<p><strong><span dir=\"auto\">Gama de conductores (todas las variantes)<\/span><\/strong><\/p>\n<ul>\n<li><strong><span dir=\"auto\">8 SOL \u2013 1\/0 STR<\/span><\/strong><\/li>\n<\/ul>\n<p><strong><span dir=\"auto\">Conector de tornillo de banco de aluminio: tabla de tama\u00f1os<\/span><\/strong><\/p>\n<table>\n<thead>\n<tr>\n<td>\n<p><strong><span dir=\"auto\">C\u00f3digo de cat\u00e1logo<\/span><\/strong><\/p>\n<\/td>\n<td>\n<p><strong><span dir=\"auto\">Gama de conductores<\/span><\/strong><\/p>\n<\/td>\n<td>\n<p><strong><span dir=\"auto\">Tama\u00f1o de la rosca del perno<\/span><\/strong><\/p>\n<\/td>\n<td>\n<p><strong><span dir=\"auto\">Tama\u00f1o del hex\u00e1gono del perno<\/span><\/strong><\/p>\n<\/td>\n<td>\n<p><strong><span dir=\"auto\">A (en)<\/span><\/strong><\/p>\n<\/td>\n<td>\n<p><strong><span dir=\"auto\">Papelera)<\/span><\/strong><\/p>\n<\/td>\n<td>\n<p><strong><span dir=\"auto\">C (pulgadas)<\/span><\/strong><\/p>\n<\/td>\n<td>\n<p><strong><span dir=\"auto\">D (Hilo)<\/span><\/strong><\/p>\n<\/td>\n<td>\n<p><strong><span dir=\"auto\">Paquete est\u00e1ndar<\/span><\/strong><\/p>\n<\/td>\n<\/tr>\n<\/thead>\n<tbody>\n<tr>\n<td>\n<p><strong><span dir=\"auto\">AVC-207<\/span><\/strong><\/p>\n<\/td>\n<td>\n<p><span dir=\"auto\">8 SOL \u2013 1\/0 STR<\/span><\/p>\n<\/td>\n<td>\n<p><span dir=\"auto\">5\/16\u2033<\/span><\/p>\n<\/td>\n<td>\n<p><span dir=\"auto\">9\/16\u2033<\/span><\/p>\n<\/td>\n<td>\n<p><span dir=\"auto\">1.02<\/span><\/p>\n<\/td>\n<td>\n<p><span dir=\"auto\">0,77<\/span><\/p>\n<\/td>\n<td>\n<p><span dir=\"auto\">2.00<\/span><\/p>\n<\/td>\n<td>\n<p><span dir=\"auto\">1\/2\u2033-13<\/span><\/p>\n<\/td>\n<td>\n<p><span dir=\"auto\">100<\/span><\/p>\n<\/td>\n<\/tr>\n<tr>\n<td>\n<p><strong><span dir=\"auto\">AVC-207-FT<\/span><\/strong><\/p>\n<\/td>\n<td>\n<p><span dir=\"auto\">8 SOL \u2013 1\/0 STR<\/span><\/p>\n<\/td>\n<td>\n<p><span dir=\"auto\">5\/16\u2033<\/span><\/p>\n<\/td>\n<td>\n<p><span dir=\"auto\">9\/16\u2033<\/span><\/p>\n<\/td>\n<td>\n<p><span dir=\"auto\">1.02<\/span><\/p>\n<\/td>\n<td>\n<p><span dir=\"auto\">0,77<\/span><\/p>\n<\/td>\n<td>\n<p><span dir=\"auto\">1,50<\/span><\/p>\n<\/td>\n<td>\n<p><span dir=\"auto\">1\/2\u2033-13<\/span><\/p>\n<\/td>\n<td>\n<p><span dir=\"auto\">100<\/span><\/p>\n<\/td>\n<\/tr>\n<tr>\n<td>\n<p><strong><span dir=\"auto\">AVC-207-IT<\/span><\/strong><\/p>\n<\/td>\n<td>\n<p><span dir=\"auto\">8 SOL \u2013 1\/0 STR<\/span><\/p>\n<\/td>\n<td>\n<p><span dir=\"auto\">5\/16\u2033<\/span><\/p>\n<\/td>\n<td>\n<p><span dir=\"auto\">9\/16\u2033<\/span><\/p>\n<\/td>\n<td>\n<p><span dir=\"auto\">1.02<\/span><\/p>\n<\/td>\n<td>\n<p><span dir=\"auto\">0,77<\/span><\/p>\n<\/td>\n<td>\n<p><span dir=\"auto\">2.00<\/span><\/p>\n<\/td>\n<td>\n<p><span dir=\"auto\">3\/8\u2033-16<\/span><\/p>\n<\/td>\n<td>\n<p><span dir=\"auto\">100<\/span><\/p>\n<\/td>\n<\/tr>\n<tr>\n<td>\n<p><strong><span dir=\"auto\">AVC-207-ST<\/span><\/strong><\/p>\n<\/td>\n<td>\n<p><span dir=\"auto\">8 SOL \u2013 1\/0 STR<\/span><\/p>\n<\/td>\n<td>\n<p><span dir=\"auto\">5\/16\u2033<\/span><\/p>\n<\/td>\n<td>\n<p><span dir=\"auto\">9\/16\u2033<\/span><\/p>\n<\/td>\n<td>\n<p><span dir=\"auto\">1.02<\/span><\/p>\n<\/td>\n<td>\n<p><span dir=\"auto\">0,77<\/span><\/p>\n<\/td>\n<td>\n<p><span dir=\"auto\">1,75<\/span><\/p>\n<\/td>\n<td>\n<p><span dir=\"auto\">1\/2\u2033-13<\/span><\/p>\n<\/td>\n<td>\n<p><span dir=\"auto\">100<\/span><\/p>\n<\/td>\n<\/tr>\n<\/tbody>\n<\/table>\n<p><strong><span dir=\"auto\">Material y construcci\u00f3n<\/span><\/strong><\/p>\n<ul>\n<li><strong><span dir=\"auto\">Cuerpo\/Mand\u00edbulas:<\/span><\/strong><span dir=\"auto\">\u00a0Aleaci\u00f3n de aluminio fundido a presi\u00f3n<\/span><\/li>\n<li><strong><span dir=\"auto\">Mecanismo de sujeci\u00f3n:<\/span><\/strong><span dir=\"auto\">\u00a0Acci\u00f3n de tornillo de banco accionado<\/span><\/li>\n<li><strong><span dir=\"auto\">Roscas y caras cr\u00edticas:<\/span><\/strong><span dir=\"auto\">\u00a0mecanizadas por CNC<\/span><\/li>\n<li><strong><span dir=\"auto\">Herrajes:<\/span><\/strong><span dir=\"auto\">\u00a0Pernos\/arandelas de acero inoxidable 304\/316<\/span><\/li>\n<\/ul>\n<p><strong><span dir=\"auto\">Calidad e inspecci\u00f3n<\/span><\/strong><\/p>\n<ul>\n<li><span dir=\"auto\">Verificaci\u00f3n dimensional despu\u00e9s del mecanizado CNC<\/span><\/li>\n<li><span dir=\"auto\">Inspecci\u00f3n de rosca y ajuste<\/span><\/li>\n<li><span dir=\"auto\">Inspecci\u00f3n visual de la integridad de la fundici\u00f3n<\/span><\/li>\n<li><span dir=\"auto\">Embalaje controlado para evitar da\u00f1os durante el transporte<\/span><\/li>\n<\/ul>\n<p><strong><span dir=\"auto\">Notas<\/span><\/strong><\/p>\n<ul>\n<li><span dir=\"auto\">Las dimensiones y los rangos de conductores se pueden personalizar a pedido.<\/span><\/li>\n<li><span dir=\"auto\">Hilos especiales, recubrimientos o cantidades de paquete disponibles<\/span><\/li>\n<\/ul>\n<p><span dir=\"auto\">Los conectores de tornillo de banco de aluminio est\u00e1n dise\u00f1ados\u00a0<\/span><strong><span dir=\"auto\">\u00fanicamente para aplicaciones de conexi\u00f3n a tierra y uni\u00f3n<\/span><\/strong><span dir=\"auto\">\u00a0, a menos que se especifique lo contrario.<\/span><\/p>\n","protected":false},"excerpt":{"rendered":"<p>Conectores de tornillo de banco de aluminio y abrazaderas de tornillo de banco de aluminio (Conectores de tornillo de banco de aluminio y abrazaderas de tornillo de banco de aluminio) Get Quote In 24 Hours Descripci\u00f3n del Producto Los conectores de tornillo de banco de aluminio\u00a0son conectores mec\u00e1nicos sin soldadura, dise\u00f1ados para aplicaciones de conexi\u00f3n [&hellip;]<\/p>\n","protected":false},"author":1,"featured_media":0,"parent":0,"menu_order":0,"comment_status":"closed","ping_status":"closed","template":"","meta":{"_joinchat":[],"footnotes":""},"class_list":["post-8466","page","type-page","status-publish","hentry"],"_links":{"self":[{"href":"https:\/\/conex-casting.com\/es\/wp-json\/wp\/v2\/pages\/8466","targetHints":{"allow":["GET"]}}],"collection":[{"href":"https:\/\/conex-casting.com\/es\/wp-json\/wp\/v2\/pages"}],"about":[{"href":"https:\/\/conex-casting.com\/es\/wp-json\/wp\/v2\/types\/page"}],"author":[{"embeddable":true,"href":"https:\/\/conex-casting.com\/es\/wp-json\/wp\/v2\/users\/1"}],"replies":[{"embeddable":true,"href":"https:\/\/conex-casting.com\/es\/wp-json\/wp\/v2\/comments?post=8466"}],"version-history":[{"count":2,"href":"https:\/\/conex-casting.com\/es\/wp-json\/wp\/v2\/pages\/8466\/revisions"}],"predecessor-version":[{"id":8713,"href":"https:\/\/conex-casting.com\/es\/wp-json\/wp\/v2\/pages\/8466\/revisions\/8713"}],"wp:attachment":[{"href":"https:\/\/conex-casting.com\/es\/wp-json\/wp\/v2\/media?parent=8466"}],"curies":[{"name":"wp","href":"https:\/\/api.w.org\/{rel}","templated":true}]}}