{"id":4748,"date":"2021-03-10T07:22:02","date_gmt":"2021-03-10T07:22:02","guid":{"rendered":"https:\/\/conex-casting.com\/a-propos-de-nous\/"},"modified":"2021-03-10T07:23:09","modified_gmt":"2021-03-10T07:23:09","slug":"a-propos-de-nous","status":"publish","type":"page","link":"https:\/\/conex-casting.com\/fr\/a-propos-de-nous\/","title":{"rendered":"\u00c0 propos de nous"},"content":{"rendered":"<p style=\"text-align: justify;\"><strong>Conex Casting<\/strong> est l&rsquo;un des fabricants et fournisseurs de moulage Conex les plus r\u00e9put\u00e9s et les plus \u00e9tablis, fournissant des services aux plus grandes organisations renomm\u00e9es en Inde ainsi qu&rsquo;\u00e0 l&rsquo;\u00e9tranger.<\/p>\n<p style=\"text-align: justify;\">Les ann\u00e9es d&rsquo;exp\u00e9rience et l&rsquo;excellente conscience de la qualit\u00e9 se sont fait un nom dans le dossier de la fabrication et de la fourniture de moulages.<\/p>\n<p style=\"text-align: justify;\">Notre usine principale \u00e0 Jamnagar poss\u00e8de des installations de fabrication de pointe, avec les meilleures machines, la fabrication en interne de pi\u00e8ces en laiton tourn\u00e9es et des mesures de contr\u00f4le de qualit\u00e9 enti\u00e8rement assur\u00e9es.<br \/>\nCeci est soutenu par une \u00e9quipe tr\u00e8s bien organis\u00e9e et exp\u00e9riment\u00e9e de cerveaux hautement professionnels et totalement engag\u00e9s pour r\u00e9pondre aux demandes implicites et d\u00e9clar\u00e9es du client dans un d\u00e9lai tr\u00e8s court.<br \/>\nLa satisfaction totale du client \u00e0 la fois dans la qualit\u00e9 et l&rsquo;attention personnalis\u00e9e, la compr\u00e9hension et le d\u00e9veloppement de techniques innovantes et rentables pour les avantages du client est la base de notre fondation depuis des ann\u00e9es.<\/p>\n<p style=\"text-align: justify;\">Notre engagement total envers la qualit\u00e9 a permis \u00e0 Conex Casting d&rsquo;exporter dans plus de 34 pays \u00e0 travers le monde. Notre gamme de produits comprend: accessoires \u00e9lectriques en laiton, accessoires de mise \u00e0 la terre en laiton, \u00e9quipements de mise \u00e0 la terre, pi\u00e8ces press\u00e9es en laiton, presse-\u00e9toupes en laiton, pi\u00e8ces CNC en laiton, composants CNC en laiton, pi\u00e8ces de machine \u00e0 vis en laiton de pr\u00e9cision, raccords de tuyaux en laiton, attaches en laiton, pi\u00e8ces en acier inoxydable, laiton Presse-\u00e9toupes, cosses de c\u00e2ble en cuivre, accessoires de presse-\u00e9toupe, pinces de mise \u00e0 la terre, pi\u00e8ces de machine \u00e0 vis en laiton, inserts en laiton, vis en laiton \u00e9crous en laiton, raccords en laiton PPR, etc.<\/p>\n<p style=\"text-align: justify;\">Tous nos produits sont conformes aux normes internationales et sont test\u00e9s dans un laboratoire agr\u00e9\u00e9 au Royaume-Uni pour British Standard. Nous sommes certifi\u00e9s ISO 9001: 2015, ce qui en dit long sur nos r\u00e9f\u00e9rences de qualit\u00e9. Nous fournissons \u00e0 certaines des soci\u00e9t\u00e9s d&rsquo;ing\u00e9nierie haut de gamme des \u00c9tats-Unis, du Royaume-Uni, d&rsquo;Allemagne, de Su\u00e8de, de Finlande, du Japon, etc.<\/p>\n<p style=\"text-align: justify;\">Nous avons nos propres capacit\u00e9s de conception CAO qui peuvent vous aider \u00e0 concevoir un nouveau produit de mani\u00e8re tr\u00e8s rentable sans aucun engagement de commande ou de frais initiaux. Notre d\u00e9partement d&rsquo;outillage interne assure un outillage rapide des nouveaux produits et r\u00e9duit au minimum les co\u00fbts de d\u00e9veloppement.<\/p>\n","protected":false},"excerpt":{"rendered":"<p>Conex Casting est l&rsquo;un des fabricants et fournisseurs de moulage Conex les plus r\u00e9put\u00e9s et les plus \u00e9tablis, fournissant des services aux plus grandes organisations renomm\u00e9es en Inde ainsi qu&rsquo;\u00e0 l&rsquo;\u00e9tranger. Les ann\u00e9es d&rsquo;exp\u00e9rience et l&rsquo;excellente conscience de la qualit\u00e9 se sont fait un nom dans le dossier de la fabrication et de la fourniture [&hellip;]<\/p>\n","protected":false},"author":1,"featured_media":0,"parent":0,"menu_order":0,"comment_status":"closed","ping_status":"closed","template":"","meta":{"_joinchat":[],"footnotes":""},"class_list":["post-4748","page","type-page","status-publish","hentry"],"_links":{"self":[{"href":"https:\/\/conex-casting.com\/fr\/wp-json\/wp\/v2\/pages\/4748","targetHints":{"allow":["GET"]}}],"collection":[{"href":"https:\/\/conex-casting.com\/fr\/wp-json\/wp\/v2\/pages"}],"about":[{"href":"https:\/\/conex-casting.com\/fr\/wp-json\/wp\/v2\/types\/page"}],"author":[{"embeddable":true,"href":"https:\/\/conex-casting.com\/fr\/wp-json\/wp\/v2\/users\/1"}],"replies":[{"embeddable":true,"href":"https:\/\/conex-casting.com\/fr\/wp-json\/wp\/v2\/comments?post=4748"}],"version-history":[{"count":1,"href":"https:\/\/conex-casting.com\/fr\/wp-json\/wp\/v2\/pages\/4748\/revisions"}],"predecessor-version":[{"id":4749,"href":"https:\/\/conex-casting.com\/fr\/wp-json\/wp\/v2\/pages\/4748\/revisions\/4749"}],"wp:attachment":[{"href":"https:\/\/conex-casting.com\/fr\/wp-json\/wp\/v2\/media?parent=4748"}],"curies":[{"name":"wp","href":"https:\/\/api.w.org\/{rel}","templated":true}]}}