{"id":4770,"date":"2021-03-10T09:36:40","date_gmt":"2021-03-10T09:36:40","guid":{"rendered":"https:\/\/conex-casting.com\/bagues-en-bronze\/"},"modified":"2021-10-23T08:26:14","modified_gmt":"2021-10-23T08:26:14","slug":"bagues-en-bronze","status":"publish","type":"page","link":"https:\/\/conex-casting.com\/fr\/bagues-en-bronze\/","title":{"rendered":"Bagues en bronze"},"content":{"rendered":"<p style=\"text-align: center;\"><span style=\"text-decoration: underline; color: #800000;\"><span style=\"font-size: 18pt;\"><strong>Bagues en bronze<\/strong><\/span><\/span><\/p>\n<p style=\"text-align: center;\"><a class=\"maxbutton-1 maxbutton maxbutton-product-page-button open-popup-modal\"><span class=\"mb-text\">Obtenez des devis en 24 heures<\/span><\/a><\/p>\n<p style=\"text-align: justify;\">Les coussinets en bronze sont principalement une pi\u00e8ce cylindrique creuse semblable \u00e0 des tubes minces qui agit comme un support de broche. Les bagues en bronze sont utilis\u00e9es pour r\u00e9duire le frottement entre deux surfaces en glissant l&rsquo;une contre l&rsquo;autre.<\/p>\n<p style=\"text-align: justify;\">Les bagues en bronze coul\u00e9 sont beaucoup plus solides, plus durables et plus r\u00e9sistantes aux forces de compression, ce qui les rend id\u00e9ales pour \u00eatre utilis\u00e9es dans des applications industrielles \u00e0 charge \u00e9lev\u00e9e, \u00e0 faible vitesse et \u00e0 usage intensif telles que:<\/p>\n<ul>\n<li>Syst\u00e8mes de suspension et freins pour camions<\/li>\n<li>D\u00e9m\u00e9nageurs de la Terre<\/li>\n<li>Tracteurs<\/li>\n<li>Concasseurs rotatifs<\/li>\n<\/ul>\n<p style=\"text-align: justify;\">Les bagues en bronze peuvent \u00eatre simples, rainur\u00e9es ou \u00e0 brides. La bride est con\u00e7ue pour aider au montage et au positionnement de la bague en bronze.<\/p>\n<p style=\"text-align: justify;\">Les bagues en bronze que nous fabriquons sont en bronze au mangan\u00e8se C86300, en bronze \u00e9tain plomb\u00e9 C93200 et en bronze aluminium C95400.<\/p>\n<p style=\"text-align: justify;\">Les bagues en bronze peuvent \u00eatre fabriqu\u00e9es dans diff\u00e9rentes tailles o\u00f9 le diam\u00e8tre int\u00e9rieur varie de 0.2362\u201d [6 mm] to 3.937\u201d [100 mm] et la longueur varie de 0.2362\u201d [6 mm] to 4.7244\u201d [120 mm].<\/p>\n<p><strong>Les avantages des bagues en bronze sont:<\/strong><\/p>\n<ul>\n<li>Ils r\u00e9sistent efficacement aux chocs, aux chocs, \u00e0 l&rsquo;usure et \u00e0 la corrosion.<\/li>\n<li>Ils peuvent \u00eatre utilis\u00e9s \u00e0 des temp\u00e9ratures \u00e9lev\u00e9es sans \u00eatre endommag\u00e9s<\/li>\n<\/ul>\n<p>&nbsp;<\/p>\n<table style=\"border-collapse: collapse; width: 100%;\" border=\"0\">\n<tbody>\n<tr>\n<td style=\"width: 50%;\"><img loading=\"lazy\" decoding=\"async\" class=\"aligncenter wp-image-4771 size-full\" title=\"Bagues en bronze\" src=\"http:\/\/conex-casting.com\/wp-content\/uploads\/2019\/02\/Bronze-Bushings-001.jpg\" alt=\"Bagues en bronze\" width=\"300\" height=\"300\" srcset=\"https:\/\/conex-casting.com\/wp-content\/uploads\/2019\/02\/Bronze-Bushings-001.jpg 300w, https:\/\/conex-casting.com\/wp-content\/uploads\/2019\/02\/Bronze-Bushings-001-150x150.jpg 150w\" sizes=\"auto, (max-width: 300px) 100vw, 300px\" \/><\/td>\n<td style=\"width: 50%;\"><img loading=\"lazy\" decoding=\"async\" class=\"aligncenter wp-image-4772 size-full\" title=\"Bagues en bronze\" src=\"http:\/\/conex-casting.com\/wp-content\/uploads\/2019\/02\/Bronze-Bushings-002.jpg\" alt=\"Bagues en bronze\" width=\"300\" height=\"300\" srcset=\"https:\/\/conex-casting.com\/wp-content\/uploads\/2019\/02\/Bronze-Bushings-002.jpg 300w, https:\/\/conex-casting.com\/wp-content\/uploads\/2019\/02\/Bronze-Bushings-002-150x150.jpg 150w\" sizes=\"auto, (max-width: 300px) 100vw, 300px\" \/><\/td>\n<\/tr>\n<\/tbody>\n<\/table>\n","protected":false},"excerpt":{"rendered":"<p>Bagues en bronze Obtenez des devis en 24 heures Les coussinets en bronze sont principalement une pi\u00e8ce cylindrique creuse semblable \u00e0 des tubes minces qui agit comme un support de broche. Les bagues en bronze sont utilis\u00e9es pour r\u00e9duire le frottement entre deux surfaces en glissant l&rsquo;une contre l&rsquo;autre. Les bagues en bronze coul\u00e9 sont [&hellip;]<\/p>\n","protected":false},"author":1,"featured_media":0,"parent":0,"menu_order":0,"comment_status":"closed","ping_status":"closed","template":"","meta":{"_joinchat":[],"footnotes":""},"class_list":["post-4770","page","type-page","status-publish","hentry"],"_links":{"self":[{"href":"https:\/\/conex-casting.com\/fr\/wp-json\/wp\/v2\/pages\/4770","targetHints":{"allow":["GET"]}}],"collection":[{"href":"https:\/\/conex-casting.com\/fr\/wp-json\/wp\/v2\/pages"}],"about":[{"href":"https:\/\/conex-casting.com\/fr\/wp-json\/wp\/v2\/types\/page"}],"author":[{"embeddable":true,"href":"https:\/\/conex-casting.com\/fr\/wp-json\/wp\/v2\/users\/1"}],"replies":[{"embeddable":true,"href":"https:\/\/conex-casting.com\/fr\/wp-json\/wp\/v2\/comments?post=4770"}],"version-history":[{"count":1,"href":"https:\/\/conex-casting.com\/fr\/wp-json\/wp\/v2\/pages\/4770\/revisions"}],"predecessor-version":[{"id":6246,"href":"https:\/\/conex-casting.com\/fr\/wp-json\/wp\/v2\/pages\/4770\/revisions\/6246"}],"wp:attachment":[{"href":"https:\/\/conex-casting.com\/fr\/wp-json\/wp\/v2\/media?parent=4770"}],"curies":[{"name":"wp","href":"https:\/\/api.w.org\/{rel}","templated":true}]}}