{"id":4774,"date":"2021-03-10T10:03:27","date_gmt":"2021-03-10T10:03:27","guid":{"rendered":"http:\/\/conex-casting.com\/?page_id=4774"},"modified":"2021-10-23T08:27:29","modified_gmt":"2021-10-23T08:27:29","slug":"coulee-centrifuge-en-laiton","status":"publish","type":"page","link":"https:\/\/conex-casting.com\/fr\/coulee-centrifuge-en-laiton\/","title":{"rendered":"Coul\u00e9e centrifuge en laiton"},"content":{"rendered":"<p style=\"text-align: center;\"><span style=\"text-decoration: underline; color: #800000;\"><span style=\"font-size: 18pt;\"><strong>Coul\u00e9e centrifuge en laiton<\/strong><\/span><\/span><\/p>\n<p style=\"text-align: center;\"><a class=\"maxbutton-1 maxbutton maxbutton-product-page-button open-popup-modal\"><span class=\"mb-text\">Obtenez des devis en 24 heures<\/span><\/a><\/p>\n<p style=\"text-align: justify;\">Pi\u00e8ces de moulage centrifuge en laiton, manchon, douille, douille de palier, adapt\u00e9es aux applications \u00e0 charge \u00e9lev\u00e9e et \u00e0 faible vitesse. Le manchon en cuivre des produits peut \u00eatre de diff\u00e9rentes sp\u00e9cifications et tailles. Nous pourrions fabriquer n&rsquo;importe quel article similaire en fonction de vos besoins, il sera utilis\u00e9 dans la machine extrud\u00e9e en plastique. La caract\u00e9ristique de celui-ci sera une surface lisse, sans porosit\u00e9 de trou d&rsquo;\u00e9pingle, une r\u00e9sistance \u00e0 l&rsquo;usure, une longue dur\u00e9e utile.<\/p>\n<table style=\"border-collapse: collapse; width: 100%;\">\n<tbody>\n<tr>\n<td style=\"width: 16.4367%;\"><strong>Mat\u00e9rielle<\/strong><\/td>\n<td style=\"width: 2.98852%; text-align: center;\">:<\/td>\n<td style=\"width: 80.5747%;\">cuivre et autres alliages non ferreux.<\/td>\n<\/tr>\n<tr>\n<td style=\"width: 16.4367%;\"><strong>Tailles (mm)<\/strong><\/td>\n<td style=\"width: 2.98852%; text-align: center;\">:<\/td>\n<td style=\"width: 80.5747%;\">selon votre demande<\/td>\n<\/tr>\n<tr>\n<td style=\"width: 16.4367%;\"><strong>Tol\u00e9rance<\/strong><\/td>\n<td style=\"width: 2.98852%; text-align: center;\">:<\/td>\n<td style=\"width: 80.5747%;\">0.01-1mm.<\/td>\n<\/tr>\n<\/tbody>\n<\/table>\n<table style=\"border-collapse: collapse; width: 100%;\">\n<tbody>\n<tr>\n<td style=\"width: 33.3333%;\"><img loading=\"lazy\" decoding=\"async\" class=\"size-full wp-image-4686 aligncenter\" src=\"http:\/\/conex-casting.com\/wp-content\/uploads\/2019\/04\/Centrifugal-Casting-02.jpg\" alt=\"Centrifugal Casting\" width=\"250\" height=\"250\" srcset=\"https:\/\/conex-casting.com\/wp-content\/uploads\/2019\/04\/Centrifugal-Casting-02.jpg 250w, https:\/\/conex-casting.com\/wp-content\/uploads\/2019\/04\/Centrifugal-Casting-02-150x150.jpg 150w\" sizes=\"auto, (max-width: 250px) 100vw, 250px\" \/><\/td>\n<td style=\"width: 33.3333%;\"><img loading=\"lazy\" decoding=\"async\" class=\"size-full wp-image-4692 aligncenter\" src=\"http:\/\/conex-casting.com\/wp-content\/uploads\/2019\/03\/Centrifugal-Casting-01.jpg\" alt=\"Centrifugal Casting\" width=\"250\" height=\"250\" srcset=\"https:\/\/conex-casting.com\/wp-content\/uploads\/2019\/03\/Centrifugal-Casting-01.jpg 250w, https:\/\/conex-casting.com\/wp-content\/uploads\/2019\/03\/Centrifugal-Casting-01-150x150.jpg 150w\" sizes=\"auto, (max-width: 250px) 100vw, 250px\" \/><\/td>\n<td style=\"width: 33.3333%;\"><img loading=\"lazy\" decoding=\"async\" class=\"size-full wp-image-4684 aligncenter\" src=\"http:\/\/conex-casting.com\/wp-content\/uploads\/2020\/08\/Brass-Centrifugal-Casting-002.jpg\" alt=\"Brass Centrifugal Casting\" width=\"250\" height=\"250\" srcset=\"https:\/\/conex-casting.com\/wp-content\/uploads\/2020\/08\/Brass-Centrifugal-Casting-002.jpg 250w, https:\/\/conex-casting.com\/wp-content\/uploads\/2020\/08\/Brass-Centrifugal-Casting-002-150x150.jpg 150w\" sizes=\"auto, (max-width: 250px) 100vw, 250px\" \/><\/td>\n<\/tr>\n<\/tbody>\n<\/table>\n","protected":false},"excerpt":{"rendered":"<p>Coul\u00e9e centrifuge en laiton Obtenez des devis en 24 heures Pi\u00e8ces de moulage centrifuge en laiton, manchon, douille, douille de palier, adapt\u00e9es aux applications \u00e0 charge \u00e9lev\u00e9e et \u00e0 faible vitesse. Le manchon en cuivre des produits peut \u00eatre de diff\u00e9rentes sp\u00e9cifications et tailles. Nous pourrions fabriquer n&rsquo;importe quel article similaire en fonction de vos [&hellip;]<\/p>\n","protected":false},"author":1,"featured_media":0,"parent":0,"menu_order":0,"comment_status":"closed","ping_status":"closed","template":"","meta":{"_joinchat":[],"footnotes":""},"class_list":["post-4774","page","type-page","status-publish","hentry"],"_links":{"self":[{"href":"https:\/\/conex-casting.com\/fr\/wp-json\/wp\/v2\/pages\/4774","targetHints":{"allow":["GET"]}}],"collection":[{"href":"https:\/\/conex-casting.com\/fr\/wp-json\/wp\/v2\/pages"}],"about":[{"href":"https:\/\/conex-casting.com\/fr\/wp-json\/wp\/v2\/types\/page"}],"author":[{"embeddable":true,"href":"https:\/\/conex-casting.com\/fr\/wp-json\/wp\/v2\/users\/1"}],"replies":[{"embeddable":true,"href":"https:\/\/conex-casting.com\/fr\/wp-json\/wp\/v2\/comments?post=4774"}],"version-history":[{"count":3,"href":"https:\/\/conex-casting.com\/fr\/wp-json\/wp\/v2\/pages\/4774\/revisions"}],"predecessor-version":[{"id":6253,"href":"https:\/\/conex-casting.com\/fr\/wp-json\/wp\/v2\/pages\/4774\/revisions\/6253"}],"wp:attachment":[{"href":"https:\/\/conex-casting.com\/fr\/wp-json\/wp\/v2\/media?parent=4774"}],"curies":[{"name":"wp","href":"https:\/\/api.w.org\/{rel}","templated":true}]}}