{"id":4786,"date":"2021-03-10T10:29:31","date_gmt":"2021-03-10T10:29:31","guid":{"rendered":"http:\/\/conex-casting.com\/?page_id=4786"},"modified":"2021-10-23T08:26:20","modified_gmt":"2021-10-23T08:26:20","slug":"raccords-de-tuyau-dincendie-en-bronze","status":"publish","type":"page","link":"https:\/\/conex-casting.com\/fr\/raccords-de-tuyau-dincendie-en-bronze\/","title":{"rendered":"Raccords de tuyau d&rsquo;incendie en bronze"},"content":{"rendered":"<p style=\"text-align: center;\"><span style=\"text-decoration: underline; color: #800000; font-size: 18pt;\"><strong>Raccords de tuyau d&rsquo;incendie en bronze<\/strong><\/span><\/p>\n<p style=\"text-align: center;\"><a class=\"maxbutton-1 maxbutton maxbutton-product-page-button open-popup-modal\"><span class=\"mb-text\">Obtenez des devis en 24 heures<\/span><\/a><\/p>\n<p style=\"text-align: justify;\">Conex est l&rsquo;un des plus grands fabricants et exportateurs de l&rsquo;Inde de raccords en bronze raccords de tuyaux d&rsquo;incendie en bronze coul\u00e9s \u00e0 partir des meilleurs alliages de cuivre. Nos raccords de tuyaux en bronze \u00e0 queue de tuyaux Les raccords de tuyaux en bronze pour les incendies sont export\u00e9s dans le monde entier. Notre gamme de raccords de tuyaux d&rsquo;incendie instantan\u00e9s en bronze est principalement utilis\u00e9e par le service de lutte contre l&rsquo;incendie pour la livraison d&rsquo;eau au m\u00e9canisme de lutte contre l&rsquo;incendie et ils peuvent \u00e9galement \u00eatre utilis\u00e9s comme raccords de tuyaux industriels. Les raccords de tuyau d&rsquo;incendie instantan\u00e9s ont une t\u00eate d&rsquo;al\u00e9sage nominal de 2 \u00bd \u00ab\u00a0(m\u00e2le ou femelle) et se terminent par une vari\u00e9t\u00e9 de tailles de filetage femelle parall\u00e8le BSP (G), de filetage m\u00e2le BSP et de queues de tuyau.<\/p>\n<p style=\"text-align: justify;\">Ces raccords de tuyaux d&rsquo;incendie en bronze ou en bronze sont coul\u00e9s dans notre fonderie de moulage \u00e0 Jamnagar en Inde \u00e0 partir de lingots ou de billettes de bronze de haute qualit\u00e9 et sont usin\u00e9s \u00e0 la perfection avec des tests de pression requis effectu\u00e9s de temps en temps.<\/p>\n<p style=\"text-align: justify;\"><strong>Mat\u00e9rielle:<\/strong> Bronze LG2 Gunmetal (85-5-5-5 cuivre, zinc, plomb, alliage d&rsquo;\u00e9tain) ASTM B62, alliage UNS C83600, laiton ou tout alliage de cuivre<\/p>\n<p><strong>Fils:<\/strong> BSP<\/p>\n<table style=\"border-collapse: collapse; width: 100%;\" border=\"0\">\n<tbody>\n<tr>\n<td style=\"width: 50%;\"><img loading=\"lazy\" decoding=\"async\" class=\"aligncenter wp-image-4789 size-full\" title=\"Bronze Fire Hose Couplings\" src=\"http:\/\/conex-casting.com\/wp-content\/uploads\/2019\/02\/Bronze-Fire-Hose-Couplings-001.jpg\" alt=\"Bronze Fire Hose Couplings\" width=\"300\" height=\"300\" srcset=\"https:\/\/conex-casting.com\/wp-content\/uploads\/2019\/02\/Bronze-Fire-Hose-Couplings-001.jpg 300w, https:\/\/conex-casting.com\/wp-content\/uploads\/2019\/02\/Bronze-Fire-Hose-Couplings-001-150x150.jpg 150w\" sizes=\"auto, (max-width: 300px) 100vw, 300px\" \/><\/td>\n<td style=\"width: 50%;\"><img loading=\"lazy\" decoding=\"async\" class=\"aligncenter wp-image-4790 size-full\" title=\"Bronze Fire Hose Couplings\" src=\"http:\/\/conex-casting.com\/wp-content\/uploads\/2019\/02\/Bronze-Fire-Hose-Couplings-002.jpg\" alt=\"Bronze Fire Hose Couplings\" width=\"300\" height=\"300\" srcset=\"https:\/\/conex-casting.com\/wp-content\/uploads\/2019\/02\/Bronze-Fire-Hose-Couplings-002.jpg 300w, https:\/\/conex-casting.com\/wp-content\/uploads\/2019\/02\/Bronze-Fire-Hose-Couplings-002-150x150.jpg 150w\" sizes=\"auto, (max-width: 300px) 100vw, 300px\" \/><\/td>\n<\/tr>\n<\/tbody>\n<\/table>\n","protected":false},"excerpt":{"rendered":"<p>Raccords de tuyau d&rsquo;incendie en bronze Obtenez des devis en 24 heures Conex est l&rsquo;un des plus grands fabricants et exportateurs de l&rsquo;Inde de raccords en bronze raccords de tuyaux d&rsquo;incendie en bronze coul\u00e9s \u00e0 partir des meilleurs alliages de cuivre. Nos raccords de tuyaux en bronze \u00e0 queue de tuyaux Les raccords de tuyaux [&hellip;]<\/p>\n","protected":false},"author":1,"featured_media":0,"parent":0,"menu_order":0,"comment_status":"closed","ping_status":"closed","template":"","meta":{"_joinchat":[],"footnotes":""},"class_list":["post-4786","page","type-page","status-publish","hentry"],"_links":{"self":[{"href":"https:\/\/conex-casting.com\/fr\/wp-json\/wp\/v2\/pages\/4786","targetHints":{"allow":["GET"]}}],"collection":[{"href":"https:\/\/conex-casting.com\/fr\/wp-json\/wp\/v2\/pages"}],"about":[{"href":"https:\/\/conex-casting.com\/fr\/wp-json\/wp\/v2\/types\/page"}],"author":[{"embeddable":true,"href":"https:\/\/conex-casting.com\/fr\/wp-json\/wp\/v2\/users\/1"}],"replies":[{"embeddable":true,"href":"https:\/\/conex-casting.com\/fr\/wp-json\/wp\/v2\/comments?post=4786"}],"version-history":[{"count":3,"href":"https:\/\/conex-casting.com\/fr\/wp-json\/wp\/v2\/pages\/4786\/revisions"}],"predecessor-version":[{"id":6247,"href":"https:\/\/conex-casting.com\/fr\/wp-json\/wp\/v2\/pages\/4786\/revisions\/6247"}],"wp:attachment":[{"href":"https:\/\/conex-casting.com\/fr\/wp-json\/wp\/v2\/media?parent=4786"}],"curies":[{"name":"wp","href":"https:\/\/api.w.org\/{rel}","templated":true}]}}