{"id":4791,"date":"2021-03-10T10:33:33","date_gmt":"2021-03-10T10:33:33","guid":{"rendered":"http:\/\/conex-casting.com\/?page_id=4791"},"modified":"2021-10-23T08:26:43","modified_gmt":"2021-10-23T08:26:43","slug":"raccords-en-bronze-coudes-reducteurs-coudes-filetes","status":"publish","type":"page","link":"https:\/\/conex-casting.com\/fr\/raccords-en-bronze-coudes-reducteurs-coudes-filetes\/","title":{"rendered":"Raccords en bronze Coudes r\u00e9ducteurs Coudes filet\u00e9s"},"content":{"rendered":"<p style=\"text-align: center;\"><span style=\"text-decoration: underline; color: #800000; font-size: 18pt;\"><strong>Raccords en bronze Coudes r\u00e9ducteurs Coudes filet\u00e9s&nbsp;<\/strong><\/span><\/p>\n<p style=\"text-align: center;\"><a class=\"maxbutton-1 maxbutton maxbutton-product-page-button open-popup-modal\"><span class=\"mb-text\">Obtenez des devis en 24 heures<\/span><\/a><\/p>\n<p style=\"text-align: justify;\">Un coude est utilis\u00e9 entre deux longueurs de tuyau (ou tube) pour permettre un changement de direction, g\u00e9n\u00e9ralement un angle de 90 \u00b0 ou 45 \u00b0; Des coudes de 22,5 \u00b0 sont \u00e9galement disponibles. Lorsque les extr\u00e9mit\u00e9s diff\u00e8rent en taille, on parle de coude r\u00e9ducteur (ou r\u00e9ducteur).<\/p>\n<p style=\"text-align: justify;\">Un coude \u00e0 90 \u00b0 ou un coude r\u00e9ducteur est \u00e9galement connu sous le nom de \u00abcoude 90\u00bb et il se fixe facilement \u00e0 divers types et mat\u00e9riaux de tuyaux. Un coude \u00e0 45 \u00b0, \u00e9galement connu sous le nom de \u00ab\u00a0 coude \u00e0 45 \u00a0\u00bb est couramment utilis\u00e9 dans les installations d&rsquo;approvisionnement en eau, les r\u00e9seaux de canalisations industrielles alimentaires, chimiques et \u00e9lectroniques, les pipelines de climatisation, les raccords HVAC, les applications pneumatiques, l&rsquo;agriculture et la production de jardins, et l&rsquo;\u00e9nergie solaire. tuyauterie des installations \u00e9nerg\u00e9tiques.<\/p>\n<p style=\"text-align: justify;\">Coudes en bronze, coudes r\u00e9ducteurs &#8211; Les coudes filet\u00e9s de Conex sont disponibles en diff\u00e9rentes tailles: 1\/8 \u201d, \u00bc\u201d, 3\/8 \u201d, \u00bd\u201d, \u00be \u201d, 1\u201d, 1 \u00bc \u201d, 1 \u00bd\u201d, 2 \u201d, 3 \u201dEt 4\u201d. Les coudes r\u00e9ducteurs de raccords en bronze sont fabriqu\u00e9s \u00e0 la fois en coudes 45 <sup> o <\/sup> et 90 <sup> o <\/sup>. Nos coudes r\u00e9ducteurs de raccords en bronze sont disponibles en filetage NPT, NPTF, BSPT, BSPP et m\u00e9trique.<\/p>\n<p style=\"text-align: justify;\">Nos raccords en bronze Coudes r\u00e9ducteurs Les coudes filet\u00e9s sont disponibles en version sans plomb et avec des variantes de plomb.<\/p>\n<p><strong>Alliages de bronze coul\u00e9s :<\/strong> C 836 &nbsp;, C 844 &nbsp;,C &nbsp;956, C 865, C 954<\/p>\n<table style=\"border-collapse: collapse; width: 100%;\" border=\"0\">\n<tbody>\n<tr>\n<td style=\"width: 50%;\"><img loading=\"lazy\" decoding=\"async\" class=\"aligncenter wp-image-4795 size-full\" title=\"Bronze Fittings Reducing Elbows Threaded Elbows\" src=\"http:\/\/conex-casting.com\/wp-content\/uploads\/2019\/02\/Bronze-Reducing-Elbows-Threaded-Elbows-02.jpg\" alt=\"Bronze Fittings Reducing Elbows Threaded Elbows\" width=\"300\" height=\"300\" srcset=\"https:\/\/conex-casting.com\/wp-content\/uploads\/2019\/02\/Bronze-Reducing-Elbows-Threaded-Elbows-02.jpg 300w, https:\/\/conex-casting.com\/wp-content\/uploads\/2019\/02\/Bronze-Reducing-Elbows-Threaded-Elbows-02-150x150.jpg 150w\" sizes=\"auto, (max-width: 300px) 100vw, 300px\" \/><\/td>\n<td style=\"width: 50%;\"><img loading=\"lazy\" decoding=\"async\" class=\"aligncenter wp-image-4794 size-full\" title=\"Bronze Fittings Reducing Elbows Threaded Elbows\" src=\"http:\/\/conex-casting.com\/wp-content\/uploads\/2019\/02\/Bronze-Reducing-Elbows-Threaded-Elbows-01.jpg\" alt=\"Bronze Fittings Reducing Elbows Threaded Elbows\" width=\"300\" height=\"300\" srcset=\"https:\/\/conex-casting.com\/wp-content\/uploads\/2019\/02\/Bronze-Reducing-Elbows-Threaded-Elbows-01.jpg 300w, https:\/\/conex-casting.com\/wp-content\/uploads\/2019\/02\/Bronze-Reducing-Elbows-Threaded-Elbows-01-150x150.jpg 150w\" sizes=\"auto, (max-width: 300px) 100vw, 300px\" \/><\/td>\n<\/tr>\n<\/tbody>\n<\/table>\n","protected":false},"excerpt":{"rendered":"<p>Raccords en bronze Coudes r\u00e9ducteurs Coudes filet\u00e9s&nbsp; Obtenez des devis en 24 heures Un coude est utilis\u00e9 entre deux longueurs de tuyau (ou tube) pour permettre un changement de direction, g\u00e9n\u00e9ralement un angle de 90 \u00b0 ou 45 \u00b0; Des coudes de 22,5 \u00b0 sont \u00e9galement disponibles. Lorsque les extr\u00e9mit\u00e9s diff\u00e8rent en taille, on parle [&hellip;]<\/p>\n","protected":false},"author":1,"featured_media":0,"parent":0,"menu_order":0,"comment_status":"closed","ping_status":"closed","template":"","meta":{"_joinchat":[],"footnotes":""},"class_list":["post-4791","page","type-page","status-publish","hentry"],"_links":{"self":[{"href":"https:\/\/conex-casting.com\/fr\/wp-json\/wp\/v2\/pages\/4791","targetHints":{"allow":["GET"]}}],"collection":[{"href":"https:\/\/conex-casting.com\/fr\/wp-json\/wp\/v2\/pages"}],"about":[{"href":"https:\/\/conex-casting.com\/fr\/wp-json\/wp\/v2\/types\/page"}],"author":[{"embeddable":true,"href":"https:\/\/conex-casting.com\/fr\/wp-json\/wp\/v2\/users\/1"}],"replies":[{"embeddable":true,"href":"https:\/\/conex-casting.com\/fr\/wp-json\/wp\/v2\/comments?post=4791"}],"version-history":[{"count":3,"href":"https:\/\/conex-casting.com\/fr\/wp-json\/wp\/v2\/pages\/4791\/revisions"}],"predecessor-version":[{"id":6250,"href":"https:\/\/conex-casting.com\/fr\/wp-json\/wp\/v2\/pages\/4791\/revisions\/6250"}],"wp:attachment":[{"href":"https:\/\/conex-casting.com\/fr\/wp-json\/wp\/v2\/media?parent=4791"}],"curies":[{"name":"wp","href":"https:\/\/api.w.org\/{rel}","templated":true}]}}